{"id":15655,"date":"2025-04-10T22:47:52","date_gmt":"2025-04-10T20:47:52","guid":{"rendered":"https:\/\/digi.hosting\/?page_id=15655"},"modified":"2025-06-09T22:37:43","modified_gmt":"2025-06-09T20:37:43","slug":"om-os","status":"publish","type":"page","link":"https:\/\/digi.hosting\/da\/over-ons\/","title":{"rendered":"Om os"},"content":{"rendered":"<div data-elementor-type=\"wp-page\" data-elementor-id=\"15655\" class=\"elementor elementor-15655\" data-elementor-post-type=\"page\">\n\t\t\t\t<div data-dce-background-overlay-color=\"#000000\" class=\"elementor-element elementor-element-7ef08943 e-con-full e-flex e-con e-parent\" data-id=\"7ef08943\" data-element_type=\"container\" data-e-type=\"container\">\n\t\t<div class=\"elementor-element elementor-element-3f62a961 e-con-full e-flex e-con e-child\" data-id=\"3f62a961\" data-element_type=\"container\" data-e-type=\"container\">\n\t\t<div class=\"elementor-element elementor-element-64f22318 e-con-full e-flex e-con e-child\" data-id=\"64f22318\" data-element_type=\"container\" data-e-type=\"container\">\n\t\t\t\t<div class=\"elementor-element elementor-element-1b777a53 elementor-widget__width-initial animated-slow elementor-invisible elementor-widget elementor-widget-heading\" data-id=\"1b777a53\" data-element_type=\"widget\" data-e-type=\"widget\" data-settings=\"{&quot;_animation&quot;:&quot;fadeIn&quot;}\" data-widget_type=\"heading.default\">\n\t\t\t\t<div class=\"elementor-widget-container\">\n\t\t\t\t\t<h2 class=\"elementor-heading-title elementor-size-default\">Digi Hosting<\/h2>\t\t\t\t<\/div>\n\t\t\t\t<\/div>\n\t\t\t\t<div class=\"elementor-element elementor-element-12cb9a2 animated-slow elementor-invisible elementor-widget elementor-widget-text-editor\" data-id=\"12cb9a2\" data-element_type=\"widget\" data-e-type=\"widget\" data-settings=\"{&quot;_animation&quot;:&quot;fadeIn&quot;}\" data-widget_type=\"text-editor.default\">\n\t\t\t\t<div class=\"elementor-widget-container\">\n\t\t\t\t\t\t\t\t\t<p>Online-iv\u00e6rks\u00e6tteri for alle budgetter.<\/p>\t\t\t\t\t\t\t\t<\/div>\n\t\t\t\t<\/div>\n\t\t\t\t<\/div>\n\t\t\t\t<\/div>\n\t\t\t\t<\/div>\n\t\t<div data-dce-background-color=\"#FFFFFF\" class=\"elementor-element elementor-element-ae06fe4 e-flex e-con-boxed e-con e-parent\" data-id=\"ae06fe4\" data-element_type=\"container\" data-e-type=\"container\" data-settings=\"{&quot;background_background&quot;:&quot;classic&quot;}\">\n\t\t\t\t\t<div class=\"e-con-inner\">\n\t\t<div class=\"elementor-element elementor-element-b3fd1ae e-con-full e-flex e-con e-child\" data-id=\"b3fd1ae\" data-element_type=\"container\" data-e-type=\"container\">\n\t\t\t\t<div class=\"elementor-element elementor-element-613b36f elementor-widget elementor-widget-image\" data-id=\"613b36f\" data-element_type=\"widget\" data-e-type=\"widget\" data-widget_type=\"image.default\">\n\t\t\t\t<div class=\"elementor-widget-container\">\n\t\t\t\t\t\t\t\t\t\t\t\t\t\t\t<img fetchpriority=\"high\" decoding=\"async\" width=\"800\" height=\"174\" src=\"https:\/\/digi.hosting\/wp-content\/uploads\/2023\/06\/digihostingLogo-1024x223.png\" class=\"attachment-large size-large wp-image-9025\" alt=\"\" srcset=\"https:\/\/digi.hosting\/wp-content\/uploads\/2023\/06\/digihostingLogo-1024x223.png 1024w, https:\/\/digi.hosting\/wp-content\/uploads\/2023\/06\/digihostingLogo-300x65.png 300w, https:\/\/digi.hosting\/wp-content\/uploads\/2023\/06\/digihostingLogo-768x167.png 768w, https:\/\/digi.hosting\/wp-content\/uploads\/2023\/06\/digihostingLogo-1536x334.png 1536w, https:\/\/digi.hosting\/wp-content\/uploads\/2023\/06\/digihostingLogo-2048x445.png 2048w, https:\/\/digi.hosting\/wp-content\/uploads\/2023\/06\/digihostingLogo-750x163.png 750w, https:\/\/digi.hosting\/wp-content\/uploads\/2023\/06\/digihostingLogo-1140x248.png 1140w\" sizes=\"(max-width: 800px) 100vw, 800px\" \/>\t\t\t\t\t\t\t\t\t\t\t\t\t\t\t<\/div>\n\t\t\t\t<\/div>\n\t\t\t\t<\/div>\n\t\t<div class=\"elementor-element elementor-element-e762ba7 e-con-full e-flex e-con e-child\" data-id=\"e762ba7\" data-element_type=\"container\" data-e-type=\"container\">\n\t\t\t\t<div class=\"elementor-element elementor-element-49ff44d elementor-widget elementor-widget-heading\" data-id=\"49ff44d\" data-element_type=\"widget\" data-e-type=\"widget\" data-widget_type=\"heading.default\">\n\t\t\t\t<div class=\"elementor-widget-container\">\n\t\t\t\t\t<h2 class=\"elementor-heading-title elementor-size-default\">Omkring <span style=\"color: white;background: radial-gradient(circle, rgba(254,100,15,1) 0%, rgba(247,48,119,1) 100%);padding: 3px;border-radius: 10px\">Vores<\/span><\/h2>\t\t\t\t<\/div>\n\t\t\t\t<\/div>\n\t\t\t\t<div class=\"elementor-element elementor-element-a7bda58 elementor-widget elementor-widget-text-editor\" data-id=\"a7bda58\" data-element_type=\"widget\" data-e-type=\"widget\" data-widget_type=\"text-editor.default\">\n\t\t\t\t<div class=\"elementor-widget-container\">\n\t\t\t\t\t\t\t\t\t<p class=\"\" data-start=\"92\" data-end=\"437\">P\u00e5 <strong data-start=\"96\" data-end=\"112\">Digi Hosting<\/strong> handler om digital p\u00e5lidelighed og kundecentreret innovation. Grundlagt i 2020 i hjertet af Gent af <strong data-start=\"226\" data-end=\"243\">Kwinten Braet<\/strong>Digi Hosting blev f\u00f8dt ud af en passion for teknologi og en klar mission: at g\u00f8re webhosting af h\u00f8j kvalitet tilg\u00e6ngelig for alle - fra nystartede virksomheder til virksomheder i v\u00e6kst.<\/p><p class=\"\" data-start=\"439\" data-end=\"788\">Som en ung og dynamisk virksomhed kombinerer vi friske ideer med teknisk knowhow. Vores fokus er p\u00e5 <strong data-start=\"540\" data-end=\"574\">p\u00e5lidelige hostingl\u00f8sninger<\/strong>Vi giver dig en st\u00e6rk sikkerhed og en brugervenlig oplevelse. Uanset om du hoster en simpel hjemmeside eller k\u00f8rer komplekse online-applikationer, s\u00f8rger vi for, at din digitale tilstedev\u00e6relse forbliver hurtig, stabil og sikker.<\/p><p class=\"\" data-start=\"790\" data-end=\"1083\">Det, der adskiller os, er vores <strong data-start=\"820\" data-end=\"843\">personlig tilgang<\/strong>. Ingen uendelige ventetider eller upersonlige helpdesks - hos Digi Hosting er vi klar til virkelig at lytte til dine behov og sammen finde den bedste l\u00f8sning. Vi tror p\u00e5 gennemsigtighed, fair priser og b\u00e6redygtige partnerskaber.<\/p><p class=\"\" data-start=\"1085\" data-end=\"1423\">Med base i Gent betjener vi kunder i hele Belgien (og andre steder) og tror p\u00e5, at lokal forankring og internationale ambitioner kan g\u00e5 h\u00e5nd i h\u00e5nd. Vores servere k\u00f8rer p\u00e5 gr\u00f8n energi, og vi forts\u00e6tter med at investere i <strong data-start=\"1310\" data-end=\"1336\">b\u00e6redygtige teknologier<\/strong> der ikke bare fungerer, men ogs\u00e5 bidrager til et bedre digitalt \u00f8kosystem.<\/p><p class=\"\" data-start=\"1425\" data-end=\"1519\">Hos Digi Hosting er du ikke et nummer, men en partner. Sammen bygger vi din online succes.<\/p>\t\t\t\t\t\t\t\t<\/div>\n\t\t\t\t<\/div>\n\t\t\t\t<\/div>\n\t\t\t\t\t<\/div>\n\t\t\t\t<\/div>\n\t\t<div data-dce-background-color=\"#0A143A\" class=\"elementor-element elementor-element-500e1ab e-flex e-con-boxed e-con e-parent\" data-id=\"500e1ab\" data-element_type=\"container\" data-e-type=\"container\" data-settings=\"{&quot;background_background&quot;:&quot;classic&quot;}\">\n\t\t\t\t\t<div class=\"e-con-inner\">\n\t\t<div class=\"elementor-element elementor-element-915740a e-con-full e-flex e-con e-child\" data-id=\"915740a\" data-element_type=\"container\" data-e-type=\"container\">\n\t\t\t\t<div class=\"elementor-element elementor-element-23bef33 elementor-widget elementor-widget-heading\" data-id=\"23bef33\" data-element_type=\"widget\" data-e-type=\"widget\" data-widget_type=\"heading.default\">\n\t\t\t\t<div class=\"elementor-widget-container\">\n\t\t\t\t\t<h2 class=\"elementor-heading-title elementor-size-default\">Vores <span style=\"color: white;background: radial-gradient(circle, rgba(254,100,15,1) 0%, rgba(247,48,119,1) 100%);padding: 3px;border-radius: 10px\">V\u00e6rdier<\/span><\/h2>\t\t\t\t<\/div>\n\t\t\t\t<\/div>\n\t\t\t\t<div class=\"elementor-element elementor-element-bc355a1 elementor-widget elementor-widget-text-editor\" data-id=\"bc355a1\" data-element_type=\"widget\" data-e-type=\"widget\" data-widget_type=\"text-editor.default\">\n\t\t\t\t<div class=\"elementor-widget-container\">\n\t\t\t\t\t\t\t\t\t<p class=\"\" data-start=\"92\" data-end=\"437\">P\u00e5 <strong data-start=\"96\" data-end=\"112\">Digi Hosting<\/strong> Vores kernev\u00e6rdier er rygraden i alt, hvad vi g\u00f8r. De styrer vores beslutninger, bestemmer, hvordan vi interagerer med kunderne, og danner grundlag for vores v\u00e6kst.<\/p>\t\t\t\t\t\t\t\t<\/div>\n\t\t\t\t<\/div>\n\t\t\t\t<div class=\"elementor-element elementor-element-4b7ff48 elementor-widget elementor-widget-heading\" data-id=\"4b7ff48\" data-element_type=\"widget\" data-e-type=\"widget\" data-widget_type=\"heading.default\">\n\t\t\t\t<div class=\"elementor-widget-container\">\n\t\t\t\t\t<h2 class=\"elementor-heading-title elementor-size-default\">P\u00e5lidelighed<\/h2>\t\t\t\t<\/div>\n\t\t\t\t<\/div>\n\t\t\t\t<div class=\"elementor-element elementor-element-80c1d99 elementor-widget elementor-widget-text-editor\" data-id=\"80c1d99\" data-element_type=\"widget\" data-e-type=\"widget\" data-widget_type=\"text-editor.default\">\n\t\t\t\t<div class=\"elementor-widget-container\">\n\t\t\t\t\t\t\t\t\t<p class=\"\" data-start=\"275\" data-end=\"479\">Vi forst\u00e5r, at din online tilstedev\u00e6relse er afg\u00f8rende. Derfor forpligter vi os til maksimal oppetid, stabil ydelse og hurtig support. Du skal kunne regne med os - altid.<\/p>\t\t\t\t\t\t\t\t<\/div>\n\t\t\t\t<\/div>\n\t\t\t\t<div class=\"elementor-element elementor-element-f06c1ac elementor-widget elementor-widget-heading\" data-id=\"f06c1ac\" data-element_type=\"widget\" data-e-type=\"widget\" data-widget_type=\"heading.default\">\n\t\t\t\t<div class=\"elementor-widget-container\">\n\t\t\t\t\t<h2 class=\"elementor-heading-title elementor-size-default\">Fokus p\u00e5 kunderne<\/h2>\t\t\t\t<\/div>\n\t\t\t\t<\/div>\n\t\t\t\t<div class=\"elementor-element elementor-element-2243f45 elementor-widget elementor-widget-text-editor\" data-id=\"2243f45\" data-element_type=\"widget\" data-e-type=\"widget\" data-widget_type=\"text-editor.default\">\n\t\t\t\t<div class=\"elementor-widget-container\">\n\t\t\t\t\t\t\t\t\t<p class=\"\" data-start=\"481\" data-end=\"666\">Hver eneste kunde er unik. Vi lytter, t\u00e6nker med og tilbyder skr\u00e6ddersyede l\u00f8sninger. Personlig service og en menneskelig tilgang er kernen i alt, hvad vi g\u00f8r.<\/p>\t\t\t\t\t\t\t\t<\/div>\n\t\t\t\t<\/div>\n\t\t\t\t<div class=\"elementor-element elementor-element-7c93ddb elementor-widget elementor-widget-heading\" data-id=\"7c93ddb\" data-element_type=\"widget\" data-e-type=\"widget\" data-widget_type=\"heading.default\">\n\t\t\t\t<div class=\"elementor-widget-container\">\n\t\t\t\t\t<h2 class=\"elementor-heading-title elementor-size-default\">Gennemsigtighed<\/h2>\t\t\t\t<\/div>\n\t\t\t\t<\/div>\n\t\t\t\t<div class=\"elementor-element elementor-element-d2a093c elementor-widget elementor-widget-text-editor\" data-id=\"d2a093c\" data-element_type=\"widget\" data-e-type=\"widget\" data-widget_type=\"text-editor.default\">\n\t\t\t\t<div class=\"elementor-widget-container\">\n\t\t\t\t\t\t\t\t\t<p class=\"\" data-start=\"668\" data-end=\"837\">\u00c6rlighed er afg\u00f8rende for os. Ingen skjulte omkostninger, vage kontrakter eller tomme l\u00f8fter - kun klar kommunikation og klare aftaler.<\/p>\t\t\t\t\t\t\t\t<\/div>\n\t\t\t\t<\/div>\n\t\t\t\t<div class=\"elementor-element elementor-element-6c3ee9d elementor-widget elementor-widget-heading\" data-id=\"6c3ee9d\" data-element_type=\"widget\" data-e-type=\"widget\" data-widget_type=\"heading.default\">\n\t\t\t\t<div class=\"elementor-widget-container\">\n\t\t\t\t\t<h2 class=\"elementor-heading-title elementor-size-default\">Innovation<\/h2>\t\t\t\t<\/div>\n\t\t\t\t<\/div>\n\t\t\t\t<div class=\"elementor-element elementor-element-080c69d elementor-widget elementor-widget-text-editor\" data-id=\"080c69d\" data-element_type=\"widget\" data-e-type=\"widget\" data-widget_type=\"text-editor.default\">\n\t\t\t\t<div class=\"elementor-widget-container\">\n\t\t\t\t\t\t\t\t\t<p class=\"\" data-start=\"839\" data-end=\"1065\">Den digitale verden \u00e6ndrer sig med lynets hast. Vi holder os p\u00e5 forkant ved at investere i de nyeste teknologier og hele tiden lede efter m\u00e5der at g\u00f8re vores tjenester smartere, hurtigere og mere sikre p\u00e5.<\/p>\t\t\t\t\t\t\t\t<\/div>\n\t\t\t\t<\/div>\n\t\t\t\t<div class=\"elementor-element elementor-element-c8ac13c elementor-widget elementor-widget-heading\" data-id=\"c8ac13c\" data-element_type=\"widget\" data-e-type=\"widget\" data-widget_type=\"heading.default\">\n\t\t\t\t<div class=\"elementor-widget-container\">\n\t\t\t\t\t<h2 class=\"elementor-heading-title elementor-size-default\">B\u00e6redygtighed<\/h2>\t\t\t\t<\/div>\n\t\t\t\t<\/div>\n\t\t\t\t<div class=\"elementor-element elementor-element-ae12351 elementor-widget elementor-widget-text-editor\" data-id=\"ae12351\" data-element_type=\"widget\" data-e-type=\"widget\" data-widget_type=\"text-editor.default\">\n\t\t\t\t<div class=\"elementor-widget-container\">\n\t\t\t\t\t\t\t\t\t<p class=\"\" data-start=\"1067\" data-end=\"1288\">Vi tager vores ansvar for planeten alvorligt. Vores servere k\u00f8rer p\u00e5 gr\u00f8n energi, og vi v\u00e6lger bevidst partnere og l\u00f8sninger, der bidrager til en mere b\u00e6redygtig digital fremtid.<\/p>\t\t\t\t\t\t\t\t<\/div>\n\t\t\t\t<\/div>\n\t\t\t\t<\/div>\n\t\t<div class=\"elementor-element elementor-element-83ca431 e-con-full e-flex e-con e-child\" data-id=\"83ca431\" data-element_type=\"container\" data-e-type=\"container\">\n\t\t<div data-dce-background-color=\"#FFFFFF\" class=\"elementor-element elementor-element-2c319a2 e-con-full e-flex e-con e-child\" data-id=\"2c319a2\" data-element_type=\"container\" data-e-type=\"container\" data-settings=\"{&quot;background_background&quot;:&quot;classic&quot;}\">\n\t\t\t\t<div class=\"elementor-element elementor-element-2a3814c elementor-widget elementor-widget-heading\" data-id=\"2a3814c\" data-element_type=\"widget\" data-e-type=\"widget\" data-widget_type=\"heading.default\">\n\t\t\t\t<div class=\"elementor-widget-container\">\n\t\t\t\t\t<h2 class=\"elementor-heading-title elementor-size-default\">Digi Company - digi.hosting<\/h2>\t\t\t\t<\/div>\n\t\t\t\t<\/div>\n\t\t\t\t<div class=\"elementor-element elementor-element-357d771 elementor-widget elementor-widget-heading\" data-id=\"357d771\" data-element_type=\"widget\" data-e-type=\"widget\" data-widget_type=\"heading.default\">\n\t\t\t\t<div class=\"elementor-widget-container\">\n\t\t\t\t\t<h2 class=\"elementor-heading-title elementor-size-default\">BE0749684888<\/h2>\t\t\t\t<\/div>\n\t\t\t\t<\/div>\n\t\t\t\t<div class=\"elementor-element elementor-element-faa09f4 elementor-widget elementor-widget-heading\" data-id=\"faa09f4\" data-element_type=\"widget\" data-e-type=\"widget\" data-widget_type=\"heading.default\">\n\t\t\t\t<div class=\"elementor-widget-container\">\n\t\t\t\t\t<h2 class=\"elementor-heading-title elementor-size-default\">A. Van Ooteghemstr 7\n9050 Gent, Belgien (ingen bes\u00f8gsadresse)<\/h2>\t\t\t\t<\/div>\n\t\t\t\t<\/div>\n\t\t\t\t<\/div>\n\t\t\t\t<\/div>\n\t\t\t\t\t<\/div>\n\t\t\t\t<\/div>\n\t\t\t\t<\/div>","protected":false},"excerpt":{"rendered":"<p>Digi Hosting Online ondernemen voor ieders budget. Over Ons Bij Digi Hosting draait alles om digitale betrouwbaarheid en klantgerichte innovatie. Opgericht in 2020 in het hart van Gent door Kwinten Braet, is Digi Hosting ontstaan uit een passie voor technologie en een duidelijke missie: hoogwaardige webhosting toegankelijk maken voor iedereen \u2013 van startende ondernemers tot [&hellip;]<\/p>\n","protected":false},"author":1,"featured_media":0,"parent":0,"menu_order":0,"comment_status":"closed","ping_status":"closed","template":"","meta":{"_acf_changed":false,"footnotes":""},"class_list":["post-15655","page","type-page","status-publish","hentry"],"acf":[],"_links":{"self":[{"href":"https:\/\/digi.hosting\/da\/wp-json\/wp\/v2\/pages\/15655","targetHints":{"allow":["GET"]}}],"collection":[{"href":"https:\/\/digi.hosting\/da\/wp-json\/wp\/v2\/pages"}],"about":[{"href":"https:\/\/digi.hosting\/da\/wp-json\/wp\/v2\/types\/page"}],"author":[{"embeddable":true,"href":"https:\/\/digi.hosting\/da\/wp-json\/wp\/v2\/users\/1"}],"replies":[{"embeddable":true,"href":"https:\/\/digi.hosting\/da\/wp-json\/wp\/v2\/comments?post=15655"}],"version-history":[{"count":14,"href":"https:\/\/digi.hosting\/da\/wp-json\/wp\/v2\/pages\/15655\/revisions"}],"predecessor-version":[{"id":18896,"href":"https:\/\/digi.hosting\/da\/wp-json\/wp\/v2\/pages\/15655\/revisions\/18896"}],"wp:attachment":[{"href":"https:\/\/digi.hosting\/da\/wp-json\/wp\/v2\/media?parent=15655"}],"curies":[{"name":"wp","href":"https:\/\/api.w.org\/{rel}","templated":true}]}}