{"id":15849,"date":"2025-04-24T02:03:48","date_gmt":"2025-04-24T00:03:48","guid":{"rendered":"https:\/\/digi.hosting\/?page_id=15849"},"modified":"2025-06-10T02:09:00","modified_gmt":"2025-06-10T00:09:00","slug":"ai-domaenenavnsgenerator","status":"publish","type":"page","link":"https:\/\/digi.hosting\/da\/ai-domeinnaam-generator\/","title":{"rendered":"AI-dom\u00e6nenavnsgenerator"},"content":{"rendered":"<div data-elementor-type=\"wp-page\" data-elementor-id=\"15849\" class=\"elementor elementor-15849\" data-elementor-post-type=\"page\">\n\t\t\t\t<div class=\"elementor-element elementor-element-9e13aa5 e-flex e-con-boxed e-con e-parent\" data-id=\"9e13aa5\" data-element_type=\"container\" data-e-type=\"container\">\n\t\t\t\t\t<div class=\"e-con-inner\">\n\t\t<div class=\"elementor-element elementor-element-2e238fc e-con-full e-flex e-con e-child\" data-id=\"2e238fc\" data-element_type=\"container\" data-e-type=\"container\">\n\t\t\t\t<div class=\"elementor-element elementor-element-61d585d elementor-widget elementor-widget-heading\" data-id=\"61d585d\" data-element_type=\"widget\" data-e-type=\"widget\" data-widget_type=\"heading.default\">\n\t\t\t\t<div class=\"elementor-widget-container\">\n\t\t\t\t\t<h3 class=\"elementor-heading-title elementor-size-default\">GRATIS V\u00c6RKT\u00d8J<\/h3>\t\t\t\t<\/div>\n\t\t\t\t<\/div>\n\t\t\t\t<div class=\"elementor-element elementor-element-3c11f08 elementor-invisible elementor-widget elementor-widget-heading\" data-id=\"3c11f08\" data-element_type=\"widget\" data-e-type=\"widget\" data-settings=\"{&quot;_animation&quot;:&quot;zoomIn&quot;}\" data-widget_type=\"heading.default\">\n\t\t\t\t<div class=\"elementor-widget-container\">\n\t\t\t\t\t<h2 class=\"elementor-heading-title elementor-size-default\"><span style=\"padding: 3px;border-radius: 10px\">AI-DOM\u00c6NENAVNSGENERATOR<\/span><\/h2>\t\t\t\t<\/div>\n\t\t\t\t<\/div>\n\t\t\t\t<div class=\"elementor-element elementor-element-4f23e8a elementor-widget elementor-widget-heading\" data-id=\"4f23e8a\" data-element_type=\"widget\" data-e-type=\"widget\" data-widget_type=\"heading.default\">\n\t\t\t\t<div class=\"elementor-widget-container\">\n\t\t\t\t\t<h3 class=\"elementor-heading-title elementor-size-default\">Generer et dom\u00e6nenavn med AI, og registrer det p\u00e5 f\u00e5 sekunder.<\/h3>\t\t\t\t<\/div>\n\t\t\t\t<\/div>\n\t\t\t\t<\/div>\n\t\t<div class=\"elementor-element elementor-element-ed217cc e-con-full e-flex e-con e-child\" data-id=\"ed217cc\" data-element_type=\"container\" data-e-type=\"container\">\n\t\t\t\t<div class=\"elementor-element elementor-element-0b3aba3 elementor-widget elementor-widget-html\" data-id=\"0b3aba3\" data-element_type=\"widget\" data-e-type=\"widget\" data-widget_type=\"html.default\">\n\t\t\t\t<div class=\"elementor-widget-container\">\n\t\t\t\t\t<style>\n    .bubble {\n  --r: 1em;  \/* the radius *\/\n  --t: 1.5em; \/* the size of the tail *\/\n  \n  max-width: 300px;\n  padding: 0.5em;\n  border-inline: var(--t) solid #0000;\n  border-radius: calc(var(--r) + var(--t))\/var(--r);\n  mask: \n    radial-gradient(100% 100% at var(--_p) 0,#0000 99%,#000 102%) \n      var(--_p) 100%\/var(--t) var(--t) no-repeat,\n    linear-gradient(#000 0 0) padding-box;\n  background: linear-gradient(135deg,rgba(254,100,15,1),rgba(247,48,119,1)) border-box;\n  color: #fff;\n  text-transform: uppercase;\n}\n.left {\n  --_p: 0;\n  border-bottom-left-radius: 0 0;\n  margin-bottom: 20px;\n  place-self: start;\n}\n.right {\n  --_p: 100%;\n  border-bottom-right-radius: 0 0;\n  place-self: end;\n}\n\n\n<\/style>\n\n<div class=\"bubble left\">Hej med dig!<\/div>\n<div class=\"bubble left\">Beskriv din id\u00e9 nedenfor, og lad AI g\u00f8re sit arbejde.<\/div>\t\t\t\t<\/div>\n\t\t\t\t<\/div>\n\t\t\t\t<div class=\"elementor-element elementor-element-907cf9b elementor-widget elementor-widget-shortcode\" data-id=\"907cf9b\" data-element_type=\"widget\" data-e-type=\"widget\" data-widget_type=\"shortcode.default\">\n\t\t\t\t<div class=\"elementor-widget-container\">\n\t\t\t\t\t<input type=\"hidden\" id=\"generate_domain_nonce\" name=\"generate_domain_nonce\" value=\"73a03daabf\" \/><input type=\"hidden\" name=\"_wp_http_referer\" value=\"\/da\/wp-json\/wp\/v2\/pages\/15849\" \/>\t\t<div class=\"elementor-shortcode\"><div\n\t\tid=\"aitld_main_wrapper\"\n\t\tdata-availability-badge=\"yes\"\n\t\tdata-show-tooltips=\"yes\"\n\t\tdata-tooltips-text=\"Complete your domain purchase!\"\n\t\tdata-results-header-text=\"AI Generated Results\"\n\t\tstyle=\"--aitld-skin-color: #fff\"\n\t><form id=\"aitld_main_form\" method=\"POST\" data-nonce=\"564b646f74\" data-rest-location=\"https:\/\/digi.hosting\/da\/wp-json\/\" action=\"\"><input type=\"hidden\" id=\"generate_domain_nonce\" name=\"generate_domain_nonce\" value=\"73a03daabf\" \/><input type=\"hidden\" name=\"_wp_http_referer\" value=\"\/da\/wp-json\/wp\/v2\/pages\/15849\" \/><div id=\"aitld_main_form_inner\"><input id=\"aitld_main_content\" name=\"aitld_main_content\"  placeholder=\"Skriv en kort beskrivelse af dit projekt ...\" autocomplete=\"off\" required><div id=\"aitld_main_submit_holder\"><input type=\"submit\" value=\"Generer\" id=\"aitld_main_submit\"><\/div><\/div><input type=\"hidden\" name=\"trp-form-language\" value=\"da\"\/><\/form><div id=\"aitld_main_suggestions_wrapper\"><p>Pr\u00f8v nogle demo-prompts for at generere dom\u00e6ner p\u00e5 forskellige TLD'er og sprog<\/p><div id=\"aitld_main_suggestions\"><div data-replacement-text=\"Can you suggest a name for my Food Blog on the .com tld?\" class=\"aitld-main-suggestion\">Mad-blog<\/div><div data-replacement-text=\"Help me name my Fitness Website on the .net tld.\" class=\"aitld-main-suggestion\">Fitness-hjemmeside<\/div><div data-replacement-text=\"I need a name for my Tech Review Site on the .io tld.\" class=\"aitld-main-suggestion\">Teknisk anmeldelsesside<\/div><div data-replacement-text=\"What\u2019s a good name for my Personal Portfolio on the .me tld?\" class=\"aitld-main-suggestion\">Personlig portef\u00f8lje<\/div><div data-replacement-text=\"Por favor, sugiere un nombre para mi blog de moda en el dominio .es.\" class=\"aitld-main-suggestion\">Modeblog<\/div><div data-replacement-text=\"Ich brauche Hilfe bei der Suche nach einem Namen f\u00fcr meine Bildungsplattform auf der .de-Domain.\" class=\"aitld-main-suggestion\">Uddannelsesplatform<\/div><div data-replacement-text=\"Can you recommend a name for my E-commerce Store on the .shop tld?\" class=\"aitld-main-suggestion\">E-handelsbutik<\/div><div data-replacement-text=\"IPreciso de um nome para o meu site de fotografia no dom\u00ednio .br.\" class=\"aitld-main-suggestion\">Hjemmeside for fotografering<\/div><div data-replacement-text=\"Daj mi pomys\u0142 na nazw\u0119 strony dla mojego bloga muzycznego na domenie .pl.\" class=\"aitld-main-suggestion\">Musik-blog<\/div><div data-replacement-text=\"Pouvez-vous sugg\u00e9rer un nom pour mon blog sant\u00e9 sur le domaine .fr?\" class=\"aitld-main-suggestion\">Blog om sundhed og velv\u00e6re<\/div><\/div><\/div><\/div><\/div>\n\t\t\t\t\t\t<\/div>\n\t\t\t\t<\/div>\n\t\t\t\t<\/div>\n\t\t\t\t\t<\/div>\n\t\t\t\t<\/div>\n\t\t<div data-dce-background-color=\"#000000\" class=\"elementor-element elementor-element-9732a3d e-flex e-con-boxed e-con e-parent\" data-id=\"9732a3d\" data-element_type=\"container\" data-e-type=\"container\" data-settings=\"{&quot;background_background&quot;:&quot;classic&quot;}\">\n\t\t\t\t\t<div class=\"e-con-inner\">\n\t\t\t\t<div class=\"elementor-element elementor-element-9212d4d elementor-invisible elementor-widget elementor-widget-heading\" data-id=\"9212d4d\" data-element_type=\"widget\" data-e-type=\"widget\" data-settings=\"{&quot;_animation&quot;:&quot;zoomIn&quot;}\" data-widget_type=\"heading.default\">\n\t\t\t\t<div class=\"elementor-widget-container\">\n\t\t\t\t\t<h2 class=\"elementor-heading-title elementor-size-default\">DIT DOM\u00c6NENAVN I 3 TRIN<\/h2>\t\t\t\t<\/div>\n\t\t\t\t<\/div>\n\t\t\t\t\t<\/div>\n\t\t\t\t<\/div>\n\t\t<div data-dce-background-color=\"#000000\" class=\"elementor-element elementor-element-10ff286 e-flex e-con-boxed e-con e-parent\" data-id=\"10ff286\" data-element_type=\"container\" data-e-type=\"container\" data-settings=\"{&quot;background_background&quot;:&quot;classic&quot;}\">\n\t\t\t\t\t<div class=\"e-con-inner\">\n\t\t<div class=\"elementor-element elementor-element-9877537 e-con-full e-flex e-con e-child\" data-id=\"9877537\" data-element_type=\"container\" data-e-type=\"container\">\n\t\t<div data-dce-background-color=\"#FFFFFF\" class=\"elementor-element elementor-element-c00b719 e-con-full e-flex e-con e-child\" data-id=\"c00b719\" data-element_type=\"container\" data-e-type=\"container\" data-settings=\"{&quot;background_background&quot;:&quot;classic&quot;}\">\n\t\t\t\t<div class=\"elementor-element elementor-element-0b9661c elementor-widget elementor-widget-heading\" data-id=\"0b9661c\" data-element_type=\"widget\" data-e-type=\"widget\" data-widget_type=\"heading.default\">\n\t\t\t\t<div class=\"elementor-widget-container\">\n\t\t\t\t\t<h3 class=\"elementor-heading-title elementor-size-default\"><span style=\"color: white;background: radial-gradient(circle, rgba(254,100,15,1) 0%, rgba(247,48,119,1) 100%);padding: 3px;border-radius: 10px\">1.<\/span> S\u00f8g efter<\/h3>\t\t\t\t<\/div>\n\t\t\t\t<\/div>\n\t\t\t\t<div class=\"elementor-element elementor-element-8197fe0 elementor-widget elementor-widget-heading\" data-id=\"8197fe0\" data-element_type=\"widget\" data-e-type=\"widget\" data-widget_type=\"heading.default\">\n\t\t\t\t<div class=\"elementor-widget-container\">\n\t\t\t\t\t<h3 class=\"elementor-heading-title elementor-size-default\">Indtast en kort beskrivelse i vores AI-dom\u00e6nenavnsgenerator.<\/h3>\t\t\t\t<\/div>\n\t\t\t\t<\/div>\n\t\t\t\t<\/div>\n\t\t\t\t<\/div>\n\t\t<div class=\"elementor-element elementor-element-8dfae5d e-con-full e-flex e-con e-child\" data-id=\"8dfae5d\" data-element_type=\"container\" data-e-type=\"container\">\n\t\t<div data-dce-background-color=\"#FFFFFF\" class=\"elementor-element elementor-element-30ca4cd e-con-full e-flex e-con e-child\" data-id=\"30ca4cd\" data-element_type=\"container\" data-e-type=\"container\" data-settings=\"{&quot;background_background&quot;:&quot;classic&quot;}\">\n\t\t\t\t<div class=\"elementor-element elementor-element-a72ef1d elementor-widget elementor-widget-heading\" data-id=\"a72ef1d\" data-element_type=\"widget\" data-e-type=\"widget\" data-widget_type=\"heading.default\">\n\t\t\t\t<div class=\"elementor-widget-container\">\n\t\t\t\t\t<h3 class=\"elementor-heading-title elementor-size-default\"><span style=\"color: white;background: radial-gradient(circle, rgba(254,100,15,1) 0%, rgba(247,48,119,1) 100%);padding: 3px;border-radius: 10px\">2.<\/span> V\u00e6lg<\/h3>\t\t\t\t<\/div>\n\t\t\t\t<\/div>\n\t\t\t\t<div class=\"elementor-element elementor-element-d33cb2f elementor-widget elementor-widget-heading\" data-id=\"d33cb2f\" data-element_type=\"widget\" data-e-type=\"widget\" data-widget_type=\"heading.default\">\n\t\t\t\t<div class=\"elementor-widget-container\">\n\t\t\t\t\t<h3 class=\"elementor-heading-title elementor-size-default\">Du f\u00e5r straks en r\u00e6kke interessante forslag. V\u00e6lg det, du synes lyder bedst.<\/h3>\t\t\t\t<\/div>\n\t\t\t\t<\/div>\n\t\t\t\t<\/div>\n\t\t\t\t<\/div>\n\t\t<div class=\"elementor-element elementor-element-0fb367c e-con-full e-flex e-con e-child\" data-id=\"0fb367c\" data-element_type=\"container\" data-e-type=\"container\">\n\t\t<div data-dce-background-color=\"#FFFFFF\" class=\"elementor-element elementor-element-9435dd0 e-con-full e-flex e-con e-child\" data-id=\"9435dd0\" data-element_type=\"container\" data-e-type=\"container\" data-settings=\"{&quot;background_background&quot;:&quot;classic&quot;}\">\n\t\t\t\t<div class=\"elementor-element elementor-element-9006482 elementor-widget elementor-widget-heading\" data-id=\"9006482\" data-element_type=\"widget\" data-e-type=\"widget\" data-widget_type=\"heading.default\">\n\t\t\t\t<div class=\"elementor-widget-container\">\n\t\t\t\t\t<h3 class=\"elementor-heading-title elementor-size-default\"><span style=\"color: white;background: radial-gradient(circle, rgba(254,100,15,1) 0%, rgba(247,48,119,1) 100%);padding: 3px;border-radius: 10px\">3.<\/span> Bestil<\/h3>\t\t\t\t<\/div>\n\t\t\t\t<\/div>\n\t\t\t\t<div class=\"elementor-element elementor-element-4510e53 elementor-widget elementor-widget-heading\" data-id=\"4510e53\" data-element_type=\"widget\" data-e-type=\"widget\" data-widget_type=\"heading.default\">\n\t\t\t\t<div class=\"elementor-widget-container\">\n\t\t\t\t\t<h3 class=\"elementor-heading-title elementor-size-default\">Klik p\u00e5 registreringsknappen, og bestil dit dom\u00e6nenavn.<\/h3>\t\t\t\t<\/div>\n\t\t\t\t<\/div>\n\t\t\t\t<\/div>\n\t\t\t\t<\/div>\n\t\t\t\t\t<\/div>\n\t\t\t\t<\/div>\n\t\t<div data-dce-background-color=\"#000000\" class=\"elementor-element elementor-element-28991e0 e-flex e-con-boxed e-con e-parent\" data-id=\"28991e0\" data-element_type=\"container\" data-e-type=\"container\" data-settings=\"{&quot;background_background&quot;:&quot;classic&quot;}\">\n\t\t\t\t\t<div class=\"e-con-inner\">\n\t\t<div class=\"elementor-element elementor-element-9e1f5a6 e-con-full e-flex e-con e-child\" data-id=\"9e1f5a6\" data-element_type=\"container\" data-e-type=\"container\">\n\t\t\t\t<div class=\"elementor-element elementor-element-7ab04e5 elementor-widget elementor-widget-image\" data-id=\"7ab04e5\" data-element_type=\"widget\" data-e-type=\"widget\" data-widget_type=\"image.default\">\n\t\t\t\t<div class=\"elementor-widget-container\">\n\t\t\t\t\t\t\t\t\t\t\t\t\t\t\t<img fetchpriority=\"high\" decoding=\"async\" width=\"800\" height=\"600\" src=\"https:\/\/digi.hosting\/wp-content\/uploads\/2025\/04\/original-568544560f6ca1076a16e3428302e329.gif\" class=\"attachment-full size-full wp-image-16020\" alt=\"\" \/>\t\t\t\t\t\t\t\t\t\t\t\t\t\t\t<\/div>\n\t\t\t\t<\/div>\n\t\t\t\t<\/div>\n\t\t<div class=\"elementor-element elementor-element-ab0bc49 e-con-full e-flex e-con e-child\" data-id=\"ab0bc49\" data-element_type=\"container\" data-e-type=\"container\">\n\t\t\t\t<div class=\"elementor-element elementor-element-7332458 elementor-widget elementor-widget-heading\" data-id=\"7332458\" data-element_type=\"widget\" data-e-type=\"widget\" data-widget_type=\"heading.default\">\n\t\t\t\t<div class=\"elementor-widget-container\">\n\t\t\t\t\t<h2 class=\"elementor-heading-title elementor-size-default\">HVAD ER EN <span style=\"color: white;background: radial-gradient(circle, rgba(254,100,15,1) 0%, rgba(247,48,119,1) 100%);padding: 3px;border-radius: 10px\">AI<\/span> generator af dom\u00e6nenavne?<\/h2>\t\t\t\t<\/div>\n\t\t\t\t<\/div>\n\t\t\t\t<div class=\"elementor-element elementor-element-a2aef07 elementor-widget elementor-widget-text-editor\" data-id=\"a2aef07\" data-element_type=\"widget\" data-e-type=\"widget\" data-widget_type=\"text-editor.default\">\n\t\t\t\t<div class=\"elementor-widget-container\">\n\t\t\t\t\t\t\t\t\t<p class=\"\" data-start=\"85\" data-end=\"442\">En AI-dom\u00e6nenavnsgenerator er det perfekte v\u00e6rkt\u00f8j, hvis du er p\u00e5 udkig efter et st\u00e6rkt, tilg\u00e6ngeligt dom\u00e6nenavn til dit nye projekt eller din nye virksomhed. Ved hj\u00e6lp af avanceret AI-teknologi kan du skabe unikke dom\u00e6nenavne, der passer perfekt til din brandidentitet. Du skal blot angive, hvad din virksomhed laver, v\u00e6lge det \u00f8nskede sprog og lege med stil og type.<\/p><p class=\"\" data-start=\"444\" data-end=\"733\">AI'en analyserer dit input og genererer automatisk 10 kreative og relevante forslag til dom\u00e6nenavne. S\u00e5 du finder hurtigt et dom\u00e6nenavn, der ikke bare skiller sig ud, men som ogs\u00e5 er tilg\u00e6ngeligt. Takket v\u00e6re den indbyggede dom\u00e6nenavnskontrol ved du straks, om dit yndlingsnavn kan registreres.<\/p><p class=\"\" data-start=\"735\" data-end=\"794\">Start smart og hurtigt med det rigtige dom\u00e6nenavn - takket v\u00e6re AI.<\/p>\t\t\t\t\t\t\t\t<\/div>\n\t\t\t\t<\/div>\n\t\t\t\t<\/div>\n\t\t\t\t\t<\/div>\n\t\t\t\t<\/div>\n\t\t<div data-dce-background-color=\"#000000\" class=\"elementor-element elementor-element-219be038 e-flex e-con-boxed e-con e-parent\" data-id=\"219be038\" data-element_type=\"container\" data-e-type=\"container\" data-settings=\"{&quot;background_background&quot;:&quot;classic&quot;}\">\n\t\t\t\t\t<div class=\"e-con-inner\">\n\t\t<div class=\"elementor-element elementor-element-58426584 e-con-full e-flex e-con e-child\" data-id=\"58426584\" data-element_type=\"container\" data-e-type=\"container\">\n\t\t\t\t<div class=\"elementor-element elementor-element-5035acdc elementor-widget elementor-widget-heading\" data-id=\"5035acdc\" data-element_type=\"widget\" data-e-type=\"widget\" data-widget_type=\"heading.default\">\n\t\t\t\t<div class=\"elementor-widget-container\">\n\t\t\t\t\t<h2 class=\"elementor-heading-title elementor-size-default\">F\u00e5 mest muligt ud af <span style=\"color: white;background: radial-gradient(circle, rgba(254,100,15,1) 0%, rgba(247,48,119,1) 100%);padding: 3px;border-radius: 10px\">AI<\/span>  Dom\u00e6nenavnsgenerator<\/h2>\t\t\t\t<\/div>\n\t\t\t\t<\/div>\n\t\t<div class=\"elementor-element elementor-element-2f4614d9 e-con-full e-flex e-con e-child\" data-id=\"2f4614d9\" data-element_type=\"container\" data-e-type=\"container\">\n\t\t<div class=\"elementor-element elementor-element-4806f96 e-con-full e-flex e-con e-child\" data-id=\"4806f96\" data-element_type=\"container\" data-e-type=\"container\">\n\t\t<div class=\"elementor-element elementor-element-174f3bb2 e-con-full e-flex e-con e-child\" data-id=\"174f3bb2\" data-element_type=\"container\" data-e-type=\"container\">\n\t\t<div class=\"elementor-element elementor-element-548f27aa e-con-full e-flex e-con e-child\" data-id=\"548f27aa\" data-element_type=\"container\" data-e-type=\"container\">\n\t\t\t\t<div data-dce-advanced-background-color=\"#FFFFFF\" class=\"elementor-element elementor-element-6c5bf38 elementor-position-left elementor-vertical-align-top elementor-widget elementor-widget-image-box\" data-id=\"6c5bf38\" data-element_type=\"widget\" data-e-type=\"widget\" data-widget_type=\"image-box.default\">\n\t\t\t\t<div class=\"elementor-widget-container\">\n\t\t\t\t\t<div class=\"elementor-image-box-wrapper\"><figure class=\"elementor-image-box-img\"><img decoding=\"async\" src=\"https:\/\/digi.hosting\/wp-content\/uploads\/2023\/06\/Hostiko-section-7-icon3-1-2.png\" title=\"Hostiko-sektion-7-ikon3-\" alt=\"Hostiko-sektion-7-ikon3-\" class=\"elementor-animation-float\" loading=\"lazy\" \/><\/figure><div class=\"elementor-image-box-content\"><h3 class=\"elementor-image-box-title\">Lad AI styrke dit dom\u00e6nenavn - start med et klart koncept<\/h3><p class=\"elementor-image-box-description\">Et st\u00e6rkt dom\u00e6nenavn starter med en klar id\u00e9. Vores AI-dom\u00e6nenavnsgenerator kan kun foresl\u00e5 st\u00e6rke og relevante dom\u00e6nenavne, hvis du selv har en god id\u00e9 om, hvad din virksomhed eller dit projekt st\u00e5r for.\n\nS\u00e5 tag dig tid til at t\u00e6nke over din kerneforretning: Hvad tilbyder du, hvad tror du p\u00e5, hvad vil du gerne udbrede, og hvordan og hvor vil du operere? Oms\u00e6t den vision til en kort, klar beskrivelse - p\u00e5 den m\u00e5de kan AI'en generere m\u00e5lrettede og kreative forslag til dom\u00e6nenavne, som virkelig passer til dig.<\/p><\/div><\/div>\t\t\t\t<\/div>\n\t\t\t\t<\/div>\n\t\t\t\t<\/div>\n\t\t\t\t<\/div>\n\t\t<div class=\"elementor-element elementor-element-4465c830 e-con-full e-flex e-con e-child\" data-id=\"4465c830\" data-element_type=\"container\" data-e-type=\"container\">\n\t\t<div class=\"elementor-element elementor-element-7503ebf4 e-con-full e-flex e-con e-child\" data-id=\"7503ebf4\" data-element_type=\"container\" data-e-type=\"container\">\n\t\t\t\t<div data-dce-advanced-background-color=\"#FFFFFF\" class=\"elementor-element elementor-element-d5d04eb elementor-position-left elementor-vertical-align-top elementor-widget elementor-widget-image-box\" data-id=\"d5d04eb\" data-element_type=\"widget\" data-e-type=\"widget\" data-widget_type=\"image-box.default\">\n\t\t\t\t<div class=\"elementor-widget-container\">\n\t\t\t\t\t<div class=\"elementor-image-box-wrapper\"><figure class=\"elementor-image-box-img\"><img decoding=\"async\" src=\"https:\/\/digi.hosting\/wp-content\/uploads\/2023\/06\/Hostiko-section-7-icon2-1-2.png\" title=\"Hostiko-sektion-7-ikon2-\" alt=\"Hostiko-sektion-7-ikon2-\" class=\"elementor-animation-float\" loading=\"lazy\" \/><\/figure><div class=\"elementor-image-box-content\"><h3 class=\"elementor-image-box-title\">G\u00f8r det personligt - og dit dom\u00e6nenavn bliver unikt<\/h3><p class=\"elementor-image-box-description\">Selv om vores AI-dom\u00e6nenavnsgenerator g\u00f8r det tunge arbejde, er det dig, der bestemmer. Ud over de grundl\u00e6ggende data kan du give yderligere input, s\u00e5 AI'en kan generere endnu mere originale og kreative dom\u00e6nenavne.\n\nGrib chancen, og giv din beskrivelse et ekstra pift. Tilf\u00f8j humor, leg med sproget eller indarbejd et personligt twist. Vores smarte dom\u00e6nenavnsgenerator registrerer disse nuancer og oms\u00e6tter dem til overraskende, originale forslag til dom\u00e6nenavne, der passer perfekt til din stil og dit budskab.<\/p><\/div><\/div>\t\t\t\t<\/div>\n\t\t\t\t<\/div>\n\t\t\t\t<\/div>\n\t\t\t\t<\/div>\n\t\t<div class=\"elementor-element elementor-element-389ce1ee e-con-full e-flex e-con e-child\" data-id=\"389ce1ee\" data-element_type=\"container\" data-e-type=\"container\">\n\t\t<div class=\"elementor-element elementor-element-69f60111 e-con-full e-flex e-con e-child\" data-id=\"69f60111\" data-element_type=\"container\" data-e-type=\"container\">\n\t\t\t\t<div data-dce-advanced-background-color=\"#FFFFFF\" class=\"elementor-element elementor-element-7cc9e73b elementor-position-left elementor-vertical-align-top elementor-widget elementor-widget-image-box\" data-id=\"7cc9e73b\" data-element_type=\"widget\" data-e-type=\"widget\" data-widget_type=\"image-box.default\">\n\t\t\t\t<div class=\"elementor-widget-container\">\n\t\t\t\t\t<div class=\"elementor-image-box-wrapper\"><figure class=\"elementor-image-box-img\"><img decoding=\"async\" src=\"https:\/\/digi.hosting\/wp-content\/uploads\/2023\/06\/Hostiko-section-7-icon1-1-2.png\" title=\"Hostiko-sektion-7-ikon1-\" alt=\"Hostiko-sektion-7-ikon1-\" class=\"elementor-animation-float\" loading=\"lazy\" \/><\/figure><div class=\"elementor-image-box-content\"><h3 class=\"elementor-image-box-title\">F\u00e5 AI til at svede for dit ideelle dom\u00e6nenavn<\/h3><p class=\"elementor-image-box-description\">Et st\u00e6rkt, f\u00e6ngende dom\u00e6nenavn er afg\u00f8rende for din virksomheds fremtid. S\u00e5 lad dig ikke n\u00f8jes med det f\u00f8rste og bedste forslag. Vores AI-dom\u00e6nenavnsgenerator er bygget til at blive udfordret. Leg med stilarter, pr\u00f8v et navn, der rimer, eller test et engelsksproget alternativ til din webshop.\n\nV\u00e6lg f\u00f8rst, n\u00e5r du er 100% overbevist. Er du i tvivl? Lad din yndlingsperson t\u00e6nke med! Og n\u00e5r du har fundet det navn, du vil have, tjekker vores dom\u00e6nenavnsgenerator straks, om det tilsvarende dom\u00e6ne stadig er ledigt.<\/p><\/div><\/div>\t\t\t\t<\/div>\n\t\t\t\t<\/div>\n\t\t\t\t<\/div>\n\t\t\t\t<\/div>\n\t\t\t\t<\/div>\n\t\t\t\t<\/div>\n\t\t<div class=\"elementor-element elementor-element-5162bca4 e-con-full elementor-hidden-desktop elementor-hidden-laptop elementor-hidden-tablet elementor-hidden-mobile e-flex e-con e-child\" data-id=\"5162bca4\" data-element_type=\"container\" data-e-type=\"container\">\n\t\t<div class=\"elementor-element elementor-element-14633a4d e-con-full e-flex e-con e-child\" data-id=\"14633a4d\" data-element_type=\"container\" data-e-type=\"container\">\n\t\t\t\t<div class=\"elementor-element elementor-element-203a74e9 elementor-tablet-align-center elementor-align-center elementor-widget elementor-widget-button\" data-id=\"203a74e9\" data-element_type=\"widget\" data-e-type=\"widget\" data-widget_type=\"button.default\">\n\t\t\t\t<div class=\"elementor-widget-container\">\n\t\t\t\t\t\t\t\t\t<div class=\"elementor-button-wrapper\">\n\t\t\t\t\t<a class=\"elementor-button elementor-button-link elementor-size-sm elementor-animation-float\" href=\"https:\/\/digi.hosting\/da\/starten\/\">\n\t\t\t\t\t\t<span class=\"elementor-button-content-wrapper\">\n\t\t\t\t\t\t\t\t\t<span class=\"elementor-button-text\">Find ud af, hvordan du kommer i gang<\/span>\n\t\t\t\t\t<\/span>\n\t\t\t\t\t<\/a>\n\t\t\t\t<\/div>\n\t\t\t\t\t\t\t\t<\/div>\n\t\t\t\t<\/div>\n\t\t\t\t<\/div>\n\t\t<div class=\"elementor-element elementor-element-4dcb43d5 e-con-full e-flex e-con e-child\" data-id=\"4dcb43d5\" data-element_type=\"container\" data-e-type=\"container\">\n\t\t\t\t<div class=\"elementor-element elementor-element-b131b1f elementor-tablet-align-center elementor-align-center elementor-widget elementor-widget-button\" data-id=\"b131b1f\" data-element_type=\"widget\" data-e-type=\"widget\" data-widget_type=\"button.default\">\n\t\t\t\t<div class=\"elementor-widget-container\">\n\t\t\t\t\t\t\t\t\t<div class=\"elementor-button-wrapper\">\n\t\t\t\t\t<a class=\"elementor-button elementor-button-link elementor-size-sm elementor-animation-float\" href=\"https:\/\/digimaster.be\" target=\"_blank\" rel=\"noopener\">\n\t\t\t\t\t\t<span class=\"elementor-button-content-wrapper\">\n\t\t\t\t\t\t\t\t\t<span class=\"elementor-button-text\">Find ud af mere p\u00e5 digimaster.co.uk<\/span>\n\t\t\t\t\t<\/span>\n\t\t\t\t\t<\/a>\n\t\t\t\t<\/div>\n\t\t\t\t\t\t\t\t<\/div>\n\t\t\t\t<\/div>\n\t\t\t\t<\/div>\n\t\t\t\t<\/div>\n\t\t\t\t<\/div>\n\t\t\t\t\t<\/div>\n\t\t\t\t<\/div>\n\t\t\t\t<\/div>","protected":false},"excerpt":{"rendered":"<p>GRATIS TOOL AI DOMEINNAAM GENERATOR Genereer een domeinnaam met AI en registreer hem binnen enkele seconden. Hallo daar! Beschrijf hieronder jouw idee en laat AI zijn werk doen. JE DOMEINNAAM IN 3 STAPPEN 1. Zoeken Geef een korte beschrijving op in onze AI domeinnaam generator. 2. Selecteer Je krijgt meteen een aantal interessante voorstellen. Selecteer [&hellip;]<\/p>\n","protected":false},"author":1,"featured_media":0,"parent":0,"menu_order":0,"comment_status":"closed","ping_status":"closed","template":"","meta":{"_acf_changed":false,"footnotes":""},"class_list":["post-15849","page","type-page","status-publish","hentry"],"acf":[],"_links":{"self":[{"href":"https:\/\/digi.hosting\/da\/wp-json\/wp\/v2\/pages\/15849","targetHints":{"allow":["GET"]}}],"collection":[{"href":"https:\/\/digi.hosting\/da\/wp-json\/wp\/v2\/pages"}],"about":[{"href":"https:\/\/digi.hosting\/da\/wp-json\/wp\/v2\/types\/page"}],"author":[{"embeddable":true,"href":"https:\/\/digi.hosting\/da\/wp-json\/wp\/v2\/users\/1"}],"replies":[{"embeddable":true,"href":"https:\/\/digi.hosting\/da\/wp-json\/wp\/v2\/comments?post=15849"}],"version-history":[{"count":103,"href":"https:\/\/digi.hosting\/da\/wp-json\/wp\/v2\/pages\/15849\/revisions"}],"predecessor-version":[{"id":18873,"href":"https:\/\/digi.hosting\/da\/wp-json\/wp\/v2\/pages\/15849\/revisions\/18873"}],"wp:attachment":[{"href":"https:\/\/digi.hosting\/da\/wp-json\/wp\/v2\/media?parent=15849"}],"curies":[{"name":"wp","href":"https:\/\/api.w.org\/{rel}","templated":true}]}}