{"id":18277,"date":"2025-05-25T14:30:34","date_gmt":"2025-05-25T12:30:34","guid":{"rendered":"https:\/\/digi.hosting\/?page_id=18277"},"modified":"2026-03-14T15:31:50","modified_gmt":"2026-03-14T14:31:50","slug":"politik-for-kundedata","status":"publish","type":"page","link":"https:\/\/digi.hosting\/da\/juridisch\/klantengegevens-beleid\/","title":{"rendered":"Politik for kundedata"},"content":{"rendered":"<div data-elementor-type=\"wp-page\" data-elementor-id=\"18277\" class=\"elementor elementor-18277\" data-elementor-post-type=\"page\">\n\t\t\t\t<div data-dce-background-overlay-color=\"#000000\" class=\"elementor-element elementor-element-e345dc4 e-con-full e-flex e-con e-parent\" data-id=\"e345dc4\" data-element_type=\"container\" data-e-type=\"container\">\n\t\t<div class=\"elementor-element elementor-element-37c4f76 e-con-full e-flex e-con e-child\" data-id=\"37c4f76\" data-element_type=\"container\" data-e-type=\"container\">\n\t\t<div class=\"elementor-element elementor-element-b15cf37 e-con-full e-flex e-con e-child\" data-id=\"b15cf37\" data-element_type=\"container\" data-e-type=\"container\">\n\t\t\t\t<div class=\"elementor-element elementor-element-67695f7 elementor-widget elementor-widget-heading\" data-id=\"67695f7\" data-element_type=\"widget\" data-e-type=\"widget\" data-widget_type=\"heading.default\">\n\t\t\t\t<div class=\"elementor-widget-container\">\n\t\t\t\t\t<h2 class=\"elementor-heading-title elementor-size-default\">Politik for kundedata<\/h2>\t\t\t\t<\/div>\n\t\t\t\t<\/div>\n\t\t\t\t<\/div>\n\t\t\t\t<\/div>\n\t\t\t\t<\/div>\n\t\t<div data-dce-background-color=\"#FFFFFF\" class=\"elementor-element elementor-element-2beabb86 e-flex e-con-boxed e-con e-parent\" data-id=\"2beabb86\" data-element_type=\"container\" data-e-type=\"container\" data-settings=\"{&quot;background_background&quot;:&quot;classic&quot;}\">\n\t\t\t\t\t<div class=\"e-con-inner\">\n\t\t\t\t<div class=\"elementor-element elementor-element-583499c3 elementor-widget elementor-widget-text-editor\" data-id=\"583499c3\" data-element_type=\"widget\" data-e-type=\"widget\" data-widget_type=\"text-editor.default\">\n\t\t\t\t<div class=\"elementor-widget-container\">\n\t\t\t\t\t\t\t\t\t<p data-path-to-node=\"4\">P\u00e5 <b data-path-to-node=\"4\" data-index-in-node=\"4\">Digi Company<\/b>, der fungerer som <b data-path-to-node=\"4\" data-index-in-node=\"32\">Digi Hosting<\/b>Vi l\u00e6gger stor v\u00e6gt p\u00e5 beskyttelse og integritet af kundedata. Denne politik definerer ansvaret for datah\u00e5ndtering og -sikkerhed. For oplysninger om dine egne personlige data (fakturering osv.) henvises til vores <b data-path-to-node=\"4\" data-index-in-node=\"305\">Fortrolighedspolitik<\/b>.<\/p>\n<h3 data-path-to-node=\"5\">Artikel 1: Definition og ejerskab af kundedata<\/h3>\n<p data-path-to-node=\"6\"><b data-path-to-node=\"6\" data-index-in-node=\"0\">1.1 Definition:<\/b> Kundedata betyder alle data, der er sendt, offentliggjort eller genereret af kunden p\u00e5 det tildelte webhotel. Dette omfatter e-mails, websider, billeder, filer og databaseindhold.<\/p><p data-path-to-node=\"6\"><b data-path-to-node=\"6\" data-index-in-node=\"216\">1.2 Ejerskab:<\/b> Kunden bevarer til enhver tid den fulde intellektuelle ejendomsret til alle kundedata. Digi Hosting g\u00f8r ikke krav p\u00e5 ejerskab af noget indhold, der er indsendt af kunden. Skabeloner og scripts leveret af Digi Hosting forbliver Digi Hostings eller dets licensgiveres ejendom (i overensstemmelse med <b data-path-to-node=\"6\" data-index-in-node=\"538\">Artikel 14 i de generelle betingelser<\/b>).<\/p><p data-path-to-node=\"6\"><b data-path-to-node=\"6\" data-index-in-node=\"579\">1.3 Juridisk ansvar:<\/b> Kunden er udelukkende juridisk ansvarlig for alt indhold, der hostes via dennes konto.<\/p>\n<h3 data-path-to-node=\"7\">Artikel 2: Datah\u00e5ndtering og AVG's rolle<\/h3>\n<p data-path-to-node=\"8\"><b data-path-to-node=\"8\" data-index-in-node=\"0\">2.1 AVG-roller:<\/b> Hvis kunden behandler personoplysninger om tredjeparter (f.eks. bes\u00f8gende p\u00e5 hjemmesiden), fungerer kunden som <b data-path-to-node=\"8\" data-index-in-node=\"121\">Controller<\/b> og Digi Hosting som <b data-path-to-node=\"8\" data-index-in-node=\"170\">Processor<\/b>.<\/p><p data-path-to-node=\"8\"><b data-path-to-node=\"8\" data-index-in-node=\"181\">2.2 Behandlingsaftale (VWO):<\/b> Vores VWO g\u00e6lder for alle professionelle kunder. Bem\u00e6rk: Til udelukkende personlig brug eller husholdningsbrug (art. 2(2)(c) AVG) g\u00e6lder AVG ikke, og en VWO er ikke n\u00f8dvendig.<\/p><p data-path-to-node=\"8\"><b data-path-to-node=\"8\" data-index-in-node=\"417\">2.3 Pligt til rettidighed:<\/b> Kunden er ansvarlig for at holde sine kontaktoplysninger korrekte gennem kundemilj\u00f8et for at sikre kontinuitet i tjenesten.<\/p>\n<h3 data-path-to-node=\"9\">Artikel 3: Overv\u00e5gning, overholdelse og indgriben<\/h3>\n<p data-path-to-node=\"10\"><b data-path-to-node=\"10\" data-index-in-node=\"0\">3.1 Passiv kontrol:<\/b> Digi Hosting screener ikke aktivt eller p\u00e5 forh\u00e5nd indhold, der er indsendt af kunder, og foretager ikke nogen juridisk gennemgang.<\/p><p data-path-to-node=\"10\"><b data-path-to-node=\"10\" data-index-in-node=\"162\">3.2 Interventionsklausul:<\/b> Digi Hosting griber kun ind og tr\u00e6ffer foranstaltninger (s\u00e5som suspension eller sletning) i f\u00f8lgende situationer:<\/p>\n<ul data-path-to-node=\"11\">\n<li>\n<p data-path-to-node=\"11,0,0\"><b data-path-to-node=\"11,0,0\" data-index-in-node=\"0\">\u00c5benlyst ulovligt indhold:<\/b> Ved opdagelse af kriminelt indhold (f.eks. phishing, malware eller b\u00f8rnepornografi). I disse tilf\u00e6lde informeres de kompetente myndigheder straks.<\/p>\n<\/li>\n<li>\n<p data-path-to-node=\"11,1,0\"><b data-path-to-node=\"11,1,0\" data-index-in-node=\"0\">Juridisk bindende ordre:<\/b> Ved en gyldig kendelse fra en kompetent retslig myndighed i EU.<\/p>\n<\/li>\n<li>\n<p data-path-to-node=\"11,2,0\"><b data-path-to-node=\"11,2,0\" data-index-in-node=\"0\">Overtr\u00e6delse af AUP:<\/b> Ved overtr\u00e6delse af <b data-path-to-node=\"11,2,0\" data-index-in-node=\"34\">Politik for ansvarlig brug<\/b>som beskrevet i <b data-path-to-node=\"11,2,0\" data-index-in-node=\"87\">Artikel 6 i de generelle betingelser<\/b>.<\/p>\n<\/li>\n<\/ul>\n<h3 data-path-to-node=\"12\">Artikel 4: Sikkerheds- og backup-politik<\/h3>\n<p data-path-to-node=\"13\"><b data-path-to-node=\"13\" data-index-in-node=\"0\">4.1 Sikkerhed i datacentre:<\/b> Digi Hosting garanterer, at infrastrukturen lever op til h\u00f8je sikkerhedsstandarder, herunder fysisk adgangskontrol og netv\u00e6rkssikkerhed.<\/p><p data-path-to-node=\"13\"><b data-path-to-node=\"13\" data-index-in-node=\"167\">4.2 Sikkerhedskopiering af systemet (Disaster Recovery):<\/b> Systemets egne data sikkerhedskopieres med j\u00e6vne mellemrum til et eksternt sted. Disse sikkerhedskopier tjener udelukkende til gendannelse i tilf\u00e6lde af en fatal infrastrukturfejl (<i data-path-to-node=\"13\" data-index-in-node=\"366\">Genopretning efter katastrofer<\/i>).<\/p><p data-path-to-node=\"13\"><b data-path-to-node=\"13\" data-index-in-node=\"386\">4.3 Kundeansvar (vigtigt):<\/b> Kunden anerkender, at sikkerhedskopierne af systemet (4.2) <b data-path-to-node=\"13\" data-index-in-node=\"475\">ikke<\/b> fungere som den prim\u00e6re backup-facilitet for individuel datagendannelse. I overensstemmelse med <b data-path-to-node=\"13\" data-index-in-node=\"557\">Artikel 12.1 og 12.2 i de generelle betingelser<\/b> Kunden er ansvarlig for at administrere sine egne sikkerhedskopier. Digi Hosting er ikke ansvarlig for tab af data p\u00e5 grund af svigtende tredjepartssoftware (f.eks. <b data-path-to-node=\"13\" data-index-in-node=\"768\">JetBackup<\/b>), medmindre der er tale om udtrykkeligt forskellige SLA-aftaler.<\/p><p data-path-to-node=\"13\"><b data-path-to-node=\"13\" data-index-in-node=\"827\">4.4 Adgang til sikkerhed:<\/b> Kunden er ansvarlig for streng fortrolighed af loginoplysninger og korrekt sessionsl\u00e5sning for at forhindre uautoriseret adgang.<\/p>\t\t\t\t\t\t\t\t<\/div>\n\t\t\t\t<\/div>\n\t\t\t\t<div class=\"elementor-element elementor-element-6930f59 elementor-widget elementor-widget-text-editor\" data-id=\"6930f59\" data-element_type=\"widget\" data-e-type=\"widget\" data-widget_type=\"text-editor.default\">\n\t\t\t\t<div class=\"elementor-widget-container\">\n\t\t\t\t\t\t\t\t\t<p><!-- \/wp:paragraph --><!-- wp:paragraph --><\/p>\n<p><!-- \/wp:paragraph --><!-- wp:paragraph --><\/p>\n<p>Der tages forbehold for trykfejl i disse vilk\u00e5r og betingelser.<\/p>\n<p><!-- \/wp:paragraph --><!-- wp:paragraph --><\/p>\n<p><!-- \/wp:paragraph --><!-- wp:paragraph --><\/p>\n<p><!-- \/wp:paragraph --><!-- wp:paragraph --><\/p>\n<p><!-- \/wp:paragraph --><!-- wp:paragraph --><\/p>\n<p><!-- \/wp:paragraph --><!-- wp:paragraph --><\/p>\n<p><!-- \/wp:paragraph --><!-- wp:paragraph --><\/p>\n<p><!-- \/wp:paragraph --><!-- wp:paragraph --><\/p>\n<p><!-- \/wp:paragraph --><!-- wp:paragraph --><\/p>\n<p><!-- \/wp:paragraph --><!-- wp:list {\"ordered\":true} --><\/p>\n<p><!-- \/wp:list --><\/p>\t\t\t\t\t\t\t\t<\/div>\n\t\t\t\t<\/div>\n\t\t\t\t<div class=\"elementor-element elementor-element-9a219d8 elementor-widget elementor-widget-heading\" data-id=\"9a219d8\" data-element_type=\"widget\" data-e-type=\"widget\" data-widget_type=\"heading.default\">\n\t\t\t\t<div class=\"elementor-widget-container\">\n\t\t\t\t\t<h2 class=\"elementor-heading-title elementor-size-default\">Senest \u00e6ndret: 8. marts 2025<\/h2>\t\t\t\t<\/div>\n\t\t\t\t<\/div>\n\t\t\t\t\t<\/div>\n\t\t\t\t<\/div>\n\t\t\t\t<\/div>","protected":false},"excerpt":{"rendered":"<p>Beleid inzake Klantgegevens Bij Digi Company, handelend als Digi Hosting, hechten wij grote waarde aan de bescherming en integriteit van klantdata. Dit beleid omschrijft de verantwoordelijkheden met betrekking tot gegevensbeheer en veiligheid. Voor informatie over uw eigen persoonsgegevens (facturatie, etc.) verwijzen wij naar ons Privacybeleid. Artikel 1: Definitie en Eigendom van Klantgegevens 1.1 Definitie: Onder [&hellip;]<\/p>\n","protected":false},"author":1,"featured_media":0,"parent":18254,"menu_order":0,"comment_status":"closed","ping_status":"closed","template":"elementor_header_footer","meta":{"_acf_changed":false,"footnotes":""},"class_list":["post-18277","page","type-page","status-publish","hentry"],"acf":[],"_links":{"self":[{"href":"https:\/\/digi.hosting\/da\/wp-json\/wp\/v2\/pages\/18277","targetHints":{"allow":["GET"]}}],"collection":[{"href":"https:\/\/digi.hosting\/da\/wp-json\/wp\/v2\/pages"}],"about":[{"href":"https:\/\/digi.hosting\/da\/wp-json\/wp\/v2\/types\/page"}],"author":[{"embeddable":true,"href":"https:\/\/digi.hosting\/da\/wp-json\/wp\/v2\/users\/1"}],"replies":[{"embeddable":true,"href":"https:\/\/digi.hosting\/da\/wp-json\/wp\/v2\/comments?post=18277"}],"version-history":[{"count":16,"href":"https:\/\/digi.hosting\/da\/wp-json\/wp\/v2\/pages\/18277\/revisions"}],"predecessor-version":[{"id":22601,"href":"https:\/\/digi.hosting\/da\/wp-json\/wp\/v2\/pages\/18277\/revisions\/22601"}],"up":[{"embeddable":true,"href":"https:\/\/digi.hosting\/da\/wp-json\/wp\/v2\/pages\/18254"}],"wp:attachment":[{"href":"https:\/\/digi.hosting\/da\/wp-json\/wp\/v2\/media?parent=18277"}],"curies":[{"name":"wp","href":"https:\/\/api.w.org\/{rel}","templated":true}]}}