{"id":18293,"date":"2025-05-25T16:39:06","date_gmt":"2025-05-25T14:39:06","guid":{"rendered":"https:\/\/digi.hosting\/en\/accessibility-statement\/"},"modified":"2025-05-25T16:40:32","modified_gmt":"2025-05-25T14:40:32","slug":"erklaering-om-tilgaengelighed","status":"publish","type":"page","link":"https:\/\/digi.hosting\/da\/juridisch\/toegankelijkheidsverklaring\/","title":{"rendered":"Erkl\u00e6ring om tilg\u00e6ngelighed"},"content":{"rendered":"<h6 class=\"wp-block-heading has-text-align-center\">Tilg\u00e6ngelighedserkl\u00e6ring til https:\/\/digi.hosting<\/h6>\n\n\n<p><strong>Digi Hosting<\/strong> er forpligtet til digital tilg\u00e6ngelighed for mennesker med handicap. Vi forbedrer l\u00f8bende brugeroplevelsen for alle og anvender relevante tilg\u00e6ngelighedsstandarder.<\/p>\n\n\n<h6 class=\"wp-block-heading\">Status for overholdelse<\/h6>\n\n\n<p>Retningslinjerne for tilg\u00e6ngelighed af webindhold (WCAG) definerer krav til designere og udviklere for at forbedre tilg\u00e6ngeligheden for mennesker med handicap. Der er defineret tre niveauer af overensstemmelse: niveau A, niveau AA og niveau AAA.<\/p>\n\n\n<p><strong>Digi Hosting<\/strong> g\u00f8r en konstant indsats for at forbedre tilg\u00e6ngeligheden af sit websted og sine tjenester i den tro, at det er vores kollektive moralske pligt at muligg\u00f8re problemfri, tilg\u00e6ngelig og uhindret brug for mennesker med handicap.<\/p>\n\n\n<p>Vi bestr\u00e6ber os p\u00e5 at holde alle sider og alt indhold p\u00e5 <strong>https:\/\/digi.hosting<\/strong> tilg\u00e6ngeligt, men noget indhold lever m\u00e5ske endnu ikke helt op til de h\u00f8jeste tilg\u00e6ngelighedsstandarder. Det kan skyldes udfordringer med at finde den mest hensigtsm\u00e6ssige teknologiske l\u00f8sning.<\/p>\n\n\n<p>Vi kan revidere denne erkl\u00e6ring med j\u00e6vne mellemrum for at afspejle forbedringer eller \u00e6ndringer i vores tilg\u00e6ngelighedspraksis.<\/p>\n\n\n<h6 class=\"wp-block-heading\">Feedback<\/h6>\n\n\n<p>Vi gl\u00e6der os over din feedback p\u00e5 tilg\u00e6ngeligheden af <strong>Digi Hosting<\/strong> websted. Lad os vide, hvis du st\u00f8der p\u00e5 tilg\u00e6ngelighedsbarrierer p\u00e5 vores hjemmeside:<\/p>\n\n\n<p>E-mail: <strong>support@digi.hosting<\/strong><\/p>\n\n\n<p>Vi fors\u00f8ger at svare p\u00e5 feedback inden for 3-5 arbejdsdage.<\/p>\n\n\n<p>Denne erkl\u00e6ring blev oprettet den 25-5-2025. <\/p>","protected":false},"excerpt":{"rendered":"<p>Toegankelijkheidsverklaring voor https:\/\/digi.hosting Digi Hosting zet zich in voor digitale toegankelijkheid voor mensen met een handicap. We verbeteren voortdurend de gebruikerservaring voor iedereen en passen de relevante toegankelijkheidsnormen toe. Conformiteitsstatus De web inhoud accessibility guidelines (WCAG) defini\u00ebren eisen voor ontwerpers en ontwikkelaars om de toegankelijkheid voor mensen met een handicap te verbeteren. Er worden drie [&hellip;]<\/p>\n","protected":false},"author":1,"featured_media":0,"parent":18254,"menu_order":0,"comment_status":"closed","ping_status":"closed","template":"","meta":{"_acf_changed":false,"footnotes":""},"class_list":["post-18293","page","type-page","status-publish","hentry"],"acf":[],"_links":{"self":[{"href":"https:\/\/digi.hosting\/da\/wp-json\/wp\/v2\/pages\/18293","targetHints":{"allow":["GET"]}}],"collection":[{"href":"https:\/\/digi.hosting\/da\/wp-json\/wp\/v2\/pages"}],"about":[{"href":"https:\/\/digi.hosting\/da\/wp-json\/wp\/v2\/types\/page"}],"author":[{"embeddable":true,"href":"https:\/\/digi.hosting\/da\/wp-json\/wp\/v2\/users\/1"}],"replies":[{"embeddable":true,"href":"https:\/\/digi.hosting\/da\/wp-json\/wp\/v2\/comments?post=18293"}],"version-history":[{"count":1,"href":"https:\/\/digi.hosting\/da\/wp-json\/wp\/v2\/pages\/18293\/revisions"}],"predecessor-version":[{"id":18294,"href":"https:\/\/digi.hosting\/da\/wp-json\/wp\/v2\/pages\/18293\/revisions\/18294"}],"up":[{"embeddable":true,"href":"https:\/\/digi.hosting\/da\/wp-json\/wp\/v2\/pages\/18254"}],"wp:attachment":[{"href":"https:\/\/digi.hosting\/da\/wp-json\/wp\/v2\/media?parent=18293"}],"curies":[{"name":"wp","href":"https:\/\/api.w.org\/{rel}","templated":true}]}}