{"id":18301,"date":"2025-05-25T17:29:47","date_gmt":"2025-05-25T15:29:47","guid":{"rendered":"https:\/\/digi.hosting\/?page_id=18301"},"modified":"2026-03-14T15:36:04","modified_gmt":"2026-03-14T14:36:04","slug":"domaenepolitik","status":"publish","type":"page","link":"https:\/\/digi.hosting\/da\/juridisch\/domeinverloop-beleid\/","title":{"rendered":"Politik for dom\u00e6neprogression"},"content":{"rendered":"<div data-elementor-type=\"wp-page\" data-elementor-id=\"18301\" class=\"elementor elementor-18301\" data-elementor-post-type=\"page\">\n\t\t\t\t<div data-dce-background-overlay-color=\"#000000\" class=\"elementor-element elementor-element-e345dc4 e-con-full e-flex e-con e-parent\" data-id=\"e345dc4\" data-element_type=\"container\" data-e-type=\"container\">\n\t\t<div class=\"elementor-element elementor-element-37c4f76 e-con-full e-flex e-con e-child\" data-id=\"37c4f76\" data-element_type=\"container\" data-e-type=\"container\">\n\t\t<div class=\"elementor-element elementor-element-b15cf37 e-con-full e-flex e-con e-child\" data-id=\"b15cf37\" data-element_type=\"container\" data-e-type=\"container\">\n\t\t\t\t<div class=\"elementor-element elementor-element-67695f7 elementor-widget elementor-widget-heading\" data-id=\"67695f7\" data-element_type=\"widget\" data-e-type=\"widget\" data-widget_type=\"heading.default\">\n\t\t\t\t<div class=\"elementor-widget-container\">\n\t\t\t\t\t<h2 class=\"elementor-heading-title elementor-size-default\">Politik for dom\u00e6neprogression<\/h2>\t\t\t\t<\/div>\n\t\t\t\t<\/div>\n\t\t\t\t<\/div>\n\t\t\t\t<\/div>\n\t\t\t\t<\/div>\n\t\t<div data-dce-background-color=\"#FFFFFF\" class=\"elementor-element elementor-element-2beabb86 e-flex e-con-boxed e-con e-parent\" data-id=\"2beabb86\" data-element_type=\"container\" data-e-type=\"container\" data-settings=\"{&quot;background_background&quot;:&quot;classic&quot;}\">\n\t\t\t\t\t<div class=\"e-con-inner\">\n\t\t\t\t<div class=\"elementor-element elementor-element-583499c3 elementor-widget elementor-widget-text-editor\" data-id=\"583499c3\" data-element_type=\"widget\" data-e-type=\"widget\" data-widget_type=\"text-editor.default\">\n\t\t\t\t<div class=\"elementor-widget-container\">\n\t\t\t\t\t\t\t\t\t<p data-path-to-node=\"4\">Denne politik definerer procedurer og ansvarsomr\u00e5der i forbindelse med udl\u00f8b og genoprettelse af dom\u00e6nenavnsregistreringer. Den supplerer <b data-path-to-node=\"4\" data-index-in-node=\"164\">Artikel 11 i de generelle betingelser<\/b>.<\/p>\n<h3 data-path-to-node=\"5\">Artikel 1: Ansvar og fornyelse<\/h3>\n<p data-path-to-node=\"6\"><b data-path-to-node=\"6\" data-index-in-node=\"0\">1.1 Aktiv omsorgspligt:<\/b> Digi Hosting fornyer registreringen af dom\u00e6nenavne <b data-path-to-node=\"6\" data-index-in-node=\"80\">ikke automatisk<\/b>medmindre det udtrykkeligt er konfigureret af kunden via kontrolpanelet. Kunden er eneansvarlig for rettidig fornyelse og for at holde kontaktoplysningerne for indehaveren af dom\u00e6nenavnet korrekte. <b data-path-to-node=\"6\" data-index-in-node=\"322\">1.2 Betaling som instruktion:<\/b> En dom\u00e6nenavnsregistrering er teknisk set ikke gennemf\u00f8rt, f\u00f8r den fulde betaling af fornyelsesfakturaen er modtaget.<\/p>\n<h3 data-path-to-node=\"7\">Artikel 2: P\u00e5mindelsesprocedure (udl\u00f8bsmeddelelser)<\/h3>\n<p data-path-to-node=\"8\">For at forhindre utilsigtet udl\u00f8b anvender Digi Hosting en streng p\u00e5mindelsescyklus. Der vil blive sendt fem (5) e-mailbeskeder til den e-mailadresse, vi har kendskab til:<\/p>\n<ul data-path-to-node=\"9\">\n<li>\n<p data-path-to-node=\"9,0,0\"><b data-path-to-node=\"9,0,0\" data-index-in-node=\"0\">27, 14, 7, 3 og 1 dag(e)<\/b> f\u00f8r udl\u00f8bsdatoen.<\/p>\n<\/li>\n<\/ul>\n<p data-path-to-node=\"10\">Hver meddelelse indeholder forfaldsdatoen og en proformafaktura. Hvis betalingen ikke er blevet behandlet af Digi Hosting inden forfaldsdatoen, vil fakturaen automatisk udl\u00f8be, og dom\u00e6nenavnet vil ikke blive fornyet. Digi Hosting er ikke ansvarlig for manglende modtagelse af disse meddelelser p\u00e5 grund af faktorer uden for Digi Hostings kontrol (f.eks. spamfiltre eller for\u00e6ldede e-mailadresser).<\/p>\n<h3 data-path-to-node=\"11\">Artikel 3: Status efter udl\u00f8b<\/h3>\n<p data-path-to-node=\"12\">Hvis et dom\u00e6nenavn overskrider udl\u00f8bsdatoen uden en vellykket fornyelse, tr\u00e6der f\u00f8lgende regler i kraft: <b data-path-to-node=\"12\" data-index-in-node=\"121\">3.1 Meddelelse om sidste frist:<\/b> Inden for fem (5) dage efter udl\u00f8b vil Digi Hosting sende en obligatorisk meddelelse om, at dom\u00e6net er udl\u00f8bet (i overensstemmelse med ICANN's regler for gTLD'er). <b data-path-to-node=\"12\" data-index-in-node=\"295\">3.2 Deaktivering:<\/b> Dom\u00e6nenavnet fjernes straks fra DNS-zonen, hvilket g\u00f8r linkede hjemmesider og e-mailtjenester utilg\u00e6ngelige.<\/p>\n<h3 data-path-to-node=\"13\">Artikel 4: Indfrielsesfrist (RGP)<\/h3>\n<p data-path-to-node=\"14\">N\u00e5r dom\u00e6nenavnet udl\u00f8ber, vil der for de fleste udvidelser (f.eks. .com, .net, .org, .uk) v\u00e6re en <b data-path-to-node=\"14\" data-index-in-node=\"99\">Genopretningsperiode (RGP)<\/b> i af normalt <b data-path-to-node=\"14\" data-index-in-node=\"137\">30 dage<\/b>. <b data-path-to-node=\"14\" data-index-in-node=\"147\">4.1 Begr\u00e6nsninger:<\/b> Under RGP kan dom\u00e6nenavnet ikke overf\u00f8res til en anden registrator. <b data-path-to-node=\"14\" data-index-in-node=\"245\">4.2 Inddrivelsesomkostninger:<\/b> For at genoprette et dom\u00e6ne p\u00e5 dette stadie er det vigtigt <b data-path-to-node=\"14\" data-index-in-node=\"332\">administrations- og reparationsomkostninger<\/b> opkr\u00e6ves ud over den almindelige fornyelsespris. Disse gebyrer skal betales til registret og opkr\u00e6ves fuldt ud hos kunden. Kontakt support@digi.hosting for at f\u00e5 oplyst de aktuelle gebyrer pr. udvidelse. <b data-path-to-node=\"14\" data-index-in-node=\"598\">4.3 Ingen garanti:<\/b> Digi Hosting kan aldrig garantere en vellykket gendannelse af et dom\u00e6nenavn i RGP-fasen; dette afh\u00e6nger af samarbejdet med paraplyregistret.<\/p>\n<h3 data-path-to-node=\"15\">Artikel 5: S\u00e6rlige betingelser for registret<\/h3>\n<p data-path-to-node=\"16\"><b data-path-to-node=\"16\" data-index-in-node=\"0\">5.1 Divergerende udtryk:<\/b> Kunden anerkender, at specifikke ccTLD'er (f.eks. <b data-path-to-node=\"16\" data-index-in-node=\"72\">.be<\/b> og <b data-path-to-node=\"16\" data-index-in-node=\"79\">.co.uk<\/b>) anvender forskellige udl\u00f8bsprocedurer og karant\u00e6neperioder. Bestemmelserne i henholdsvis DNS Belgien og SIDN g\u00e6lder fuldt ud i disse tilf\u00e6lde. <b data-path-to-node=\"16\" data-index-in-node=\"250\">5.2 Sprog:<\/b> Al kommunikation vedr\u00f8rende dom\u00e6neudl\u00f8b skal foreg\u00e5 p\u00e5 den oprindelige aftales sprog eller p\u00e5 engelsk, afh\u00e6ngigt af det relevante registers regler.<\/p>\t\t\t\t\t\t\t\t<\/div>\n\t\t\t\t<\/div>\n\t\t\t\t<div class=\"elementor-element elementor-element-6930f59 elementor-widget elementor-widget-text-editor\" data-id=\"6930f59\" data-element_type=\"widget\" data-e-type=\"widget\" data-widget_type=\"text-editor.default\">\n\t\t\t\t<div class=\"elementor-widget-container\">\n\t\t\t\t\t\t\t\t\t<p><!-- \/wp:paragraph --><!-- wp:paragraph --><\/p>\n<p><!-- \/wp:paragraph --><!-- wp:paragraph --><\/p>\n<p>Der tages forbehold for trykfejl i disse vilk\u00e5r og betingelser.<\/p>\n<p><!-- \/wp:paragraph --><!-- wp:paragraph --><\/p>\n<p><!-- \/wp:paragraph --><!-- wp:paragraph --><\/p>\n<p><!-- \/wp:paragraph --><!-- wp:paragraph --><\/p>\n<p><!-- \/wp:paragraph --><!-- wp:paragraph --><\/p>\n<p><!-- \/wp:paragraph --><!-- wp:paragraph --><\/p>\n<p><!-- \/wp:paragraph --><!-- wp:paragraph --><\/p>\n<p><!-- \/wp:paragraph --><!-- wp:paragraph --><\/p>\n<p><!-- \/wp:paragraph --><!-- wp:paragraph --><\/p>\n<p><!-- \/wp:paragraph --><!-- wp:list {\"ordered\":true} --><\/p>\n<p><!-- \/wp:list --><\/p>\t\t\t\t\t\t\t\t<\/div>\n\t\t\t\t<\/div>\n\t\t\t\t<div class=\"elementor-element elementor-element-9a219d8 elementor-widget elementor-widget-heading\" data-id=\"9a219d8\" data-element_type=\"widget\" data-e-type=\"widget\" data-widget_type=\"heading.default\">\n\t\t\t\t<div class=\"elementor-widget-container\">\n\t\t\t\t\t<h2 class=\"elementor-heading-title elementor-size-default\">Senest \u00e6ndret: 8. marts 2025<\/h2>\t\t\t\t<\/div>\n\t\t\t\t<\/div>\n\t\t\t\t\t<\/div>\n\t\t\t\t<\/div>\n\t\t\t\t<\/div>","protected":false},"excerpt":{"rendered":"<p>Domeinverloop beleid Dit beleid omschrijft de procedures en verantwoordelijkheden met betrekking tot het vervallen en herstellen van domeinnaamregistraties. Het vormt een aanvulling op Artikel 11 van de Algemene Voorwaarden. Artikel 1: Verantwoordelijkheid en Verlenging 1.1 Actieve Zorgplicht: Digi Hosting verlengt de registratie van een domeinnaam niet automatisch, tenzij de Klant dit expliciet heeft geconfigureerd via [&hellip;]<\/p>\n","protected":false},"author":1,"featured_media":0,"parent":18254,"menu_order":0,"comment_status":"closed","ping_status":"closed","template":"","meta":{"_acf_changed":false,"footnotes":""},"class_list":["post-18301","page","type-page","status-publish","hentry"],"acf":[],"_links":{"self":[{"href":"https:\/\/digi.hosting\/da\/wp-json\/wp\/v2\/pages\/18301","targetHints":{"allow":["GET"]}}],"collection":[{"href":"https:\/\/digi.hosting\/da\/wp-json\/wp\/v2\/pages"}],"about":[{"href":"https:\/\/digi.hosting\/da\/wp-json\/wp\/v2\/types\/page"}],"author":[{"embeddable":true,"href":"https:\/\/digi.hosting\/da\/wp-json\/wp\/v2\/users\/1"}],"replies":[{"embeddable":true,"href":"https:\/\/digi.hosting\/da\/wp-json\/wp\/v2\/comments?post=18301"}],"version-history":[{"count":22,"href":"https:\/\/digi.hosting\/da\/wp-json\/wp\/v2\/pages\/18301\/revisions"}],"predecessor-version":[{"id":22607,"href":"https:\/\/digi.hosting\/da\/wp-json\/wp\/v2\/pages\/18301\/revisions\/22607"}],"up":[{"embeddable":true,"href":"https:\/\/digi.hosting\/da\/wp-json\/wp\/v2\/pages\/18254"}],"wp:attachment":[{"href":"https:\/\/digi.hosting\/da\/wp-json\/wp\/v2\/media?parent=18301"}],"curies":[{"name":"wp","href":"https:\/\/api.w.org\/{rel}","templated":true}]}}