{"id":15655,"date":"2025-04-10T22:47:52","date_gmt":"2025-04-10T20:47:52","guid":{"rendered":"https:\/\/digi.hosting\/?page_id=15655"},"modified":"2025-06-09T22:37:43","modified_gmt":"2025-06-09T20:37:43","slug":"uber-uns","status":"publish","type":"page","link":"https:\/\/digi.hosting\/de\/over-ons\/","title":{"rendered":"\u00dcber uns"},"content":{"rendered":"<div data-elementor-type=\"wp-page\" data-elementor-id=\"15655\" class=\"elementor elementor-15655\" data-elementor-post-type=\"page\">\n\t\t\t\t<div data-dce-background-overlay-color=\"#000000\" class=\"elementor-element elementor-element-7ef08943 e-con-full e-flex e-con e-parent\" data-id=\"7ef08943\" data-element_type=\"container\" data-e-type=\"container\">\n\t\t<div class=\"elementor-element elementor-element-3f62a961 e-con-full e-flex e-con e-child\" data-id=\"3f62a961\" data-element_type=\"container\" data-e-type=\"container\">\n\t\t<div class=\"elementor-element elementor-element-64f22318 e-con-full e-flex e-con e-child\" data-id=\"64f22318\" data-element_type=\"container\" data-e-type=\"container\">\n\t\t\t\t<div class=\"elementor-element elementor-element-1b777a53 elementor-widget__width-initial animated-slow elementor-invisible elementor-widget elementor-widget-heading\" data-id=\"1b777a53\" data-element_type=\"widget\" data-e-type=\"widget\" data-settings=\"{&quot;_animation&quot;:&quot;fadeIn&quot;}\" data-widget_type=\"heading.default\">\n\t\t\t\t<div class=\"elementor-widget-container\">\n\t\t\t\t\t<h2 class=\"elementor-heading-title elementor-size-default\">Digi Hosting<\/h2>\t\t\t\t<\/div>\n\t\t\t\t<\/div>\n\t\t\t\t<div class=\"elementor-element elementor-element-12cb9a2 animated-slow elementor-invisible elementor-widget elementor-widget-text-editor\" data-id=\"12cb9a2\" data-element_type=\"widget\" data-e-type=\"widget\" data-settings=\"{&quot;_animation&quot;:&quot;fadeIn&quot;}\" data-widget_type=\"text-editor.default\">\n\t\t\t\t<div class=\"elementor-widget-container\">\n\t\t\t\t\t\t\t\t\t<p>Online-Unternehmertum f\u00fcr jeden Geldbeutel.<\/p>\t\t\t\t\t\t\t\t<\/div>\n\t\t\t\t<\/div>\n\t\t\t\t<\/div>\n\t\t\t\t<\/div>\n\t\t\t\t<\/div>\n\t\t<div data-dce-background-color=\"#FFFFFF\" class=\"elementor-element elementor-element-ae06fe4 e-flex e-con-boxed e-con e-parent\" data-id=\"ae06fe4\" data-element_type=\"container\" data-e-type=\"container\" data-settings=\"{&quot;background_background&quot;:&quot;classic&quot;}\">\n\t\t\t\t\t<div class=\"e-con-inner\">\n\t\t<div class=\"elementor-element elementor-element-b3fd1ae e-con-full e-flex e-con e-child\" data-id=\"b3fd1ae\" data-element_type=\"container\" data-e-type=\"container\">\n\t\t\t\t<div class=\"elementor-element elementor-element-613b36f elementor-widget elementor-widget-image\" data-id=\"613b36f\" data-element_type=\"widget\" data-e-type=\"widget\" data-widget_type=\"image.default\">\n\t\t\t\t<div class=\"elementor-widget-container\">\n\t\t\t\t\t\t\t\t\t\t\t\t\t\t\t<img fetchpriority=\"high\" decoding=\"async\" width=\"800\" height=\"174\" src=\"https:\/\/digi.hosting\/wp-content\/uploads\/2023\/06\/digihostingLogo-1024x223.png\" class=\"attachment-large size-large wp-image-9025\" alt=\"\" srcset=\"https:\/\/digi.hosting\/wp-content\/uploads\/2023\/06\/digihostingLogo-1024x223.png 1024w, https:\/\/digi.hosting\/wp-content\/uploads\/2023\/06\/digihostingLogo-300x65.png 300w, https:\/\/digi.hosting\/wp-content\/uploads\/2023\/06\/digihostingLogo-768x167.png 768w, https:\/\/digi.hosting\/wp-content\/uploads\/2023\/06\/digihostingLogo-1536x334.png 1536w, https:\/\/digi.hosting\/wp-content\/uploads\/2023\/06\/digihostingLogo-2048x445.png 2048w, https:\/\/digi.hosting\/wp-content\/uploads\/2023\/06\/digihostingLogo-750x163.png 750w, https:\/\/digi.hosting\/wp-content\/uploads\/2023\/06\/digihostingLogo-1140x248.png 1140w\" sizes=\"(max-width: 800px) 100vw, 800px\" \/>\t\t\t\t\t\t\t\t\t\t\t\t\t\t\t<\/div>\n\t\t\t\t<\/div>\n\t\t\t\t<\/div>\n\t\t<div class=\"elementor-element elementor-element-e762ba7 e-con-full e-flex e-con e-child\" data-id=\"e762ba7\" data-element_type=\"container\" data-e-type=\"container\">\n\t\t\t\t<div class=\"elementor-element elementor-element-49ff44d elementor-widget elementor-widget-heading\" data-id=\"49ff44d\" data-element_type=\"widget\" data-e-type=\"widget\" data-widget_type=\"heading.default\">\n\t\t\t\t<div class=\"elementor-widget-container\">\n\t\t\t\t\t<h2 class=\"elementor-heading-title elementor-size-default\">\u00dcber <span style=\"color: white;background: radial-gradient(circle, rgba(254,100,15,1) 0%, rgba(247,48,119,1) 100%);padding: 3px;border-radius: 10px\">Unser<\/span><\/h2>\t\t\t\t<\/div>\n\t\t\t\t<\/div>\n\t\t\t\t<div class=\"elementor-element elementor-element-a7bda58 elementor-widget elementor-widget-text-editor\" data-id=\"a7bda58\" data-element_type=\"widget\" data-e-type=\"widget\" data-widget_type=\"text-editor.default\">\n\t\t\t\t<div class=\"elementor-widget-container\">\n\t\t\t\t\t\t\t\t\t<p class=\"\" data-start=\"92\" data-end=\"437\">Unter <strong data-start=\"96\" data-end=\"112\">Digi Hosting<\/strong> steht f\u00fcr digitale Zuverl\u00e4ssigkeit und kundenorientierte Innovation. Gegr\u00fcndet im Jahr 2020 im Herzen von Gent von <strong data-start=\"226\" data-end=\"243\">Kwinten Braet<\/strong>Digi Hosting wurde aus einer Leidenschaft f\u00fcr Technologie und einer klaren Mission heraus geboren: Hochwertiges Webhosting f\u00fcr alle zug\u00e4nglich zu machen - von Start-ups bis hin zu wachsenden Unternehmen.<\/p><p class=\"\" data-start=\"439\" data-end=\"788\">Als junges und dynamisches Unternehmen verbinden wir frische Ideen mit technischem Know-how. Unser Fokus liegt auf <strong data-start=\"540\" data-end=\"574\">zuverl\u00e4ssige Hosting-L\u00f6sungen<\/strong>, starke Sicherheit und ein benutzerfreundliches Erlebnis. Ob Sie eine einfache Website hosten oder komplexe Online-Anwendungen betreiben, wir sorgen daf\u00fcr, dass Ihre digitale Pr\u00e4senz schnell, stabil und sicher bleibt.<\/p><p class=\"\" data-start=\"790\" data-end=\"1083\">Was uns auszeichnet, ist unser <strong data-start=\"820\" data-end=\"843\">Pers\u00f6nlicher Ansatz<\/strong>. Keine endlosen Wartezeiten oder unpers\u00f6nliche Helpdesks - bei Digi Hosting sind wir bereit, wirklich auf Ihre Bed\u00fcrfnisse einzugehen und gemeinsam die beste L\u00f6sung zu finden. Wir glauben an Transparenz, faire Preise und nachhaltige Partnerschaften.<\/p><p class=\"\" data-start=\"1085\" data-end=\"1423\">Wir haben unseren Sitz in Gent und bedienen Kunden in ganz Belgien (und dar\u00fcber hinaus), weil wir der Meinung sind, dass lokale Verankerung und internationale Ambitionen Hand in Hand gehen k\u00f6nnen. Unsere Server werden mit gr\u00fcner Energie betrieben und wir investieren weiterhin in <strong data-start=\"1310\" data-end=\"1336\">nachhaltige Technologien<\/strong> die nicht nur leistungsf\u00e4hig sind, sondern auch zu einem besseren digitalen \u00d6kosystem beitragen.<\/p><p class=\"\" data-start=\"1425\" data-end=\"1519\">Bei Digi Hosting sind Sie nicht eine Nummer, sondern ein Partner. Gemeinsam bauen wir Ihren Online-Erfolg auf.<\/p>\t\t\t\t\t\t\t\t<\/div>\n\t\t\t\t<\/div>\n\t\t\t\t<\/div>\n\t\t\t\t\t<\/div>\n\t\t\t\t<\/div>\n\t\t<div data-dce-background-color=\"#0A143A\" class=\"elementor-element elementor-element-500e1ab e-flex e-con-boxed e-con e-parent\" data-id=\"500e1ab\" data-element_type=\"container\" data-e-type=\"container\" data-settings=\"{&quot;background_background&quot;:&quot;classic&quot;}\">\n\t\t\t\t\t<div class=\"e-con-inner\">\n\t\t<div class=\"elementor-element elementor-element-915740a e-con-full e-flex e-con e-child\" data-id=\"915740a\" data-element_type=\"container\" data-e-type=\"container\">\n\t\t\t\t<div class=\"elementor-element elementor-element-23bef33 elementor-widget elementor-widget-heading\" data-id=\"23bef33\" data-element_type=\"widget\" data-e-type=\"widget\" data-widget_type=\"heading.default\">\n\t\t\t\t<div class=\"elementor-widget-container\">\n\t\t\t\t\t<h2 class=\"elementor-heading-title elementor-size-default\">Unser <span style=\"color: white;background: radial-gradient(circle, rgba(254,100,15,1) 0%, rgba(247,48,119,1) 100%);padding: 3px;border-radius: 10px\">Werte<\/span><\/h2>\t\t\t\t<\/div>\n\t\t\t\t<\/div>\n\t\t\t\t<div class=\"elementor-element elementor-element-bc355a1 elementor-widget elementor-widget-text-editor\" data-id=\"bc355a1\" data-element_type=\"widget\" data-e-type=\"widget\" data-widget_type=\"text-editor.default\">\n\t\t\t\t<div class=\"elementor-widget-container\">\n\t\t\t\t\t\t\t\t\t<p class=\"\" data-start=\"92\" data-end=\"437\">Unter <strong data-start=\"96\" data-end=\"112\">Digi Hosting<\/strong> unsere Grundwerte sind das R\u00fcckgrat unseres Handelns. Sie leiten unsere Entscheidungen, bestimmen unseren Umgang mit den Kunden und bilden die Grundlage f\u00fcr unser Wachstum.<\/p>\t\t\t\t\t\t\t\t<\/div>\n\t\t\t\t<\/div>\n\t\t\t\t<div class=\"elementor-element elementor-element-4b7ff48 elementor-widget elementor-widget-heading\" data-id=\"4b7ff48\" data-element_type=\"widget\" data-e-type=\"widget\" data-widget_type=\"heading.default\">\n\t\t\t\t<div class=\"elementor-widget-container\">\n\t\t\t\t\t<h2 class=\"elementor-heading-title elementor-size-default\">Verl\u00e4sslichkeit<\/h2>\t\t\t\t<\/div>\n\t\t\t\t<\/div>\n\t\t\t\t<div class=\"elementor-element elementor-element-80c1d99 elementor-widget elementor-widget-text-editor\" data-id=\"80c1d99\" data-element_type=\"widget\" data-e-type=\"widget\" data-widget_type=\"text-editor.default\">\n\t\t\t\t<div class=\"elementor-widget-container\">\n\t\t\t\t\t\t\t\t\t<p class=\"\" data-start=\"275\" data-end=\"479\">Wir wissen, dass Ihre Online-Pr\u00e4senz von entscheidender Bedeutung ist. Deshalb setzen wir uns f\u00fcr maximale Betriebszeit, stabile Leistung und schnellen Support ein. Sie sollten sich auf uns verlassen k\u00f6nnen - immer.<\/p>\t\t\t\t\t\t\t\t<\/div>\n\t\t\t\t<\/div>\n\t\t\t\t<div class=\"elementor-element elementor-element-f06c1ac elementor-widget elementor-widget-heading\" data-id=\"f06c1ac\" data-element_type=\"widget\" data-e-type=\"widget\" data-widget_type=\"heading.default\">\n\t\t\t\t<div class=\"elementor-widget-container\">\n\t\t\t\t\t<h2 class=\"elementor-heading-title elementor-size-default\">Kundenorientierung<\/h2>\t\t\t\t<\/div>\n\t\t\t\t<\/div>\n\t\t\t\t<div class=\"elementor-element elementor-element-2243f45 elementor-widget elementor-widget-text-editor\" data-id=\"2243f45\" data-element_type=\"widget\" data-e-type=\"widget\" data-widget_type=\"text-editor.default\">\n\t\t\t\t<div class=\"elementor-widget-container\">\n\t\t\t\t\t\t\t\t\t<p class=\"\" data-start=\"481\" data-end=\"666\">Jeder Kunde ist einzigartig. Wir h\u00f6ren zu, denken mit und bieten ma\u00dfgeschneiderte L\u00f6sungen. Pers\u00f6nlicher Service und ein menschlicher Ansatz stehen im Mittelpunkt unseres Handelns.<\/p>\t\t\t\t\t\t\t\t<\/div>\n\t\t\t\t<\/div>\n\t\t\t\t<div class=\"elementor-element elementor-element-7c93ddb elementor-widget elementor-widget-heading\" data-id=\"7c93ddb\" data-element_type=\"widget\" data-e-type=\"widget\" data-widget_type=\"heading.default\">\n\t\t\t\t<div class=\"elementor-widget-container\">\n\t\t\t\t\t<h2 class=\"elementor-heading-title elementor-size-default\">Transparenz<\/h2>\t\t\t\t<\/div>\n\t\t\t\t<\/div>\n\t\t\t\t<div class=\"elementor-element elementor-element-d2a093c elementor-widget elementor-widget-text-editor\" data-id=\"d2a093c\" data-element_type=\"widget\" data-e-type=\"widget\" data-widget_type=\"text-editor.default\">\n\t\t\t\t<div class=\"elementor-widget-container\">\n\t\t\t\t\t\t\t\t\t<p class=\"\" data-start=\"668\" data-end=\"837\">Ehrlichkeit ist f\u00fcr uns wesentlich. Keine versteckten Kosten, vagen Vertr\u00e4ge oder leeren Versprechungen - nur klare Kommunikation und klare Vereinbarungen.<\/p>\t\t\t\t\t\t\t\t<\/div>\n\t\t\t\t<\/div>\n\t\t\t\t<div class=\"elementor-element elementor-element-6c3ee9d elementor-widget elementor-widget-heading\" data-id=\"6c3ee9d\" data-element_type=\"widget\" data-e-type=\"widget\" data-widget_type=\"heading.default\">\n\t\t\t\t<div class=\"elementor-widget-container\">\n\t\t\t\t\t<h2 class=\"elementor-heading-title elementor-size-default\">Innovation<\/h2>\t\t\t\t<\/div>\n\t\t\t\t<\/div>\n\t\t\t\t<div class=\"elementor-element elementor-element-080c69d elementor-widget elementor-widget-text-editor\" data-id=\"080c69d\" data-element_type=\"widget\" data-e-type=\"widget\" data-widget_type=\"text-editor.default\">\n\t\t\t\t<div class=\"elementor-widget-container\">\n\t\t\t\t\t\t\t\t\t<p class=\"\" data-start=\"839\" data-end=\"1065\">Die digitale Welt ver\u00e4ndert sich in rasantem Tempo. Wir bleiben vorne, indem wir in die neuesten Technologien investieren und st\u00e4ndig nach M\u00f6glichkeiten suchen, unsere Dienste intelligenter, schneller und sicherer zu machen.<\/p>\t\t\t\t\t\t\t\t<\/div>\n\t\t\t\t<\/div>\n\t\t\t\t<div class=\"elementor-element elementor-element-c8ac13c elementor-widget elementor-widget-heading\" data-id=\"c8ac13c\" data-element_type=\"widget\" data-e-type=\"widget\" data-widget_type=\"heading.default\">\n\t\t\t\t<div class=\"elementor-widget-container\">\n\t\t\t\t\t<h2 class=\"elementor-heading-title elementor-size-default\">Nachhaltigkeit<\/h2>\t\t\t\t<\/div>\n\t\t\t\t<\/div>\n\t\t\t\t<div class=\"elementor-element elementor-element-ae12351 elementor-widget elementor-widget-text-editor\" data-id=\"ae12351\" data-element_type=\"widget\" data-e-type=\"widget\" data-widget_type=\"text-editor.default\">\n\t\t\t\t<div class=\"elementor-widget-container\">\n\t\t\t\t\t\t\t\t\t<p class=\"\" data-start=\"1067\" data-end=\"1288\">Wir nehmen unsere Verantwortung f\u00fcr den Planeten ernst. Unsere Server werden mit gr\u00fcner Energie betrieben und wir entscheiden uns bewusst f\u00fcr Partner und L\u00f6sungen, die zu einer nachhaltigeren digitalen Zukunft beitragen.<\/p>\t\t\t\t\t\t\t\t<\/div>\n\t\t\t\t<\/div>\n\t\t\t\t<\/div>\n\t\t<div class=\"elementor-element elementor-element-83ca431 e-con-full e-flex e-con e-child\" data-id=\"83ca431\" data-element_type=\"container\" data-e-type=\"container\">\n\t\t<div data-dce-background-color=\"#FFFFFF\" class=\"elementor-element elementor-element-2c319a2 e-con-full e-flex e-con e-child\" data-id=\"2c319a2\" data-element_type=\"container\" data-e-type=\"container\" data-settings=\"{&quot;background_background&quot;:&quot;classic&quot;}\">\n\t\t\t\t<div class=\"elementor-element elementor-element-2a3814c elementor-widget elementor-widget-heading\" data-id=\"2a3814c\" data-element_type=\"widget\" data-e-type=\"widget\" data-widget_type=\"heading.default\">\n\t\t\t\t<div class=\"elementor-widget-container\">\n\t\t\t\t\t<h2 class=\"elementor-heading-title elementor-size-default\">Unternehmen Digi - digi.hosting<\/h2>\t\t\t\t<\/div>\n\t\t\t\t<\/div>\n\t\t\t\t<div class=\"elementor-element elementor-element-357d771 elementor-widget elementor-widget-heading\" data-id=\"357d771\" data-element_type=\"widget\" data-e-type=\"widget\" data-widget_type=\"heading.default\">\n\t\t\t\t<div class=\"elementor-widget-container\">\n\t\t\t\t\t<h2 class=\"elementor-heading-title elementor-size-default\">BE0749684888<\/h2>\t\t\t\t<\/div>\n\t\t\t\t<\/div>\n\t\t\t\t<div class=\"elementor-element elementor-element-faa09f4 elementor-widget elementor-widget-heading\" data-id=\"faa09f4\" data-element_type=\"widget\" data-e-type=\"widget\" data-widget_type=\"heading.default\">\n\t\t\t\t<div class=\"elementor-widget-container\">\n\t\t\t\t\t<h2 class=\"elementor-heading-title elementor-size-default\">A. Van Ooteghemstr 7\n9050 Gent, Belgien (keine Besuchsadresse)<\/h2>\t\t\t\t<\/div>\n\t\t\t\t<\/div>\n\t\t\t\t<\/div>\n\t\t\t\t<\/div>\n\t\t\t\t\t<\/div>\n\t\t\t\t<\/div>\n\t\t\t\t<\/div>","protected":false},"excerpt":{"rendered":"<p>Digi Hosting Online ondernemen voor ieders budget. Over Ons Bij Digi Hosting draait alles om digitale betrouwbaarheid en klantgerichte innovatie. Opgericht in 2020 in het hart van Gent door Kwinten Braet, is Digi Hosting ontstaan uit een passie voor technologie en een duidelijke missie: hoogwaardige webhosting toegankelijk maken voor iedereen \u2013 van startende ondernemers tot [&hellip;]<\/p>\n","protected":false},"author":1,"featured_media":0,"parent":0,"menu_order":0,"comment_status":"closed","ping_status":"closed","template":"","meta":{"_acf_changed":false,"footnotes":""},"class_list":["post-15655","page","type-page","status-publish","hentry"],"acf":[],"_links":{"self":[{"href":"https:\/\/digi.hosting\/de\/wp-json\/wp\/v2\/pages\/15655","targetHints":{"allow":["GET"]}}],"collection":[{"href":"https:\/\/digi.hosting\/de\/wp-json\/wp\/v2\/pages"}],"about":[{"href":"https:\/\/digi.hosting\/de\/wp-json\/wp\/v2\/types\/page"}],"author":[{"embeddable":true,"href":"https:\/\/digi.hosting\/de\/wp-json\/wp\/v2\/users\/1"}],"replies":[{"embeddable":true,"href":"https:\/\/digi.hosting\/de\/wp-json\/wp\/v2\/comments?post=15655"}],"version-history":[{"count":14,"href":"https:\/\/digi.hosting\/de\/wp-json\/wp\/v2\/pages\/15655\/revisions"}],"predecessor-version":[{"id":18896,"href":"https:\/\/digi.hosting\/de\/wp-json\/wp\/v2\/pages\/15655\/revisions\/18896"}],"wp:attachment":[{"href":"https:\/\/digi.hosting\/de\/wp-json\/wp\/v2\/media?parent=15655"}],"curies":[{"name":"wp","href":"https:\/\/api.w.org\/{rel}","templated":true}]}}