{"id":15849,"date":"2025-04-24T02:03:48","date_gmt":"2025-04-24T00:03:48","guid":{"rendered":"https:\/\/digi.hosting\/?page_id=15849"},"modified":"2025-06-10T02:09:00","modified_gmt":"2025-06-10T00:09:00","slug":"ai-domain-name-generator","status":"publish","type":"page","link":"https:\/\/digi.hosting\/de\/ai-domeinnaam-generator\/","title":{"rendered":"AI-Domainnamen-Generator"},"content":{"rendered":"<div data-elementor-type=\"wp-page\" data-elementor-id=\"15849\" class=\"elementor elementor-15849\" data-elementor-post-type=\"page\">\n\t\t\t\t<div class=\"elementor-element elementor-element-9e13aa5 e-flex e-con-boxed e-con e-parent\" data-id=\"9e13aa5\" data-element_type=\"container\" data-e-type=\"container\">\n\t\t\t\t\t<div class=\"e-con-inner\">\n\t\t<div class=\"elementor-element elementor-element-2e238fc e-con-full e-flex e-con e-child\" data-id=\"2e238fc\" data-element_type=\"container\" data-e-type=\"container\">\n\t\t\t\t<div class=\"elementor-element elementor-element-61d585d elementor-widget elementor-widget-heading\" data-id=\"61d585d\" data-element_type=\"widget\" data-e-type=\"widget\" data-widget_type=\"heading.default\">\n\t\t\t\t<div class=\"elementor-widget-container\">\n\t\t\t\t\t<h3 class=\"elementor-heading-title elementor-size-default\">KOSTENLOSES WERKZEUG<\/h3>\t\t\t\t<\/div>\n\t\t\t\t<\/div>\n\t\t\t\t<div class=\"elementor-element elementor-element-3c11f08 elementor-invisible elementor-widget elementor-widget-heading\" data-id=\"3c11f08\" data-element_type=\"widget\" data-e-type=\"widget\" data-settings=\"{&quot;_animation&quot;:&quot;zoomIn&quot;}\" data-widget_type=\"heading.default\">\n\t\t\t\t<div class=\"elementor-widget-container\">\n\t\t\t\t\t<h2 class=\"elementor-heading-title elementor-size-default\"><span style=\"padding: 3px;border-radius: 10px\">AI DOMAIN NAME GENERATOR<\/span><\/h2>\t\t\t\t<\/div>\n\t\t\t\t<\/div>\n\t\t\t\t<div class=\"elementor-element elementor-element-4f23e8a elementor-widget elementor-widget-heading\" data-id=\"4f23e8a\" data-element_type=\"widget\" data-e-type=\"widget\" data-widget_type=\"heading.default\">\n\t\t\t\t<div class=\"elementor-widget-container\">\n\t\t\t\t\t<h3 class=\"elementor-heading-title elementor-size-default\">Generieren Sie einen Domainnamen mit AI und registrieren Sie ihn innerhalb von Sekunden.<\/h3>\t\t\t\t<\/div>\n\t\t\t\t<\/div>\n\t\t\t\t<\/div>\n\t\t<div class=\"elementor-element elementor-element-ed217cc e-con-full e-flex e-con e-child\" data-id=\"ed217cc\" data-element_type=\"container\" data-e-type=\"container\">\n\t\t\t\t<div class=\"elementor-element elementor-element-0b3aba3 elementor-widget elementor-widget-html\" data-id=\"0b3aba3\" data-element_type=\"widget\" data-e-type=\"widget\" data-widget_type=\"html.default\">\n\t\t\t\t<div class=\"elementor-widget-container\">\n\t\t\t\t\t<style>\n    .bubble {\n  --r: 1em;  \/* the radius *\/\n  --t: 1.5em; \/* the size of the tail *\/\n  \n  max-width: 300px;\n  padding: 0.5em;\n  border-inline: var(--t) solid #0000;\n  border-radius: calc(var(--r) + var(--t))\/var(--r);\n  mask: \n    radial-gradient(100% 100% at var(--_p) 0,#0000 99%,#000 102%) \n      var(--_p) 100%\/var(--t) var(--t) no-repeat,\n    linear-gradient(#000 0 0) padding-box;\n  background: linear-gradient(135deg,rgba(254,100,15,1),rgba(247,48,119,1)) border-box;\n  color: #fff;\n  text-transform: uppercase;\n}\n.left {\n  --_p: 0;\n  border-bottom-left-radius: 0 0;\n  margin-bottom: 20px;\n  place-self: start;\n}\n.right {\n  --_p: 100%;\n  border-bottom-right-radius: 0 0;\n  place-self: end;\n}\n\n\n<\/style>\n\n<div class=\"bubble left\">Hallo zusammen!<\/div>\n<div class=\"bubble left\">Beschreiben Sie Ihre Idee unten und lassen Sie AI ihre Arbeit machen.<\/div>\t\t\t\t<\/div>\n\t\t\t\t<\/div>\n\t\t\t\t<div class=\"elementor-element elementor-element-907cf9b elementor-widget elementor-widget-shortcode\" data-id=\"907cf9b\" data-element_type=\"widget\" data-e-type=\"widget\" data-widget_type=\"shortcode.default\">\n\t\t\t\t<div class=\"elementor-widget-container\">\n\t\t\t\t\t<input type=\"hidden\" id=\"generate_domain_nonce\" name=\"generate_domain_nonce\" value=\"7218045933\" \/><input type=\"hidden\" name=\"_wp_http_referer\" value=\"\/de\/wp-json\/wp\/v2\/pages\/15849\" \/>\t\t<div class=\"elementor-shortcode\"><div\n\t\tid=\"aitld_main_wrapper\"\n\t\tdata-availability-badge=\"yes\"\n\t\tdata-show-tooltips=\"yes\"\n\t\tdata-tooltips-text=\"Complete your domain purchase!\"\n\t\tdata-results-header-text=\"AI Generated Results\"\n\t\tstyle=\"--aitld-skin-color: #fff\"\n\t><form id=\"aitld_main_form\" method=\"POST\" data-nonce=\"bde9016903\" data-rest-location=\"https:\/\/digi.hosting\/de\/wp-json\/\" action=\"\"><input type=\"hidden\" id=\"generate_domain_nonce\" name=\"generate_domain_nonce\" value=\"7218045933\" \/><input type=\"hidden\" name=\"_wp_http_referer\" value=\"\/de\/wp-json\/wp\/v2\/pages\/15849\" \/><div id=\"aitld_main_form_inner\"><input id=\"aitld_main_content\" name=\"aitld_main_content\"  placeholder=\"Schreiben Sie eine kurze Beschreibung \u00fcber Ihr Projekt ...\" autocomplete=\"off\" required><div id=\"aitld_main_submit_holder\"><input type=\"submit\" value=\"Erzeugen Sie\" id=\"aitld_main_submit\"><\/div><\/div><input type=\"hidden\" name=\"trp-form-language\" value=\"de\"\/><\/form><div id=\"aitld_main_suggestions_wrapper\"><p>Probieren Sie einige Demo-Anweisungen aus, um Domains f\u00fcr verschiedene TLDs und Sprachen zu generieren<\/p><div id=\"aitld_main_suggestions\"><div data-replacement-text=\"Can you suggest a name for my Food Blog on the .com tld?\" class=\"aitld-main-suggestion\">Lebensmittel-Blog<\/div><div data-replacement-text=\"Help me name my Fitness Website on the .net tld.\" class=\"aitld-main-suggestion\">Fitness-Website<\/div><div data-replacement-text=\"I need a name for my Tech Review Site on the .io tld.\" class=\"aitld-main-suggestion\">Tech Review Site<\/div><div data-replacement-text=\"What\u2019s a good name for my Personal Portfolio on the .me tld?\" class=\"aitld-main-suggestion\">Pers\u00f6nliches Portfolio<\/div><div data-replacement-text=\"Por favor, sugiere un nombre para mi blog de moda en el dominio .es.\" class=\"aitld-main-suggestion\">Mode-Blog<\/div><div data-replacement-text=\"Ich brauche Hilfe bei der Suche nach einem Namen f\u00fcr meine Bildungsplattform auf der .de-Domain.\" class=\"aitld-main-suggestion\">P\u00e4dagogische Plattform<\/div><div data-replacement-text=\"Can you recommend a name for my E-commerce Store on the .shop tld?\" class=\"aitld-main-suggestion\">E-Commerce-Gesch\u00e4ft<\/div><div data-replacement-text=\"IPreciso de um nome para o meu site de fotografia no dom\u00ednio .br.\" class=\"aitld-main-suggestion\">Fotografie-Website<\/div><div data-replacement-text=\"Daj mi pomys\u0142 na nazw\u0119 strony dla mojego bloga muzycznego na domenie .pl.\" class=\"aitld-main-suggestion\">Musik-Blog<\/div><div data-replacement-text=\"Pouvez-vous sugg\u00e9rer un nom pour mon blog sant\u00e9 sur le domaine .fr?\" class=\"aitld-main-suggestion\">Gesundheits- und Wellness-Blog<\/div><\/div><\/div><\/div><\/div>\n\t\t\t\t\t\t<\/div>\n\t\t\t\t<\/div>\n\t\t\t\t<\/div>\n\t\t\t\t\t<\/div>\n\t\t\t\t<\/div>\n\t\t<div data-dce-background-color=\"#000000\" class=\"elementor-element elementor-element-9732a3d e-flex e-con-boxed e-con e-parent\" data-id=\"9732a3d\" data-element_type=\"container\" data-e-type=\"container\" data-settings=\"{&quot;background_background&quot;:&quot;classic&quot;}\">\n\t\t\t\t\t<div class=\"e-con-inner\">\n\t\t\t\t<div class=\"elementor-element elementor-element-9212d4d elementor-invisible elementor-widget elementor-widget-heading\" data-id=\"9212d4d\" data-element_type=\"widget\" data-e-type=\"widget\" data-settings=\"{&quot;_animation&quot;:&quot;zoomIn&quot;}\" data-widget_type=\"heading.default\">\n\t\t\t\t<div class=\"elementor-widget-container\">\n\t\t\t\t\t<h2 class=\"elementor-heading-title elementor-size-default\">IHR DOM\u00c4NENNAME IN 3 SCHRITTEN<\/h2>\t\t\t\t<\/div>\n\t\t\t\t<\/div>\n\t\t\t\t\t<\/div>\n\t\t\t\t<\/div>\n\t\t<div data-dce-background-color=\"#000000\" class=\"elementor-element elementor-element-10ff286 e-flex e-con-boxed e-con e-parent\" data-id=\"10ff286\" data-element_type=\"container\" data-e-type=\"container\" data-settings=\"{&quot;background_background&quot;:&quot;classic&quot;}\">\n\t\t\t\t\t<div class=\"e-con-inner\">\n\t\t<div class=\"elementor-element elementor-element-9877537 e-con-full e-flex e-con e-child\" data-id=\"9877537\" data-element_type=\"container\" data-e-type=\"container\">\n\t\t<div data-dce-background-color=\"#FFFFFF\" class=\"elementor-element elementor-element-c00b719 e-con-full e-flex e-con e-child\" data-id=\"c00b719\" data-element_type=\"container\" data-e-type=\"container\" data-settings=\"{&quot;background_background&quot;:&quot;classic&quot;}\">\n\t\t\t\t<div class=\"elementor-element elementor-element-0b9661c elementor-widget elementor-widget-heading\" data-id=\"0b9661c\" data-element_type=\"widget\" data-e-type=\"widget\" data-widget_type=\"heading.default\">\n\t\t\t\t<div class=\"elementor-widget-container\">\n\t\t\t\t\t<h3 class=\"elementor-heading-title elementor-size-default\"><span style=\"color: white;background: radial-gradient(circle, rgba(254,100,15,1) 0%, rgba(247,48,119,1) 100%);padding: 3px;border-radius: 10px\">1.<\/span> Suche<\/h3>\t\t\t\t<\/div>\n\t\t\t\t<\/div>\n\t\t\t\t<div class=\"elementor-element elementor-element-8197fe0 elementor-widget elementor-widget-heading\" data-id=\"8197fe0\" data-element_type=\"widget\" data-e-type=\"widget\" data-widget_type=\"heading.default\">\n\t\t\t\t<div class=\"elementor-widget-container\">\n\t\t\t\t\t<h3 class=\"elementor-heading-title elementor-size-default\">Geben Sie eine kurze Beschreibung in unseren AI-Domainnamen-Generator ein.<\/h3>\t\t\t\t<\/div>\n\t\t\t\t<\/div>\n\t\t\t\t<\/div>\n\t\t\t\t<\/div>\n\t\t<div class=\"elementor-element elementor-element-8dfae5d e-con-full e-flex e-con e-child\" data-id=\"8dfae5d\" data-element_type=\"container\" data-e-type=\"container\">\n\t\t<div data-dce-background-color=\"#FFFFFF\" class=\"elementor-element elementor-element-30ca4cd e-con-full e-flex e-con e-child\" data-id=\"30ca4cd\" data-element_type=\"container\" data-e-type=\"container\" data-settings=\"{&quot;background_background&quot;:&quot;classic&quot;}\">\n\t\t\t\t<div class=\"elementor-element elementor-element-a72ef1d elementor-widget elementor-widget-heading\" data-id=\"a72ef1d\" data-element_type=\"widget\" data-e-type=\"widget\" data-widget_type=\"heading.default\">\n\t\t\t\t<div class=\"elementor-widget-container\">\n\t\t\t\t\t<h3 class=\"elementor-heading-title elementor-size-default\"><span style=\"color: white;background: radial-gradient(circle, rgba(254,100,15,1) 0%, rgba(247,48,119,1) 100%);padding: 3px;border-radius: 10px\">2.<\/span> W\u00e4hlen Sie<\/h3>\t\t\t\t<\/div>\n\t\t\t\t<\/div>\n\t\t\t\t<div class=\"elementor-element elementor-element-d33cb2f elementor-widget elementor-widget-heading\" data-id=\"d33cb2f\" data-element_type=\"widget\" data-e-type=\"widget\" data-widget_type=\"heading.default\">\n\t\t\t\t<div class=\"elementor-widget-container\">\n\t\t\t\t\t<h3 class=\"elementor-heading-title elementor-size-default\">Sie erhalten sofort eine Reihe von interessanten Vorschl\u00e4gen. W\u00e4hlen Sie aus, was Ihnen am besten erscheint.<\/h3>\t\t\t\t<\/div>\n\t\t\t\t<\/div>\n\t\t\t\t<\/div>\n\t\t\t\t<\/div>\n\t\t<div class=\"elementor-element elementor-element-0fb367c e-con-full e-flex e-con e-child\" data-id=\"0fb367c\" data-element_type=\"container\" data-e-type=\"container\">\n\t\t<div data-dce-background-color=\"#FFFFFF\" class=\"elementor-element elementor-element-9435dd0 e-con-full e-flex e-con e-child\" data-id=\"9435dd0\" data-element_type=\"container\" data-e-type=\"container\" data-settings=\"{&quot;background_background&quot;:&quot;classic&quot;}\">\n\t\t\t\t<div class=\"elementor-element elementor-element-9006482 elementor-widget elementor-widget-heading\" data-id=\"9006482\" data-element_type=\"widget\" data-e-type=\"widget\" data-widget_type=\"heading.default\">\n\t\t\t\t<div class=\"elementor-widget-container\">\n\t\t\t\t\t<h3 class=\"elementor-heading-title elementor-size-default\"><span style=\"color: white;background: radial-gradient(circle, rgba(254,100,15,1) 0%, rgba(247,48,119,1) 100%);padding: 3px;border-radius: 10px\">3.<\/span> Bestellung<\/h3>\t\t\t\t<\/div>\n\t\t\t\t<\/div>\n\t\t\t\t<div class=\"elementor-element elementor-element-4510e53 elementor-widget elementor-widget-heading\" data-id=\"4510e53\" data-element_type=\"widget\" data-e-type=\"widget\" data-widget_type=\"heading.default\">\n\t\t\t\t<div class=\"elementor-widget-container\">\n\t\t\t\t\t<h3 class=\"elementor-heading-title elementor-size-default\">Klicken Sie auf die Schaltfl\u00e4che \"Registrieren\" und bestellen Sie Ihren Dom\u00e4nennamen.<\/h3>\t\t\t\t<\/div>\n\t\t\t\t<\/div>\n\t\t\t\t<\/div>\n\t\t\t\t<\/div>\n\t\t\t\t\t<\/div>\n\t\t\t\t<\/div>\n\t\t<div data-dce-background-color=\"#000000\" class=\"elementor-element elementor-element-28991e0 e-flex e-con-boxed e-con e-parent\" data-id=\"28991e0\" data-element_type=\"container\" data-e-type=\"container\" data-settings=\"{&quot;background_background&quot;:&quot;classic&quot;}\">\n\t\t\t\t\t<div class=\"e-con-inner\">\n\t\t<div class=\"elementor-element elementor-element-9e1f5a6 e-con-full e-flex e-con e-child\" data-id=\"9e1f5a6\" data-element_type=\"container\" data-e-type=\"container\">\n\t\t\t\t<div class=\"elementor-element elementor-element-7ab04e5 elementor-widget elementor-widget-image\" data-id=\"7ab04e5\" data-element_type=\"widget\" data-e-type=\"widget\" data-widget_type=\"image.default\">\n\t\t\t\t<div class=\"elementor-widget-container\">\n\t\t\t\t\t\t\t\t\t\t\t\t\t\t\t<img fetchpriority=\"high\" decoding=\"async\" width=\"800\" height=\"600\" src=\"https:\/\/digi.hosting\/wp-content\/uploads\/2025\/04\/original-568544560f6ca1076a16e3428302e329.gif\" class=\"attachment-full size-full wp-image-16020\" alt=\"\" \/>\t\t\t\t\t\t\t\t\t\t\t\t\t\t\t<\/div>\n\t\t\t\t<\/div>\n\t\t\t\t<\/div>\n\t\t<div class=\"elementor-element elementor-element-ab0bc49 e-con-full e-flex e-con e-child\" data-id=\"ab0bc49\" data-element_type=\"container\" data-e-type=\"container\">\n\t\t\t\t<div class=\"elementor-element elementor-element-7332458 elementor-widget elementor-widget-heading\" data-id=\"7332458\" data-element_type=\"widget\" data-e-type=\"widget\" data-widget_type=\"heading.default\">\n\t\t\t\t<div class=\"elementor-widget-container\">\n\t\t\t\t\t<h2 class=\"elementor-heading-title elementor-size-default\">WAS IST EIN <span style=\"color: white;background: radial-gradient(circle, rgba(254,100,15,1) 0%, rgba(247,48,119,1) 100%);padding: 3px;border-radius: 10px\">AI<\/span> Dom\u00e4nennamen-Generator?<\/h2>\t\t\t\t<\/div>\n\t\t\t\t<\/div>\n\t\t\t\t<div class=\"elementor-element elementor-element-a2aef07 elementor-widget elementor-widget-text-editor\" data-id=\"a2aef07\" data-element_type=\"widget\" data-e-type=\"widget\" data-widget_type=\"text-editor.default\">\n\t\t\t\t<div class=\"elementor-widget-container\">\n\t\t\t\t\t\t\t\t\t<p class=\"\" data-start=\"85\" data-end=\"442\">Ein KI-Domainnamen-Generator ist das perfekte Werkzeug, wenn Sie auf der Suche nach einem starken, verf\u00fcgbaren Domainnamen f\u00fcr Ihr neues Projekt oder Unternehmen sind. Mithilfe fortschrittlicher KI-Technologie erstellen Sie einzigartige Domainnamen, die perfekt zu Ihrer Markenidentit\u00e4t passen. Geben Sie einfach an, was Ihr Unternehmen tut, w\u00e4hlen Sie die gew\u00fcnschte Sprache, und spielen Sie mit Stil und Typ.<\/p><p class=\"\" data-start=\"444\" data-end=\"733\">Die KI analysiert Ihre Eingaben und generiert automatisch 10 kreative und relevante Domainnamenvorschl\u00e4ge. So finden Sie schnell einen Domainnamen, der nicht nur auff\u00e4llt, sondern auch verf\u00fcgbar ist. Dank des integrierten Domainnamen-Checkers wissen Sie sofort, ob Ihr Wunschname registriert werden kann.<\/p><p class=\"\" data-start=\"735\" data-end=\"794\">Starten Sie clever und schnell mit dem richtigen Domainnamen - dank KI.<\/p>\t\t\t\t\t\t\t\t<\/div>\n\t\t\t\t<\/div>\n\t\t\t\t<\/div>\n\t\t\t\t\t<\/div>\n\t\t\t\t<\/div>\n\t\t<div data-dce-background-color=\"#000000\" class=\"elementor-element elementor-element-219be038 e-flex e-con-boxed e-con e-parent\" data-id=\"219be038\" data-element_type=\"container\" data-e-type=\"container\" data-settings=\"{&quot;background_background&quot;:&quot;classic&quot;}\">\n\t\t\t\t\t<div class=\"e-con-inner\">\n\t\t<div class=\"elementor-element elementor-element-58426584 e-con-full e-flex e-con e-child\" data-id=\"58426584\" data-element_type=\"container\" data-e-type=\"container\">\n\t\t\t\t<div class=\"elementor-element elementor-element-5035acdc elementor-widget elementor-widget-heading\" data-id=\"5035acdc\" data-element_type=\"widget\" data-e-type=\"widget\" data-widget_type=\"heading.default\">\n\t\t\t\t<div class=\"elementor-widget-container\">\n\t\t\t\t\t<h2 class=\"elementor-heading-title elementor-size-default\">Nutzen Sie das Beste aus den <span style=\"color: white;background: radial-gradient(circle, rgba(254,100,15,1) 0%, rgba(247,48,119,1) 100%);padding: 3px;border-radius: 10px\">AI<\/span>  Dom\u00e4nennamen-Generator<\/h2>\t\t\t\t<\/div>\n\t\t\t\t<\/div>\n\t\t<div class=\"elementor-element elementor-element-2f4614d9 e-con-full e-flex e-con e-child\" data-id=\"2f4614d9\" data-element_type=\"container\" data-e-type=\"container\">\n\t\t<div class=\"elementor-element elementor-element-4806f96 e-con-full e-flex e-con e-child\" data-id=\"4806f96\" data-element_type=\"container\" data-e-type=\"container\">\n\t\t<div class=\"elementor-element elementor-element-174f3bb2 e-con-full e-flex e-con e-child\" data-id=\"174f3bb2\" data-element_type=\"container\" data-e-type=\"container\">\n\t\t<div class=\"elementor-element elementor-element-548f27aa e-con-full e-flex e-con e-child\" data-id=\"548f27aa\" data-element_type=\"container\" data-e-type=\"container\">\n\t\t\t\t<div data-dce-advanced-background-color=\"#FFFFFF\" class=\"elementor-element elementor-element-6c5bf38 elementor-position-left elementor-vertical-align-top elementor-widget elementor-widget-image-box\" data-id=\"6c5bf38\" data-element_type=\"widget\" data-e-type=\"widget\" data-widget_type=\"image-box.default\">\n\t\t\t\t<div class=\"elementor-widget-container\">\n\t\t\t\t\t<div class=\"elementor-image-box-wrapper\"><figure class=\"elementor-image-box-img\"><img decoding=\"async\" src=\"https:\/\/digi.hosting\/wp-content\/uploads\/2023\/06\/Hostiko-section-7-icon3-1-2.png\" title=\"Hostiko-Abschnitt-7-Symbol3-\" alt=\"Hostiko-Abschnitt-7-Symbol3-\" class=\"elementor-animation-float\" loading=\"lazy\" \/><\/figure><div class=\"elementor-image-box-content\"><h3 class=\"elementor-image-box-title\">Lassen Sie AI Ihren Domainnamen st\u00e4rken - beginnen Sie mit einem klaren Konzept<\/h3><p class=\"elementor-image-box-description\">Ein starker Domainname beginnt mit einer klaren Idee. Unser KI-Domainnamen-Generator kann nur dann starke und relevante Domainnamen vorschlagen, wenn Sie selbst eine gute Vorstellung davon haben, wof\u00fcr Ihr Unternehmen oder Projekt steht.\n\nNehmen Sie sich also die Zeit, \u00fcber Ihr Kerngesch\u00e4ft nachzudenken: Was bieten Sie an, woran glauben Sie, was wollen Sie projizieren und wie und wo wollen Sie t\u00e4tig werden? Machen Sie aus dieser Vision eine kurze, klare Beschreibung - so kann die KI gezielte und kreative Vorschl\u00e4ge f\u00fcr Domainnamen machen, die wirklich zu Ihnen passen.<\/p><\/div><\/div>\t\t\t\t<\/div>\n\t\t\t\t<\/div>\n\t\t\t\t<\/div>\n\t\t\t\t<\/div>\n\t\t<div class=\"elementor-element elementor-element-4465c830 e-con-full e-flex e-con e-child\" data-id=\"4465c830\" data-element_type=\"container\" data-e-type=\"container\">\n\t\t<div class=\"elementor-element elementor-element-7503ebf4 e-con-full e-flex e-con e-child\" data-id=\"7503ebf4\" data-element_type=\"container\" data-e-type=\"container\">\n\t\t\t\t<div data-dce-advanced-background-color=\"#FFFFFF\" class=\"elementor-element elementor-element-d5d04eb elementor-position-left elementor-vertical-align-top elementor-widget elementor-widget-image-box\" data-id=\"d5d04eb\" data-element_type=\"widget\" data-e-type=\"widget\" data-widget_type=\"image-box.default\">\n\t\t\t\t<div class=\"elementor-widget-container\">\n\t\t\t\t\t<div class=\"elementor-image-box-wrapper\"><figure class=\"elementor-image-box-img\"><img decoding=\"async\" src=\"https:\/\/digi.hosting\/wp-content\/uploads\/2023\/06\/Hostiko-section-7-icon2-1-2.png\" title=\"Hostiko-Abschnitt-7-Symbol2-\" alt=\"Hostiko-Abschnitt-7-Symbol2-\" class=\"elementor-animation-float\" loading=\"lazy\" \/><\/figure><div class=\"elementor-image-box-content\"><h3 class=\"elementor-image-box-title\">Machen Sie es pers\u00f6nlich - und Ihr Domainname wird einzigartig<\/h3><p class=\"elementor-image-box-description\">Auch wenn unser KI-Domainnamen-Generator die schwere Arbeit \u00fcbernimmt, bleiben Sie der Regisseur. Neben den Basisdaten k\u00f6nnen Sie zus\u00e4tzliche Eingaben machen, damit die KI noch originellere und kreativere Domainnamen generieren kann.\n\nErgreifen Sie die Gelegenheit und geben Sie Ihrer Beschreibung das gewisse Etwas. F\u00fcgen Sie Humor hinzu, spielen Sie mit der Sprache oder bringen Sie eine pers\u00f6nliche Note ein. Unser intelligenter Domainnamen-Generator erkennt diese Nuancen und setzt sie in \u00fcberraschende, originelle Domainnamenvorschl\u00e4ge um, die perfekt zu Ihrem Stil und Ihrer Botschaft passen.<\/p><\/div><\/div>\t\t\t\t<\/div>\n\t\t\t\t<\/div>\n\t\t\t\t<\/div>\n\t\t\t\t<\/div>\n\t\t<div class=\"elementor-element elementor-element-389ce1ee e-con-full e-flex e-con e-child\" data-id=\"389ce1ee\" data-element_type=\"container\" data-e-type=\"container\">\n\t\t<div class=\"elementor-element elementor-element-69f60111 e-con-full e-flex e-con e-child\" data-id=\"69f60111\" data-element_type=\"container\" data-e-type=\"container\">\n\t\t\t\t<div data-dce-advanced-background-color=\"#FFFFFF\" class=\"elementor-element elementor-element-7cc9e73b elementor-position-left elementor-vertical-align-top elementor-widget elementor-widget-image-box\" data-id=\"7cc9e73b\" data-element_type=\"widget\" data-e-type=\"widget\" data-widget_type=\"image-box.default\">\n\t\t\t\t<div class=\"elementor-widget-container\">\n\t\t\t\t\t<div class=\"elementor-image-box-wrapper\"><figure class=\"elementor-image-box-img\"><img decoding=\"async\" src=\"https:\/\/digi.hosting\/wp-content\/uploads\/2023\/06\/Hostiko-section-7-icon1-1-2.png\" title=\"Hostiko-Abschnitt-7-icon1-\" alt=\"Hostiko-Abschnitt-7-icon1-\" class=\"elementor-animation-float\" loading=\"lazy\" \/><\/figure><div class=\"elementor-image-box-content\"><h3 class=\"elementor-image-box-title\">Lassen Sie AI f\u00fcr Ihren idealen Domainnamen schwitzen<\/h3><p class=\"elementor-image-box-description\">Ein starker, einpr\u00e4gsamer Dom\u00e4nenname ist f\u00fcr die Zukunft Ihres Unternehmens von entscheidender Bedeutung. Geben Sie sich also nicht mit dem erstbesten Vorschlag zufrieden. Unser KI-Domainnamen-Generator ist daf\u00fcr gemacht, herausgefordert zu werden. Spielen Sie mit verschiedenen Stilen, probieren Sie einen gereimten Namen aus oder testen Sie eine englischsprachige Option f\u00fcr Ihren Webshop.\n\nEntscheiden Sie sich erst, wenn Sie 100% \u00fcberzeugt sind. Im Zweifel? Lassen Sie Ihren Lieblingsmenschen mitdenken! Und wenn Sie Ihren Wunschnamen gefunden haben, pr\u00fcft unser Domainnamen-Generator sofort, ob die entsprechende Domain noch frei ist.<\/p><\/div><\/div>\t\t\t\t<\/div>\n\t\t\t\t<\/div>\n\t\t\t\t<\/div>\n\t\t\t\t<\/div>\n\t\t\t\t<\/div>\n\t\t\t\t<\/div>\n\t\t<div class=\"elementor-element elementor-element-5162bca4 e-con-full elementor-hidden-desktop elementor-hidden-laptop elementor-hidden-tablet elementor-hidden-mobile e-flex e-con e-child\" data-id=\"5162bca4\" data-element_type=\"container\" data-e-type=\"container\">\n\t\t<div class=\"elementor-element elementor-element-14633a4d e-con-full e-flex e-con e-child\" data-id=\"14633a4d\" data-element_type=\"container\" data-e-type=\"container\">\n\t\t\t\t<div data-dce-background-color=\"#FFFFFF\" class=\"elementor-element elementor-element-203a74e9 elementor-tablet-align-center elementor-align-center elementor-widget elementor-widget-button\" data-id=\"203a74e9\" data-element_type=\"widget\" data-e-type=\"widget\" data-widget_type=\"button.default\">\n\t\t\t\t<div class=\"elementor-widget-container\">\n\t\t\t\t\t\t\t\t\t<div class=\"elementor-button-wrapper\">\n\t\t\t\t\t<a class=\"elementor-button elementor-button-link elementor-size-sm elementor-animation-float\" href=\"https:\/\/digi.hosting\/de\/starten\/\">\n\t\t\t\t\t\t<span class=\"elementor-button-content-wrapper\">\n\t\t\t\t\t\t\t\t\t<span class=\"elementor-button-text\">Finden Sie heraus, wie Sie loslegen k\u00f6nnen<\/span>\n\t\t\t\t\t<\/span>\n\t\t\t\t\t<\/a>\n\t\t\t\t<\/div>\n\t\t\t\t\t\t\t\t<\/div>\n\t\t\t\t<\/div>\n\t\t\t\t<\/div>\n\t\t<div class=\"elementor-element elementor-element-4dcb43d5 e-con-full e-flex e-con e-child\" data-id=\"4dcb43d5\" data-element_type=\"container\" data-e-type=\"container\">\n\t\t\t\t<div data-dce-background-color=\"#FFFFFF\" class=\"elementor-element elementor-element-b131b1f elementor-tablet-align-center elementor-align-center elementor-widget elementor-widget-button\" data-id=\"b131b1f\" data-element_type=\"widget\" data-e-type=\"widget\" data-widget_type=\"button.default\">\n\t\t\t\t<div class=\"elementor-widget-container\">\n\t\t\t\t\t\t\t\t\t<div class=\"elementor-button-wrapper\">\n\t\t\t\t\t<a class=\"elementor-button elementor-button-link elementor-size-sm elementor-animation-float\" href=\"https:\/\/digimaster.be\" target=\"_blank\" rel=\"noopener\">\n\t\t\t\t\t\t<span class=\"elementor-button-content-wrapper\">\n\t\t\t\t\t\t\t\t\t<span class=\"elementor-button-text\">Weitere Informationen finden Sie unter digimaster.de<\/span>\n\t\t\t\t\t<\/span>\n\t\t\t\t\t<\/a>\n\t\t\t\t<\/div>\n\t\t\t\t\t\t\t\t<\/div>\n\t\t\t\t<\/div>\n\t\t\t\t<\/div>\n\t\t\t\t<\/div>\n\t\t\t\t<\/div>\n\t\t\t\t\t<\/div>\n\t\t\t\t<\/div>\n\t\t\t\t<\/div>","protected":false},"excerpt":{"rendered":"<p>GRATIS TOOL AI DOMEINNAAM GENERATOR Genereer een domeinnaam met AI en registreer hem binnen enkele seconden. Hallo daar! Beschrijf hieronder jouw idee en laat AI zijn werk doen. JE DOMEINNAAM IN 3 STAPPEN 1. Zoeken Geef een korte beschrijving op in onze AI domeinnaam generator. 2. Selecteer Je krijgt meteen een aantal interessante voorstellen. Selecteer [&hellip;]<\/p>\n","protected":false},"author":1,"featured_media":0,"parent":0,"menu_order":0,"comment_status":"closed","ping_status":"closed","template":"","meta":{"_acf_changed":false,"footnotes":""},"class_list":["post-15849","page","type-page","status-publish","hentry"],"acf":[],"_links":{"self":[{"href":"https:\/\/digi.hosting\/de\/wp-json\/wp\/v2\/pages\/15849","targetHints":{"allow":["GET"]}}],"collection":[{"href":"https:\/\/digi.hosting\/de\/wp-json\/wp\/v2\/pages"}],"about":[{"href":"https:\/\/digi.hosting\/de\/wp-json\/wp\/v2\/types\/page"}],"author":[{"embeddable":true,"href":"https:\/\/digi.hosting\/de\/wp-json\/wp\/v2\/users\/1"}],"replies":[{"embeddable":true,"href":"https:\/\/digi.hosting\/de\/wp-json\/wp\/v2\/comments?post=15849"}],"version-history":[{"count":103,"href":"https:\/\/digi.hosting\/de\/wp-json\/wp\/v2\/pages\/15849\/revisions"}],"predecessor-version":[{"id":18873,"href":"https:\/\/digi.hosting\/de\/wp-json\/wp\/v2\/pages\/15849\/revisions\/18873"}],"wp:attachment":[{"href":"https:\/\/digi.hosting\/de\/wp-json\/wp\/v2\/media?parent=15849"}],"curies":[{"name":"wp","href":"https:\/\/api.w.org\/{rel}","templated":true}]}}