{"id":18277,"date":"2025-05-25T14:30:34","date_gmt":"2025-05-25T12:30:34","guid":{"rendered":"https:\/\/digi.hosting\/?page_id=18277"},"modified":"2026-03-14T15:31:50","modified_gmt":"2026-03-14T14:31:50","slug":"kundendatenpolitik","status":"publish","type":"page","link":"https:\/\/digi.hosting\/de\/juridisch\/klantengegevens-beleid\/","title":{"rendered":"Kundendatenpolitik"},"content":{"rendered":"<div data-elementor-type=\"wp-page\" data-elementor-id=\"18277\" class=\"elementor elementor-18277\" data-elementor-post-type=\"page\">\n\t\t\t\t<div data-dce-background-overlay-color=\"#000000\" class=\"elementor-element elementor-element-e345dc4 e-con-full e-flex e-con e-parent\" data-id=\"e345dc4\" data-element_type=\"container\" data-e-type=\"container\">\n\t\t<div class=\"elementor-element elementor-element-37c4f76 e-con-full e-flex e-con e-child\" data-id=\"37c4f76\" data-element_type=\"container\" data-e-type=\"container\">\n\t\t<div class=\"elementor-element elementor-element-b15cf37 e-con-full e-flex e-con e-child\" data-id=\"b15cf37\" data-element_type=\"container\" data-e-type=\"container\">\n\t\t\t\t<div class=\"elementor-element elementor-element-67695f7 elementor-widget elementor-widget-heading\" data-id=\"67695f7\" data-element_type=\"widget\" data-e-type=\"widget\" data-widget_type=\"heading.default\">\n\t\t\t\t<div class=\"elementor-widget-container\">\n\t\t\t\t\t<h2 class=\"elementor-heading-title elementor-size-default\">Kundendatenpolitik<\/h2>\t\t\t\t<\/div>\n\t\t\t\t<\/div>\n\t\t\t\t<\/div>\n\t\t\t\t<\/div>\n\t\t\t\t<\/div>\n\t\t<div data-dce-background-color=\"#FFFFFF\" class=\"elementor-element elementor-element-2beabb86 e-flex e-con-boxed e-con e-parent\" data-id=\"2beabb86\" data-element_type=\"container\" data-e-type=\"container\" data-settings=\"{&quot;background_background&quot;:&quot;classic&quot;}\">\n\t\t\t\t\t<div class=\"e-con-inner\">\n\t\t\t\t<div class=\"elementor-element elementor-element-583499c3 elementor-widget elementor-widget-text-editor\" data-id=\"583499c3\" data-element_type=\"widget\" data-e-type=\"widget\" data-widget_type=\"text-editor.default\">\n\t\t\t\t<div class=\"elementor-widget-container\">\n\t\t\t\t\t\t\t\t\t<p data-path-to-node=\"4\">Unter <b data-path-to-node=\"4\" data-index-in-node=\"4\">Unternehmen Digi<\/b>, handelnd als <b data-path-to-node=\"4\" data-index-in-node=\"32\">Digi Hosting<\/b>legen wir gro\u00dfen Wert auf den Schutz und die Integrit\u00e4t der Kundendaten. In dieser Richtlinie sind die Verantwortlichkeiten f\u00fcr die Datenverwaltung und -sicherheit festgelegt. Informationen zu Ihren eigenen pers\u00f6nlichen Daten (Rechnungsstellung usw.) finden Sie in unserer <b data-path-to-node=\"4\" data-index-in-node=\"305\">Datenschutzbestimmungen<\/b>.<\/p>\n<h3 data-path-to-node=\"5\">Artikel 1: Definition und Eigentum von Kundendaten<\/h3>\n<p data-path-to-node=\"6\"><b data-path-to-node=\"6\" data-index-in-node=\"0\">1.1 Definition:<\/b> Kundendaten sind alle vom Kunden auf dem zugewiesenen Webspace eingestellten, ver\u00f6ffentlichten oder erzeugten Daten. Dazu geh\u00f6ren E-Mails, Webseiten, Bilder, Dateien und Datenbankinhalte.<\/p><p data-path-to-node=\"6\"><b data-path-to-node=\"6\" data-index-in-node=\"216\">1.2 Eigentumsverh\u00e4ltnisse:<\/b> Der Kunde beh\u00e4lt zu jeder Zeit das volle geistige Eigentumsrecht an allen Kundendaten. Digi Hosting erhebt keinen Anspruch auf Eigentum an den vom Kunden eingestellten Inhalten. Von Digi Hosting zur Verf\u00fcgung gestellte Vorlagen und Skripte bleiben Eigentum von Digi Hosting oder seinen Lizenzgebern (in \u00dcbereinstimmung mit <b data-path-to-node=\"6\" data-index-in-node=\"538\">Artikel 14 der Allgemeinen Bedingungen<\/b>).<\/p><p data-path-to-node=\"6\"><b data-path-to-node=\"6\" data-index-in-node=\"579\">1.3 Rechtliche Verantwortung:<\/b> Der Kunde tr\u00e4gt die alleinige rechtliche Verantwortung f\u00fcr alle Inhalte, die \u00fcber sein Konto gehostet werden.<\/p>\n<h3 data-path-to-node=\"7\">Artikel 2: Datenverwaltung und die Rolle von AVG<\/h3>\n<p data-path-to-node=\"8\"><b data-path-to-node=\"8\" data-index-in-node=\"0\">2.1 AVG-Rollen:<\/b> Verarbeitet der Kunde personenbezogene Daten Dritter (z.B. Website-Besucher), so handelt der Kunde als <b data-path-to-node=\"8\" data-index-in-node=\"121\">Controller<\/b> und Digi Hosting als <b data-path-to-node=\"8\" data-index-in-node=\"170\">Prozessor<\/b>.<\/p><p data-path-to-node=\"8\"><b data-path-to-node=\"8\" data-index-in-node=\"181\">2.2 Verarbeitungsvertrag (VWO):<\/b> Unsere VWO gilt f\u00fcr alle gewerblichen Kunden. Bitte beachten Sie: F\u00fcr den ausschliesslich pers\u00f6nlichen oder h\u00e4uslichen Gebrauch (Art. 2 Abs. 2 lit. c AVG) gilt das AVG nicht und eine VWO ist nicht notwendig.<\/p><p data-path-to-node=\"8\"><b data-path-to-node=\"8\" data-index-in-node=\"417\">2.3 Pflicht zur Rechtzeitigkeit:<\/b> Der Kunde ist daf\u00fcr verantwortlich, seine Kontaktdaten in der Kundenumgebung korrekt zu halten, um die Kontinuit\u00e4t des Dienstes zu gew\u00e4hrleisten.<\/p>\n<h3 data-path-to-node=\"9\">Artikel 3: \u00dcberwachung, Einhaltung und Eingreifen<\/h3>\n<p data-path-to-node=\"10\"><b data-path-to-node=\"10\" data-index-in-node=\"0\">3.1 Passive Kontrolle:<\/b> Digi Hosting pr\u00fcft die von den Kunden eingestellten Inhalte nicht aktiv oder vorab und f\u00fchrt keine rechtliche Pr\u00fcfung durch.<\/p><p data-path-to-node=\"10\"><b data-path-to-node=\"10\" data-index-in-node=\"162\">3.2 Interventionsklausel:<\/b> Digi Hosting greift nur in den folgenden F\u00e4llen ein und ergreift Ma\u00dfnahmen (wie Aussetzung oder L\u00f6schung):<\/p>\n<ul data-path-to-node=\"11\">\n<li>\n<p data-path-to-node=\"11,0,0\"><b data-path-to-node=\"11,0,0\" data-index-in-node=\"0\">Offensichtlich rechtswidrige Inhalte:<\/b> Bei Entdeckung krimineller Inhalte (wie Phishing, Malware oder Kinderpornografie). In diesen F\u00e4llen werden die zust\u00e4ndigen Beh\u00f6rden sofort informiert.<\/p>\n<\/li>\n<li>\n<p data-path-to-node=\"11,1,0\"><b data-path-to-node=\"11,1,0\" data-index-in-node=\"0\">Rechtsverbindliche Bestellung:<\/b> Durch einen g\u00fcltigen Beschluss einer zust\u00e4ndigen Justizbeh\u00f6rde innerhalb der EU.<\/p>\n<\/li>\n<li>\n<p data-path-to-node=\"11,2,0\"><b data-path-to-node=\"11,2,0\" data-index-in-node=\"0\">Versto\u00df gegen die AUP:<\/b> Bei Versto\u00df gegen die <b data-path-to-node=\"11,2,0\" data-index-in-node=\"34\">Politik der verantwortungsvollen Nutzung<\/b>wie beschrieben in <b data-path-to-node=\"11,2,0\" data-index-in-node=\"87\">Artikel 6 der Allgemeinen Bedingungen<\/b>.<\/p>\n<\/li>\n<\/ul>\n<h3 data-path-to-node=\"12\">Artikel 4: Sicherheits- und Sicherungspolitik<\/h3>\n<p data-path-to-node=\"13\"><b data-path-to-node=\"13\" data-index-in-node=\"0\">4.1 Sicherheit von Rechenzentren:<\/b> Digi Hosting garantiert, dass die Infrastruktur hohen Sicherheitsstandards entspricht, einschlie\u00dflich der physischen Zugangskontrolle und der Netzsicherheit.<\/p><p data-path-to-node=\"13\"><b data-path-to-node=\"13\" data-index-in-node=\"167\">4.2 System-Backups (Disaster Recovery):<\/b> Systemeigene Daten werden in regelm\u00e4\u00dfigen Abst\u00e4nden an einem externen Ort gesichert. Diese Sicherungen dienen ausschlie\u00dflich der Wiederherstellung im Falle eines fatalen Infrastrukturausfalls (<i data-path-to-node=\"13\" data-index-in-node=\"366\">Wiederherstellung im Katastrophenfall<\/i>).<\/p><p data-path-to-node=\"13\"><b data-path-to-node=\"13\" data-index-in-node=\"386\">4.3 Verantwortung des Kunden (wesentlich):<\/b> Der Kunde erkennt an, dass die Systemsicherungen (4.2) <b data-path-to-node=\"13\" data-index-in-node=\"475\">nicht<\/b> als prim\u00e4re Sicherungseinrichtung f\u00fcr die individuelle Datenwiederherstellung dienen. In \u00dcbereinstimmung mit <b data-path-to-node=\"13\" data-index-in-node=\"557\">Artikel 12.1 und 12.2 der Allgemeinen Bedingungen<\/b> der Kunde ist f\u00fcr die Verwaltung seiner eigenen Backups verantwortlich. Digi Hosting haftet nicht f\u00fcr Datenverluste, die durch fehlerhafte Software von Dritten (z.B. <b data-path-to-node=\"13\" data-index-in-node=\"768\">JetBackup<\/b>), sofern nicht ausdr\u00fccklich andere SLA-Vereinbarungen getroffen wurden.<\/p><p data-path-to-node=\"13\"><b data-path-to-node=\"13\" data-index-in-node=\"827\">4.4 Zugangssicherheit:<\/b> Der Kunde ist f\u00fcr die strikte Vertraulichkeit der Anmeldedaten und die ordnungsgem\u00e4\u00dfe Sperrung der Sitzung verantwortlich, um einen unbefugten Zugriff zu verhindern.<\/p>\t\t\t\t\t\t\t\t<\/div>\n\t\t\t\t<\/div>\n\t\t\t\t<div class=\"elementor-element elementor-element-6930f59 elementor-widget elementor-widget-text-editor\" data-id=\"6930f59\" data-element_type=\"widget\" data-e-type=\"widget\" data-widget_type=\"text-editor.default\">\n\t\t\t\t<div class=\"elementor-widget-container\">\n\t\t\t\t\t\t\t\t\t<p><!-- \/wp:paragraph --><!-- wp:paragraph --><\/p>\n<p><!-- \/wp:paragraph --><!-- wp:paragraph --><\/p>\n<p>Druckfehler in diesen Bedingungen sind vorbehalten.<\/p>\n<p><!-- \/wp:paragraph --><!-- wp:paragraph --><\/p>\n<p><!-- \/wp:paragraph --><!-- wp:paragraph --><\/p>\n<p><!-- \/wp:paragraph --><!-- wp:paragraph --><\/p>\n<p><!-- \/wp:paragraph --><!-- wp:paragraph --><\/p>\n<p><!-- \/wp:paragraph --><!-- wp:paragraph --><\/p>\n<p><!-- \/wp:paragraph --><!-- wp:paragraph --><\/p>\n<p><!-- \/wp:paragraph --><!-- wp:paragraph --><\/p>\n<p><!-- \/wp:paragraph --><!-- wp:paragraph --><\/p>\n<p><!-- \/wp:paragraph --><!-- wp:list {\"ordered\":true} --><\/p>\n<p><!-- \/wp:list --><\/p>\t\t\t\t\t\t\t\t<\/div>\n\t\t\t\t<\/div>\n\t\t\t\t<div class=\"elementor-element elementor-element-9a219d8 elementor-widget elementor-widget-heading\" data-id=\"9a219d8\" data-element_type=\"widget\" data-e-type=\"widget\" data-widget_type=\"heading.default\">\n\t\t\t\t<div class=\"elementor-widget-container\">\n\t\t\t\t\t<h2 class=\"elementor-heading-title elementor-size-default\">Letzte \u00c4nderung: 8. M\u00e4rz 2025<\/h2>\t\t\t\t<\/div>\n\t\t\t\t<\/div>\n\t\t\t\t\t<\/div>\n\t\t\t\t<\/div>\n\t\t\t\t<\/div>","protected":false},"excerpt":{"rendered":"<p>Beleid inzake Klantgegevens Bij Digi Company, handelend als Digi Hosting, hechten wij grote waarde aan de bescherming en integriteit van klantdata. Dit beleid omschrijft de verantwoordelijkheden met betrekking tot gegevensbeheer en veiligheid. Voor informatie over uw eigen persoonsgegevens (facturatie, etc.) verwijzen wij naar ons Privacybeleid. Artikel 1: Definitie en Eigendom van Klantgegevens 1.1 Definitie: Onder [&hellip;]<\/p>\n","protected":false},"author":1,"featured_media":0,"parent":18254,"menu_order":0,"comment_status":"closed","ping_status":"closed","template":"elementor_header_footer","meta":{"_acf_changed":false,"footnotes":""},"class_list":["post-18277","page","type-page","status-publish","hentry"],"acf":[],"_links":{"self":[{"href":"https:\/\/digi.hosting\/de\/wp-json\/wp\/v2\/pages\/18277","targetHints":{"allow":["GET"]}}],"collection":[{"href":"https:\/\/digi.hosting\/de\/wp-json\/wp\/v2\/pages"}],"about":[{"href":"https:\/\/digi.hosting\/de\/wp-json\/wp\/v2\/types\/page"}],"author":[{"embeddable":true,"href":"https:\/\/digi.hosting\/de\/wp-json\/wp\/v2\/users\/1"}],"replies":[{"embeddable":true,"href":"https:\/\/digi.hosting\/de\/wp-json\/wp\/v2\/comments?post=18277"}],"version-history":[{"count":16,"href":"https:\/\/digi.hosting\/de\/wp-json\/wp\/v2\/pages\/18277\/revisions"}],"predecessor-version":[{"id":22601,"href":"https:\/\/digi.hosting\/de\/wp-json\/wp\/v2\/pages\/18277\/revisions\/22601"}],"up":[{"embeddable":true,"href":"https:\/\/digi.hosting\/de\/wp-json\/wp\/v2\/pages\/18254"}],"wp:attachment":[{"href":"https:\/\/digi.hosting\/de\/wp-json\/wp\/v2\/media?parent=18277"}],"curies":[{"name":"wp","href":"https:\/\/api.w.org\/{rel}","templated":true}]}}