{"id":18301,"date":"2025-05-25T17:29:47","date_gmt":"2025-05-25T15:29:47","guid":{"rendered":"https:\/\/digi.hosting\/?page_id=18301"},"modified":"2026-03-14T15:36:04","modified_gmt":"2026-03-14T14:36:04","slug":"domain-politik","status":"publish","type":"page","link":"https:\/\/digi.hosting\/de\/juridisch\/domeinverloop-beleid\/","title":{"rendered":"Fortschrittspolitik im Bereich"},"content":{"rendered":"<div data-elementor-type=\"wp-page\" data-elementor-id=\"18301\" class=\"elementor elementor-18301\" data-elementor-post-type=\"page\">\n\t\t\t\t<div data-dce-background-overlay-color=\"#000000\" class=\"elementor-element elementor-element-e345dc4 e-con-full e-flex e-con e-parent\" data-id=\"e345dc4\" data-element_type=\"container\" data-e-type=\"container\">\n\t\t<div class=\"elementor-element elementor-element-37c4f76 e-con-full e-flex e-con e-child\" data-id=\"37c4f76\" data-element_type=\"container\" data-e-type=\"container\">\n\t\t<div class=\"elementor-element elementor-element-b15cf37 e-con-full e-flex e-con e-child\" data-id=\"b15cf37\" data-element_type=\"container\" data-e-type=\"container\">\n\t\t\t\t<div class=\"elementor-element elementor-element-67695f7 elementor-widget elementor-widget-heading\" data-id=\"67695f7\" data-element_type=\"widget\" data-e-type=\"widget\" data-widget_type=\"heading.default\">\n\t\t\t\t<div class=\"elementor-widget-container\">\n\t\t\t\t\t<h2 class=\"elementor-heading-title elementor-size-default\">Fortschrittspolitik im Bereich<\/h2>\t\t\t\t<\/div>\n\t\t\t\t<\/div>\n\t\t\t\t<\/div>\n\t\t\t\t<\/div>\n\t\t\t\t<\/div>\n\t\t<div data-dce-background-color=\"#FFFFFF\" class=\"elementor-element elementor-element-2beabb86 e-flex e-con-boxed e-con e-parent\" data-id=\"2beabb86\" data-element_type=\"container\" data-e-type=\"container\" data-settings=\"{&quot;background_background&quot;:&quot;classic&quot;}\">\n\t\t\t\t\t<div class=\"e-con-inner\">\n\t\t\t\t<div class=\"elementor-element elementor-element-583499c3 elementor-widget elementor-widget-text-editor\" data-id=\"583499c3\" data-element_type=\"widget\" data-e-type=\"widget\" data-widget_type=\"text-editor.default\">\n\t\t\t\t<div class=\"elementor-widget-container\">\n\t\t\t\t\t\t\t\t\t<p data-path-to-node=\"4\">Diese Richtlinie legt die Verfahren und Zust\u00e4ndigkeiten in Bezug auf das Auslaufen und die Wiederherstellung von Dom\u00e4nennamenregistrierungen fest. Sie erg\u00e4nzt <b data-path-to-node=\"4\" data-index-in-node=\"164\">Artikel 11 der Allgemeinen Bedingungen<\/b>.<\/p>\n<h3 data-path-to-node=\"5\">Artikel 1: Verantwortung und Erneuerung<\/h3>\n<p data-path-to-node=\"6\"><b data-path-to-node=\"6\" data-index-in-node=\"0\">1.1 Aktive Sorgfaltspflicht:<\/b> Digi Hosting erneuert die Registrierung von Domainnamen <b data-path-to-node=\"6\" data-index-in-node=\"80\">nicht automatisch<\/b>Es sei denn, der Kunde konfiguriert dies ausdr\u00fccklich \u00fcber das Kontrollpanel. Der Kunde tr\u00e4gt die alleinige Verantwortung f\u00fcr die rechtzeitige Erneuerung und die Richtigkeit der Kontaktdaten des Domaininhabers. <b data-path-to-node=\"6\" data-index-in-node=\"322\">1.2 Zahlung als Anweisung:<\/b> Eine Dom\u00e4nennamenregistrierung wird technisch erst nach vollst\u00e4ndiger Bezahlung der Verl\u00e4ngerungsrechnung durchgef\u00fchrt.<\/p>\n<h3 data-path-to-node=\"7\">Artikel 2: Erinnerungsverfahren (Bekanntmachungen vor Ablauf der Geltungsdauer)<\/h3>\n<p data-path-to-node=\"8\">Um ein versehentliches Erl\u00f6schen zu verhindern, wendet Digi Hosting einen strengen Erinnerungszyklus an. Es werden f\u00fcnf (5) E-Mail-Nachrichten an die uns bekannte E-Mail-Adresse gesendet:<\/p>\n<ul data-path-to-node=\"9\">\n<li>\n<p data-path-to-node=\"9,0,0\"><b data-path-to-node=\"9,0,0\" data-index-in-node=\"0\">27, 14, 7, 3 und 1 Tag(e)<\/b> vor dem Verfallsdatum.<\/p>\n<\/li>\n<\/ul>\n<p data-path-to-node=\"10\">Jede Benachrichtigung enth\u00e4lt das F\u00e4lligkeitsdatum und eine Proforma-Rechnung. Wenn die Zahlung nicht vor dem F\u00e4lligkeitsdatum von Digi Hosting bearbeitet wurde, verf\u00e4llt die Rechnung automatisch und der Domainname wird nicht verl\u00e4ngert. Digi Hosting haftet nicht f\u00fcr den Nichterhalt dieser Benachrichtigungen aufgrund von Faktoren, die au\u00dferhalb seiner Kontrolle liegen (z. B. Spam-Filter oder veraltete E-Mail-Adressen).<\/p>\n<h3 data-path-to-node=\"11\">Artikel 3: Status nach Ablauf der Geltungsdauer<\/h3>\n<p data-path-to-node=\"12\">\u00dcberschreitet ein Dom\u00e4nenname das Ablaufdatum ohne erfolgreiche Erneuerung, treten folgende Modalit\u00e4ten in Kraft: <b data-path-to-node=\"12\" data-index-in-node=\"121\">3.1 Mitteilung \u00fcber den letzten F\u00e4lligkeitstermin:<\/b> Innerhalb von f\u00fcnf (5) Tagen nach Ablauf der Domain sendet Digi Hosting eine obligatorische Benachrichtigung, dass die Domain abgelaufen ist (in \u00dcbereinstimmung mit den ICANN-Regeln f\u00fcr gTLDs). <b data-path-to-node=\"12\" data-index-in-node=\"295\">3.2 Deaktivierung:<\/b> Der Dom\u00e4nenname wird sofort aus der DNS-Zone entfernt, wodurch die damit verbundenen Websites und E-Mail-Dienste nicht mehr verf\u00fcgbar sind.<\/p>\n<h3 data-path-to-node=\"13\">Artikel 4: tilgungsfreie Zeit (RGP)<\/h3>\n<p data-path-to-node=\"14\">Nach Ablauf des Dom\u00e4nennamens wird f\u00fcr die meisten Erweiterungen (wie .com, .net, .org, .uk) eine <b data-path-to-node=\"14\" data-index-in-node=\"99\">Erholungsphase (RGP)<\/b> in der Regel <b data-path-to-node=\"14\" data-index-in-node=\"137\">30 Tage<\/b>. <b data-path-to-node=\"14\" data-index-in-node=\"147\">4.1 Beschr\u00e4nkungen:<\/b> W\u00e4hrend des RGP kann der Dom\u00e4nenname nicht zu einer anderen Registrierstelle \u00fcbertragen werden. <b data-path-to-node=\"14\" data-index-in-node=\"245\">4.2 Einziehungskosten:<\/b> Um eine Dom\u00e4ne in diesem Stadium wiederherzustellen, m\u00fcssen erhebliche <b data-path-to-node=\"14\" data-index-in-node=\"332\">Verwaltungs- und Reparaturkosten<\/b> die zus\u00e4tzlich zum regul\u00e4ren Verl\u00e4ngerungspreis erhoben werden. Diese Geb\u00fchren sind an die Registrierungsstelle zu zahlen und werden dem Kunden in voller H\u00f6he in Rechnung gestellt. Bitte wenden Sie sich an support@digi.hosting, um die aktuellen Geb\u00fchren pro Verl\u00e4ngerung zu erfahren. <b data-path-to-node=\"14\" data-index-in-node=\"598\">4.3 Keine Garantie:<\/b> Digi Hosting kann die erfolgreiche Wiederherstellung eines Domainnamens in der RGP-Phase nicht garantieren; dies h\u00e4ngt von der Zusammenarbeit mit der Dachregistrierungsstelle ab.<\/p>\n<h3 data-path-to-node=\"15\">Artikel 5: Besondere Bedingungen des Registers<\/h3>\n<p data-path-to-node=\"16\"><b data-path-to-node=\"16\" data-index-in-node=\"0\">5.1 Divergierende Begriffe:<\/b> Der Kunde erkennt an, dass bestimmte ccTLDs (wie <b data-path-to-node=\"16\" data-index-in-node=\"72\">.be<\/b> und <b data-path-to-node=\"16\" data-index-in-node=\"79\">.co.uk<\/b>) wenden unterschiedliche Verfallsverfahren und Quarant\u00e4nezeiten an. Die Vorschriften des DNS Belgien bzw. des SIDN sind in diesen F\u00e4llen uneingeschr\u00e4nkt anwendbar. <b data-path-to-node=\"16\" data-index-in-node=\"250\">5.2 Sprache:<\/b> Alle Mitteilungen \u00fcber das Erl\u00f6schen von Dom\u00e4nen m\u00fcssen in der Sprache des urspr\u00fcnglichen Vertrags oder in Englisch erfolgen, je nach den Bestimmungen des jeweiligen Registers.<\/p>\t\t\t\t\t\t\t\t<\/div>\n\t\t\t\t<\/div>\n\t\t\t\t<div class=\"elementor-element elementor-element-6930f59 elementor-widget elementor-widget-text-editor\" data-id=\"6930f59\" data-element_type=\"widget\" data-e-type=\"widget\" data-widget_type=\"text-editor.default\">\n\t\t\t\t<div class=\"elementor-widget-container\">\n\t\t\t\t\t\t\t\t\t<p><!-- \/wp:paragraph --><!-- wp:paragraph --><\/p>\n<p><!-- \/wp:paragraph --><!-- wp:paragraph --><\/p>\n<p>Druckfehler in diesen Bedingungen sind vorbehalten.<\/p>\n<p><!-- \/wp:paragraph --><!-- wp:paragraph --><\/p>\n<p><!-- \/wp:paragraph --><!-- wp:paragraph --><\/p>\n<p><!-- \/wp:paragraph --><!-- wp:paragraph --><\/p>\n<p><!-- \/wp:paragraph --><!-- wp:paragraph --><\/p>\n<p><!-- \/wp:paragraph --><!-- wp:paragraph --><\/p>\n<p><!-- \/wp:paragraph --><!-- wp:paragraph --><\/p>\n<p><!-- \/wp:paragraph --><!-- wp:paragraph --><\/p>\n<p><!-- \/wp:paragraph --><!-- wp:paragraph --><\/p>\n<p><!-- \/wp:paragraph --><!-- wp:list {\"ordered\":true} --><\/p>\n<p><!-- \/wp:list --><\/p>\t\t\t\t\t\t\t\t<\/div>\n\t\t\t\t<\/div>\n\t\t\t\t<div class=\"elementor-element elementor-element-9a219d8 elementor-widget elementor-widget-heading\" data-id=\"9a219d8\" data-element_type=\"widget\" data-e-type=\"widget\" data-widget_type=\"heading.default\">\n\t\t\t\t<div class=\"elementor-widget-container\">\n\t\t\t\t\t<h2 class=\"elementor-heading-title elementor-size-default\">Letzte \u00c4nderung: 8. M\u00e4rz 2025<\/h2>\t\t\t\t<\/div>\n\t\t\t\t<\/div>\n\t\t\t\t\t<\/div>\n\t\t\t\t<\/div>\n\t\t\t\t<\/div>","protected":false},"excerpt":{"rendered":"<p>Domeinverloop beleid Dit beleid omschrijft de procedures en verantwoordelijkheden met betrekking tot het vervallen en herstellen van domeinnaamregistraties. Het vormt een aanvulling op Artikel 11 van de Algemene Voorwaarden. Artikel 1: Verantwoordelijkheid en Verlenging 1.1 Actieve Zorgplicht: Digi Hosting verlengt de registratie van een domeinnaam niet automatisch, tenzij de Klant dit expliciet heeft geconfigureerd via [&hellip;]<\/p>\n","protected":false},"author":1,"featured_media":0,"parent":18254,"menu_order":0,"comment_status":"closed","ping_status":"closed","template":"","meta":{"_acf_changed":false,"footnotes":""},"class_list":["post-18301","page","type-page","status-publish","hentry"],"acf":[],"_links":{"self":[{"href":"https:\/\/digi.hosting\/de\/wp-json\/wp\/v2\/pages\/18301","targetHints":{"allow":["GET"]}}],"collection":[{"href":"https:\/\/digi.hosting\/de\/wp-json\/wp\/v2\/pages"}],"about":[{"href":"https:\/\/digi.hosting\/de\/wp-json\/wp\/v2\/types\/page"}],"author":[{"embeddable":true,"href":"https:\/\/digi.hosting\/de\/wp-json\/wp\/v2\/users\/1"}],"replies":[{"embeddable":true,"href":"https:\/\/digi.hosting\/de\/wp-json\/wp\/v2\/comments?post=18301"}],"version-history":[{"count":22,"href":"https:\/\/digi.hosting\/de\/wp-json\/wp\/v2\/pages\/18301\/revisions"}],"predecessor-version":[{"id":22607,"href":"https:\/\/digi.hosting\/de\/wp-json\/wp\/v2\/pages\/18301\/revisions\/22607"}],"up":[{"embeddable":true,"href":"https:\/\/digi.hosting\/de\/wp-json\/wp\/v2\/pages\/18254"}],"wp:attachment":[{"href":"https:\/\/digi.hosting\/de\/wp-json\/wp\/v2\/media?parent=18301"}],"curies":[{"name":"wp","href":"https:\/\/api.w.org\/{rel}","templated":true}]}}