{"id":7184,"date":"2023-11-25T21:19:36","date_gmt":"2023-11-25T20:19:36","guid":{"rendered":"https:\/\/digi.hosting\/?page_id=7184"},"modified":"2026-03-14T15:29:13","modified_gmt":"2026-03-14T14:29:13","slug":"verantwortungsvolle-nutzung","status":"publish","type":"page","link":"https:\/\/digi.hosting\/de\/juridisch\/verantwoord-gebruik\/","title":{"rendered":"Verantwortungsvolle Nutzung"},"content":{"rendered":"<div data-elementor-type=\"wp-page\" data-elementor-id=\"7184\" class=\"elementor elementor-7184\" data-elementor-post-type=\"page\">\n\t\t\t\t<div data-dce-background-overlay-color=\"#000000\" class=\"elementor-element elementor-element-bcc5e20 e-con-full e-flex e-con e-parent\" data-id=\"bcc5e20\" data-element_type=\"container\" data-e-type=\"container\">\n\t\t<div class=\"elementor-element elementor-element-60efe48 e-con-full e-flex e-con e-child\" data-id=\"60efe48\" data-element_type=\"container\" data-e-type=\"container\">\n\t\t<div class=\"elementor-element elementor-element-aae9f6a e-con-full e-flex e-con e-child\" data-id=\"aae9f6a\" data-element_type=\"container\" data-e-type=\"container\">\n\t\t\t\t<div class=\"elementor-element elementor-element-5ba7528 elementor-widget elementor-widget-heading\" data-id=\"5ba7528\" data-element_type=\"widget\" data-e-type=\"widget\" data-widget_type=\"heading.default\">\n\t\t\t\t<div class=\"elementor-widget-container\">\n\t\t\t\t\t<h2 class=\"elementor-heading-title elementor-size-default\">Verantwortungsvolle Nutzung<\/h2>\t\t\t\t<\/div>\n\t\t\t\t<\/div>\n\t\t\t\t<\/div>\n\t\t\t\t<\/div>\n\t\t\t\t<\/div>\n\t\t<div data-dce-background-color=\"#FFFFFF\" class=\"elementor-element elementor-element-bc7dec1 e-flex e-con-boxed e-con e-parent\" data-id=\"bc7dec1\" data-element_type=\"container\" data-e-type=\"container\" data-settings=\"{&quot;background_background&quot;:&quot;classic&quot;}\">\n\t\t\t\t\t<div class=\"e-con-inner\">\n\t\t\t\t<div class=\"elementor-element elementor-element-1e1cbaa elementor-widget elementor-widget-text-editor\" data-id=\"1e1cbaa\" data-element_type=\"widget\" data-e-type=\"widget\" data-widget_type=\"text-editor.default\">\n\t\t\t\t<div class=\"elementor-widget-container\">\n\t\t\t\t\t\t\t\t\t<h3 data-path-to-node=\"3\">Artikel 1: Begriffsbestimmungen<\/h3>\n<p data-path-to-node=\"4\"><b data-path-to-node=\"4\" data-index-in-node=\"0\">1.1 Datenverkehr:<\/b> Alle Daten, die \u00fcber das Internet \u00fcber das Hosting-Paket gesendet und empfangen werden. Dazu geh\u00f6ren Uploads, Downloads und alle eingehenden und ausgehenden Verbindungen (einschlie\u00dflich E-Mail und Datenbankabfragen). <b data-path-to-node=\"4\" data-index-in-node=\"214\">1.2 Stauraum:<\/b> Die Gesamtmenge an Daten, die der Kunde auf der zugewiesenen Hosting-Infrastruktur speichern kann.<\/p>\n<hr data-path-to-node=\"5\" \/>\n<h3 data-path-to-node=\"6\">Artikel 2: Datenverkehr und faire Nutzung<\/h3>\n<p data-path-to-node=\"7\">Alle kostenpflichtigen Hosting-Pakete von Digi Hosting beinhalten eine gro\u00dfz\u00fcgige Menge an Datenverkehr pro Monat. Obwohl einige Pakete als \"unbegrenzt\" beworben werden, sind diese f\u00fcr <b data-path-to-node=\"7\" data-index-in-node=\"193\">normale, angemessene Nutzung<\/b> f\u00fcr eine Standard-Webhosting-Umgebung (Fair Use). Digi Hosting \u00fcberwacht die Systeme 24\/7, um eine \u00dcberlastung zu verhindern und die Stabilit\u00e4t f\u00fcr alle Benutzer zu gew\u00e4hrleisten.<\/p>\n<p data-path-to-node=\"8\"><b data-path-to-node=\"8\" data-index-in-node=\"0\">2.1 Versto\u00df gegen die faire Nutzung:<\/b> Der Datenverkehr ist ausdr\u00fccklich nicht vorgesehen:<\/p>\n<ul data-path-to-node=\"9\">\n<li>\n<p data-path-to-node=\"9,0,0\">Hosting unabh\u00e4ngiger Streaming-Dienste (Video oder Audio).<\/p>\n<\/li>\n<li>\n<p data-path-to-node=\"9,1,0\">Verwendung als externe Sicherungs- oder Archivierungsplattform f\u00fcr Dateien ohne direkten Link zur gehosteten Website.<\/p>\n<\/li>\n<li>\n<p data-path-to-node=\"9,2,0\">Hosting gro\u00dfer \u00f6ffentlicher Download- oder File-Sharing-Dienste.<\/p>\n<\/li>\n<\/ul>\n<p data-path-to-node=\"10\"><b data-path-to-node=\"10\" data-index-in-node=\"0\">2.2 Intervention:<\/b> Wenn wir feststellen, dass der Datenverkehr eines Kunden strukturell und in erheblichem Ma\u00dfe von den durchschnittlichen Nutzungsmustern abweicht (z. B. mehr als das 50-fache des Durchschnitts \u00e4hnlicher Nutzer) und dadurch die Netzwerkleistung beeintr\u00e4chtigt wird, werden wir den Kunden kontaktieren:<\/p>\n<ul data-path-to-node=\"11\">\n<li>\n<p data-path-to-node=\"11,0,0\">Schlagen Sie ein Upgrade auf ein geeignetes Paket vor (z.B. VPS oder Dedicated Hosting).<\/p>\n<\/li>\n<li>\n<p data-path-to-node=\"11,1,0\">Bei Verweigerung oder Nichtmitarbeit: vor\u00fcbergehende Sperrung des Dienstes oder K\u00fcndigung des Vertrags gem\u00e4\u00df Artikel 6 der Allgemeinen Gesch\u00e4ftsbedingungen.<\/p>\n<\/li>\n<\/ul>\n<hr data-path-to-node=\"12\" \/>\n<h3 data-path-to-node=\"13\">Artikel 3: Lagerraum und Zweckbindung<\/h3>\n<p data-path-to-node=\"14\">Der Speicherplatz ist <b data-path-to-node=\"14\" data-index-in-node=\"19\">nur f\u00fcr die webseitenbezogene Speicherung bestimmt<\/b>wie Website-Dateien, Datenbanken und E-Mail.<\/p>\n<p data-path-to-node=\"15\"><b data-path-to-node=\"15\" data-index-in-node=\"0\">3.1 Ausschluss von der Archivierung:<\/b> Der enthaltene Speicherplatz darf nicht dazu verwendet werden, gro\u00dfe Mengen an pers\u00f6nlichen Daten, Filmen, externen Backups oder anderem Material, das keine direkte Funktion f\u00fcr den Betrieb der gehosteten Website hat, zu speichern und\/oder zu hosten.<\/p>\n<p data-path-to-node=\"16\"><b data-path-to-node=\"16\" data-index-in-node=\"0\">3.2 Aussetzung wegen Grenzwert\u00fcberschreitung:<\/b> Wird das zugewiesene Speicherlimit \u00fcberschritten, wird das Hostingpaket automatisch ausgesetzt. Der Kunde wird dar\u00fcber automatisch benachrichtigt. Der Kunde kann das Paket sofort aktualisieren oder Digi Hosting f\u00fcr die Reaktivierung nach der Entfernung der Daten kontaktieren.<\/p>\n<p data-path-to-node=\"17\"><b data-path-to-node=\"17\" data-index-in-node=\"0\">3.3 Folgen der missbr\u00e4uchlichen Lagerung:<\/b> Wird eine missbr\u00e4uchliche Nutzung des Speicherplatzes festgestellt (nicht-websitebezogene Archivierung), wird der Kunde darauf hingewiesen. Befolgt der Kunde diesen Hinweis nicht, beh\u00e4lt sich Digi Hosting das Recht vor, den Zugang zu den Dienstleistungen gem\u00e4\u00df Artikel 6 der Allgemeinen Gesch\u00e4ftsbedingungen zu sperren.<\/p>\n<hr data-path-to-node=\"18\" \/>\n<h3 data-path-to-node=\"19\">Artikel 4: Kostenlose Webhosting-Pakete<\/h3>\n<p data-path-to-node=\"20\">Digi Hosting bietet kostenlose Webhosting-Pakete als Einf\u00fchrungsservice f\u00fcr nicht-kommerzielle Websites.<\/p>\n<p data-path-to-node=\"21\"><b data-path-to-node=\"21\" data-index-in-node=\"0\">4.1 Abnahme und \u00dcberpr\u00fcfung:<\/b> Die Antr\u00e4ge werden manuell gepr\u00fcft. Digi Hosting beh\u00e4lt sich das Recht vor, Auftr\u00e4ge nach eigenem Ermessen abzulehnen. \u00dcberpr\u00fcft werden die Domainregistrierung, die IP-Adresse und der physische Standort. Die Verwendung von VPN-Verbindungen bei der Bestellung f\u00fchrt zu einer automatischen Kennzeichnung als Betrug.<\/p>\n<p data-path-to-node=\"22\"><b data-path-to-node=\"22\" data-index-in-node=\"0\">4.2 Mi\u00dfbrauch und Aussetzung:<\/b> Im Falle eines Missbrauchs wird das Paket sofort und ohne Vorwarnung gesperrt. Missbrauch bedeutet: Hosting von illegalem Material, Phishing oder Versenden von Spam.<\/p>\n<p data-path-to-node=\"23\"><b data-path-to-node=\"23\" data-index-in-node=\"0\">4.3 Unt\u00e4tigkeit:<\/b> Wenn ein kostenloses Paket 6 Monate lang nicht aktiv genutzt wurde, kann Digi Hosting das Paket nach vorheriger Warnung per E-Mail sperren und eventuell l\u00f6schen.<\/p>\n<p data-path-to-node=\"24\"><b data-path-to-node=\"24\" data-index-in-node=\"0\">4.4 Einschr\u00e4nkung:<\/b> Pro Kunde wird maximal ein (1) kostenloses Webhosting-Paket zugelassen. \u00dcberpr\u00fcft werden E-Mail-Adresse, IP-Adresse und pers\u00f6nliche Daten.<\/p>\t\t\t\t\t\t\t\t<\/div>\n\t\t\t\t<\/div>\n\t\t\t\t<div class=\"elementor-element elementor-element-eea96b7 elementor-widget elementor-widget-text-editor\" data-id=\"eea96b7\" data-element_type=\"widget\" data-e-type=\"widget\" data-widget_type=\"text-editor.default\">\n\t\t\t\t<div class=\"elementor-widget-container\">\n\t\t\t\t\t\t\t\t\t<p><!-- \/wp:paragraph --><!-- wp:paragraph --><\/p>\n<p><!-- \/wp:paragraph --><!-- wp:paragraph --><\/p>\n<p>Druckfehler in diesen Bedingungen sind vorbehalten.<\/p>\n<p><!-- \/wp:paragraph --><!-- wp:paragraph --><\/p>\n<p><!-- \/wp:paragraph --><!-- wp:paragraph --><\/p>\n<p><!-- \/wp:paragraph --><!-- wp:paragraph --><\/p>\n<p><!-- \/wp:paragraph --><!-- wp:paragraph --><\/p>\n<p><!-- \/wp:paragraph --><!-- wp:paragraph --><\/p>\n<p><!-- \/wp:paragraph --><!-- wp:paragraph --><\/p>\n<p><!-- \/wp:paragraph --><!-- wp:paragraph --><\/p>\n<p><!-- \/wp:paragraph --><!-- wp:paragraph --><\/p>\n<p><!-- \/wp:paragraph --><!-- wp:list {\"ordered\":true} --><\/p>\n<p><!-- \/wp:list --><\/p>\t\t\t\t\t\t\t\t<\/div>\n\t\t\t\t<\/div>\n\t\t\t\t<div class=\"elementor-element elementor-element-a015df2 elementor-widget elementor-widget-heading\" data-id=\"a015df2\" data-element_type=\"widget\" data-e-type=\"widget\" data-widget_type=\"heading.default\">\n\t\t\t\t<div class=\"elementor-widget-container\">\n\t\t\t\t\t<h2 class=\"elementor-heading-title elementor-size-default\">Letzte \u00c4nderung: 25. Mai 2025<\/h2>\t\t\t\t<\/div>\n\t\t\t\t<\/div>\n\t\t\t\t\t<\/div>\n\t\t\t\t<\/div>\n\t\t\t\t<\/div>","protected":false},"excerpt":{"rendered":"<p>Verantwoord Gebruik Artikel 1: Definities 1.1 Dataverkeer: Alle data die via het internet wordt verzonden en ontvangen via het hostingpakket. Dit omvat uploads, downloads, en alle inkomende en uitgaande verbindingen (inclusief e-mail en database queries). 1.2 Opslagruimte: De totale hoeveelheid data die de Klant kan opslaan op de toegewezen hostinginfrastructuur. Artikel 2: Dataverkeer en Redelijk [&hellip;]<\/p>\n","protected":false},"author":1,"featured_media":0,"parent":18254,"menu_order":0,"comment_status":"closed","ping_status":"closed","template":"elementor_header_footer","meta":{"_acf_changed":false,"footnotes":""},"class_list":["post-7184","page","type-page","status-publish","hentry"],"acf":[],"_links":{"self":[{"href":"https:\/\/digi.hosting\/de\/wp-json\/wp\/v2\/pages\/7184","targetHints":{"allow":["GET"]}}],"collection":[{"href":"https:\/\/digi.hosting\/de\/wp-json\/wp\/v2\/pages"}],"about":[{"href":"https:\/\/digi.hosting\/de\/wp-json\/wp\/v2\/types\/page"}],"author":[{"embeddable":true,"href":"https:\/\/digi.hosting\/de\/wp-json\/wp\/v2\/users\/1"}],"replies":[{"embeddable":true,"href":"https:\/\/digi.hosting\/de\/wp-json\/wp\/v2\/comments?post=7184"}],"version-history":[{"count":65,"href":"https:\/\/digi.hosting\/de\/wp-json\/wp\/v2\/pages\/7184\/revisions"}],"predecessor-version":[{"id":22598,"href":"https:\/\/digi.hosting\/de\/wp-json\/wp\/v2\/pages\/7184\/revisions\/22598"}],"up":[{"embeddable":true,"href":"https:\/\/digi.hosting\/de\/wp-json\/wp\/v2\/pages\/18254"}],"wp:attachment":[{"href":"https:\/\/digi.hosting\/de\/wp-json\/wp\/v2\/media?parent=7184"}],"curies":[{"name":"wp","href":"https:\/\/api.w.org\/{rel}","templated":true}]}}