{"id":15849,"date":"2025-04-24T02:03:48","date_gmt":"2025-04-24T00:03:48","guid":{"rendered":"https:\/\/digi.hosting\/?page_id=15849"},"modified":"2025-06-10T02:09:00","modified_gmt":"2025-06-10T00:09:00","slug":"generador-de-nombres-de-dominio-ai","status":"publish","type":"page","link":"https:\/\/digi.hosting\/es\/ai-domeinnaam-generator\/","title":{"rendered":"Generador de nombres de dominio AI"},"content":{"rendered":"<div data-elementor-type=\"wp-page\" data-elementor-id=\"15849\" class=\"elementor elementor-15849\" data-elementor-post-type=\"page\">\n\t\t\t\t<div class=\"elementor-element elementor-element-9e13aa5 e-flex e-con-boxed e-con e-parent\" data-id=\"9e13aa5\" data-element_type=\"container\" data-e-type=\"container\">\n\t\t\t\t\t<div class=\"e-con-inner\">\n\t\t<div class=\"elementor-element elementor-element-2e238fc e-con-full e-flex e-con e-child\" data-id=\"2e238fc\" data-element_type=\"container\" data-e-type=\"container\">\n\t\t\t\t<div class=\"elementor-element elementor-element-61d585d elementor-widget elementor-widget-heading\" data-id=\"61d585d\" data-element_type=\"widget\" data-e-type=\"widget\" data-widget_type=\"heading.default\">\n\t\t\t\t<div class=\"elementor-widget-container\">\n\t\t\t\t\t<h3 class=\"elementor-heading-title elementor-size-default\">HERRAMIENTA GRATUITA<\/h3>\t\t\t\t<\/div>\n\t\t\t\t<\/div>\n\t\t\t\t<div class=\"elementor-element elementor-element-3c11f08 elementor-invisible elementor-widget elementor-widget-heading\" data-id=\"3c11f08\" data-element_type=\"widget\" data-e-type=\"widget\" data-settings=\"{&quot;_animation&quot;:&quot;zoomIn&quot;}\" data-widget_type=\"heading.default\">\n\t\t\t\t<div class=\"elementor-widget-container\">\n\t\t\t\t\t<h2 class=\"elementor-heading-title elementor-size-default\"><span style=\"padding: 3px;border-radius: 10px\">GENERADOR DE NOMBRES DE DOMINIO AI<\/span><\/h2>\t\t\t\t<\/div>\n\t\t\t\t<\/div>\n\t\t\t\t<div class=\"elementor-element elementor-element-4f23e8a elementor-widget elementor-widget-heading\" data-id=\"4f23e8a\" data-element_type=\"widget\" data-e-type=\"widget\" data-widget_type=\"heading.default\">\n\t\t\t\t<div class=\"elementor-widget-container\">\n\t\t\t\t\t<h3 class=\"elementor-heading-title elementor-size-default\">Genere un nombre de dominio con AI y reg\u00edstrelo en cuesti\u00f3n de segundos.<\/h3>\t\t\t\t<\/div>\n\t\t\t\t<\/div>\n\t\t\t\t<\/div>\n\t\t<div class=\"elementor-element elementor-element-ed217cc e-con-full e-flex e-con e-child\" data-id=\"ed217cc\" data-element_type=\"container\" data-e-type=\"container\">\n\t\t\t\t<div class=\"elementor-element elementor-element-0b3aba3 elementor-widget elementor-widget-html\" data-id=\"0b3aba3\" data-element_type=\"widget\" data-e-type=\"widget\" data-widget_type=\"html.default\">\n\t\t\t\t<div class=\"elementor-widget-container\">\n\t\t\t\t\t<style>\n    .bubble {\n  --r: 1em;  \/* the radius *\/\n  --t: 1.5em; \/* the size of the tail *\/\n  \n  max-width: 300px;\n  padding: 0.5em;\n  border-inline: var(--t) solid #0000;\n  border-radius: calc(var(--r) + var(--t))\/var(--r);\n  mask: \n    radial-gradient(100% 100% at var(--_p) 0,#0000 99%,#000 102%) \n      var(--_p) 100%\/var(--t) var(--t) no-repeat,\n    linear-gradient(#000 0 0) padding-box;\n  background: linear-gradient(135deg,rgba(254,100,15,1),rgba(247,48,119,1)) border-box;\n  color: #fff;\n  text-transform: uppercase;\n}\n.left {\n  --_p: 0;\n  border-bottom-left-radius: 0 0;\n  margin-bottom: 20px;\n  place-self: start;\n}\n.right {\n  --_p: 100%;\n  border-bottom-right-radius: 0 0;\n  place-self: end;\n}\n\n\n<\/style>\n\n<div class=\"bubble left\">\u00a1Hola!<\/div>\n<div class=\"bubble left\">Describe tu idea a continuaci\u00f3n y deja que la IA haga su trabajo.<\/div>\t\t\t\t<\/div>\n\t\t\t\t<\/div>\n\t\t\t\t<div class=\"elementor-element elementor-element-907cf9b elementor-widget elementor-widget-shortcode\" data-id=\"907cf9b\" data-element_type=\"widget\" data-e-type=\"widget\" data-widget_type=\"shortcode.default\">\n\t\t\t\t<div class=\"elementor-widget-container\">\n\t\t\t\t\t<input type=\"hidden\" id=\"generate_domain_nonce\" name=\"generate_domain_nonce\" value=\"b71db18250\" \/><input type=\"hidden\" name=\"_wp_http_referer\" value=\"\/es\/wp-json\/wp\/v2\/pages\/15849\" \/>\t\t<div class=\"elementor-shortcode\"><div\n\t\tid=\"aitld_main_wrapper\"\n\t\tdata-availability-badge=\"yes\"\n\t\tdata-show-tooltips=\"yes\"\n\t\tdata-tooltips-text=\"Complete your domain purchase!\"\n\t\tdata-results-header-text=\"AI Generated Results\"\n\t\tstyle=\"--aitld-skin-color: #fff\"\n\t><form id=\"aitld_main_form\" method=\"POST\" data-nonce=\"8324ccaef5\" data-rest-location=\"https:\/\/digi.hosting\/es\/wp-json\/\" action=\"\"><input type=\"hidden\" id=\"generate_domain_nonce\" name=\"generate_domain_nonce\" value=\"b71db18250\" \/><input type=\"hidden\" name=\"_wp_http_referer\" value=\"\/es\/wp-json\/wp\/v2\/pages\/15849\" \/><div id=\"aitld_main_form_inner\"><input id=\"aitld_main_content\" name=\"aitld_main_content\"  placeholder=\"Escriba una breve descripci\u00f3n de su proyecto ...\" autocomplete=\"off\" required><div id=\"aitld_main_submit_holder\"><input type=\"submit\" value=\"Genere\" id=\"aitld_main_submit\"><\/div><\/div><input type=\"hidden\" name=\"trp-form-language\" value=\"es\"\/><\/form><div id=\"aitld_main_suggestions_wrapper\"><p>Pruebe algunas solicitudes de demostraci\u00f3n para generar dominios en distintos TLD e idiomas<\/p><div id=\"aitld_main_suggestions\"><div data-replacement-text=\"Can you suggest a name for my Food Blog on the .com tld?\" class=\"aitld-main-suggestion\">Blog de alimentaci\u00f3n<\/div><div data-replacement-text=\"Help me name my Fitness Website on the .net tld.\" class=\"aitld-main-suggestion\">P\u00e1gina web de fitness<\/div><div data-replacement-text=\"I need a name for my Tech Review Site on the .io tld.\" class=\"aitld-main-suggestion\">Sitio de revisi\u00f3n t\u00e9cnica<\/div><div data-replacement-text=\"What\u2019s a good name for my Personal Portfolio on the .me tld?\" class=\"aitld-main-suggestion\">Cartera personal<\/div><div data-replacement-text=\"Por favor, sugiere un nombre para mi blog de moda en el dominio .es.\" class=\"aitld-main-suggestion\">Blog de moda<\/div><div data-replacement-text=\"Ich brauche Hilfe bei der Suche nach einem Namen f\u00fcr meine Bildungsplattform auf der .de-Domain.\" class=\"aitld-main-suggestion\">Plataforma educativa<\/div><div data-replacement-text=\"Can you recommend a name for my E-commerce Store on the .shop tld?\" class=\"aitld-main-suggestion\">Tienda de comercio electr\u00f3nico<\/div><div data-replacement-text=\"IPreciso de um nome para o meu site de fotografia no dom\u00ednio .br.\" class=\"aitld-main-suggestion\">P\u00e1gina web de fotograf\u00eda<\/div><div data-replacement-text=\"Daj mi pomys\u0142 na nazw\u0119 strony dla mojego bloga muzycznego na domenie .pl.\" class=\"aitld-main-suggestion\">Blog de m\u00fasica<\/div><div data-replacement-text=\"Pouvez-vous sugg\u00e9rer un nom pour mon blog sant\u00e9 sur le domaine .fr?\" class=\"aitld-main-suggestion\">Blog de salud y bienestar<\/div><\/div><\/div><\/div><\/div>\n\t\t\t\t\t\t<\/div>\n\t\t\t\t<\/div>\n\t\t\t\t<\/div>\n\t\t\t\t\t<\/div>\n\t\t\t\t<\/div>\n\t\t<div data-dce-background-color=\"#000000\" class=\"elementor-element elementor-element-9732a3d e-flex e-con-boxed e-con e-parent\" data-id=\"9732a3d\" data-element_type=\"container\" data-e-type=\"container\" data-settings=\"{&quot;background_background&quot;:&quot;classic&quot;}\">\n\t\t\t\t\t<div class=\"e-con-inner\">\n\t\t\t\t<div class=\"elementor-element elementor-element-9212d4d elementor-invisible elementor-widget elementor-widget-heading\" data-id=\"9212d4d\" data-element_type=\"widget\" data-e-type=\"widget\" data-settings=\"{&quot;_animation&quot;:&quot;zoomIn&quot;}\" data-widget_type=\"heading.default\">\n\t\t\t\t<div class=\"elementor-widget-container\">\n\t\t\t\t\t<h2 class=\"elementor-heading-title elementor-size-default\">SU NOMBRE DE DOMINIO EN 3 PASOS<\/h2>\t\t\t\t<\/div>\n\t\t\t\t<\/div>\n\t\t\t\t\t<\/div>\n\t\t\t\t<\/div>\n\t\t<div data-dce-background-color=\"#000000\" class=\"elementor-element elementor-element-10ff286 e-flex e-con-boxed e-con e-parent\" data-id=\"10ff286\" data-element_type=\"container\" data-e-type=\"container\" data-settings=\"{&quot;background_background&quot;:&quot;classic&quot;}\">\n\t\t\t\t\t<div class=\"e-con-inner\">\n\t\t<div class=\"elementor-element elementor-element-9877537 e-con-full e-flex e-con e-child\" data-id=\"9877537\" data-element_type=\"container\" data-e-type=\"container\">\n\t\t<div data-dce-background-color=\"#FFFFFF\" class=\"elementor-element elementor-element-c00b719 e-con-full e-flex e-con e-child\" data-id=\"c00b719\" data-element_type=\"container\" data-e-type=\"container\" data-settings=\"{&quot;background_background&quot;:&quot;classic&quot;}\">\n\t\t\t\t<div class=\"elementor-element elementor-element-0b9661c elementor-widget elementor-widget-heading\" data-id=\"0b9661c\" data-element_type=\"widget\" data-e-type=\"widget\" data-widget_type=\"heading.default\">\n\t\t\t\t<div class=\"elementor-widget-container\">\n\t\t\t\t\t<h3 class=\"elementor-heading-title elementor-size-default\"><span style=\"color: white;background: radial-gradient(circle, rgba(254,100,15,1) 0%, rgba(247,48,119,1) 100%);padding: 3px;border-radius: 10px\">1.<\/span> Buscar en<\/h3>\t\t\t\t<\/div>\n\t\t\t\t<\/div>\n\t\t\t\t<div class=\"elementor-element elementor-element-8197fe0 elementor-widget elementor-widget-heading\" data-id=\"8197fe0\" data-element_type=\"widget\" data-e-type=\"widget\" data-widget_type=\"heading.default\">\n\t\t\t\t<div class=\"elementor-widget-container\">\n\t\t\t\t\t<h3 class=\"elementor-heading-title elementor-size-default\">Introduzca una breve descripci\u00f3n en nuestro generador de nombres de dominio AI.<\/h3>\t\t\t\t<\/div>\n\t\t\t\t<\/div>\n\t\t\t\t<\/div>\n\t\t\t\t<\/div>\n\t\t<div class=\"elementor-element elementor-element-8dfae5d e-con-full e-flex e-con e-child\" data-id=\"8dfae5d\" data-element_type=\"container\" data-e-type=\"container\">\n\t\t<div data-dce-background-color=\"#FFFFFF\" class=\"elementor-element elementor-element-30ca4cd e-con-full e-flex e-con e-child\" data-id=\"30ca4cd\" data-element_type=\"container\" data-e-type=\"container\" data-settings=\"{&quot;background_background&quot;:&quot;classic&quot;}\">\n\t\t\t\t<div class=\"elementor-element elementor-element-a72ef1d elementor-widget elementor-widget-heading\" data-id=\"a72ef1d\" data-element_type=\"widget\" data-e-type=\"widget\" data-widget_type=\"heading.default\">\n\t\t\t\t<div class=\"elementor-widget-container\">\n\t\t\t\t\t<h3 class=\"elementor-heading-title elementor-size-default\"><span style=\"color: white;background: radial-gradient(circle, rgba(254,100,15,1) 0%, rgba(247,48,119,1) 100%);padding: 3px;border-radius: 10px\">2.<\/span> Seleccione<\/h3>\t\t\t\t<\/div>\n\t\t\t\t<\/div>\n\t\t\t\t<div class=\"elementor-element elementor-element-d33cb2f elementor-widget elementor-widget-heading\" data-id=\"d33cb2f\" data-element_type=\"widget\" data-e-type=\"widget\" data-widget_type=\"heading.default\">\n\t\t\t\t<div class=\"elementor-widget-container\">\n\t\t\t\t\t<h3 class=\"elementor-heading-title elementor-size-default\">Inmediatamente obtendr\u00e1 una serie de propuestas interesantes. Selecciona la que creas que suena mejor.<\/h3>\t\t\t\t<\/div>\n\t\t\t\t<\/div>\n\t\t\t\t<\/div>\n\t\t\t\t<\/div>\n\t\t<div class=\"elementor-element elementor-element-0fb367c e-con-full e-flex e-con e-child\" data-id=\"0fb367c\" data-element_type=\"container\" data-e-type=\"container\">\n\t\t<div data-dce-background-color=\"#FFFFFF\" class=\"elementor-element elementor-element-9435dd0 e-con-full e-flex e-con e-child\" data-id=\"9435dd0\" data-element_type=\"container\" data-e-type=\"container\" data-settings=\"{&quot;background_background&quot;:&quot;classic&quot;}\">\n\t\t\t\t<div class=\"elementor-element elementor-element-9006482 elementor-widget elementor-widget-heading\" data-id=\"9006482\" data-element_type=\"widget\" data-e-type=\"widget\" data-widget_type=\"heading.default\">\n\t\t\t\t<div class=\"elementor-widget-container\">\n\t\t\t\t\t<h3 class=\"elementor-heading-title elementor-size-default\"><span style=\"color: white;background: radial-gradient(circle, rgba(254,100,15,1) 0%, rgba(247,48,119,1) 100%);padding: 3px;border-radius: 10px\">3.<\/span> Pida<\/h3>\t\t\t\t<\/div>\n\t\t\t\t<\/div>\n\t\t\t\t<div class=\"elementor-element elementor-element-4510e53 elementor-widget elementor-widget-heading\" data-id=\"4510e53\" data-element_type=\"widget\" data-e-type=\"widget\" data-widget_type=\"heading.default\">\n\t\t\t\t<div class=\"elementor-widget-container\">\n\t\t\t\t\t<h3 class=\"elementor-heading-title elementor-size-default\">Haga clic en el bot\u00f3n de registro y solicite su nombre de dominio.<\/h3>\t\t\t\t<\/div>\n\t\t\t\t<\/div>\n\t\t\t\t<\/div>\n\t\t\t\t<\/div>\n\t\t\t\t\t<\/div>\n\t\t\t\t<\/div>\n\t\t<div data-dce-background-color=\"#000000\" class=\"elementor-element elementor-element-28991e0 e-flex e-con-boxed e-con e-parent\" data-id=\"28991e0\" data-element_type=\"container\" data-e-type=\"container\" data-settings=\"{&quot;background_background&quot;:&quot;classic&quot;}\">\n\t\t\t\t\t<div class=\"e-con-inner\">\n\t\t<div class=\"elementor-element elementor-element-9e1f5a6 e-con-full e-flex e-con e-child\" data-id=\"9e1f5a6\" data-element_type=\"container\" data-e-type=\"container\">\n\t\t\t\t<div class=\"elementor-element elementor-element-7ab04e5 elementor-widget elementor-widget-image\" data-id=\"7ab04e5\" data-element_type=\"widget\" data-e-type=\"widget\" data-widget_type=\"image.default\">\n\t\t\t\t<div class=\"elementor-widget-container\">\n\t\t\t\t\t\t\t\t\t\t\t\t\t\t\t<img fetchpriority=\"high\" decoding=\"async\" width=\"800\" height=\"600\" src=\"https:\/\/digi.hosting\/wp-content\/uploads\/2025\/04\/original-568544560f6ca1076a16e3428302e329.gif\" class=\"attachment-full size-full wp-image-16020\" alt=\"\" \/>\t\t\t\t\t\t\t\t\t\t\t\t\t\t\t<\/div>\n\t\t\t\t<\/div>\n\t\t\t\t<\/div>\n\t\t<div class=\"elementor-element elementor-element-ab0bc49 e-con-full e-flex e-con e-child\" data-id=\"ab0bc49\" data-element_type=\"container\" data-e-type=\"container\">\n\t\t\t\t<div class=\"elementor-element elementor-element-7332458 elementor-widget elementor-widget-heading\" data-id=\"7332458\" data-element_type=\"widget\" data-e-type=\"widget\" data-widget_type=\"heading.default\">\n\t\t\t\t<div class=\"elementor-widget-container\">\n\t\t\t\t\t<h2 class=\"elementor-heading-title elementor-size-default\">QU\u00c9 ES UN <span style=\"color: white;background: radial-gradient(circle, rgba(254,100,15,1) 0%, rgba(247,48,119,1) 100%);padding: 3px;border-radius: 10px\">AI<\/span> \u00bfgenerador de nombres de dominio?<\/h2>\t\t\t\t<\/div>\n\t\t\t\t<\/div>\n\t\t\t\t<div class=\"elementor-element elementor-element-a2aef07 elementor-widget elementor-widget-text-editor\" data-id=\"a2aef07\" data-element_type=\"widget\" data-e-type=\"widget\" data-widget_type=\"text-editor.default\">\n\t\t\t\t<div class=\"elementor-widget-container\">\n\t\t\t\t\t\t\t\t\t<p class=\"\" data-start=\"85\" data-end=\"442\">Un generador de nombres de dominio AI es la herramienta perfecta si est\u00e1 buscando un nombre de dominio fuerte y disponible para su nuevo proyecto o empresa. Gracias a la avanzada tecnolog\u00eda de IA, crear\u00e1 nombres de dominio \u00fanicos que encajen a la perfecci\u00f3n con la identidad de su marca. Simplemente especifique a qu\u00e9 se dedica su empresa, elija el idioma deseado y juegue con el estilo y el tipo.<\/p><p class=\"\" data-start=\"444\" data-end=\"733\">La IA analiza tus datos y genera autom\u00e1ticamente 10 sugerencias de nombres de dominio creativos y relevantes. As\u00ed encontrar\u00e1 r\u00e1pidamente un nombre de dominio que no s\u00f3lo destaque, sino que adem\u00e1s est\u00e9 disponible. Gracias al comprobador de nombres de dominio integrado, sabr\u00e1 inmediatamente si su nombre favorito puede registrarse.<\/p><p class=\"\" data-start=\"735\" data-end=\"794\">Empiece de forma inteligente y r\u00e1pida con el nombre de dominio adecuado, gracias a la IA.<\/p>\t\t\t\t\t\t\t\t<\/div>\n\t\t\t\t<\/div>\n\t\t\t\t<\/div>\n\t\t\t\t\t<\/div>\n\t\t\t\t<\/div>\n\t\t<div data-dce-background-color=\"#000000\" class=\"elementor-element elementor-element-219be038 e-flex e-con-boxed e-con e-parent\" data-id=\"219be038\" data-element_type=\"container\" data-e-type=\"container\" data-settings=\"{&quot;background_background&quot;:&quot;classic&quot;}\">\n\t\t\t\t\t<div class=\"e-con-inner\">\n\t\t<div class=\"elementor-element elementor-element-58426584 e-con-full e-flex e-con e-child\" data-id=\"58426584\" data-element_type=\"container\" data-e-type=\"container\">\n\t\t\t\t<div class=\"elementor-element elementor-element-5035acdc elementor-widget elementor-widget-heading\" data-id=\"5035acdc\" data-element_type=\"widget\" data-e-type=\"widget\" data-widget_type=\"heading.default\">\n\t\t\t\t<div class=\"elementor-widget-container\">\n\t\t\t\t\t<h2 class=\"elementor-heading-title elementor-size-default\">Aproveche al m\u00e1ximo la <span style=\"color: white;background: radial-gradient(circle, rgba(254,100,15,1) 0%, rgba(247,48,119,1) 100%);padding: 3px;border-radius: 10px\">AI<\/span>  generador de nombres de dominio<\/h2>\t\t\t\t<\/div>\n\t\t\t\t<\/div>\n\t\t<div class=\"elementor-element elementor-element-2f4614d9 e-con-full e-flex e-con e-child\" data-id=\"2f4614d9\" data-element_type=\"container\" data-e-type=\"container\">\n\t\t<div class=\"elementor-element elementor-element-4806f96 e-con-full e-flex e-con e-child\" data-id=\"4806f96\" data-element_type=\"container\" data-e-type=\"container\">\n\t\t<div class=\"elementor-element elementor-element-174f3bb2 e-con-full e-flex e-con e-child\" data-id=\"174f3bb2\" data-element_type=\"container\" data-e-type=\"container\">\n\t\t<div class=\"elementor-element elementor-element-548f27aa e-con-full e-flex e-con e-child\" data-id=\"548f27aa\" data-element_type=\"container\" data-e-type=\"container\">\n\t\t\t\t<div data-dce-advanced-background-color=\"#FFFFFF\" class=\"elementor-element elementor-element-6c5bf38 elementor-position-left elementor-vertical-align-top elementor-widget elementor-widget-image-box\" data-id=\"6c5bf38\" data-element_type=\"widget\" data-e-type=\"widget\" data-widget_type=\"image-box.default\">\n\t\t\t\t<div class=\"elementor-widget-container\">\n\t\t\t\t\t<div class=\"elementor-image-box-wrapper\"><figure class=\"elementor-image-box-img\"><img decoding=\"async\" src=\"https:\/\/digi.hosting\/wp-content\/uploads\/2023\/06\/Hostiko-section-7-icon3-1-2.png\" title=\"Hostiko-secci\u00f3n-7-icono3-\" alt=\"Hostiko-secci\u00f3n-7-icono3-\" class=\"elementor-animation-float\" loading=\"lazy\" \/><\/figure><div class=\"elementor-image-box-content\"><h3 class=\"elementor-image-box-title\">Que la IA refuerce su nombre de dominio: empiece con un concepto claro<\/h3><p class=\"elementor-image-box-description\">Un nombre de dominio potente empieza con una idea clara. Nuestro generador de nombres de dominio AI solo puede sugerir nombres de dominio potentes y relevantes si t\u00fa mismo tienes una buena idea de lo que representa tu empresa o proyecto.\n\nAs\u00ed que t\u00f3mese su tiempo para pensar en su actividad principal: \u00bfqu\u00e9 ofrece, en qu\u00e9 cree, qu\u00e9 quiere proyectar y c\u00f3mo y d\u00f3nde quiere operar? Convierta esa visi\u00f3n en una descripci\u00f3n breve y clara: de ese modo, la IA podr\u00e1 generar sugerencias de nombres de dominio espec\u00edficas y creativas que realmente se adapten a usted.<\/p><\/div><\/div>\t\t\t\t<\/div>\n\t\t\t\t<\/div>\n\t\t\t\t<\/div>\n\t\t\t\t<\/div>\n\t\t<div class=\"elementor-element elementor-element-4465c830 e-con-full e-flex e-con e-child\" data-id=\"4465c830\" data-element_type=\"container\" data-e-type=\"container\">\n\t\t<div class=\"elementor-element elementor-element-7503ebf4 e-con-full e-flex e-con e-child\" data-id=\"7503ebf4\" data-element_type=\"container\" data-e-type=\"container\">\n\t\t\t\t<div data-dce-advanced-background-color=\"#FFFFFF\" class=\"elementor-element elementor-element-d5d04eb elementor-position-left elementor-vertical-align-top elementor-widget elementor-widget-image-box\" data-id=\"d5d04eb\" data-element_type=\"widget\" data-e-type=\"widget\" data-widget_type=\"image-box.default\">\n\t\t\t\t<div class=\"elementor-widget-container\">\n\t\t\t\t\t<div class=\"elementor-image-box-wrapper\"><figure class=\"elementor-image-box-img\"><img decoding=\"async\" src=\"https:\/\/digi.hosting\/wp-content\/uploads\/2023\/06\/Hostiko-section-7-icon2-1-2.png\" title=\"Hostiko-secci\u00f3n-7-icono2-\" alt=\"Hostiko-secci\u00f3n-7-icono2-\" class=\"elementor-animation-float\" loading=\"lazy\" \/><\/figure><div class=\"elementor-image-box-content\"><h3 class=\"elementor-image-box-title\">H\u00e1galo personal y su nombre de dominio ser\u00e1 \u00fanico<\/h3><p class=\"elementor-image-box-description\">Aunque nuestro generador de nombres de dominio AI hace el trabajo pesado, usted sigue siendo el director. Adem\u00e1s de los datos b\u00e1sicos, puede proporcionar informaci\u00f3n adicional para que la IA pueda generar nombres de dominio a\u00fan m\u00e1s originales y creativos.\n\nAprovecha la oportunidad y dale un toque extra a tu descripci\u00f3n. A\u00f1ade humor, juega con el lenguaje o incorpora un toque personal. Nuestro generador inteligente de nombres de dominio detecta esos matices y los traduce en sugerencias de nombres de dominio sorprendentes y originales que encajan perfectamente con tu estilo y mensaje.<\/p><\/div><\/div>\t\t\t\t<\/div>\n\t\t\t\t<\/div>\n\t\t\t\t<\/div>\n\t\t\t\t<\/div>\n\t\t<div class=\"elementor-element elementor-element-389ce1ee e-con-full e-flex e-con e-child\" data-id=\"389ce1ee\" data-element_type=\"container\" data-e-type=\"container\">\n\t\t<div class=\"elementor-element elementor-element-69f60111 e-con-full e-flex e-con e-child\" data-id=\"69f60111\" data-element_type=\"container\" data-e-type=\"container\">\n\t\t\t\t<div data-dce-advanced-background-color=\"#FFFFFF\" class=\"elementor-element elementor-element-7cc9e73b elementor-position-left elementor-vertical-align-top elementor-widget elementor-widget-image-box\" data-id=\"7cc9e73b\" data-element_type=\"widget\" data-e-type=\"widget\" data-widget_type=\"image-box.default\">\n\t\t\t\t<div class=\"elementor-widget-container\">\n\t\t\t\t\t<div class=\"elementor-image-box-wrapper\"><figure class=\"elementor-image-box-img\"><img decoding=\"async\" src=\"https:\/\/digi.hosting\/wp-content\/uploads\/2023\/06\/Hostiko-section-7-icon1-1-2.png\" title=\"Hostiko-secci\u00f3n-7-icono1-\" alt=\"Hostiko-secci\u00f3n-7-icono1-\" class=\"elementor-animation-float\" loading=\"lazy\" \/><\/figure><div class=\"elementor-image-box-content\"><h3 class=\"elementor-image-box-title\">Haz sudar a la IA por tu nombre de dominio ideal<\/h3><p class=\"elementor-image-box-description\">Un nombre de dominio fuerte y pegadizo es esencial para el futuro de su empresa. As\u00ed que no se conforme con la primera mejor sugerencia. Nuestro generador autom\u00e1tico de nombres de dominio est\u00e1 pensado para que te pongas a prueba. Juega con los estilos, prueba con un nombre que rime o con una opci\u00f3n en ingl\u00e9s para tu tienda online.\n\nElija s\u00f3lo cuando est\u00e9 100% convencido. \u00bfTiene dudas? Deje que su persona favorita piense con usted. Y una vez que haya encontrado el nombre que desea, nuestro generador de nombres de dominio comprueba inmediatamente si el dominio correspondiente a\u00fan est\u00e1 disponible.<\/p><\/div><\/div>\t\t\t\t<\/div>\n\t\t\t\t<\/div>\n\t\t\t\t<\/div>\n\t\t\t\t<\/div>\n\t\t\t\t<\/div>\n\t\t\t\t<\/div>\n\t\t<div class=\"elementor-element elementor-element-5162bca4 e-con-full elementor-hidden-desktop elementor-hidden-laptop elementor-hidden-tablet elementor-hidden-mobile e-flex e-con e-child\" data-id=\"5162bca4\" data-element_type=\"container\" data-e-type=\"container\">\n\t\t<div class=\"elementor-element elementor-element-14633a4d e-con-full e-flex e-con e-child\" data-id=\"14633a4d\" data-element_type=\"container\" data-e-type=\"container\">\n\t\t\t\t<div class=\"elementor-element elementor-element-203a74e9 elementor-tablet-align-center elementor-align-center elementor-widget elementor-widget-button\" data-id=\"203a74e9\" data-element_type=\"widget\" data-e-type=\"widget\" data-widget_type=\"button.default\">\n\t\t\t\t<div class=\"elementor-widget-container\">\n\t\t\t\t\t\t\t\t\t<div class=\"elementor-button-wrapper\">\n\t\t\t\t\t<a class=\"elementor-button elementor-button-link elementor-size-sm elementor-animation-float\" href=\"https:\/\/digi.hosting\/es\/starten\/\">\n\t\t\t\t\t\t<span class=\"elementor-button-content-wrapper\">\n\t\t\t\t\t\t\t\t\t<span class=\"elementor-button-text\">Descubra c\u00f3mo empezar<\/span>\n\t\t\t\t\t<\/span>\n\t\t\t\t\t<\/a>\n\t\t\t\t<\/div>\n\t\t\t\t\t\t\t\t<\/div>\n\t\t\t\t<\/div>\n\t\t\t\t<\/div>\n\t\t<div class=\"elementor-element elementor-element-4dcb43d5 e-con-full e-flex e-con e-child\" data-id=\"4dcb43d5\" data-element_type=\"container\" data-e-type=\"container\">\n\t\t\t\t<div class=\"elementor-element elementor-element-b131b1f elementor-tablet-align-center elementor-align-center elementor-widget elementor-widget-button\" data-id=\"b131b1f\" data-element_type=\"widget\" data-e-type=\"widget\" data-widget_type=\"button.default\">\n\t\t\t\t<div class=\"elementor-widget-container\">\n\t\t\t\t\t\t\t\t\t<div class=\"elementor-button-wrapper\">\n\t\t\t\t\t<a class=\"elementor-button elementor-button-link elementor-size-sm elementor-animation-float\" href=\"https:\/\/digimaster.be\" target=\"_blank\" rel=\"noopener\">\n\t\t\t\t\t\t<span class=\"elementor-button-content-wrapper\">\n\t\t\t\t\t\t\t\t\t<span class=\"elementor-button-text\">M\u00e1s informaci\u00f3n en digimaster.es<\/span>\n\t\t\t\t\t<\/span>\n\t\t\t\t\t<\/a>\n\t\t\t\t<\/div>\n\t\t\t\t\t\t\t\t<\/div>\n\t\t\t\t<\/div>\n\t\t\t\t<\/div>\n\t\t\t\t<\/div>\n\t\t\t\t<\/div>\n\t\t\t\t\t<\/div>\n\t\t\t\t<\/div>\n\t\t\t\t<\/div>","protected":false},"excerpt":{"rendered":"<p>GRATIS TOOL AI DOMEINNAAM GENERATOR Genereer een domeinnaam met AI en registreer hem binnen enkele seconden. Hallo daar! Beschrijf hieronder jouw idee en laat AI zijn werk doen. JE DOMEINNAAM IN 3 STAPPEN 1. Zoeken Geef een korte beschrijving op in onze AI domeinnaam generator. 2. Selecteer Je krijgt meteen een aantal interessante voorstellen. Selecteer [&hellip;]<\/p>\n","protected":false},"author":1,"featured_media":0,"parent":0,"menu_order":0,"comment_status":"closed","ping_status":"closed","template":"","meta":{"_acf_changed":false,"footnotes":""},"class_list":["post-15849","page","type-page","status-publish","hentry"],"acf":[],"_links":{"self":[{"href":"https:\/\/digi.hosting\/es\/wp-json\/wp\/v2\/pages\/15849","targetHints":{"allow":["GET"]}}],"collection":[{"href":"https:\/\/digi.hosting\/es\/wp-json\/wp\/v2\/pages"}],"about":[{"href":"https:\/\/digi.hosting\/es\/wp-json\/wp\/v2\/types\/page"}],"author":[{"embeddable":true,"href":"https:\/\/digi.hosting\/es\/wp-json\/wp\/v2\/users\/1"}],"replies":[{"embeddable":true,"href":"https:\/\/digi.hosting\/es\/wp-json\/wp\/v2\/comments?post=15849"}],"version-history":[{"count":103,"href":"https:\/\/digi.hosting\/es\/wp-json\/wp\/v2\/pages\/15849\/revisions"}],"predecessor-version":[{"id":18873,"href":"https:\/\/digi.hosting\/es\/wp-json\/wp\/v2\/pages\/15849\/revisions\/18873"}],"wp:attachment":[{"href":"https:\/\/digi.hosting\/es\/wp-json\/wp\/v2\/media?parent=15849"}],"curies":[{"name":"wp","href":"https:\/\/api.w.org\/{rel}","templated":true}]}}