{"id":18277,"date":"2025-05-25T14:30:34","date_gmt":"2025-05-25T12:30:34","guid":{"rendered":"https:\/\/digi.hosting\/?page_id=18277"},"modified":"2026-03-14T15:31:50","modified_gmt":"2026-03-14T14:31:50","slug":"politica-de-datos-del-cliente","status":"publish","type":"page","link":"https:\/\/digi.hosting\/es\/juridisch\/klantengegevens-beleid\/","title":{"rendered":"Pol\u00edtica de datos del cliente"},"content":{"rendered":"<div data-elementor-type=\"wp-page\" data-elementor-id=\"18277\" class=\"elementor elementor-18277\" data-elementor-post-type=\"page\">\n\t\t\t\t<div data-dce-background-overlay-color=\"#000000\" class=\"elementor-element elementor-element-e345dc4 e-con-full e-flex e-con e-parent\" data-id=\"e345dc4\" data-element_type=\"container\" data-e-type=\"container\">\n\t\t<div class=\"elementor-element elementor-element-37c4f76 e-con-full e-flex e-con e-child\" data-id=\"37c4f76\" data-element_type=\"container\" data-e-type=\"container\">\n\t\t<div class=\"elementor-element elementor-element-b15cf37 e-con-full e-flex e-con e-child\" data-id=\"b15cf37\" data-element_type=\"container\" data-e-type=\"container\">\n\t\t\t\t<div class=\"elementor-element elementor-element-67695f7 elementor-widget elementor-widget-heading\" data-id=\"67695f7\" data-element_type=\"widget\" data-e-type=\"widget\" data-widget_type=\"heading.default\">\n\t\t\t\t<div class=\"elementor-widget-container\">\n\t\t\t\t\t<h2 class=\"elementor-heading-title elementor-size-default\">Pol\u00edtica de datos del cliente<\/h2>\t\t\t\t<\/div>\n\t\t\t\t<\/div>\n\t\t\t\t<\/div>\n\t\t\t\t<\/div>\n\t\t\t\t<\/div>\n\t\t<div data-dce-background-color=\"#FFFFFF\" class=\"elementor-element elementor-element-2beabb86 e-flex e-con-boxed e-con e-parent\" data-id=\"2beabb86\" data-element_type=\"container\" data-e-type=\"container\" data-settings=\"{&quot;background_background&quot;:&quot;classic&quot;}\">\n\t\t\t\t\t<div class=\"e-con-inner\">\n\t\t\t\t<div class=\"elementor-element elementor-element-583499c3 elementor-widget elementor-widget-text-editor\" data-id=\"583499c3\" data-element_type=\"widget\" data-e-type=\"widget\" data-widget_type=\"text-editor.default\">\n\t\t\t\t<div class=\"elementor-widget-container\">\n\t\t\t\t\t\t\t\t\t<p data-path-to-node=\"4\">En <b data-path-to-node=\"4\" data-index-in-node=\"4\">Empresa Digi<\/b>actuando como <b data-path-to-node=\"4\" data-index-in-node=\"32\">Digi Hosting<\/b>, concedemos gran importancia a la protecci\u00f3n e integridad de los datos de los clientes. Esta pol\u00edtica define las responsabilidades en materia de gesti\u00f3n y seguridad de los datos. Si desea informaci\u00f3n sobre sus propios datos personales (facturaci\u00f3n, etc.), consulte nuestro <b data-path-to-node=\"4\" data-index-in-node=\"305\">Pol\u00edtica de privacidad<\/b>.<\/p>\n<h3 data-path-to-node=\"5\">Art\u00edculo 1: Definici\u00f3n y propiedad de los datos de los clientes<\/h3>\n<p data-path-to-node=\"6\"><b data-path-to-node=\"6\" data-index-in-node=\"0\">1.1 Definici\u00f3n:<\/b> Por Datos del Cliente se entienden todos los datos enviados, publicados o generados por el Cliente en el espacio web asignado. Esto incluye correos electr\u00f3nicos, p\u00e1ginas web, im\u00e1genes, archivos y contenido de bases de datos.<\/p><p data-path-to-node=\"6\"><b data-path-to-node=\"6\" data-index-in-node=\"216\">1.2 Propiedad:<\/b> El Cliente conserva en todo momento todos los derechos de propiedad intelectual sobre todos los datos del Cliente. Digi Hosting no reclama la propiedad de ning\u00fan contenido publicado por el Cliente. Las plantillas y scripts proporcionados por Digi Hosting siguen siendo propiedad de Digi Hosting o de sus licenciantes (de acuerdo con <b data-path-to-node=\"6\" data-index-in-node=\"538\">Art\u00edculo 14 de las Condiciones Generales<\/b>).<\/p><p data-path-to-node=\"6\"><b data-path-to-node=\"6\" data-index-in-node=\"579\">1.3 Responsabilidad jur\u00eddica:<\/b> El Cliente es el \u00fanico responsable legal de todos los contenidos alojados a trav\u00e9s de su cuenta.<\/p>\n<h3 data-path-to-node=\"7\">Art\u00edculo 2: Gesti\u00f3n de datos y funci\u00f3n de AVG<\/h3>\n<p data-path-to-node=\"8\"><b data-path-to-node=\"8\" data-index-in-node=\"0\">2.1 Funciones de AVG:<\/b> Si el Cliente procesa datos personales de terceros (por ejemplo, visitantes del sitio web), el Cliente act\u00faa como el <b data-path-to-node=\"8\" data-index-in-node=\"121\">Controlador<\/b> y Digi Hosting como <b data-path-to-node=\"8\" data-index-in-node=\"170\">Procesador<\/b>.<\/p><p data-path-to-node=\"8\"><b data-path-to-node=\"8\" data-index-in-node=\"181\">2.2 Acuerdo de tramitaci\u00f3n (VWO):<\/b> Nuestra VWO se aplica a todos los clientes profesionales. Nota: Para uso exclusivamente personal o dom\u00e9stico (art. 2(2)(c) AVG), no se aplica la AVG y no es necesaria una VWO.<\/p><p data-path-to-node=\"8\"><b data-path-to-node=\"8\" data-index-in-node=\"417\">2.3 Deber de puntualidad:<\/b> El Cliente es responsable de mantener actualizados sus datos de contacto a trav\u00e9s del entorno de cliente para garantizar la continuidad del servicio.<\/p>\n<h3 data-path-to-node=\"9\">Art\u00edculo 3: Control, cumplimiento e intervenci\u00f3n<\/h3>\n<p data-path-to-node=\"10\"><b data-path-to-node=\"10\" data-index-in-node=\"0\">3.1 Control pasivo:<\/b> Digi Hosting no realiza una revisi\u00f3n activa o previa del contenido publicado por los Clientes y no lleva a cabo ninguna revisi\u00f3n legal.<\/p><p data-path-to-node=\"10\"><b data-path-to-node=\"10\" data-index-in-node=\"162\">3.2 Cl\u00e1usula de intervenci\u00f3n:<\/b> Digi Hosting s\u00f3lo interviene y toma medidas (como la suspensi\u00f3n o eliminaci\u00f3n) en las siguientes situaciones:<\/p>\n<ul data-path-to-node=\"11\">\n<li>\n<p data-path-to-node=\"11,0,0\"><b data-path-to-node=\"11,0,0\" data-index-in-node=\"0\">Contenido manifiestamente ilegal:<\/b> Al detectar contenidos delictivos (como phishing, programas maliciosos o pornograf\u00eda infantil). En estos casos, se informa inmediatamente a las autoridades competentes.<\/p>\n<\/li>\n<li>\n<p data-path-to-node=\"11,1,0\"><b data-path-to-node=\"11,1,0\" data-index-in-node=\"0\">Orden jur\u00eddicamente vinculante:<\/b> Por orden v\u00e1lida de una autoridad judicial competente dentro de la UE.<\/p>\n<\/li>\n<li>\n<p data-path-to-node=\"11,2,0\"><b data-path-to-node=\"11,2,0\" data-index-in-node=\"0\">Violaci\u00f3n AUP:<\/b> En caso de incumplimiento del <b data-path-to-node=\"11,2,0\" data-index-in-node=\"34\">Pol\u00edtica de uso responsable<\/b>como se describe en <b data-path-to-node=\"11,2,0\" data-index-in-node=\"87\">Art\u00edculo 6 de las Condiciones Generales<\/b>.<\/p>\n<\/li>\n<\/ul>\n<h3 data-path-to-node=\"12\">Art\u00edculo 4: Pol\u00edtica de seguridad y copias de seguridad<\/h3>\n<p data-path-to-node=\"13\"><b data-path-to-node=\"13\" data-index-in-node=\"0\">4.1 Seguridad de los centros de datos:<\/b> Digi Hosting garantiza que su infraestructura cumple altos est\u00e1ndares de seguridad, incluyendo el control de acceso f\u00edsico y la seguridad de la red.<\/p><p data-path-to-node=\"13\"><b data-path-to-node=\"13\" data-index-in-node=\"167\">4.2 Copias de seguridad del sistema (Disaster Recovery):<\/b> Peri\u00f3dicamente se realizan copias de seguridad de los datos propietarios del sistema en una ubicaci\u00f3n externa. Estas copias de seguridad sirven exclusivamente para la recuperaci\u00f3n en caso de fallo fatal de la infraestructura (<i data-path-to-node=\"13\" data-index-in-node=\"366\">Recuperaci\u00f3n en caso de cat\u00e1strofe<\/i>).<\/p><p data-path-to-node=\"13\"><b data-path-to-node=\"13\" data-index-in-node=\"386\">4.3 Responsabilidad del cliente (Esencial):<\/b> El Cliente reconoce que las Copias de Seguridad del Sistema (4.2) <b data-path-to-node=\"13\" data-index-in-node=\"475\">no<\/b> servir como instalaci\u00f3n de copia de seguridad principal para la recuperaci\u00f3n de datos individuales. De conformidad con <b data-path-to-node=\"13\" data-index-in-node=\"557\">Art\u00edculos 12.1 y 12.2 de las Condiciones Generales<\/b> el Cliente es responsable de gestionar sus propias copias de seguridad. Digi Hosting no se hace responsable de la p\u00e9rdida de datos debida a fallos de software de terceros (tales como <b data-path-to-node=\"13\" data-index-in-node=\"768\">JetBackup<\/b>), salvo acuerdos SLA expl\u00edcitamente diferentes.<\/p><p data-path-to-node=\"13\"><b data-path-to-node=\"13\" data-index-in-node=\"827\">4.4 Seguridad de acceso:<\/b> El Cliente es responsable de la estricta confidencialidad de los datos de acceso y del bloqueo adecuado de la sesi\u00f3n para evitar accesos no autorizados.<\/p>\t\t\t\t\t\t\t\t<\/div>\n\t\t\t\t<\/div>\n\t\t\t\t<div class=\"elementor-element elementor-element-6930f59 elementor-widget elementor-widget-text-editor\" data-id=\"6930f59\" data-element_type=\"widget\" data-e-type=\"widget\" data-widget_type=\"text-editor.default\">\n\t\t\t\t<div class=\"elementor-widget-container\">\n\t\t\t\t\t\t\t\t\t<p><!-- \/wp:paragraph --><!-- wp:paragraph --><\/p>\n<p><!-- \/wp:paragraph --><!-- wp:paragraph --><\/p>\n<p>Estas condiciones pueden contener errores de imprenta.<\/p>\n<p><!-- \/wp:paragraph --><!-- wp:paragraph --><\/p>\n<p><!-- \/wp:paragraph --><!-- wp:paragraph --><\/p>\n<p><!-- \/wp:paragraph --><!-- wp:paragraph --><\/p>\n<p><!-- \/wp:paragraph --><!-- wp:paragraph --><\/p>\n<p><!-- \/wp:paragraph --><!-- wp:paragraph --><\/p>\n<p><!-- \/wp:paragraph --><!-- wp:paragraph --><\/p>\n<p><!-- \/wp:paragraph --><!-- wp:paragraph --><\/p>\n<p><!-- \/wp:paragraph --><!-- wp:paragraph --><\/p>\n<p><!-- \/wp:paragraph --><!-- wp:list {\"ordered\":true} --><\/p>\n<p><!-- \/wp:list --><\/p>\t\t\t\t\t\t\t\t<\/div>\n\t\t\t\t<\/div>\n\t\t\t\t<div class=\"elementor-element elementor-element-9a219d8 elementor-widget elementor-widget-heading\" data-id=\"9a219d8\" data-element_type=\"widget\" data-e-type=\"widget\" data-widget_type=\"heading.default\">\n\t\t\t\t<div class=\"elementor-widget-container\">\n\t\t\t\t\t<h2 class=\"elementor-heading-title elementor-size-default\">\u00daltima modificaci\u00f3n: 8 de marzo de 2025<\/h2>\t\t\t\t<\/div>\n\t\t\t\t<\/div>\n\t\t\t\t\t<\/div>\n\t\t\t\t<\/div>\n\t\t\t\t<\/div>","protected":false},"excerpt":{"rendered":"<p>Beleid inzake Klantgegevens Bij Digi Company, handelend als Digi Hosting, hechten wij grote waarde aan de bescherming en integriteit van klantdata. Dit beleid omschrijft de verantwoordelijkheden met betrekking tot gegevensbeheer en veiligheid. Voor informatie over uw eigen persoonsgegevens (facturatie, etc.) verwijzen wij naar ons Privacybeleid. Artikel 1: Definitie en Eigendom van Klantgegevens 1.1 Definitie: Onder [&hellip;]<\/p>\n","protected":false},"author":1,"featured_media":0,"parent":18254,"menu_order":0,"comment_status":"closed","ping_status":"closed","template":"elementor_header_footer","meta":{"_acf_changed":false,"footnotes":""},"class_list":["post-18277","page","type-page","status-publish","hentry"],"acf":[],"_links":{"self":[{"href":"https:\/\/digi.hosting\/es\/wp-json\/wp\/v2\/pages\/18277","targetHints":{"allow":["GET"]}}],"collection":[{"href":"https:\/\/digi.hosting\/es\/wp-json\/wp\/v2\/pages"}],"about":[{"href":"https:\/\/digi.hosting\/es\/wp-json\/wp\/v2\/types\/page"}],"author":[{"embeddable":true,"href":"https:\/\/digi.hosting\/es\/wp-json\/wp\/v2\/users\/1"}],"replies":[{"embeddable":true,"href":"https:\/\/digi.hosting\/es\/wp-json\/wp\/v2\/comments?post=18277"}],"version-history":[{"count":16,"href":"https:\/\/digi.hosting\/es\/wp-json\/wp\/v2\/pages\/18277\/revisions"}],"predecessor-version":[{"id":22601,"href":"https:\/\/digi.hosting\/es\/wp-json\/wp\/v2\/pages\/18277\/revisions\/22601"}],"up":[{"embeddable":true,"href":"https:\/\/digi.hosting\/es\/wp-json\/wp\/v2\/pages\/18254"}],"wp:attachment":[{"href":"https:\/\/digi.hosting\/es\/wp-json\/wp\/v2\/media?parent=18277"}],"curies":[{"name":"wp","href":"https:\/\/api.w.org\/{rel}","templated":true}]}}