{"id":18286,"date":"2025-05-25T15:29:53","date_gmt":"2025-05-25T13:29:53","guid":{"rendered":"https:\/\/digi.hosting\/?page_id=18286"},"modified":"2026-03-14T15:34:49","modified_gmt":"2026-03-14T14:34:49","slug":"acuerdo-con-el-procesador","status":"publish","type":"page","link":"https:\/\/digi.hosting\/es\/juridisch\/verwerkersovereenkomst\/","title":{"rendered":"Acuerdo con el procesador"},"content":{"rendered":"<div data-elementor-type=\"wp-page\" data-elementor-id=\"18286\" class=\"elementor elementor-18286\" data-elementor-post-type=\"page\">\n\t\t\t\t<div data-dce-background-overlay-color=\"#000000\" class=\"elementor-element elementor-element-e345dc4 e-con-full e-flex e-con e-parent\" data-id=\"e345dc4\" data-element_type=\"container\" data-e-type=\"container\">\n\t\t<div class=\"elementor-element elementor-element-37c4f76 e-con-full e-flex e-con e-child\" data-id=\"37c4f76\" data-element_type=\"container\" data-e-type=\"container\">\n\t\t<div class=\"elementor-element elementor-element-b15cf37 e-con-full e-flex e-con e-child\" data-id=\"b15cf37\" data-element_type=\"container\" data-e-type=\"container\">\n\t\t\t\t<div class=\"elementor-element elementor-element-67695f7 elementor-widget elementor-widget-heading\" data-id=\"67695f7\" data-element_type=\"widget\" data-e-type=\"widget\" data-widget_type=\"heading.default\">\n\t\t\t\t<div class=\"elementor-widget-container\">\n\t\t\t\t\t<h2 class=\"elementor-heading-title elementor-size-default\">Acuerdo con el procesador<\/h2>\t\t\t\t<\/div>\n\t\t\t\t<\/div>\n\t\t\t\t<\/div>\n\t\t\t\t<\/div>\n\t\t\t\t<\/div>\n\t\t<div data-dce-background-color=\"#FFFFFF\" class=\"elementor-element elementor-element-2beabb86 e-flex e-con-boxed e-con e-parent\" data-id=\"2beabb86\" data-element_type=\"container\" data-e-type=\"container\" data-settings=\"{&quot;background_background&quot;:&quot;classic&quot;}\">\n\t\t\t\t\t<div class=\"e-con-inner\">\n\t\t\t\t<div class=\"elementor-element elementor-element-583499c3 elementor-widget elementor-widget-text-editor\" data-id=\"583499c3\" data-element_type=\"widget\" data-e-type=\"widget\" data-widget_type=\"text-editor.default\">\n\t\t\t\t<div class=\"elementor-widget-container\">\n\t\t\t\t\t\t\t\t\t<p data-path-to-node=\"4\">El presente Acuerdo de Encargado del Tratamiento se aplica al tratamiento de datos personales por parte de <b data-path-to-node=\"4\" data-index-in-node=\"89\">Empresa Digi<\/b>actuando como <b data-path-to-node=\"4\" data-index-in-node=\"117\">Digi Hosting<\/b> (en adelante, \"el Encargado del Tratamiento\") en nombre de sus clientes (en adelante, \"el Encargado del Tratamiento\") y se ha elaborado de conformidad con el Reglamento General de Protecci\u00f3n de Datos (RGPD).<\/p>\n<h3 data-path-to-node=\"5\">1. 1. Introducci\u00f3n y \u00e1mbito de aplicaci\u00f3n<\/h3>\n<p data-path-to-node=\"6\">El presente acuerdo regula los derechos y obligaciones relativos al tratamiento de datos personales en el contexto de la prestaci\u00f3n de servicios de alojamiento web y servicios relacionados. Este acuerdo forma parte integrante de las Condiciones Generales del Procesador.<\/p>\n<h3 data-path-to-node=\"7\">2. Tratamiento de datos personales<\/h3>\n<p data-path-to-node=\"8\">El encargado del tratamiento trata las siguientes categor\u00edas de datos personales por cuenta del responsable del tratamiento:<\/p>\n<ul data-path-to-node=\"9\">\n<li>\n<p data-path-to-node=\"9,0,0\">Datos de contacto e identificaci\u00f3n (nombre, direcci\u00f3n de correo electr\u00f3nico);<\/p>\n<\/li>\n<li>\n<p data-path-to-node=\"9,1,0\">Direcciones IP y nombres de dominio;<\/p>\n<\/li>\n<li>\n<p data-path-to-node=\"9,2,0\">Nombres de usuario e informaci\u00f3n de acceso;<\/p>\n<\/li>\n<li>\n<p data-path-to-node=\"9,3,0\">An\u00e1lisis y datos de uso;<\/p>\n<\/li>\n<li>\n<p data-path-to-node=\"9,4,0\">Historial de pedidos e informaci\u00f3n sobre contratos;<\/p>\n<\/li>\n<li>\n<p data-path-to-node=\"9,5,0\">Comunicaci\u00f3n y solicitudes de apoyo;<\/p>\n<\/li>\n<li>\n<p data-path-to-node=\"9,6,0\">Im\u00e1genes y otros contenidos almacenados en los servidores.<\/p>\n<\/li>\n<\/ul>\n<p data-path-to-node=\"10\">El tratamiento s\u00f3lo tendr\u00e1 lugar sobre la base de las instrucciones escritas (incluida la ejecuci\u00f3n del acuerdo principal), a menos que las disposiciones legales exijan que el encargado del tratamiento lleve a cabo otro tipo de tratamiento.<\/p>\n<h3 data-path-to-node=\"11\">3. Finalidad del tratamiento<\/h3>\n<p data-path-to-node=\"12\">Los datos se tratan exclusivamente para la prestaci\u00f3n de los servicios acordados: alojamiento web, correo electr\u00f3nico, registro de dominios, soporte t\u00e9cnico, copias de seguridad y seguridad de la red.<\/p>\n<h3 data-path-to-node=\"13\">4. Obligaciones de Digi Hosting<\/h3>\n<p data-path-to-node=\"14\">El tramitador se compromete a:<\/p>\n<ul data-path-to-node=\"15\">\n<li>\n<p data-path-to-node=\"15,0,0\"><b data-path-to-node=\"15,0,0\" data-index-in-node=\"0\">Confidencialidad:<\/b> Garantizar que los empleados est\u00e9n sujetos a estrictas obligaciones de confidencialidad.<\/p>\n<\/li>\n<li>\n<p data-path-to-node=\"15,1,0\"><b data-path-to-node=\"15,1,0\" data-index-in-node=\"0\">Seguridad:<\/b> Aplicar las medidas t\u00e9cnicas y organizativas adecuadas (v\u00e9ase el ap\u00e9ndice 1).<\/p>\n<\/li>\n<li>\n<p data-path-to-node=\"15,2,0\"><b data-path-to-node=\"15,2,0\" data-index-in-node=\"0\">Asistencia:<\/b> Ayudar al cliente con las solicitudes de los interesados, las notificaciones de violaci\u00f3n de datos y la realizaci\u00f3n de DPIA cuando sea razonablemente posible.<\/p>\n<\/li>\n<li>\n<p data-path-to-node=\"15,3,0\"><b data-path-to-node=\"15,3,0\" data-index-in-node=\"0\">Eliminaci\u00f3n de datos:<\/b> Suprimir o devolver los datos tras la finalizaci\u00f3n del servicio, con sujeci\u00f3n a los periodos legales de conservaci\u00f3n (por ejemplo, legislaci\u00f3n fiscal).<\/p>\n<\/li>\n<\/ul>\n<h3 data-path-to-node=\"16\">5. Subprocesadores<\/h3>\n<p data-path-to-node=\"17\">El Responsable del Tratamiento autoriza la contrataci\u00f3n de los siguientes subencargados del tratamiento:<\/p>\n<div class=\"horizontal-scroll-wrapper\">\n<div class=\"table-block-component\">\n<div class=\"table-block has-export-button new-table-style is-at-scroll-start is-at-scroll-end\">\n<div class=\"table-content not-end-of-paragraph\" data-hveid=\"0\" data-ved=\"0CAAQ3ecQahgKEwiM8tXdwJ-TAxUAAAAAHQAAAAAQjwY\">\n<table data-path-to-node=\"18\">\n<thead>\n<tr>\n<td><span data-path-to-node=\"18,0,0,0\">Subprocesador<\/span><\/td>\n<td><span data-path-to-node=\"18,0,1,0\">Funci\u00f3n<\/span><\/td>\n<td><span data-path-to-node=\"18,0,2,0\">Ubicaci\u00f3n<\/span><\/td>\n<\/tr>\n<\/thead>\n<tbody>\n<tr>\n<td><span data-path-to-node=\"18,1,0,0\"><b data-path-to-node=\"18,1,0,0\" data-index-in-node=\"0\">Hetzner Online GmbH<\/b><\/span><\/td>\n<td><span data-path-to-node=\"18,1,1,0\">Centro de datos<\/span><\/td>\n<td><span data-path-to-node=\"18,1,2,0\">Alemania, Finlandia<\/span><\/td>\n<\/tr>\n<tr>\n<td><span data-path-to-node=\"18,2,0,0\"><b data-path-to-node=\"18,2,0,0\" data-index-in-node=\"0\">OVHCloud<\/b><\/span><\/td>\n<td><span data-path-to-node=\"18,2,1,0\">Centro de datos<\/span><\/td>\n<td><span data-path-to-node=\"18,2,2,0\">UE, Norteam\u00e9rica, Asia-Pac\u00edfico<\/span><\/td>\n<\/tr>\n<tr>\n<td><span data-path-to-node=\"18,3,0,0\"><b data-path-to-node=\"18,3,0,0\" data-index-in-node=\"0\">OpenProvider<\/b><\/span><\/td>\n<td><span data-path-to-node=\"18,3,1,0\">Registro de dominios<\/span><\/td>\n<td><span data-path-to-node=\"18,3,2,0\">Pa\u00edses Bajos<\/span><\/td>\n<\/tr>\n<tr>\n<td><span data-path-to-node=\"18,4,0,0\"><b data-path-to-node=\"18,4,0,0\" data-index-in-node=\"0\">CBA Lochristi<\/b><\/span><\/td>\n<td><span data-path-to-node=\"18,4,1,0\">Contabilidad<\/span><\/td>\n<td><span data-path-to-node=\"18,4,2,0\">B\u00e9lgica<\/span><\/td>\n<\/tr>\n<tr>\n<td><span data-path-to-node=\"18,5,0,0\"><b data-path-to-node=\"18,5,0,0\" data-index-in-node=\"0\">Bill To Box<\/b><\/span><\/td>\n<td><span data-path-to-node=\"18,5,1,0\">Contabilidad<\/span><\/td>\n<td><span data-path-to-node=\"18,5,2,0\">B\u00e9lgica<\/span><\/td>\n<\/tr>\n<\/tbody>\n<\/table>\n<\/div>\n<\/div>\n<\/div>\n<\/div>\n<p data-path-to-node=\"19\">El encargado del tratamiento informar\u00e1 al cliente de cualquier cambio previsto en los subencargados del tratamiento. El encargado del tratamiento garantiza que los subencargados del tratamiento est\u00e1n sujetos a obligaciones similares en materia de protecci\u00f3n de datos.<\/p>\n<h3 data-path-to-node=\"20\">6. Incidentes y violaciones de datos<\/h3>\n<p data-path-to-node=\"21\">En caso de violaci\u00f3n de la seguridad que provoque el robo, la p\u00e9rdida o el acceso no autorizado a los datos personales, el encargado del tratamiento informar\u00e1 al responsable del tratamiento sin demora y, a m\u00e1s tardar, en el plazo de <b data-path-to-node=\"21\" data-index-in-node=\"216\">72 horas<\/b> despu\u00e9s del descubrimiento.<\/p>\n<h3 data-path-to-node=\"22\">7. Derechos de los interesados<\/h3>\n<p data-path-to-node=\"23\">El encargado del tratamiento cooperar\u00e1 en el ejercicio de los derechos de los interesados (inspecci\u00f3n, rectificaci\u00f3n, supresi\u00f3n), siempre que ello est\u00e9 dentro de las posibilidades t\u00e9cnicas del servicio normalizado.<\/p>\n<h3 data-path-to-node=\"24\">8. Duraci\u00f3n y rescisi\u00f3n<\/h3>\n<p data-path-to-node=\"25\">Este acuerdo ser\u00e1 v\u00e1lido mientras el encargado del tratamiento procese datos personales por cuenta del cliente.<\/p>\n<hr data-path-to-node=\"26\" \/>\n<h3 data-path-to-node=\"27\">Ap\u00e9ndice 1: Medidas t\u00e9cnicas y organizativas<\/h3>\n<p data-path-to-node=\"28\"><b data-path-to-node=\"28\" data-index-in-node=\"0\">1. Organizaci\u00f3n y personal<\/b><\/p>\n<ul data-path-to-node=\"29\">\n<li>\n<p data-path-to-node=\"29,0,0\">Digi Hosting cuenta con una pol\u00edtica de seguridad coordinada bajo la supervisi\u00f3n de la direcci\u00f3n.<\/p>\n<\/li>\n<li>\n<p data-path-to-node=\"29,1,0\">Los empleados reciben formaci\u00f3n peri\u00f3dica sobre las mejores pr\u00e1cticas de seguridad y concienciaci\u00f3n de AVG.<\/p>\n<\/li>\n<\/ul>\n<p data-path-to-node=\"30\"><b data-path-to-node=\"30\" data-index-in-node=\"0\">2. Seguridad f\u00edsica y medioambiental<\/b><\/p>\n<ul data-path-to-node=\"31\">\n<li>\n<p data-path-to-node=\"31,0,0\">La infraestructura se aloja en centros de datos con estricto control de acceso f\u00edsico, vigilancia por c\u00e1maras y protecci\u00f3n contra incendios y cortes de electricidad.<\/p>\n<\/li>\n<\/ul>\n<p data-path-to-node=\"32\"><b data-path-to-node=\"32\" data-index-in-node=\"0\">3. Control de acceso y autorizaci\u00f3n<\/b><\/p>\n<ul data-path-to-node=\"33\">\n<li>\n<p data-path-to-node=\"33,0,0\">El acceso a los sistemas se basa en la <i data-path-to-node=\"33,0,0\" data-index-in-node=\"48\">Lo que hay que saber<\/i> y autenticaci\u00f3n fuerte.<\/p>\n<\/li>\n<li>\n<p data-path-to-node=\"33,1,0\">Las contrase\u00f1as se almacenan cifradas de forma irreversible.<\/p>\n<\/li>\n<li>\n<p data-path-to-node=\"33,2,0\">Las sesiones finalizan autom\u00e1ticamente en caso de inactividad.<\/p>\n<\/li>\n<\/ul>\n<p data-path-to-node=\"34\"><b data-path-to-node=\"34\" data-index-in-node=\"0\">4. Seguridad operativa<\/b><\/p>\n<ul data-path-to-node=\"35\">\n<li>\n<p data-path-to-node=\"35,0,0\">Uso de esc\u00e1neres de malware, filtros de red y cortafuegos.<\/p>\n<\/li>\n<li>\n<p data-path-to-node=\"35,1,0\">Registro de actividades cr\u00edticas del sistema para detectar intentos de acceso no autorizados.<\/p>\n<\/li>\n<li>\n<p data-path-to-node=\"35,2,0\">El intercambio de datos en Internet se realiza exclusivamente a trav\u00e9s de conexiones cifradas (SSL\/TLS).<\/p>\n<\/li>\n<\/ul>\n<p data-path-to-node=\"36\"><b data-path-to-node=\"36\" data-index-in-node=\"0\">5. Continuidad y recuperaci\u00f3n en caso de cat\u00e1strofe<\/b><\/p>\n<ul data-path-to-node=\"37\">\n<li>\n<p data-path-to-node=\"37,0,0\">Las estructuras de almacenamiento redundantes y las copias de seguridad separadas geogr\u00e1ficamente garantizan la recuperabilidad de los datos tras los incidentes.<\/p>\n<\/li>\n<li>\n<p data-path-to-node=\"37,1,0\">Existen planes de emergencia actualizados para diversas situaciones de emergencia.<\/p>\n<\/li>\n<\/ul>\t\t\t\t\t\t\t\t<\/div>\n\t\t\t\t<\/div>\n\t\t\t\t<div class=\"elementor-element elementor-element-6930f59 elementor-widget elementor-widget-text-editor\" data-id=\"6930f59\" data-element_type=\"widget\" data-e-type=\"widget\" data-widget_type=\"text-editor.default\">\n\t\t\t\t<div class=\"elementor-widget-container\">\n\t\t\t\t\t\t\t\t\t<p><!-- \/wp:paragraph --><!-- wp:paragraph --><\/p>\n<p><!-- \/wp:paragraph --><!-- wp:paragraph --><\/p>\n<p>Estas condiciones pueden contener errores de imprenta.<\/p>\n<p><!-- \/wp:paragraph --><!-- wp:paragraph --><\/p>\n<p><!-- \/wp:paragraph --><!-- wp:paragraph --><\/p>\n<p><!-- \/wp:paragraph --><!-- wp:paragraph --><\/p>\n<p><!-- \/wp:paragraph --><!-- wp:paragraph --><\/p>\n<p><!-- \/wp:paragraph --><!-- wp:paragraph --><\/p>\n<p><!-- \/wp:paragraph --><!-- wp:paragraph --><\/p>\n<p><!-- \/wp:paragraph --><!-- wp:paragraph --><\/p>\n<p><!-- \/wp:paragraph --><!-- wp:paragraph --><\/p>\n<p><!-- \/wp:paragraph --><!-- wp:list {\"ordered\":true} --><\/p>\n<p><!-- \/wp:list --><\/p>\t\t\t\t\t\t\t\t<\/div>\n\t\t\t\t<\/div>\n\t\t\t\t<div class=\"elementor-element elementor-element-9a219d8 elementor-widget elementor-widget-heading\" data-id=\"9a219d8\" data-element_type=\"widget\" data-e-type=\"widget\" data-widget_type=\"heading.default\">\n\t\t\t\t<div class=\"elementor-widget-container\">\n\t\t\t\t\t<h2 class=\"elementor-heading-title elementor-size-default\">\u00daltima modificaci\u00f3n: 8 de marzo de 2025<\/h2>\t\t\t\t<\/div>\n\t\t\t\t<\/div>\n\t\t\t\t\t<\/div>\n\t\t\t\t<\/div>\n\t\t\t\t<\/div>","protected":false},"excerpt":{"rendered":"<p>Verwerkersovereenkomst Deze Verwerkersovereenkomst is van toepassing op de verwerking van persoonsgegevens door Digi Company, handelend als Digi Hosting (hierna: \u201cde Verwerker\u201d) in opdracht van haar klanten (hierna: \u201cde Verwerkingsverantwoordelijke\u201d) en is opgesteld conform de Algemene Verordening Gegevensbescherming (AVG). 1. Inleiding en reikwijdte Deze overeenkomst regelt de rechten en plichten met betrekking tot de verwerking van [&hellip;]<\/p>\n","protected":false},"author":1,"featured_media":0,"parent":18254,"menu_order":0,"comment_status":"closed","ping_status":"closed","template":"","meta":{"_acf_changed":false,"footnotes":""},"class_list":["post-18286","page","type-page","status-publish","hentry"],"acf":[],"_links":{"self":[{"href":"https:\/\/digi.hosting\/es\/wp-json\/wp\/v2\/pages\/18286","targetHints":{"allow":["GET"]}}],"collection":[{"href":"https:\/\/digi.hosting\/es\/wp-json\/wp\/v2\/pages"}],"about":[{"href":"https:\/\/digi.hosting\/es\/wp-json\/wp\/v2\/types\/page"}],"author":[{"embeddable":true,"href":"https:\/\/digi.hosting\/es\/wp-json\/wp\/v2\/users\/1"}],"replies":[{"embeddable":true,"href":"https:\/\/digi.hosting\/es\/wp-json\/wp\/v2\/comments?post=18286"}],"version-history":[{"count":28,"href":"https:\/\/digi.hosting\/es\/wp-json\/wp\/v2\/pages\/18286\/revisions"}],"predecessor-version":[{"id":22604,"href":"https:\/\/digi.hosting\/es\/wp-json\/wp\/v2\/pages\/18286\/revisions\/22604"}],"up":[{"embeddable":true,"href":"https:\/\/digi.hosting\/es\/wp-json\/wp\/v2\/pages\/18254"}],"wp:attachment":[{"href":"https:\/\/digi.hosting\/es\/wp-json\/wp\/v2\/media?parent=18286"}],"curies":[{"name":"wp","href":"https:\/\/api.w.org\/{rel}","templated":true}]}}