{"id":18293,"date":"2025-05-25T16:39:06","date_gmt":"2025-05-25T14:39:06","guid":{"rendered":"https:\/\/digi.hosting\/en\/accessibility-statement\/"},"modified":"2025-05-25T16:40:32","modified_gmt":"2025-05-25T14:40:32","slug":"declaracion-de-accesibilidad","status":"publish","type":"page","link":"https:\/\/digi.hosting\/es\/juridisch\/toegankelijkheidsverklaring\/","title":{"rendered":"Declaraci\u00f3n de accesibilidad"},"content":{"rendered":"<h6 class=\"wp-block-heading has-text-align-center\">Declaraci\u00f3n de accesibilidad para https:\/\/digi.hosting<\/h6>\n\n\n<p><strong>Digi Hosting<\/strong> est\u00e1 comprometida con la accesibilidad digital de las personas con discapacidad. Mejoramos continuamente la experiencia de usuario para todos y aplicamos las normas de accesibilidad pertinentes.<\/p>\n\n\n<h6 class=\"wp-block-heading\">Estado de cumplimiento<\/h6>\n\n\n<p>Las Pautas de Accesibilidad al Contenido en la Web (WCAG) definen los requisitos para que dise\u00f1adores y desarrolladores mejoren la accesibilidad de las personas con discapacidad. Se definen tres niveles de conformidad: nivel A, nivel AA y nivel AAA.<\/p>\n\n\n<p><strong>Digi Hosting<\/strong> se esfuerza constantemente por mejorar la accesibilidad de su sitio y sus servicios, convencida de que es nuestro deber moral colectivo permitir un uso fluido, accesible y sin trabas a las personas con discapacidad.<\/p>\n\n\n<p>Nos esforzamos por mantener todas las p\u00e1ginas y contenidos en <strong>https:\/\/digi.hosting<\/strong> accesibles, pero es posible que algunos contenidos a\u00fan no cumplan plenamente las normas m\u00e1s estrictas de accesibilidad. Esto puede deberse a dificultades para encontrar la soluci\u00f3n tecnol\u00f3gica m\u00e1s adecuada.<\/p>\n\n\n<p>Podemos revisar esta declaraci\u00f3n peri\u00f3dicamente para reflejar mejoras o cambios en nuestras pr\u00e1cticas de accesibilidad.<\/p>\n\n\n<h6 class=\"wp-block-heading\">Comentarios<\/h6>\n\n\n<p>Agradecemos sus comentarios sobre la accesibilidad de <strong>Digi Hosting<\/strong> sitio. Por favor, inf\u00f3rmenos si encuentra barreras de accesibilidad en nuestro sitio:<\/p>\n\n\n<p>Correo electr\u00f3nico: <strong>support@digi.hosting<\/strong><\/p>\n\n\n<p>Intentamos responder a los comentarios en un plazo de 3 a 5 d\u00edas laborables.<\/p>\n\n\n<p>Esta declaraci\u00f3n se cre\u00f3 el 25-5-2025. <\/p>","protected":false},"excerpt":{"rendered":"<p>Toegankelijkheidsverklaring voor https:\/\/digi.hosting Digi Hosting zet zich in voor digitale toegankelijkheid voor mensen met een handicap. We verbeteren voortdurend de gebruikerservaring voor iedereen en passen de relevante toegankelijkheidsnormen toe. Conformiteitsstatus De web inhoud accessibility guidelines (WCAG) defini\u00ebren eisen voor ontwerpers en ontwikkelaars om de toegankelijkheid voor mensen met een handicap te verbeteren. Er worden drie [&hellip;]<\/p>\n","protected":false},"author":1,"featured_media":0,"parent":18254,"menu_order":0,"comment_status":"closed","ping_status":"closed","template":"","meta":{"_acf_changed":false,"footnotes":""},"class_list":["post-18293","page","type-page","status-publish","hentry"],"acf":[],"_links":{"self":[{"href":"https:\/\/digi.hosting\/es\/wp-json\/wp\/v2\/pages\/18293","targetHints":{"allow":["GET"]}}],"collection":[{"href":"https:\/\/digi.hosting\/es\/wp-json\/wp\/v2\/pages"}],"about":[{"href":"https:\/\/digi.hosting\/es\/wp-json\/wp\/v2\/types\/page"}],"author":[{"embeddable":true,"href":"https:\/\/digi.hosting\/es\/wp-json\/wp\/v2\/users\/1"}],"replies":[{"embeddable":true,"href":"https:\/\/digi.hosting\/es\/wp-json\/wp\/v2\/comments?post=18293"}],"version-history":[{"count":1,"href":"https:\/\/digi.hosting\/es\/wp-json\/wp\/v2\/pages\/18293\/revisions"}],"predecessor-version":[{"id":18294,"href":"https:\/\/digi.hosting\/es\/wp-json\/wp\/v2\/pages\/18293\/revisions\/18294"}],"up":[{"embeddable":true,"href":"https:\/\/digi.hosting\/es\/wp-json\/wp\/v2\/pages\/18254"}],"wp:attachment":[{"href":"https:\/\/digi.hosting\/es\/wp-json\/wp\/v2\/media?parent=18293"}],"curies":[{"name":"wp","href":"https:\/\/api.w.org\/{rel}","templated":true}]}}