{"id":18301,"date":"2025-05-25T17:29:47","date_gmt":"2025-05-25T15:29:47","guid":{"rendered":"https:\/\/digi.hosting\/?page_id=18301"},"modified":"2026-03-14T15:36:04","modified_gmt":"2026-03-14T14:36:04","slug":"politica-de-dominios","status":"publish","type":"page","link":"https:\/\/digi.hosting\/es\/juridisch\/domeinverloop-beleid\/","title":{"rendered":"Pol\u00edtica de progresi\u00f3n de dominio"},"content":{"rendered":"<div data-elementor-type=\"wp-page\" data-elementor-id=\"18301\" class=\"elementor elementor-18301\" data-elementor-post-type=\"page\">\n\t\t\t\t<div data-dce-background-overlay-color=\"#000000\" class=\"elementor-element elementor-element-e345dc4 e-con-full e-flex e-con e-parent\" data-id=\"e345dc4\" data-element_type=\"container\" data-e-type=\"container\">\n\t\t<div class=\"elementor-element elementor-element-37c4f76 e-con-full e-flex e-con e-child\" data-id=\"37c4f76\" data-element_type=\"container\" data-e-type=\"container\">\n\t\t<div class=\"elementor-element elementor-element-b15cf37 e-con-full e-flex e-con e-child\" data-id=\"b15cf37\" data-element_type=\"container\" data-e-type=\"container\">\n\t\t\t\t<div class=\"elementor-element elementor-element-67695f7 elementor-widget elementor-widget-heading\" data-id=\"67695f7\" data-element_type=\"widget\" data-e-type=\"widget\" data-widget_type=\"heading.default\">\n\t\t\t\t<div class=\"elementor-widget-container\">\n\t\t\t\t\t<h2 class=\"elementor-heading-title elementor-size-default\">Pol\u00edtica de progresi\u00f3n de dominio<\/h2>\t\t\t\t<\/div>\n\t\t\t\t<\/div>\n\t\t\t\t<\/div>\n\t\t\t\t<\/div>\n\t\t\t\t<\/div>\n\t\t<div data-dce-background-color=\"#FFFFFF\" class=\"elementor-element elementor-element-2beabb86 e-flex e-con-boxed e-con e-parent\" data-id=\"2beabb86\" data-element_type=\"container\" data-e-type=\"container\" data-settings=\"{&quot;background_background&quot;:&quot;classic&quot;}\">\n\t\t\t\t\t<div class=\"e-con-inner\">\n\t\t\t\t<div class=\"elementor-element elementor-element-583499c3 elementor-widget elementor-widget-text-editor\" data-id=\"583499c3\" data-element_type=\"widget\" data-e-type=\"widget\" data-widget_type=\"text-editor.default\">\n\t\t\t\t<div class=\"elementor-widget-container\">\n\t\t\t\t\t\t\t\t\t<p data-path-to-node=\"4\">Esta pol\u00edtica define los procedimientos y responsabilidades relativos a la expiraci\u00f3n y restauraci\u00f3n de registros de nombres de dominio. Complementa <b data-path-to-node=\"4\" data-index-in-node=\"164\">Art\u00edculo 11 de las Condiciones Generales<\/b>.<\/p>\n<h3 data-path-to-node=\"5\">Art\u00edculo 1: Responsabilidad y renovaci\u00f3n<\/h3>\n<p data-path-to-node=\"6\"><b data-path-to-node=\"6\" data-index-in-node=\"0\">1.1 Deber de diligencia activo:<\/b> Digi Hosting renueva el registro de nombres de dominio <b data-path-to-node=\"6\" data-index-in-node=\"80\">no autom\u00e1ticamente<\/b>salvo que el Cliente lo configure expl\u00edcitamente a trav\u00e9s del panel de control. El Cliente es el \u00fanico responsable de la renovaci\u00f3n oportuna y de mantener actualizados los datos de contacto del titular del nombre de dominio. <b data-path-to-node=\"6\" data-index-in-node=\"322\">1.2 Pago seg\u00fan instrucci\u00f3n:<\/b> El registro de un nombre de dominio no se efect\u00faa t\u00e9cnicamente hasta que se haya recibido el pago completo de la factura de renovaci\u00f3n.<\/p>\n<h3 data-path-to-node=\"7\">Art\u00edculo 2: Procedimiento de recordatorio (notificaciones previas a la expiraci\u00f3n)<\/h3>\n<p data-path-to-node=\"8\">Para evitar la caducidad involuntaria, Digi Hosting aplica un estricto ciclo de recordatorio. Se enviar\u00e1n cinco (5) mensajes de correo electr\u00f3nico a la direcci\u00f3n de correo electr\u00f3nico que nos consta:<\/p>\n<ul data-path-to-node=\"9\">\n<li>\n<p data-path-to-node=\"9,0,0\"><b data-path-to-node=\"9,0,0\" data-index-in-node=\"0\">27, 14, 7, 3 y 1 d\u00eda(s)<\/b> antes de la fecha de expiraci\u00f3n.<\/p>\n<\/li>\n<\/ul>\n<p data-path-to-node=\"10\">Cada notificaci\u00f3n contiene la fecha de vencimiento y una factura Pro Forma. Si el pago no ha sido procesado por Digi Hosting antes de la fecha de vencimiento, la factura caducar\u00e1 autom\u00e1ticamente y el nombre de dominio no ser\u00e1 renovado. Digi Hosting no se hace responsable de la no recepci\u00f3n de estas notificaciones debido a factores fuera de su control (por ejemplo, filtros de spam o direcciones de correo electr\u00f3nico obsoletas).<\/p>\n<h3 data-path-to-node=\"11\">Art\u00edculo 3: Situaci\u00f3n posterior a la expiraci\u00f3n<\/h3>\n<p data-path-to-node=\"12\">Si un nombre de dominio sobrepasa la fecha de expiraci\u00f3n sin que se haya renovado con \u00e9xito, entrar\u00e1n en vigor las siguientes modalidades: <b data-path-to-node=\"12\" data-index-in-node=\"121\">3.1 Aviso de vencimiento final:<\/b> Dentro de los cinco (5) d\u00edas siguientes a la expiraci\u00f3n, Digi Hosting enviar\u00e1 una notificaci\u00f3n obligatoria de que el dominio ha expirado (de acuerdo con las normas de ICANN para gTLDs). <b data-path-to-node=\"12\" data-index-in-node=\"295\">3.2 Desactivaci\u00f3n:<\/b> El nombre de dominio se elimina inmediatamente de la zona DNS, con lo que los sitios web vinculados y los servicios de correo electr\u00f3nico dejan de estar disponibles.<\/p>\n<h3 data-path-to-node=\"13\">Art\u00edculo 4: Per\u00edodo de gracia de reembolso (RGP)<\/h3>\n<p data-path-to-node=\"14\">Tras la expiraci\u00f3n del nombre de dominio, para la mayor\u00eda de las extensiones (como .com, .net, .org, .uk), un <b data-path-to-node=\"14\" data-index-in-node=\"99\">Periodo de recuperaci\u00f3n (RGP)<\/b> en de normalmente <b data-path-to-node=\"14\" data-index-in-node=\"137\">30 d\u00edas<\/b>. <b data-path-to-node=\"14\" data-index-in-node=\"147\">4.1 Limitaciones:<\/b> Durante el RGP, el nombre de dominio no puede transferirse a otro registrador. <b data-path-to-node=\"14\" data-index-in-node=\"245\">4.2 Costes de recuperaci\u00f3n:<\/b> Para restablecer un dominio en esta fase, se necesitan importantes <b data-path-to-node=\"14\" data-index-in-node=\"332\">gastos administrativos y de reparaci\u00f3n<\/b> que se cobran adem\u00e1s del precio normal de renovaci\u00f3n. Estas tasas son pagaderas al registro y se cargan en su totalidad al Cliente. P\u00f3ngase en contacto con support@digi.hosting para conocer las tasas actuales por extensi\u00f3n. <b data-path-to-node=\"14\" data-index-in-node=\"598\">4.3 Sin garant\u00eda:<\/b> Digi Hosting nunca puede garantizar el \u00e9xito de la restauraci\u00f3n de un nombre de dominio en la fase RGP; esto depende de la cooperaci\u00f3n del registro paraguas.<\/p>\n<h3 data-path-to-node=\"15\">Art\u00edculo 5: Condiciones espec\u00edficas del Registro<\/h3>\n<p data-path-to-node=\"16\"><b data-path-to-node=\"16\" data-index-in-node=\"0\">5.1 T\u00e9rminos divergentes:<\/b> El Cliente reconoce que ccTLD espec\u00edficos (como <b data-path-to-node=\"16\" data-index-in-node=\"72\">.be<\/b> y <b data-path-to-node=\"16\" data-index-in-node=\"79\">.es<\/b>) aplican procedimientos de caducidad y periodos de cuarentena diferentes. Las normativas de DNS B\u00e9lgica y SIDN respectivamente son plenamente aplicables en estos casos. <b data-path-to-node=\"16\" data-index-in-node=\"250\">5.2 Lengua:<\/b> Todas las comunicaciones relativas a la expiraci\u00f3n del dominio se realizar\u00e1n en el idioma del acuerdo original o en ingl\u00e9s, en funci\u00f3n de la normativa del registro correspondiente.<\/p>\t\t\t\t\t\t\t\t<\/div>\n\t\t\t\t<\/div>\n\t\t\t\t<div class=\"elementor-element elementor-element-6930f59 elementor-widget elementor-widget-text-editor\" data-id=\"6930f59\" data-element_type=\"widget\" data-e-type=\"widget\" data-widget_type=\"text-editor.default\">\n\t\t\t\t<div class=\"elementor-widget-container\">\n\t\t\t\t\t\t\t\t\t<p><!-- \/wp:paragraph --><!-- wp:paragraph --><\/p>\n<p><!-- \/wp:paragraph --><!-- wp:paragraph --><\/p>\n<p>Estas condiciones pueden contener errores de imprenta.<\/p>\n<p><!-- \/wp:paragraph --><!-- wp:paragraph --><\/p>\n<p><!-- \/wp:paragraph --><!-- wp:paragraph --><\/p>\n<p><!-- \/wp:paragraph --><!-- wp:paragraph --><\/p>\n<p><!-- \/wp:paragraph --><!-- wp:paragraph --><\/p>\n<p><!-- \/wp:paragraph --><!-- wp:paragraph --><\/p>\n<p><!-- \/wp:paragraph --><!-- wp:paragraph --><\/p>\n<p><!-- \/wp:paragraph --><!-- wp:paragraph --><\/p>\n<p><!-- \/wp:paragraph --><!-- wp:paragraph --><\/p>\n<p><!-- \/wp:paragraph --><!-- wp:list {\"ordered\":true} --><\/p>\n<p><!-- \/wp:list --><\/p>\t\t\t\t\t\t\t\t<\/div>\n\t\t\t\t<\/div>\n\t\t\t\t<div class=\"elementor-element elementor-element-9a219d8 elementor-widget elementor-widget-heading\" data-id=\"9a219d8\" data-element_type=\"widget\" data-e-type=\"widget\" data-widget_type=\"heading.default\">\n\t\t\t\t<div class=\"elementor-widget-container\">\n\t\t\t\t\t<h2 class=\"elementor-heading-title elementor-size-default\">\u00daltima modificaci\u00f3n: 8 de marzo de 2025<\/h2>\t\t\t\t<\/div>\n\t\t\t\t<\/div>\n\t\t\t\t\t<\/div>\n\t\t\t\t<\/div>\n\t\t\t\t<\/div>","protected":false},"excerpt":{"rendered":"<p>Domeinverloop beleid Dit beleid omschrijft de procedures en verantwoordelijkheden met betrekking tot het vervallen en herstellen van domeinnaamregistraties. Het vormt een aanvulling op Artikel 11 van de Algemene Voorwaarden. Artikel 1: Verantwoordelijkheid en Verlenging 1.1 Actieve Zorgplicht: Digi Hosting verlengt de registratie van een domeinnaam niet automatisch, tenzij de Klant dit expliciet heeft geconfigureerd via [&hellip;]<\/p>\n","protected":false},"author":1,"featured_media":0,"parent":18254,"menu_order":0,"comment_status":"closed","ping_status":"closed","template":"","meta":{"_acf_changed":false,"footnotes":""},"class_list":["post-18301","page","type-page","status-publish","hentry"],"acf":[],"_links":{"self":[{"href":"https:\/\/digi.hosting\/es\/wp-json\/wp\/v2\/pages\/18301","targetHints":{"allow":["GET"]}}],"collection":[{"href":"https:\/\/digi.hosting\/es\/wp-json\/wp\/v2\/pages"}],"about":[{"href":"https:\/\/digi.hosting\/es\/wp-json\/wp\/v2\/types\/page"}],"author":[{"embeddable":true,"href":"https:\/\/digi.hosting\/es\/wp-json\/wp\/v2\/users\/1"}],"replies":[{"embeddable":true,"href":"https:\/\/digi.hosting\/es\/wp-json\/wp\/v2\/comments?post=18301"}],"version-history":[{"count":22,"href":"https:\/\/digi.hosting\/es\/wp-json\/wp\/v2\/pages\/18301\/revisions"}],"predecessor-version":[{"id":22607,"href":"https:\/\/digi.hosting\/es\/wp-json\/wp\/v2\/pages\/18301\/revisions\/22607"}],"up":[{"embeddable":true,"href":"https:\/\/digi.hosting\/es\/wp-json\/wp\/v2\/pages\/18254"}],"wp:attachment":[{"href":"https:\/\/digi.hosting\/es\/wp-json\/wp\/v2\/media?parent=18301"}],"curies":[{"name":"wp","href":"https:\/\/api.w.org\/{rel}","templated":true}]}}