{"id":3,"date":"2023-08-21T22:45:24","date_gmt":"2023-08-21T22:45:24","guid":{"rendered":"https:\/\/digi.hosting\/?page_id=3"},"modified":"2026-03-14T15:26:10","modified_gmt":"2026-03-14T14:26:10","slug":"politica-de-privacidad","status":"publish","type":"page","link":"https:\/\/digi.hosting\/es\/juridisch\/privacybeleid\/","title":{"rendered":"Pol\u00edtica de privacidad"},"content":{"rendered":"<div data-elementor-type=\"wp-page\" data-elementor-id=\"3\" class=\"elementor elementor-3\" data-elementor-post-type=\"page\">\n\t\t\t\t<div data-dce-background-overlay-color=\"#000000\" class=\"elementor-element elementor-element-e345dc4 e-con-full e-flex e-con e-parent\" data-id=\"e345dc4\" data-element_type=\"container\" data-e-type=\"container\">\n\t\t<div class=\"elementor-element elementor-element-37c4f76 e-con-full e-flex e-con e-child\" data-id=\"37c4f76\" data-element_type=\"container\" data-e-type=\"container\">\n\t\t<div class=\"elementor-element elementor-element-b15cf37 e-con-full e-flex e-con e-child\" data-id=\"b15cf37\" data-element_type=\"container\" data-e-type=\"container\">\n\t\t\t\t<div class=\"elementor-element elementor-element-67695f7 elementor-widget elementor-widget-heading\" data-id=\"67695f7\" data-element_type=\"widget\" data-e-type=\"widget\" data-widget_type=\"heading.default\">\n\t\t\t\t<div class=\"elementor-widget-container\">\n\t\t\t\t\t<h2 class=\"elementor-heading-title elementor-size-default\">Pol\u00edtica de privacidad<\/h2>\t\t\t\t<\/div>\n\t\t\t\t<\/div>\n\t\t\t\t<\/div>\n\t\t\t\t<\/div>\n\t\t\t\t<\/div>\n\t\t<div data-dce-background-color=\"#FFFFFF\" class=\"elementor-element elementor-element-2beabb86 e-flex e-con-boxed e-con e-parent\" data-id=\"2beabb86\" data-element_type=\"container\" data-e-type=\"container\" data-settings=\"{&quot;background_background&quot;:&quot;classic&quot;}\">\n\t\t\t\t\t<div class=\"e-con-inner\">\n\t\t\t\t<div class=\"elementor-element elementor-element-583499c3 elementor-widget elementor-widget-text-editor\" data-id=\"583499c3\" data-element_type=\"widget\" data-e-type=\"widget\" data-widget_type=\"text-editor.default\">\n\t\t\t\t<div class=\"elementor-widget-container\">\n\t\t\t\t\t\t\t\t\t<h1 data-path-to-node=\"2\">Pol\u00edtica de privacidad de Digi Company (Digi Hosting)<\/h1>\n<p data-path-to-node=\"3\">En Digi Company nos comprometemos a proteger sus datos personales. En esta pol\u00edtica de privacidad, explicamos qu\u00e9 datos recopilamos, por qu\u00e9 lo hacemos, c\u00f3mo los procesamos y qu\u00e9 derechos tiene usted. Tratamos sus datos con cuidado y en estricta conformidad con el Reglamento General de Protecci\u00f3n de Datos (RGPD).<\/p>\n<h3 data-path-to-node=\"4\">1. Qui\u00e9nes somos (Controlador vs. Procesador)<\/h3>\n<p data-path-to-node=\"5\"><b data-path-to-node=\"5\" data-index-in-node=\"0\">1.1 Controlador:<\/b> Digi Company, que opera como <b data-path-to-node=\"5\" data-index-in-node=\"72\">Digi Hosting<\/b>es el responsable del tratamiento de sus datos de cliente (facturaci\u00f3n, administraci\u00f3n, asistencia).<\/p>\n<ul data-path-to-node=\"6\">\n<li>\n<p data-path-to-node=\"6,0,0\"><b data-path-to-node=\"6,0,0\" data-index-in-node=\"0\">Persona jur\u00eddica:<\/b> Kwinten Braet (empresa Digi)<\/p>\n<\/li>\n<li>\n<p data-path-to-node=\"6,1,0\"><b data-path-to-node=\"6,1,0\" data-index-in-node=\"0\">N\u00famero CBE:<\/b> 0749.684.888<\/p>\n<\/li>\n<li>\n<p data-path-to-node=\"6,2,0\"><b data-path-to-node=\"6,2,0\" data-index-in-node=\"0\">Direcci\u00f3n:<\/b> A. Van Ooteghemstraat 7, 9050 Gante, B\u00e9lgica<\/p>\n<\/li>\n<li>\n<p data-path-to-node=\"6,3,0\"><b data-path-to-node=\"6,3,0\" data-index-in-node=\"0\">Correo electr\u00f3nico:<\/b> support@digi.hosting<\/p>\n<\/li>\n<\/ul>\n<p data-path-to-node=\"7\"><b data-path-to-node=\"7\" data-index-in-node=\"0\">1.2 Procesador:<\/b> Con respecto al contenido (datos, correos electr\u00f3nicos, bases de datos) colocado por el Cliente en la infraestructura de Digi Hosting, el Cliente act\u00faa como 'Procesador' y Digi Hosting act\u00faa exclusivamente como 'Procesador'. Los acuerdos a este respecto se recogen en el apartado <b data-path-to-node=\"7\" data-index-in-node=\"287\">Acuerdo de tramitaci\u00f3n (VWO)<\/b> que forma parte integrante de nuestros servicios.<\/p>\n<h3 data-path-to-node=\"8\">2. \u00bfQu\u00e9 datos tratamos?<\/h3>\n<p data-path-to-node=\"9\">Tratamos las siguientes categor\u00edas de datos personales necesarios para la prestaci\u00f3n de nuestros Servicios:<\/p>\n<ul data-path-to-node=\"10\">\n<li>\n<p data-path-to-node=\"10,0,0\"><b data-path-to-node=\"10,0,0\" data-index-in-node=\"0\">Datos de contacto e identificaci\u00f3n:<\/b> Nombre, direcci\u00f3n, direcci\u00f3n de correo electr\u00f3nico y n\u00famero de tel\u00e9fono.<\/p>\n<\/li>\n<li>\n<p data-path-to-node=\"10,1,0\"><b data-path-to-node=\"10,1,0\" data-index-in-node=\"0\">Datos de acceso:<\/b> Nombres de usuario y contrase\u00f1as cifradas (hash).<\/p>\n<\/li>\n<li>\n<p data-path-to-node=\"10,2,0\"><b data-path-to-node=\"10,2,0\" data-index-in-node=\"0\">Datos t\u00e9cnicos:<\/b> Direcciones IP, nombres de dominio, registros del servidor (incluidas las IP de los visitantes a los sitios web de los clientes para la supervisi\u00f3n de la seguridad).<\/p>\n<\/li>\n<li>\n<p data-path-to-node=\"10,3,0\"><b data-path-to-node=\"10,3,0\" data-index-in-node=\"0\">Datos financieros:<\/b> Historial de pedidos, datos de facturaci\u00f3n, forma de pago (excluidos los datos completos de la tarjeta de cr\u00e9dito).<\/p>\n<\/li>\n<li>\n<p data-path-to-node=\"10,4,0\"><b data-path-to-node=\"10,4,0\" data-index-in-node=\"0\">Comunicaci\u00f3n:<\/b> Correspondencia por correo electr\u00f3nico, chat o ticket de asistencia.<\/p>\n<\/li>\n<li>\n<p data-path-to-node=\"10,5,0\"><b data-path-to-node=\"10,5,0\" data-index-in-node=\"0\">Datos sobre el contenido publicado:<\/b> Almacenamos los datos que publica en nuestros servidores, pero no procesamos este contenido para nuestros propios fines.<\/p>\n<\/li>\n<\/ul>\n<h3 data-path-to-node=\"11\">3. Objetivos y bases jur\u00eddicas<\/h3>\n<p data-path-to-node=\"12\">Tratamos sus datos \u00fanicamente con arreglo a los siguientes fundamentos jur\u00eddicos:<\/p>\n<ul data-path-to-node=\"13\">\n<li>\n<p data-path-to-node=\"13,0,0\"><b data-path-to-node=\"13,0,0\" data-index-in-node=\"0\">Ejecuci\u00f3n del Acuerdo (Art. 6.1.b AVG):<\/b> Suministro de alojamiento, registro de dominios, asistencia y facturaci\u00f3n.<\/p>\n<\/li>\n<li>\n<p data-path-to-node=\"13,1,0\"><b data-path-to-node=\"13,1,0\" data-index-in-node=\"0\">Obligaci\u00f3n legal (Art. 6.1.c AVG):<\/b> Obligaciones de retenci\u00f3n fiscal y cooperaci\u00f3n con \u00f3rdenes judiciales.<\/p>\n<\/li>\n<li>\n<p data-path-to-node=\"13,2,0\"><b data-path-to-node=\"13,2,0\" data-index-in-node=\"0\">Inter\u00e9s leg\u00edtimo (art. 6.1.f AVG):<\/b> Garantizar la seguridad de la red, detectar usos indebidos (DDoS\/hacking) y mejorar nuestros servicios.<\/p>\n<\/li>\n<li>\n<p data-path-to-node=\"13,3,0\"><b data-path-to-node=\"13,3,0\" data-index-in-node=\"0\">Consentimiento (Art. 6.1.a AVG):<\/b> Para comunicaciones de marketing (boletines informativos).<\/p>\n<\/li>\n<\/ul>\n<h3 data-path-to-node=\"14\">4. Compartici\u00f3n de datos y subencargados del tratamiento<\/h3>\n<p data-path-to-node=\"15\">S\u00f3lo compartimos sus datos con los socios necesarios para la prestaci\u00f3n del Servicio:<\/p>\n<ul data-path-to-node=\"16\">\n<li>\n<p data-path-to-node=\"16,0,0\"><b data-path-to-node=\"16,0,0\" data-index-in-node=\"0\">Infraestructura:<\/b> CBA (Lochristi, B\u00e9lgica) para instalaciones de centros de datos.<\/p>\n<\/li>\n<li>\n<p data-path-to-node=\"16,1,0\"><b data-path-to-node=\"16,1,0\" data-index-in-node=\"0\">Registro de dominios:<\/b> OpenProvider (Pa\u00edses Bajos) y los registros pertinentes (como DNS Belgium, SIDN, ICANN). El Cliente reconoce que determinados registros est\u00e1n obligados a publicar datos personales en bases de datos WHOIS p\u00fablicas.<\/p>\n<\/li>\n<li>\n<p data-path-to-node=\"16,2,0\"><b data-path-to-node=\"16,2,0\" data-index-in-node=\"0\">Contabilidad:<\/b> Bill To Box (B\u00e9lgica) para los procesos de facturaci\u00f3n.<\/p>\n<\/li>\n<li>\n<p data-path-to-node=\"16,3,0\"><b data-path-to-node=\"16,3,0\" data-index-in-node=\"0\">Agencias gubernamentales:<\/b> S\u00f3lo si existe una obligaci\u00f3n legal o una orden judicial para hacerlo.<\/p>\n<\/li>\n<\/ul>\n<h3 data-path-to-node=\"17\">5. Tratamiento de datos fuera del EEE<\/h3>\n<p data-path-to-node=\"18\">Nuestro objetivo es procesar los datos \u00fanicamente dentro del Espacio Econ\u00f3mico Europeo (EEE). Algunas extensiones de dominio (.com, .net, etc.) requieren la transferencia a registros fuera del EEE (por ejemplo, Estados Unidos). En tales casos, proporcionamos las salvaguardias apropiadas de conformidad con las Cl\u00e1usulas Contractuales Tipo (CCC) de la Comisi\u00f3n Europea.<\/p>\n<h3 data-path-to-node=\"19\">6. 6. Medidas de seguridad<\/h3>\n<p data-path-to-node=\"20\">Digi Hosting adopta medidas t\u00e9cnicas y organizativas de gran alcance:<\/p>\n<ul data-path-to-node=\"21\">\n<li>\n<p data-path-to-node=\"21,0,0\"><b data-path-to-node=\"21,0,0\" data-index-in-node=\"0\">Seguridad f\u00edsica:<\/b> Servidores en centros de datos belgas seguros con supervisi\u00f3n 24 horas al d\u00eda, 7 d\u00edas a la semana.<\/p>\n<\/li>\n<li>\n<p data-path-to-node=\"21,1,0\"><b data-path-to-node=\"21,1,0\" data-index-in-node=\"0\">Cifrado:<\/b> Uso de conexiones TLS\/SSL y almacenamiento cifrado de datos sensibles.<\/p>\n<\/li>\n<li>\n<p data-path-to-node=\"21,2,0\"><b data-path-to-node=\"21,2,0\" data-index-in-node=\"0\">Supervisi\u00f3n de la red:<\/b> Supervisi\u00f3n activa para detectar intrusiones, usos indebidos y malware.<\/p>\n<\/li>\n<li>\n<p data-path-to-node=\"21,3,0\"><b data-path-to-node=\"21,3,0\" data-index-in-node=\"0\">Control de acceso:<\/b> Separaci\u00f3n estricta de los datos de los clientes y acceso basado en el principio de necesidad de conocer.<\/p>\n<\/li>\n<\/ul>\n<h3 data-path-to-node=\"22\">7. Per\u00edodos de conservaci\u00f3n<\/h3>\n<p data-path-to-node=\"23\">No conservamos los datos m\u00e1s tiempo del necesario:<\/p>\n<ul data-path-to-node=\"24\">\n<li>\n<p data-path-to-node=\"24,0,0\"><b data-path-to-node=\"24,0,0\" data-index-in-node=\"0\">Detalles del contrato:<\/b> Siempre que el acuerdo est\u00e9 en vigor.<\/p>\n<\/li>\n<li>\n<p data-path-to-node=\"24,1,0\"><b data-path-to-node=\"24,1,0\" data-index-in-node=\"0\">Datos fiscales:<\/b> 7 a\u00f1os a partir de la fecha de facturaci\u00f3n, de conformidad con la legislaci\u00f3n belga.<\/p>\n<\/li>\n<li>\n<p data-path-to-node=\"24,2,0\"><b data-path-to-node=\"24,2,0\" data-index-in-node=\"0\">Registros t\u00e9cnicos:<\/b> Los registros del servidor se conservan hasta <b data-path-to-node=\"24,2,0\" data-index-in-node=\"77\">90 d\u00edas<\/b> a menos que un incidente requiera una conservaci\u00f3n m\u00e1s prolongada.<\/p>\n<\/li>\n<li>\n<p data-path-to-node=\"24,3,0\"><b data-path-to-node=\"24,3,0\" data-index-in-node=\"0\">Copias de seguridad:<\/b> Las copias de seguridad de los datos de los clientes se guardan seg\u00fan el ciclo de conservaci\u00f3n acordado y luego se sobrescriben.<\/p>\n<\/li>\n<\/ul>\n<h3 data-path-to-node=\"25\">8. Su derecho a la intimidad<\/h3>\n<p data-path-to-node=\"26\">Tiene derecho a <b data-path-to-node=\"26\" data-index-in-node=\"21\">inspecci\u00f3n, rectificaci\u00f3n, supresi\u00f3n (al olvido), restricci\u00f3n, portabilidad<\/b> y el derecho a <b data-path-to-node=\"26\" data-index-in-node=\"118\">objeto<\/b> contra el tratamiento. Las solicitudes en este sentido pueden dirigirse a support@digi.hosting. Le responderemos en el plazo legal de 30 d\u00edas.<\/p>\n<h3 data-path-to-node=\"27\">9. Menores y DNT<\/h3>\n<p data-path-to-node=\"28\">No recopilamos conscientemente datos de menores (-18 a\u00f1os). Nuestros sistemas no responden actualmente a las se\u00f1ales \"Do-Not-Track\" de los navegadores web a falta de una norma uniforme del sector.<\/p>\n<h3 data-path-to-node=\"29\">10. Quejas y supervisor<\/h3>\n<p data-path-to-node=\"30\">Si cree que Digi Hosting no est\u00e1 cumpliendo correctamente con la AVG, tiene derecho a presentar una queja ante el:<b data-path-to-node=\"30\" data-index-in-node=\"121\">Autoridad de protecci\u00f3n de datos (GBA)<\/b> Rue du Printing Press 35, 1000 Bruselas<a class=\"ng-star-inserted\" href=\"https:\/\/www.gegevensbeschermingsautoriteit.be\/\" target=\"_blank\" rel=\"noopener\" data-hveid=\"0\" data-ved=\"0CAAQ_4QMahgKEwiM8tXdwJ-TAxUAAAAAHQAAAAAQtgU\">https:\/\/www.gegevensbeschermingsautoriteit.be<\/a><\/p>\n<h3 data-path-to-node=\"31\">11. Cambios<\/h3>\n<p data-path-to-node=\"32\">Digi Hosting se reserva el derecho a modificar unilateralmente la presente pol\u00edtica de privacidad. Los cambios sustanciales se comunicar\u00e1n de conformidad con el art\u00edculo 19 de nuestras Condiciones Generales.<\/p>\t\t\t\t\t\t\t\t<\/div>\n\t\t\t\t<\/div>\n\t\t\t\t<div class=\"elementor-element elementor-element-6930f59 elementor-widget elementor-widget-text-editor\" data-id=\"6930f59\" data-element_type=\"widget\" data-e-type=\"widget\" data-widget_type=\"text-editor.default\">\n\t\t\t\t<div class=\"elementor-widget-container\">\n\t\t\t\t\t\t\t\t\t<p><!-- \/wp:paragraph --><!-- wp:paragraph --><\/p>\n<p><!-- \/wp:paragraph --><!-- wp:paragraph --><\/p>\n<p>Estas condiciones pueden contener errores de imprenta.<\/p>\n<p><!-- \/wp:paragraph --><!-- wp:paragraph --><\/p>\n<p><!-- \/wp:paragraph --><!-- wp:paragraph --><\/p>\n<p><!-- \/wp:paragraph --><!-- wp:paragraph --><\/p>\n<p><!-- \/wp:paragraph --><!-- wp:paragraph --><\/p>\n<p><!-- \/wp:paragraph --><!-- wp:paragraph --><\/p>\n<p><!-- \/wp:paragraph --><!-- wp:paragraph --><\/p>\n<p><!-- \/wp:paragraph --><!-- wp:paragraph --><\/p>\n<p><!-- \/wp:paragraph --><!-- wp:paragraph --><\/p>\n<p><!-- \/wp:paragraph --><!-- wp:list {\"ordered\":true} --><\/p>\n<p><!-- \/wp:list --><\/p>\t\t\t\t\t\t\t\t<\/div>\n\t\t\t\t<\/div>\n\t\t\t\t<div class=\"elementor-element elementor-element-9a219d8 elementor-widget elementor-widget-heading\" data-id=\"9a219d8\" data-element_type=\"widget\" data-e-type=\"widget\" data-widget_type=\"heading.default\">\n\t\t\t\t<div class=\"elementor-widget-container\">\n\t\t\t\t\t<h2 class=\"elementor-heading-title elementor-size-default\">\u00daltima modificaci\u00f3n: 25 de mayo de 2025<\/h2>\t\t\t\t<\/div>\n\t\t\t\t<\/div>\n\t\t\t\t\t<\/div>\n\t\t\t\t<\/div>\n\t\t\t\t<\/div>","protected":false},"excerpt":{"rendered":"<p>Privacybeleid Privacybeleid van Digi Company (Digi Hosting) Bij Digi Company hechten wij grote waarde aan de bescherming van uw persoonsgegevens. In dit privacybeleid leggen wij uit welke gegevens wij verzamelen, waarom wij dit doen, hoe wij deze verwerken en welke rechten u heeft. Wij behandelen uw gegevens zorgvuldig en in strikte overeenstemming met de Algemene [&hellip;]<\/p>\n","protected":false},"author":1,"featured_media":0,"parent":18254,"menu_order":0,"comment_status":"closed","ping_status":"closed","template":"elementor_header_footer","meta":{"_acf_changed":false,"footnotes":""},"class_list":["post-3","page","type-page","status-publish","hentry"],"acf":[],"_links":{"self":[{"href":"https:\/\/digi.hosting\/es\/wp-json\/wp\/v2\/pages\/3","targetHints":{"allow":["GET"]}}],"collection":[{"href":"https:\/\/digi.hosting\/es\/wp-json\/wp\/v2\/pages"}],"about":[{"href":"https:\/\/digi.hosting\/es\/wp-json\/wp\/v2\/types\/page"}],"author":[{"embeddable":true,"href":"https:\/\/digi.hosting\/es\/wp-json\/wp\/v2\/users\/1"}],"replies":[{"embeddable":true,"href":"https:\/\/digi.hosting\/es\/wp-json\/wp\/v2\/comments?post=3"}],"version-history":[{"count":55,"href":"https:\/\/digi.hosting\/es\/wp-json\/wp\/v2\/pages\/3\/revisions"}],"predecessor-version":[{"id":22594,"href":"https:\/\/digi.hosting\/es\/wp-json\/wp\/v2\/pages\/3\/revisions\/22594"}],"up":[{"embeddable":true,"href":"https:\/\/digi.hosting\/es\/wp-json\/wp\/v2\/pages\/18254"}],"wp:attachment":[{"href":"https:\/\/digi.hosting\/es\/wp-json\/wp\/v2\/media?parent=3"}],"curies":[{"name":"wp","href":"https:\/\/api.w.org\/{rel}","templated":true}]}}