{"id":15655,"date":"2025-04-10T22:47:52","date_gmt":"2025-04-10T20:47:52","guid":{"rendered":"https:\/\/digi.hosting\/?page_id=15655"},"modified":"2025-06-09T22:37:43","modified_gmt":"2025-06-09T20:37:43","slug":"a-propos-de-nous","status":"publish","type":"page","link":"https:\/\/digi.hosting\/fr\/over-ons\/","title":{"rendered":"A propos de nous"},"content":{"rendered":"<div data-elementor-type=\"wp-page\" data-elementor-id=\"15655\" class=\"elementor elementor-15655\" data-elementor-post-type=\"page\">\n\t\t\t\t<div data-dce-background-overlay-color=\"#000000\" class=\"elementor-element elementor-element-7ef08943 e-con-full e-flex e-con e-parent\" data-id=\"7ef08943\" data-element_type=\"container\" data-e-type=\"container\">\n\t\t<div class=\"elementor-element elementor-element-3f62a961 e-con-full e-flex e-con e-child\" data-id=\"3f62a961\" data-element_type=\"container\" data-e-type=\"container\">\n\t\t<div class=\"elementor-element elementor-element-64f22318 e-con-full e-flex e-con e-child\" data-id=\"64f22318\" data-element_type=\"container\" data-e-type=\"container\">\n\t\t\t\t<div class=\"elementor-element elementor-element-1b777a53 elementor-widget__width-initial animated-slow elementor-invisible elementor-widget elementor-widget-heading\" data-id=\"1b777a53\" data-element_type=\"widget\" data-e-type=\"widget\" data-settings=\"{&quot;_animation&quot;:&quot;fadeIn&quot;}\" data-widget_type=\"heading.default\">\n\t\t\t\t<div class=\"elementor-widget-container\">\n\t\t\t\t\t<h2 class=\"elementor-heading-title elementor-size-default\">Digi Hosting<\/h2>\t\t\t\t<\/div>\n\t\t\t\t<\/div>\n\t\t\t\t<div class=\"elementor-element elementor-element-12cb9a2 animated-slow elementor-invisible elementor-widget elementor-widget-text-editor\" data-id=\"12cb9a2\" data-element_type=\"widget\" data-e-type=\"widget\" data-settings=\"{&quot;_animation&quot;:&quot;fadeIn&quot;}\" data-widget_type=\"text-editor.default\">\n\t\t\t\t<div class=\"elementor-widget-container\">\n\t\t\t\t\t\t\t\t\t<p>L'entrepreneuriat en ligne pour tous les budgets.<\/p>\t\t\t\t\t\t\t\t<\/div>\n\t\t\t\t<\/div>\n\t\t\t\t<\/div>\n\t\t\t\t<\/div>\n\t\t\t\t<\/div>\n\t\t<div data-dce-background-color=\"#FFFFFF\" class=\"elementor-element elementor-element-ae06fe4 e-flex e-con-boxed e-con e-parent\" data-id=\"ae06fe4\" data-element_type=\"container\" data-e-type=\"container\" data-settings=\"{&quot;background_background&quot;:&quot;classic&quot;}\">\n\t\t\t\t\t<div class=\"e-con-inner\">\n\t\t<div class=\"elementor-element elementor-element-b3fd1ae e-con-full e-flex e-con e-child\" data-id=\"b3fd1ae\" data-element_type=\"container\" data-e-type=\"container\">\n\t\t\t\t<div class=\"elementor-element elementor-element-613b36f elementor-widget elementor-widget-image\" data-id=\"613b36f\" data-element_type=\"widget\" data-e-type=\"widget\" data-widget_type=\"image.default\">\n\t\t\t\t<div class=\"elementor-widget-container\">\n\t\t\t\t\t\t\t\t\t\t\t\t\t\t\t<img fetchpriority=\"high\" decoding=\"async\" width=\"800\" height=\"174\" src=\"https:\/\/digi.hosting\/wp-content\/uploads\/2023\/06\/digihostingLogo-1024x223.png\" class=\"attachment-large size-large wp-image-9025\" alt=\"\" srcset=\"https:\/\/digi.hosting\/wp-content\/uploads\/2023\/06\/digihostingLogo-1024x223.png 1024w, https:\/\/digi.hosting\/wp-content\/uploads\/2023\/06\/digihostingLogo-300x65.png 300w, https:\/\/digi.hosting\/wp-content\/uploads\/2023\/06\/digihostingLogo-768x167.png 768w, https:\/\/digi.hosting\/wp-content\/uploads\/2023\/06\/digihostingLogo-1536x334.png 1536w, https:\/\/digi.hosting\/wp-content\/uploads\/2023\/06\/digihostingLogo-2048x445.png 2048w, https:\/\/digi.hosting\/wp-content\/uploads\/2023\/06\/digihostingLogo-750x163.png 750w, https:\/\/digi.hosting\/wp-content\/uploads\/2023\/06\/digihostingLogo-1140x248.png 1140w\" sizes=\"(max-width: 800px) 100vw, 800px\" \/>\t\t\t\t\t\t\t\t\t\t\t\t\t\t\t<\/div>\n\t\t\t\t<\/div>\n\t\t\t\t<\/div>\n\t\t<div class=\"elementor-element elementor-element-e762ba7 e-con-full e-flex e-con e-child\" data-id=\"e762ba7\" data-element_type=\"container\" data-e-type=\"container\">\n\t\t\t\t<div class=\"elementor-element elementor-element-49ff44d elementor-widget elementor-widget-heading\" data-id=\"49ff44d\" data-element_type=\"widget\" data-e-type=\"widget\" data-widget_type=\"heading.default\">\n\t\t\t\t<div class=\"elementor-widget-container\">\n\t\t\t\t\t<h2 class=\"elementor-heading-title elementor-size-default\">A propos de <span style=\"color: white;background: radial-gradient(circle, rgba(254,100,15,1) 0%, rgba(247,48,119,1) 100%);padding: 3px;border-radius: 10px\">Notre<\/span><\/h2>\t\t\t\t<\/div>\n\t\t\t\t<\/div>\n\t\t\t\t<div class=\"elementor-element elementor-element-a7bda58 elementor-widget elementor-widget-text-editor\" data-id=\"a7bda58\" data-element_type=\"widget\" data-e-type=\"widget\" data-widget_type=\"text-editor.default\">\n\t\t\t\t<div class=\"elementor-widget-container\">\n\t\t\t\t\t\t\t\t\t<p class=\"\" data-start=\"92\" data-end=\"437\">Au <strong data-start=\"96\" data-end=\"112\">Digi Hosting<\/strong> se concentre sur la fiabilit\u00e9 num\u00e9rique et l'innovation centr\u00e9e sur le client. Fond\u00e9e en 2020 au c\u0153ur de Gand par <strong data-start=\"226\" data-end=\"243\">Kwinten Braet<\/strong>Digi Hosting est n\u00e9 d'une passion pour la technologie et d'une mission claire : rendre l'h\u00e9bergement web de haute qualit\u00e9 accessible \u00e0 tous - des start-ups aux entreprises en croissance.<\/p><p class=\"\" data-start=\"439\" data-end=\"788\">En tant qu'entreprise jeune et dynamique, nous combinons des id\u00e9es fra\u00eeches avec un savoir-faire technique. Nous nous concentrons sur <strong data-start=\"540\" data-end=\"574\">des solutions d'h\u00e9bergement fiables<\/strong>Nous nous assurons que votre site web reste rapide, stable et s\u00e9curis\u00e9. Que vous h\u00e9bergiez un simple site web ou des applications en ligne complexes, nous veillons \u00e0 ce que votre pr\u00e9sence num\u00e9rique reste rapide, stable et s\u00e9curis\u00e9e.<\/p><p class=\"\" data-start=\"790\" data-end=\"1083\">Ce qui nous distingue, c'est notre <strong data-start=\"820\" data-end=\"843\">approche personnelle<\/strong>. Pas de temps d'attente interminables ou de services d'assistance impersonnels - chez Digi Hosting, nous sommes pr\u00eats \u00e0 \u00e9couter r\u00e9ellement vos besoins et \u00e0 trouver la meilleure solution ensemble. Nous croyons \u00e0 la transparence, aux prix justes et aux partenariats durables.<\/p><p class=\"\" data-start=\"1085\" data-end=\"1423\">Bas\u00e9s \u00e0 Gand, nous servons des clients dans toute la Belgique (et au-del\u00e0), convaincus que l'ancrage local et l'ambition internationale peuvent aller de pair. Nos serveurs fonctionnent \u00e0 l'\u00e9nergie verte et nous continuons d'investir dans le d\u00e9veloppement durable. <strong data-start=\"1310\" data-end=\"1336\">technologies durables<\/strong> qui ne se contentent pas d'\u00eatre performants, mais qui contribuent \u00e9galement \u00e0 am\u00e9liorer l'\u00e9cosyst\u00e8me num\u00e9rique.<\/p><p class=\"\" data-start=\"1425\" data-end=\"1519\">Chez Digi Hosting, vous n'\u00eates pas un num\u00e9ro, mais un partenaire. Ensemble, nous construisons votre succ\u00e8s en ligne.<\/p>\t\t\t\t\t\t\t\t<\/div>\n\t\t\t\t<\/div>\n\t\t\t\t<\/div>\n\t\t\t\t\t<\/div>\n\t\t\t\t<\/div>\n\t\t<div data-dce-background-color=\"#0A143A\" class=\"elementor-element elementor-element-500e1ab e-flex e-con-boxed e-con e-parent\" data-id=\"500e1ab\" data-element_type=\"container\" data-e-type=\"container\" data-settings=\"{&quot;background_background&quot;:&quot;classic&quot;}\">\n\t\t\t\t\t<div class=\"e-con-inner\">\n\t\t<div class=\"elementor-element elementor-element-915740a e-con-full e-flex e-con e-child\" data-id=\"915740a\" data-element_type=\"container\" data-e-type=\"container\">\n\t\t\t\t<div class=\"elementor-element elementor-element-23bef33 elementor-widget elementor-widget-heading\" data-id=\"23bef33\" data-element_type=\"widget\" data-e-type=\"widget\" data-widget_type=\"heading.default\">\n\t\t\t\t<div class=\"elementor-widget-container\">\n\t\t\t\t\t<h2 class=\"elementor-heading-title elementor-size-default\">Notre <span style=\"color: white;background: radial-gradient(circle, rgba(254,100,15,1) 0%, rgba(247,48,119,1) 100%);padding: 3px;border-radius: 10px\">Valeurs<\/span><\/h2>\t\t\t\t<\/div>\n\t\t\t\t<\/div>\n\t\t\t\t<div class=\"elementor-element elementor-element-bc355a1 elementor-widget elementor-widget-text-editor\" data-id=\"bc355a1\" data-element_type=\"widget\" data-e-type=\"widget\" data-widget_type=\"text-editor.default\">\n\t\t\t\t<div class=\"elementor-widget-container\">\n\t\t\t\t\t\t\t\t\t<p class=\"\" data-start=\"92\" data-end=\"437\">Au <strong data-start=\"96\" data-end=\"112\">Digi Hosting<\/strong> nos valeurs fondamentales constituent l'\u00e9pine dorsale de tout ce que nous faisons. Elles guident nos d\u00e9cisions, d\u00e9terminent la mani\u00e8re dont nous interagissons avec les clients et constituent la base de notre croissance.<\/p>\t\t\t\t\t\t\t\t<\/div>\n\t\t\t\t<\/div>\n\t\t\t\t<div class=\"elementor-element elementor-element-4b7ff48 elementor-widget elementor-widget-heading\" data-id=\"4b7ff48\" data-element_type=\"widget\" data-e-type=\"widget\" data-widget_type=\"heading.default\">\n\t\t\t\t<div class=\"elementor-widget-container\">\n\t\t\t\t\t<h2 class=\"elementor-heading-title elementor-size-default\">Fiabilit\u00e9<\/h2>\t\t\t\t<\/div>\n\t\t\t\t<\/div>\n\t\t\t\t<div class=\"elementor-element elementor-element-80c1d99 elementor-widget elementor-widget-text-editor\" data-id=\"80c1d99\" data-element_type=\"widget\" data-e-type=\"widget\" data-widget_type=\"text-editor.default\">\n\t\t\t\t<div class=\"elementor-widget-container\">\n\t\t\t\t\t\t\t\t\t<p class=\"\" data-start=\"275\" data-end=\"479\">Nous comprenons que votre pr\u00e9sence en ligne est cruciale. C'est pourquoi nous nous engageons \u00e0 assurer une disponibilit\u00e9 maximale, des performances stables et une assistance rapide. Vous devriez pouvoir compter sur nous - toujours.<\/p>\t\t\t\t\t\t\t\t<\/div>\n\t\t\t\t<\/div>\n\t\t\t\t<div class=\"elementor-element elementor-element-f06c1ac elementor-widget elementor-widget-heading\" data-id=\"f06c1ac\" data-element_type=\"widget\" data-e-type=\"widget\" data-widget_type=\"heading.default\">\n\t\t\t\t<div class=\"elementor-widget-container\">\n\t\t\t\t\t<h2 class=\"elementor-heading-title elementor-size-default\">L'orientation client<\/h2>\t\t\t\t<\/div>\n\t\t\t\t<\/div>\n\t\t\t\t<div class=\"elementor-element elementor-element-2243f45 elementor-widget elementor-widget-text-editor\" data-id=\"2243f45\" data-element_type=\"widget\" data-e-type=\"widget\" data-widget_type=\"text-editor.default\">\n\t\t\t\t<div class=\"elementor-widget-container\">\n\t\t\t\t\t\t\t\t\t<p class=\"\" data-start=\"481\" data-end=\"666\">Chaque client est unique. Nous \u00e9coutons, r\u00e9fl\u00e9chissons et proposons des solutions sur mesure. Le service personnalis\u00e9 et l'approche humaine sont au c\u0153ur de tout ce que nous faisons.<\/p>\t\t\t\t\t\t\t\t<\/div>\n\t\t\t\t<\/div>\n\t\t\t\t<div class=\"elementor-element elementor-element-7c93ddb elementor-widget elementor-widget-heading\" data-id=\"7c93ddb\" data-element_type=\"widget\" data-e-type=\"widget\" data-widget_type=\"heading.default\">\n\t\t\t\t<div class=\"elementor-widget-container\">\n\t\t\t\t\t<h2 class=\"elementor-heading-title elementor-size-default\">Transparence<\/h2>\t\t\t\t<\/div>\n\t\t\t\t<\/div>\n\t\t\t\t<div class=\"elementor-element elementor-element-d2a093c elementor-widget elementor-widget-text-editor\" data-id=\"d2a093c\" data-element_type=\"widget\" data-e-type=\"widget\" data-widget_type=\"text-editor.default\">\n\t\t\t\t<div class=\"elementor-widget-container\">\n\t\t\t\t\t\t\t\t\t<p class=\"\" data-start=\"668\" data-end=\"837\">L'honn\u00eatet\u00e9 est essentielle pour nous. Pas de co\u00fbts cach\u00e9s, de contrats vagues ou de promesses vides - juste une communication et des accords clairs.<\/p>\t\t\t\t\t\t\t\t<\/div>\n\t\t\t\t<\/div>\n\t\t\t\t<div class=\"elementor-element elementor-element-6c3ee9d elementor-widget elementor-widget-heading\" data-id=\"6c3ee9d\" data-element_type=\"widget\" data-e-type=\"widget\" data-widget_type=\"heading.default\">\n\t\t\t\t<div class=\"elementor-widget-container\">\n\t\t\t\t\t<h2 class=\"elementor-heading-title elementor-size-default\">L'innovation<\/h2>\t\t\t\t<\/div>\n\t\t\t\t<\/div>\n\t\t\t\t<div class=\"elementor-element elementor-element-080c69d elementor-widget elementor-widget-text-editor\" data-id=\"080c69d\" data-element_type=\"widget\" data-e-type=\"widget\" data-widget_type=\"text-editor.default\">\n\t\t\t\t<div class=\"elementor-widget-container\">\n\t\t\t\t\t\t\t\t\t<p class=\"\" data-start=\"839\" data-end=\"1065\">Le monde num\u00e9rique \u00e9volue \u00e0 la vitesse de l'\u00e9clair. Nous gardons une longueur d'avance en investissant dans les technologies les plus r\u00e9centes et en cherchant constamment \u00e0 rendre nos services plus intelligents, plus rapides et plus s\u00fbrs.<\/p>\t\t\t\t\t\t\t\t<\/div>\n\t\t\t\t<\/div>\n\t\t\t\t<div class=\"elementor-element elementor-element-c8ac13c elementor-widget elementor-widget-heading\" data-id=\"c8ac13c\" data-element_type=\"widget\" data-e-type=\"widget\" data-widget_type=\"heading.default\">\n\t\t\t\t<div class=\"elementor-widget-container\">\n\t\t\t\t\t<h2 class=\"elementor-heading-title elementor-size-default\">Durabilit\u00e9<\/h2>\t\t\t\t<\/div>\n\t\t\t\t<\/div>\n\t\t\t\t<div class=\"elementor-element elementor-element-ae12351 elementor-widget elementor-widget-text-editor\" data-id=\"ae12351\" data-element_type=\"widget\" data-e-type=\"widget\" data-widget_type=\"text-editor.default\">\n\t\t\t\t<div class=\"elementor-widget-container\">\n\t\t\t\t\t\t\t\t\t<p class=\"\" data-start=\"1067\" data-end=\"1288\">Nous prenons au s\u00e9rieux notre responsabilit\u00e9 \u00e0 l'\u00e9gard de la plan\u00e8te. Nos serveurs fonctionnent \u00e0 l'\u00e9nergie verte et nous choisissons consciemment des partenaires et des solutions qui contribuent \u00e0 un avenir num\u00e9rique plus durable.<\/p>\t\t\t\t\t\t\t\t<\/div>\n\t\t\t\t<\/div>\n\t\t\t\t<\/div>\n\t\t<div class=\"elementor-element elementor-element-83ca431 e-con-full e-flex e-con e-child\" data-id=\"83ca431\" data-element_type=\"container\" data-e-type=\"container\">\n\t\t<div data-dce-background-color=\"#FFFFFF\" class=\"elementor-element elementor-element-2c319a2 e-con-full e-flex e-con e-child\" data-id=\"2c319a2\" data-element_type=\"container\" data-e-type=\"container\" data-settings=\"{&quot;background_background&quot;:&quot;classic&quot;}\">\n\t\t\t\t<div class=\"elementor-element elementor-element-2a3814c elementor-widget elementor-widget-heading\" data-id=\"2a3814c\" data-element_type=\"widget\" data-e-type=\"widget\" data-widget_type=\"heading.default\">\n\t\t\t\t<div class=\"elementor-widget-container\">\n\t\t\t\t\t<h2 class=\"elementor-heading-title elementor-size-default\">Digi Company - digi.hosting<\/h2>\t\t\t\t<\/div>\n\t\t\t\t<\/div>\n\t\t\t\t<div class=\"elementor-element elementor-element-357d771 elementor-widget elementor-widget-heading\" data-id=\"357d771\" data-element_type=\"widget\" data-e-type=\"widget\" data-widget_type=\"heading.default\">\n\t\t\t\t<div class=\"elementor-widget-container\">\n\t\t\t\t\t<h2 class=\"elementor-heading-title elementor-size-default\">BE0749684888<\/h2>\t\t\t\t<\/div>\n\t\t\t\t<\/div>\n\t\t\t\t<div class=\"elementor-element elementor-element-faa09f4 elementor-widget elementor-widget-heading\" data-id=\"faa09f4\" data-element_type=\"widget\" data-e-type=\"widget\" data-widget_type=\"heading.default\">\n\t\t\t\t<div class=\"elementor-widget-container\">\n\t\t\t\t\t<h2 class=\"elementor-heading-title elementor-size-default\">A. Van Ooteghemstr 7\n9050 Gand, Belgique (pas d'adresse de visite)<\/h2>\t\t\t\t<\/div>\n\t\t\t\t<\/div>\n\t\t\t\t<\/div>\n\t\t\t\t<\/div>\n\t\t\t\t\t<\/div>\n\t\t\t\t<\/div>\n\t\t\t\t<\/div>","protected":false},"excerpt":{"rendered":"<p>Digi Hosting Online ondernemen voor ieders budget. Over Ons Bij Digi Hosting draait alles om digitale betrouwbaarheid en klantgerichte innovatie. Opgericht in 2020 in het hart van Gent door Kwinten Braet, is Digi Hosting ontstaan uit een passie voor technologie en een duidelijke missie: hoogwaardige webhosting toegankelijk maken voor iedereen \u2013 van startende ondernemers tot [&hellip;]<\/p>\n","protected":false},"author":1,"featured_media":0,"parent":0,"menu_order":0,"comment_status":"closed","ping_status":"closed","template":"","meta":{"_acf_changed":false,"footnotes":""},"class_list":["post-15655","page","type-page","status-publish","hentry"],"acf":[],"_links":{"self":[{"href":"https:\/\/digi.hosting\/fr\/wp-json\/wp\/v2\/pages\/15655","targetHints":{"allow":["GET"]}}],"collection":[{"href":"https:\/\/digi.hosting\/fr\/wp-json\/wp\/v2\/pages"}],"about":[{"href":"https:\/\/digi.hosting\/fr\/wp-json\/wp\/v2\/types\/page"}],"author":[{"embeddable":true,"href":"https:\/\/digi.hosting\/fr\/wp-json\/wp\/v2\/users\/1"}],"replies":[{"embeddable":true,"href":"https:\/\/digi.hosting\/fr\/wp-json\/wp\/v2\/comments?post=15655"}],"version-history":[{"count":14,"href":"https:\/\/digi.hosting\/fr\/wp-json\/wp\/v2\/pages\/15655\/revisions"}],"predecessor-version":[{"id":18896,"href":"https:\/\/digi.hosting\/fr\/wp-json\/wp\/v2\/pages\/15655\/revisions\/18896"}],"wp:attachment":[{"href":"https:\/\/digi.hosting\/fr\/wp-json\/wp\/v2\/media?parent=15655"}],"curies":[{"name":"wp","href":"https:\/\/api.w.org\/{rel}","templated":true}]}}