{"id":18277,"date":"2025-05-25T14:30:34","date_gmt":"2025-05-25T12:30:34","guid":{"rendered":"https:\/\/digi.hosting\/?page_id=18277"},"modified":"2026-03-14T15:31:50","modified_gmt":"2026-03-14T14:31:50","slug":"politique-en-matiere-de-donnees-des-clients","status":"publish","type":"page","link":"https:\/\/digi.hosting\/fr\/juridisch\/klantengegevens-beleid\/","title":{"rendered":"Politique relative aux donn\u00e9es des clients"},"content":{"rendered":"<div data-elementor-type=\"wp-page\" data-elementor-id=\"18277\" class=\"elementor elementor-18277\" data-elementor-post-type=\"page\">\n\t\t\t\t<div data-dce-background-overlay-color=\"#000000\" class=\"elementor-element elementor-element-e345dc4 e-con-full e-flex e-con e-parent\" data-id=\"e345dc4\" data-element_type=\"container\" data-e-type=\"container\">\n\t\t<div class=\"elementor-element elementor-element-37c4f76 e-con-full e-flex e-con e-child\" data-id=\"37c4f76\" data-element_type=\"container\" data-e-type=\"container\">\n\t\t<div class=\"elementor-element elementor-element-b15cf37 e-con-full e-flex e-con e-child\" data-id=\"b15cf37\" data-element_type=\"container\" data-e-type=\"container\">\n\t\t\t\t<div class=\"elementor-element elementor-element-67695f7 elementor-widget elementor-widget-heading\" data-id=\"67695f7\" data-element_type=\"widget\" data-e-type=\"widget\" data-widget_type=\"heading.default\">\n\t\t\t\t<div class=\"elementor-widget-container\">\n\t\t\t\t\t<h2 class=\"elementor-heading-title elementor-size-default\">Politique relative aux donn\u00e9es des clients<\/h2>\t\t\t\t<\/div>\n\t\t\t\t<\/div>\n\t\t\t\t<\/div>\n\t\t\t\t<\/div>\n\t\t\t\t<\/div>\n\t\t<div data-dce-background-color=\"#FFFFFF\" class=\"elementor-element elementor-element-2beabb86 e-flex e-con-boxed e-con e-parent\" data-id=\"2beabb86\" data-element_type=\"container\" data-e-type=\"container\" data-settings=\"{&quot;background_background&quot;:&quot;classic&quot;}\">\n\t\t\t\t\t<div class=\"e-con-inner\">\n\t\t\t\t<div class=\"elementor-element elementor-element-583499c3 elementor-widget elementor-widget-text-editor\" data-id=\"583499c3\" data-element_type=\"widget\" data-e-type=\"widget\" data-widget_type=\"text-editor.default\">\n\t\t\t\t<div class=\"elementor-widget-container\">\n\t\t\t\t\t\t\t\t\t<p data-path-to-node=\"4\">Au <b data-path-to-node=\"4\" data-index-in-node=\"4\">Digi Company<\/b>agissant en tant que <b data-path-to-node=\"4\" data-index-in-node=\"32\">Digi Hosting<\/b>Nous attachons une grande importance \u00e0 la protection et \u00e0 l'int\u00e9grit\u00e9 des donn\u00e9es des clients. La pr\u00e9sente politique d\u00e9finit les responsabilit\u00e9s en mati\u00e8re de gestion et de s\u00e9curit\u00e9 des donn\u00e9es. Pour des informations sur vos donn\u00e9es personnelles (facturation, etc.), veuillez vous r\u00e9f\u00e9rer \u00e0 notre site web. <b data-path-to-node=\"4\" data-index-in-node=\"305\">Politique de confidentialit\u00e9<\/b>.<\/p>\n<h3 data-path-to-node=\"5\">Article 1 : D\u00e9finition et propri\u00e9t\u00e9 des donn\u00e9es relatives aux clients<\/h3>\n<p data-path-to-node=\"6\"><b data-path-to-node=\"6\" data-index-in-node=\"0\">1.1 D\u00e9finition :<\/b> Les donn\u00e9es du client d\u00e9signent toutes les donn\u00e9es affich\u00e9es, publi\u00e9es ou g\u00e9n\u00e9r\u00e9es par le client sur l'espace web allou\u00e9. Cela inclut les e-mails, les pages web, les images, les fichiers et le contenu des bases de donn\u00e9es.<\/p><p data-path-to-node=\"6\"><b data-path-to-node=\"6\" data-index-in-node=\"216\">1.2 Propri\u00e9t\u00e9 :<\/b> Le client conserve \u00e0 tout moment l'int\u00e9gralit\u00e9 des droits de propri\u00e9t\u00e9 intellectuelle sur toutes les donn\u00e9es du client. Digi Hosting ne revendique pas la propri\u00e9t\u00e9 de tout contenu post\u00e9 par le Client. Les mod\u00e8les et les scripts fournis par Digi Hosting restent la propri\u00e9t\u00e9 de Digi Hosting ou de ses conc\u00e9dants de licence (conform\u00e9ment \u00e0 la loi sur la protection des donn\u00e9es). <b data-path-to-node=\"6\" data-index-in-node=\"538\">Article 14 des conditions g\u00e9n\u00e9rales<\/b>).<\/p><p data-path-to-node=\"6\"><b data-path-to-node=\"6\" data-index-in-node=\"579\">1.3 Responsabilit\u00e9 juridique :<\/b> Le client est le seul responsable l\u00e9gal de tout le contenu h\u00e9berg\u00e9 sur son compte.<\/p>\n<h3 data-path-to-node=\"7\">Article 2 : Gestion des donn\u00e9es et r\u00f4le de l'AVG<\/h3>\n<p data-path-to-node=\"8\"><b data-path-to-node=\"8\" data-index-in-node=\"0\">2.1 R\u00f4les de l'AVG :<\/b> Si le client traite des donn\u00e9es \u00e0 caract\u00e8re personnel de tiers (par exemple, des visiteurs du site web), il agit en tant que <b data-path-to-node=\"8\" data-index-in-node=\"121\">Contr\u00f4leur<\/b> et Digi Hosting comme <b data-path-to-node=\"8\" data-index-in-node=\"170\">Processeur<\/b>.<\/p><p data-path-to-node=\"8\"><b data-path-to-node=\"8\" data-index-in-node=\"181\">2.2 Accord de transformation (VWO) :<\/b> Notre VWO s'applique \u00e0 tous les clients professionnels. Remarque : pour un usage exclusivement personnel ou domestique (article 2, paragraphe 2, point c), de la loi sur la protection des donn\u00e9es), la loi sur la protection des donn\u00e9es ne s'applique pas et une autorisation de mise sur le march\u00e9 n'est pas n\u00e9cessaire.<\/p><p data-path-to-node=\"8\"><b data-path-to-node=\"8\" data-index-in-node=\"417\">2.3 Obligation de respecter les d\u00e9lais :<\/b> Le client est responsable de l'exactitude de ses coordonn\u00e9es dans l'environnement client afin d'assurer la continuit\u00e9 du service.<\/p>\n<h3 data-path-to-node=\"9\">Article 3 : Contr\u00f4le, conformit\u00e9 et intervention<\/h3>\n<p data-path-to-node=\"10\"><b data-path-to-node=\"10\" data-index-in-node=\"0\">3.1 Contr\u00f4le passif :<\/b> Digi Hosting ne filtre pas activement ou pr\u00e9alablement le contenu post\u00e9 par les clients et ne proc\u00e8de \u00e0 aucun examen juridique.<\/p><p data-path-to-node=\"10\"><b data-path-to-node=\"10\" data-index-in-node=\"162\">3.2 Clause d'intervention :<\/b> Digi Hosting n'intervient et ne prend des mesures (telles que la suspension ou la suppression) que dans les situations suivantes :<\/p>\n<ul data-path-to-node=\"11\">\n<li>\n<p data-path-to-node=\"11,0,0\"><b data-path-to-node=\"11,0,0\" data-index-in-node=\"0\">Contenu manifestement ill\u00e9gal :<\/b> En cas de d\u00e9tection d'un contenu criminel (tel que l'hame\u00e7onnage, les logiciels malveillants ou la p\u00e9dopornographie). Dans ces cas, les autorit\u00e9s comp\u00e9tentes sont imm\u00e9diatement inform\u00e9es.<\/p>\n<\/li>\n<li>\n<p data-path-to-node=\"11,1,0\"><b data-path-to-node=\"11,1,0\" data-index-in-node=\"0\">Ordre juridiquement contraignant :<\/b> sur ordre valable d'une autorit\u00e9 judiciaire comp\u00e9tente au sein de l'UE.<\/p>\n<\/li>\n<li>\n<p data-path-to-node=\"11,2,0\"><b data-path-to-node=\"11,2,0\" data-index-in-node=\"0\">Violation de la PUA :<\/b> En cas de violation de la <b data-path-to-node=\"11,2,0\" data-index-in-node=\"34\">Politique d'utilisation responsable<\/b>, tel que d\u00e9crit dans <b data-path-to-node=\"11,2,0\" data-index-in-node=\"87\">Article 6 des conditions g\u00e9n\u00e9rales<\/b>.<\/p>\n<\/li>\n<\/ul>\n<h3 data-path-to-node=\"12\">Article 4 : Politique de s\u00e9curit\u00e9 et de sauvegarde<\/h3>\n<p data-path-to-node=\"13\"><b data-path-to-node=\"13\" data-index-in-node=\"0\">4.1 S\u00e9curit\u00e9 des centres de donn\u00e9es :<\/b> Digi Hosting garantit que l'infrastructure r\u00e9pond \u00e0 des normes de s\u00e9curit\u00e9 \u00e9lev\u00e9es, y compris le contr\u00f4le d'acc\u00e8s physique et la s\u00e9curit\u00e9 du r\u00e9seau.<\/p><p data-path-to-node=\"13\"><b data-path-to-node=\"13\" data-index-in-node=\"167\">4.2 Sauvegardes du syst\u00e8me (r\u00e9cup\u00e9ration en cas de catastrophe) :<\/b> Les donn\u00e9es propri\u00e9taires du syst\u00e8me sont p\u00e9riodiquement sauvegard\u00e9es sur un site externe. Ces sauvegardes servent exclusivement \u00e0 la r\u00e9cup\u00e9ration en cas de d\u00e9faillance fatale de l'infrastructure (<i data-path-to-node=\"13\" data-index-in-node=\"366\">Reprise apr\u00e8s sinistre<\/i>).<\/p><p data-path-to-node=\"13\"><b data-path-to-node=\"13\" data-index-in-node=\"386\">4.3 Responsabilit\u00e9 du client (Essentiel) :<\/b> Le client reconna\u00eet que les sauvegardes du syst\u00e8me (4.2) <b data-path-to-node=\"13\" data-index-in-node=\"475\">pas<\/b> servir d'installation de sauvegarde principale pour la r\u00e9cup\u00e9ration des donn\u00e9es individuelles. Conform\u00e9ment \u00e0 la <b data-path-to-node=\"13\" data-index-in-node=\"557\">Articles 12.1 et 12.2 des conditions g\u00e9n\u00e9rales<\/b> le Client est responsable de la gestion de ses propres sauvegardes. Digi Hosting n'est pas responsable de la perte de donn\u00e9es due \u00e0 la d\u00e9faillance d'un logiciel tiers (tel que <b data-path-to-node=\"13\" data-index-in-node=\"768\">JetBackup<\/b>), sauf accords SLA explicitement diff\u00e9rents.<\/p><p data-path-to-node=\"13\"><b data-path-to-node=\"13\" data-index-in-node=\"827\">4.4 S\u00e9curit\u00e9 d'acc\u00e8s :<\/b> Le client est responsable de la stricte confidentialit\u00e9 des donn\u00e9es de connexion et du verrouillage ad\u00e9quat de la session afin d'emp\u00eacher tout acc\u00e8s non autoris\u00e9.<\/p>\t\t\t\t\t\t\t\t<\/div>\n\t\t\t\t<\/div>\n\t\t\t\t<div class=\"elementor-element elementor-element-6930f59 elementor-widget elementor-widget-text-editor\" data-id=\"6930f59\" data-element_type=\"widget\" data-e-type=\"widget\" data-widget_type=\"text-editor.default\">\n\t\t\t\t<div class=\"elementor-widget-container\">\n\t\t\t\t\t\t\t\t\t<p><!-- \/wp:paragraph --><!-- wp:paragraph --><\/p>\n<p><!-- \/wp:paragraph --><!-- wp:paragraph --><\/p>\n<p>Ces termes et conditions sont sujets \u00e0 des erreurs d'impression.<\/p>\n<p><!-- \/wp:paragraph --><!-- wp:paragraph --><\/p>\n<p><!-- \/wp:paragraph --><!-- wp:paragraph --><\/p>\n<p><!-- \/wp:paragraph --><!-- wp:paragraph --><\/p>\n<p><!-- \/wp:paragraph --><!-- wp:paragraph --><\/p>\n<p><!-- \/wp:paragraph --><!-- wp:paragraph --><\/p>\n<p><!-- \/wp:paragraph --><!-- wp:paragraph --><\/p>\n<p><!-- \/wp:paragraph --><!-- wp:paragraph --><\/p>\n<p><!-- \/wp:paragraph --><!-- wp:paragraph --><\/p>\n<p><!-- \/wp:paragraph --><!-- wp:list {\"ordered\":true} --><\/p>\n<p><!-- \/wp:list --><\/p>\t\t\t\t\t\t\t\t<\/div>\n\t\t\t\t<\/div>\n\t\t\t\t<div class=\"elementor-element elementor-element-9a219d8 elementor-widget elementor-widget-heading\" data-id=\"9a219d8\" data-element_type=\"widget\" data-e-type=\"widget\" data-widget_type=\"heading.default\">\n\t\t\t\t<div class=\"elementor-widget-container\">\n\t\t\t\t\t<h2 class=\"elementor-heading-title elementor-size-default\">Derni\u00e8re modification : 8 mars 2025<\/h2>\t\t\t\t<\/div>\n\t\t\t\t<\/div>\n\t\t\t\t\t<\/div>\n\t\t\t\t<\/div>\n\t\t\t\t<\/div>","protected":false},"excerpt":{"rendered":"<p>Beleid inzake Klantgegevens Bij Digi Company, handelend als Digi Hosting, hechten wij grote waarde aan de bescherming en integriteit van klantdata. Dit beleid omschrijft de verantwoordelijkheden met betrekking tot gegevensbeheer en veiligheid. Voor informatie over uw eigen persoonsgegevens (facturatie, etc.) verwijzen wij naar ons Privacybeleid. Artikel 1: Definitie en Eigendom van Klantgegevens 1.1 Definitie: Onder [&hellip;]<\/p>\n","protected":false},"author":1,"featured_media":0,"parent":18254,"menu_order":0,"comment_status":"closed","ping_status":"closed","template":"elementor_header_footer","meta":{"_acf_changed":false,"footnotes":""},"class_list":["post-18277","page","type-page","status-publish","hentry"],"acf":[],"_links":{"self":[{"href":"https:\/\/digi.hosting\/fr\/wp-json\/wp\/v2\/pages\/18277","targetHints":{"allow":["GET"]}}],"collection":[{"href":"https:\/\/digi.hosting\/fr\/wp-json\/wp\/v2\/pages"}],"about":[{"href":"https:\/\/digi.hosting\/fr\/wp-json\/wp\/v2\/types\/page"}],"author":[{"embeddable":true,"href":"https:\/\/digi.hosting\/fr\/wp-json\/wp\/v2\/users\/1"}],"replies":[{"embeddable":true,"href":"https:\/\/digi.hosting\/fr\/wp-json\/wp\/v2\/comments?post=18277"}],"version-history":[{"count":16,"href":"https:\/\/digi.hosting\/fr\/wp-json\/wp\/v2\/pages\/18277\/revisions"}],"predecessor-version":[{"id":22601,"href":"https:\/\/digi.hosting\/fr\/wp-json\/wp\/v2\/pages\/18277\/revisions\/22601"}],"up":[{"embeddable":true,"href":"https:\/\/digi.hosting\/fr\/wp-json\/wp\/v2\/pages\/18254"}],"wp:attachment":[{"href":"https:\/\/digi.hosting\/fr\/wp-json\/wp\/v2\/media?parent=18277"}],"curies":[{"name":"wp","href":"https:\/\/api.w.org\/{rel}","templated":true}]}}