{"id":18293,"date":"2025-05-25T16:39:06","date_gmt":"2025-05-25T14:39:06","guid":{"rendered":"https:\/\/digi.hosting\/en\/accessibility-statement\/"},"modified":"2025-05-25T16:40:32","modified_gmt":"2025-05-25T14:40:32","slug":"declaration-daccessibilite","status":"publish","type":"page","link":"https:\/\/digi.hosting\/fr\/juridisch\/toegankelijkheidsverklaring\/","title":{"rendered":"D\u00e9claration d'accessibilit\u00e9"},"content":{"rendered":"<h6 class=\"wp-block-heading has-text-align-center\">D\u00e9claration d'accessibilit\u00e9 pour https:\/\/digi.hosting<\/h6>\n\n\n<p><strong>Digi Hosting<\/strong> s'engage en faveur de l'accessibilit\u00e9 num\u00e9rique pour les personnes handicap\u00e9es. Nous am\u00e9liorons en permanence l'exp\u00e9rience utilisateur pour tous et appliquons les normes d'accessibilit\u00e9 pertinentes.<\/p>\n\n\n<h6 class=\"wp-block-heading\">\u00c9tat de conformit\u00e9<\/h6>\n\n\n<p>Les directives sur l'accessibilit\u00e9 des contenus web (WCAG) d\u00e9finissent des exigences pour les concepteurs et les d\u00e9veloppeurs afin d'am\u00e9liorer l'accessibilit\u00e9 pour les personnes handicap\u00e9es. Trois niveaux de conformit\u00e9 sont d\u00e9finis : niveau A, niveau AA et niveau AAA.<\/p>\n\n\n<p><strong>Digi Hosting<\/strong> s'efforce en permanence d'am\u00e9liorer l'accessibilit\u00e9 de son site et de ses services, convaincue qu'il est de son devoir moral collectif de permettre aux personnes handicap\u00e9es de les utiliser de mani\u00e8re transparente, accessible et sans entrave.<\/p>\n\n\n<p>Nous nous effor\u00e7ons de maintenir toutes les pages et tous les contenus sur <strong>https:\/\/digi.hosting<\/strong> accessible, mais certains contenus ne r\u00e9pondent pas encore totalement aux normes d'accessibilit\u00e9 les plus strictes. Cela peut \u00eatre d\u00fb \u00e0 des difficult\u00e9s \u00e0 trouver la solution technologique la plus appropri\u00e9e.<\/p>\n\n\n<p>Nous pouvons r\u00e9viser cette d\u00e9claration p\u00e9riodiquement pour refl\u00e9ter les am\u00e9liorations ou les changements apport\u00e9s \u00e0 nos pratiques en mati\u00e8re d'accessibilit\u00e9.<\/p>\n\n\n<h6 class=\"wp-block-heading\">Retour d'information<\/h6>\n\n\n<p>Nous vous invitons \u00e0 nous faire part de vos commentaires sur l'accessibilit\u00e9 de <strong>Digi Hosting<\/strong> site. N'h\u00e9sitez pas \u00e0 nous informer si vous rencontrez des obstacles \u00e0 l'accessibilit\u00e9 sur notre site :<\/p>\n\n\n<p>E-mail : <strong>support@digi.hosting<\/strong><\/p>\n\n\n<p>Nous nous effor\u00e7ons de r\u00e9pondre aux commentaires dans un d\u00e9lai de 3 \u00e0 5 jours ouvrables.<\/p>\n\n\n<p>Cette d\u00e9claration a \u00e9t\u00e9 cr\u00e9\u00e9e le 25-5-2025. <\/p>","protected":false},"excerpt":{"rendered":"<p>Toegankelijkheidsverklaring voor https:\/\/digi.hosting Digi Hosting zet zich in voor digitale toegankelijkheid voor mensen met een handicap. We verbeteren voortdurend de gebruikerservaring voor iedereen en passen de relevante toegankelijkheidsnormen toe. Conformiteitsstatus De web inhoud accessibility guidelines (WCAG) defini\u00ebren eisen voor ontwerpers en ontwikkelaars om de toegankelijkheid voor mensen met een handicap te verbeteren. Er worden drie [&hellip;]<\/p>\n","protected":false},"author":1,"featured_media":0,"parent":18254,"menu_order":0,"comment_status":"closed","ping_status":"closed","template":"","meta":{"_acf_changed":false,"footnotes":""},"class_list":["post-18293","page","type-page","status-publish","hentry"],"acf":[],"_links":{"self":[{"href":"https:\/\/digi.hosting\/fr\/wp-json\/wp\/v2\/pages\/18293","targetHints":{"allow":["GET"]}}],"collection":[{"href":"https:\/\/digi.hosting\/fr\/wp-json\/wp\/v2\/pages"}],"about":[{"href":"https:\/\/digi.hosting\/fr\/wp-json\/wp\/v2\/types\/page"}],"author":[{"embeddable":true,"href":"https:\/\/digi.hosting\/fr\/wp-json\/wp\/v2\/users\/1"}],"replies":[{"embeddable":true,"href":"https:\/\/digi.hosting\/fr\/wp-json\/wp\/v2\/comments?post=18293"}],"version-history":[{"count":1,"href":"https:\/\/digi.hosting\/fr\/wp-json\/wp\/v2\/pages\/18293\/revisions"}],"predecessor-version":[{"id":18294,"href":"https:\/\/digi.hosting\/fr\/wp-json\/wp\/v2\/pages\/18293\/revisions\/18294"}],"up":[{"embeddable":true,"href":"https:\/\/digi.hosting\/fr\/wp-json\/wp\/v2\/pages\/18254"}],"wp:attachment":[{"href":"https:\/\/digi.hosting\/fr\/wp-json\/wp\/v2\/media?parent=18293"}],"curies":[{"name":"wp","href":"https:\/\/api.w.org\/{rel}","templated":true}]}}