{"id":18301,"date":"2025-05-25T17:29:47","date_gmt":"2025-05-25T15:29:47","guid":{"rendered":"https:\/\/digi.hosting\/?page_id=18301"},"modified":"2026-03-14T15:36:04","modified_gmt":"2026-03-14T14:36:04","slug":"politique-des-domaines","status":"publish","type":"page","link":"https:\/\/digi.hosting\/fr\/juridisch\/domeinverloop-beleid\/","title":{"rendered":"Politique de progression des domaines"},"content":{"rendered":"<div data-elementor-type=\"wp-page\" data-elementor-id=\"18301\" class=\"elementor elementor-18301\" data-elementor-post-type=\"page\">\n\t\t\t\t<div data-dce-background-overlay-color=\"#000000\" class=\"elementor-element elementor-element-e345dc4 e-con-full e-flex e-con e-parent\" data-id=\"e345dc4\" data-element_type=\"container\" data-e-type=\"container\">\n\t\t<div class=\"elementor-element elementor-element-37c4f76 e-con-full e-flex e-con e-child\" data-id=\"37c4f76\" data-element_type=\"container\" data-e-type=\"container\">\n\t\t<div class=\"elementor-element elementor-element-b15cf37 e-con-full e-flex e-con e-child\" data-id=\"b15cf37\" data-element_type=\"container\" data-e-type=\"container\">\n\t\t\t\t<div class=\"elementor-element elementor-element-67695f7 elementor-widget elementor-widget-heading\" data-id=\"67695f7\" data-element_type=\"widget\" data-e-type=\"widget\" data-widget_type=\"heading.default\">\n\t\t\t\t<div class=\"elementor-widget-container\">\n\t\t\t\t\t<h2 class=\"elementor-heading-title elementor-size-default\">Politique de progression des domaines<\/h2>\t\t\t\t<\/div>\n\t\t\t\t<\/div>\n\t\t\t\t<\/div>\n\t\t\t\t<\/div>\n\t\t\t\t<\/div>\n\t\t<div data-dce-background-color=\"#FFFFFF\" class=\"elementor-element elementor-element-2beabb86 e-flex e-con-boxed e-con e-parent\" data-id=\"2beabb86\" data-element_type=\"container\" data-e-type=\"container\" data-settings=\"{&quot;background_background&quot;:&quot;classic&quot;}\">\n\t\t\t\t\t<div class=\"e-con-inner\">\n\t\t\t\t<div class=\"elementor-element elementor-element-583499c3 elementor-widget elementor-widget-text-editor\" data-id=\"583499c3\" data-element_type=\"widget\" data-e-type=\"widget\" data-widget_type=\"text-editor.default\">\n\t\t\t\t<div class=\"elementor-widget-container\">\n\t\t\t\t\t\t\t\t\t<p data-path-to-node=\"4\">Cette politique d\u00e9finit les proc\u00e9dures et les responsabilit\u00e9s concernant l'expiration et la restauration des enregistrements de noms de domaine. Elle compl\u00e8te <b data-path-to-node=\"4\" data-index-in-node=\"164\">Article 11 des conditions g\u00e9n\u00e9rales<\/b>.<\/p>\n<h3 data-path-to-node=\"5\">Article 1 : Responsabilit\u00e9 et renouvellement<\/h3>\n<p data-path-to-node=\"6\"><b data-path-to-node=\"6\" data-index-in-node=\"0\">1.1 Obligation de diligence active :<\/b> Digi Hosting renouvelle l'enregistrement des noms de domaine <b data-path-to-node=\"6\" data-index-in-node=\"80\">pas automatiquement<\/b>sauf configuration explicite par le client via le panneau de contr\u00f4le. Le client est seul responsable du renouvellement en temps voulu et de l'exactitude des coordonn\u00e9es du d\u00e9tenteur du nom de domaine. <b data-path-to-node=\"6\" data-index-in-node=\"322\">1.2 Paiement selon les instructions :<\/b> L'enregistrement d'un nom de domaine n'est techniquement effectu\u00e9 qu'apr\u00e8s r\u00e9ception du paiement int\u00e9gral de la facture de renouvellement.<\/p>\n<h3 data-path-to-node=\"7\">Article 2 : Proc\u00e9dure de rappel (avis de p\u00e9remption)<\/h3>\n<p data-path-to-node=\"8\">Afin d'\u00e9viter toute expiration involontaire, Digi Hosting applique un cycle de rappel strict. Cinq (5) messages \u00e9lectroniques seront envoy\u00e9s \u00e0 l'adresse \u00e9lectronique que nous connaissons :<\/p>\n<ul data-path-to-node=\"9\">\n<li>\n<p data-path-to-node=\"9,0,0\"><b data-path-to-node=\"9,0,0\" data-index-in-node=\"0\">27, 14, 7, 3 et 1 jour(s)<\/b> avant la date d'expiration.<\/p>\n<\/li>\n<\/ul>\n<p data-path-to-node=\"10\">Chaque notification contient la date d'\u00e9ch\u00e9ance et une facture Pro Forma. Si le paiement n'a pas \u00e9t\u00e9 effectu\u00e9 par Digi Hosting avant la date d'\u00e9ch\u00e9ance, la facture expirera automatiquement et le nom de domaine ne sera pas renouvel\u00e9. Digi Hosting n'est pas responsable de la non-r\u00e9ception de ces notifications pour des raisons ind\u00e9pendantes de sa volont\u00e9 (par exemple, filtres anti-spam ou adresses e-mail obsol\u00e8tes).<\/p>\n<h3 data-path-to-node=\"11\">Article 3 : Statut apr\u00e8s expiration<\/h3>\n<p data-path-to-node=\"12\">Si un nom de domaine d\u00e9passe la date d'expiration sans avoir \u00e9t\u00e9 renouvel\u00e9 avec succ\u00e8s, les modalit\u00e9s suivantes prendront effet : <b data-path-to-node=\"12\" data-index-in-node=\"121\">3.1 Notification de l'\u00e9ch\u00e9ance finale :<\/b> Dans les cinq (5) jours suivant l'expiration, Digi Hosting enverra une notification obligatoire indiquant que le domaine a expir\u00e9 (conform\u00e9ment aux r\u00e8gles de l'ICANN pour les gTLD). <b data-path-to-node=\"12\" data-index-in-node=\"295\">3.2 D\u00e9sactivation :<\/b> Le nom de domaine est imm\u00e9diatement supprim\u00e9 de la zone DNS, ce qui rend indisponibles les sites web et les services de courrier \u00e9lectronique qui y sont li\u00e9s.<\/p>\n<h3 data-path-to-node=\"13\">Article 4 : D\u00e9lai de gr\u00e2ce pour le remboursement (DRR)<\/h3>\n<p data-path-to-node=\"14\">Apr\u00e8s l'expiration du nom de domaine, pour la plupart des extensions (telles que .com, .net, .org, .uk), un <b data-path-to-node=\"14\" data-index-in-node=\"99\">P\u00e9riode de r\u00e9cup\u00e9ration (RGP)<\/b> en d'habitude <b data-path-to-node=\"14\" data-index-in-node=\"137\">30 jours<\/b>. <b data-path-to-node=\"14\" data-index-in-node=\"147\">4.1 Limites :<\/b> Pendant la dur\u00e9e du RGP, le nom de domaine ne peut pas \u00eatre transf\u00e9r\u00e9 vers un autre bureau d'enregistrement. <b data-path-to-node=\"14\" data-index-in-node=\"245\">4.2 Co\u00fbts de recouvrement :<\/b> Pour restaurer un domaine \u00e0 ce stade, il est n\u00e9cessaire d'effectuer des travaux de restauration importants. <b data-path-to-node=\"14\" data-index-in-node=\"332\">les frais administratifs et de r\u00e9paration<\/b> Ces frais sont payables au registre et sont enti\u00e8rement \u00e0 la charge du client. Ces frais sont payables au registre et sont factur\u00e9s en totalit\u00e9 au client. Veuillez contacter support@digi.hosting pour conna\u00eetre les frais actuels par extension. <b data-path-to-node=\"14\" data-index-in-node=\"598\">4.3 Absence de garantie :<\/b> Digi Hosting ne peut jamais garantir la restauration r\u00e9ussie d'un nom de domaine dans la phase RGP ; cela d\u00e9pend de la coop\u00e9ration du registre parapluie.<\/p>\n<h3 data-path-to-node=\"15\">Article 5 : Conditions sp\u00e9cifiques du registre<\/h3>\n<p data-path-to-node=\"16\"><b data-path-to-node=\"16\" data-index-in-node=\"0\">5.1 Termes divergents :<\/b> Le client reconna\u00eet que des ccTLD sp\u00e9cifiques (tels que <b data-path-to-node=\"16\" data-index-in-node=\"72\">.be<\/b> et <b data-path-to-node=\"16\" data-index-in-node=\"79\">.co.uk<\/b>) appliquent des proc\u00e9dures d'expiration et des p\u00e9riodes de quarantaine diff\u00e9rentes. Les r\u00e9glementations de DNS Belgique et de la SIDN sont pleinement applicables dans ces cas. <b data-path-to-node=\"16\" data-index-in-node=\"250\">5.2 Langue :<\/b> Toute communication relative \u00e0 l'expiration d'un domaine se fera dans la langue de l'accord original ou en anglais, selon les r\u00e8gles du registre concern\u00e9.<\/p>\t\t\t\t\t\t\t\t<\/div>\n\t\t\t\t<\/div>\n\t\t\t\t<div class=\"elementor-element elementor-element-6930f59 elementor-widget elementor-widget-text-editor\" data-id=\"6930f59\" data-element_type=\"widget\" data-e-type=\"widget\" data-widget_type=\"text-editor.default\">\n\t\t\t\t<div class=\"elementor-widget-container\">\n\t\t\t\t\t\t\t\t\t<p><!-- \/wp:paragraph --><!-- wp:paragraph --><\/p>\n<p><!-- \/wp:paragraph --><!-- wp:paragraph --><\/p>\n<p>Ces termes et conditions sont sujets \u00e0 des erreurs d'impression.<\/p>\n<p><!-- \/wp:paragraph --><!-- wp:paragraph --><\/p>\n<p><!-- \/wp:paragraph --><!-- wp:paragraph --><\/p>\n<p><!-- \/wp:paragraph --><!-- wp:paragraph --><\/p>\n<p><!-- \/wp:paragraph --><!-- wp:paragraph --><\/p>\n<p><!-- \/wp:paragraph --><!-- wp:paragraph --><\/p>\n<p><!-- \/wp:paragraph --><!-- wp:paragraph --><\/p>\n<p><!-- \/wp:paragraph --><!-- wp:paragraph --><\/p>\n<p><!-- \/wp:paragraph --><!-- wp:paragraph --><\/p>\n<p><!-- \/wp:paragraph --><!-- wp:list {\"ordered\":true} --><\/p>\n<p><!-- \/wp:list --><\/p>\t\t\t\t\t\t\t\t<\/div>\n\t\t\t\t<\/div>\n\t\t\t\t<div class=\"elementor-element elementor-element-9a219d8 elementor-widget elementor-widget-heading\" data-id=\"9a219d8\" data-element_type=\"widget\" data-e-type=\"widget\" data-widget_type=\"heading.default\">\n\t\t\t\t<div class=\"elementor-widget-container\">\n\t\t\t\t\t<h2 class=\"elementor-heading-title elementor-size-default\">Derni\u00e8re modification : 8 mars 2025<\/h2>\t\t\t\t<\/div>\n\t\t\t\t<\/div>\n\t\t\t\t\t<\/div>\n\t\t\t\t<\/div>\n\t\t\t\t<\/div>","protected":false},"excerpt":{"rendered":"<p>Domeinverloop beleid Dit beleid omschrijft de procedures en verantwoordelijkheden met betrekking tot het vervallen en herstellen van domeinnaamregistraties. Het vormt een aanvulling op Artikel 11 van de Algemene Voorwaarden. Artikel 1: Verantwoordelijkheid en Verlenging 1.1 Actieve Zorgplicht: Digi Hosting verlengt de registratie van een domeinnaam niet automatisch, tenzij de Klant dit expliciet heeft geconfigureerd via [&hellip;]<\/p>\n","protected":false},"author":1,"featured_media":0,"parent":18254,"menu_order":0,"comment_status":"closed","ping_status":"closed","template":"","meta":{"_acf_changed":false,"footnotes":""},"class_list":["post-18301","page","type-page","status-publish","hentry"],"acf":[],"_links":{"self":[{"href":"https:\/\/digi.hosting\/fr\/wp-json\/wp\/v2\/pages\/18301","targetHints":{"allow":["GET"]}}],"collection":[{"href":"https:\/\/digi.hosting\/fr\/wp-json\/wp\/v2\/pages"}],"about":[{"href":"https:\/\/digi.hosting\/fr\/wp-json\/wp\/v2\/types\/page"}],"author":[{"embeddable":true,"href":"https:\/\/digi.hosting\/fr\/wp-json\/wp\/v2\/users\/1"}],"replies":[{"embeddable":true,"href":"https:\/\/digi.hosting\/fr\/wp-json\/wp\/v2\/comments?post=18301"}],"version-history":[{"count":22,"href":"https:\/\/digi.hosting\/fr\/wp-json\/wp\/v2\/pages\/18301\/revisions"}],"predecessor-version":[{"id":22607,"href":"https:\/\/digi.hosting\/fr\/wp-json\/wp\/v2\/pages\/18301\/revisions\/22607"}],"up":[{"embeddable":true,"href":"https:\/\/digi.hosting\/fr\/wp-json\/wp\/v2\/pages\/18254"}],"wp:attachment":[{"href":"https:\/\/digi.hosting\/fr\/wp-json\/wp\/v2\/media?parent=18301"}],"curies":[{"name":"wp","href":"https:\/\/api.w.org\/{rel}","templated":true}]}}