{"id":3,"date":"2023-08-21T22:45:24","date_gmt":"2023-08-21T22:45:24","guid":{"rendered":"https:\/\/digi.hosting\/?page_id=3"},"modified":"2026-03-14T15:26:10","modified_gmt":"2026-03-14T14:26:10","slug":"politique-de-confidentialite","status":"publish","type":"page","link":"https:\/\/digi.hosting\/fr\/juridisch\/privacybeleid\/","title":{"rendered":"Politique de confidentialit\u00e9"},"content":{"rendered":"<div data-elementor-type=\"wp-page\" data-elementor-id=\"3\" class=\"elementor elementor-3\" data-elementor-post-type=\"page\">\n\t\t\t\t<div data-dce-background-overlay-color=\"#000000\" class=\"elementor-element elementor-element-e345dc4 e-con-full e-flex e-con e-parent\" data-id=\"e345dc4\" data-element_type=\"container\" data-e-type=\"container\">\n\t\t<div class=\"elementor-element elementor-element-37c4f76 e-con-full e-flex e-con e-child\" data-id=\"37c4f76\" data-element_type=\"container\" data-e-type=\"container\">\n\t\t<div class=\"elementor-element elementor-element-b15cf37 e-con-full e-flex e-con e-child\" data-id=\"b15cf37\" data-element_type=\"container\" data-e-type=\"container\">\n\t\t\t\t<div class=\"elementor-element elementor-element-67695f7 elementor-widget elementor-widget-heading\" data-id=\"67695f7\" data-element_type=\"widget\" data-e-type=\"widget\" data-widget_type=\"heading.default\">\n\t\t\t\t<div class=\"elementor-widget-container\">\n\t\t\t\t\t<h2 class=\"elementor-heading-title elementor-size-default\">Politique de confidentialit\u00e9<\/h2>\t\t\t\t<\/div>\n\t\t\t\t<\/div>\n\t\t\t\t<\/div>\n\t\t\t\t<\/div>\n\t\t\t\t<\/div>\n\t\t<div data-dce-background-color=\"#FFFFFF\" class=\"elementor-element elementor-element-2beabb86 e-flex e-con-boxed e-con e-parent\" data-id=\"2beabb86\" data-element_type=\"container\" data-e-type=\"container\" data-settings=\"{&quot;background_background&quot;:&quot;classic&quot;}\">\n\t\t\t\t\t<div class=\"e-con-inner\">\n\t\t\t\t<div class=\"elementor-element elementor-element-583499c3 elementor-widget elementor-widget-text-editor\" data-id=\"583499c3\" data-element_type=\"widget\" data-e-type=\"widget\" data-widget_type=\"text-editor.default\">\n\t\t\t\t<div class=\"elementor-widget-container\">\n\t\t\t\t\t\t\t\t\t<h1 data-path-to-node=\"2\">Politique de confidentialit\u00e9 de Digi Company (Digi Hosting)<\/h1>\n<p data-path-to-node=\"3\">Chez Digi Company, nous nous engageons \u00e0 prot\u00e9ger vos donn\u00e9es personnelles. Dans cette politique de confidentialit\u00e9, nous expliquons quelles donn\u00e9es nous collectons, pourquoi nous le faisons, comment nous les traitons et quels sont vos droits. Nous traitons vos donn\u00e9es avec soin et en stricte conformit\u00e9 avec le r\u00e8glement g\u00e9n\u00e9ral sur la protection des donn\u00e9es (RGPD).<\/p>\n<h3 data-path-to-node=\"4\">1. Qui nous sommes (Contr\u00f4leur vs. Processeur)<\/h3>\n<p data-path-to-node=\"5\"><b data-path-to-node=\"5\" data-index-in-node=\"0\">1.1 Contr\u00f4leur :<\/b> Digi Company, op\u00e9rant sous le nom de <b data-path-to-node=\"5\" data-index-in-node=\"72\">Digi Hosting<\/b>est le contr\u00f4leur responsable du traitement de vos donn\u00e9es clients (facturation, administration, assistance).<\/p>\n<ul data-path-to-node=\"6\">\n<li>\n<p data-path-to-node=\"6,0,0\"><b data-path-to-node=\"6,0,0\" data-index-in-node=\"0\">Entit\u00e9 l\u00e9gale :<\/b> Kwinten Braet (Digi Company)<\/p>\n<\/li>\n<li>\n<p data-path-to-node=\"6,1,0\"><b data-path-to-node=\"6,1,0\" data-index-in-node=\"0\">Num\u00e9ro CBE :<\/b> 0749.684.888<\/p>\n<\/li>\n<li>\n<p data-path-to-node=\"6,2,0\"><b data-path-to-node=\"6,2,0\" data-index-in-node=\"0\">Adresse :<\/b> A. Van Ooteghemstraat 7, 9050 Gand, Belgique<\/p>\n<\/li>\n<li>\n<p data-path-to-node=\"6,3,0\"><b data-path-to-node=\"6,3,0\" data-index-in-node=\"0\">E-mail :<\/b> support@digi.hosting<\/p>\n<\/li>\n<\/ul>\n<p data-path-to-node=\"7\"><b data-path-to-node=\"7\" data-index-in-node=\"0\">1.2 Processeur :<\/b> En ce qui concerne le contenu (donn\u00e9es, e-mails, bases de donn\u00e9es) plac\u00e9 par le client sur l'infrastructure de Digi Hosting, le client agit en tant que \"processeur\" et Digi Hosting agit exclusivement en tant que \"processeur\". Les accords \u00e0 ce sujet sont d\u00e9crits dans le contrat s\u00e9par\u00e9 de Digi Hosting. <b data-path-to-node=\"7\" data-index-in-node=\"287\">Accord de traitement (VWO)<\/b> qui fait partie int\u00e9grante de nos services.<\/p>\n<h3 data-path-to-node=\"8\">2. Quelles donn\u00e9es traitons-nous ?<\/h3>\n<p data-path-to-node=\"9\">Nous traitons les cat\u00e9gories suivantes de donn\u00e9es \u00e0 caract\u00e8re personnel n\u00e9cessaires \u00e0 l'ex\u00e9cution de nos services :<\/p>\n<ul data-path-to-node=\"10\">\n<li>\n<p data-path-to-node=\"10,0,0\"><b data-path-to-node=\"10,0,0\" data-index-in-node=\"0\">Coordonn\u00e9es et identification :<\/b> Nom, adresse, adresse \u00e9lectronique, num\u00e9ro de t\u00e9l\u00e9phone.<\/p>\n<\/li>\n<li>\n<p data-path-to-node=\"10,1,0\"><b data-path-to-node=\"10,1,0\" data-index-in-node=\"0\">D\u00e9tails de la connexion :<\/b> Noms d'utilisateurs et mots de passe crypt\u00e9s (hach\u00e9s).<\/p>\n<\/li>\n<li>\n<p data-path-to-node=\"10,2,0\"><b data-path-to-node=\"10,2,0\" data-index-in-node=\"0\">Donn\u00e9es techniques :<\/b> Adresses IP, noms de domaine, journaux de serveurs (y compris les adresses IP des visiteurs des sites web des clients \u00e0 des fins de contr\u00f4le de la s\u00e9curit\u00e9).<\/p>\n<\/li>\n<li>\n<p data-path-to-node=\"10,3,0\"><b data-path-to-node=\"10,3,0\" data-index-in-node=\"0\">Donn\u00e9es financi\u00e8res :<\/b> Historique des commandes, d\u00e9tails de la facturation, mode de paiement (\u00e0 l'exclusion des d\u00e9tails complets de la carte de cr\u00e9dit).<\/p>\n<\/li>\n<li>\n<p data-path-to-node=\"10,4,0\"><b data-path-to-node=\"10,4,0\" data-index-in-node=\"0\">Communication :<\/b> Correspondance par courrier \u00e9lectronique, par chat ou par ticket.<\/p>\n<\/li>\n<li>\n<p data-path-to-node=\"10,5,0\"><b data-path-to-node=\"10,5,0\" data-index-in-node=\"0\">Donn\u00e9es sur le contenu affich\u00e9 :<\/b> Nous stockons les donn\u00e9es que vous publiez sur nos serveurs, mais nous ne traitons pas ce contenu pour nos propres besoins.<\/p>\n<\/li>\n<\/ul>\n<h3 data-path-to-node=\"11\">3. Objectifs et bases juridiques<\/h3>\n<p data-path-to-node=\"12\">Nous traitons vos donn\u00e9es uniquement sur les bases l\u00e9gales suivantes :<\/p>\n<ul data-path-to-node=\"13\">\n<li>\n<p data-path-to-node=\"13,0,0\"><b data-path-to-node=\"13,0,0\" data-index-in-node=\"0\">Signature de l'accord (art. 6.1.b AVG) :<\/b> Fourniture de services d'h\u00e9bergement, d'enregistrement de domaines, d'assistance et de facturation.<\/p>\n<\/li>\n<li>\n<p data-path-to-node=\"13,1,0\"><b data-path-to-node=\"13,1,0\" data-index-in-node=\"0\">Obligation l\u00e9gale (art. 6.1.c AVG) :<\/b> Obligations de conservation des donn\u00e9es fiscales et coop\u00e9ration avec les tribunaux.<\/p>\n<\/li>\n<li>\n<p data-path-to-node=\"13,2,0\"><b data-path-to-node=\"13,2,0\" data-index-in-node=\"0\">Int\u00e9r\u00eat l\u00e9gitime (art. 6.1.f AVG) :<\/b> Assurer la s\u00e9curit\u00e9 du r\u00e9seau, la d\u00e9tection des abus (DDoS\/piratage) et l'am\u00e9lioration de nos services.<\/p>\n<\/li>\n<li>\n<p data-path-to-node=\"13,3,0\"><b data-path-to-node=\"13,3,0\" data-index-in-node=\"0\">Consentement (art. 6.1.a AVG) :<\/b> Pour les communications marketing opt-in (lettres d'information).<\/p>\n<\/li>\n<\/ul>\n<h3 data-path-to-node=\"14\">4. Partage des donn\u00e9es et sous-traitants<\/h3>\n<p data-path-to-node=\"15\">Nous ne partageons vos donn\u00e9es qu'avec les partenaires n\u00e9cessaires \u00e0 l'ex\u00e9cution du service :<\/p>\n<ul data-path-to-node=\"16\">\n<li>\n<p data-path-to-node=\"16,0,0\"><b data-path-to-node=\"16,0,0\" data-index-in-node=\"0\">L'infrastructure :<\/b> CBA (Lochristi, Belgique) pour les centres de donn\u00e9es.<\/p>\n<\/li>\n<li>\n<p data-path-to-node=\"16,1,0\"><b data-path-to-node=\"16,1,0\" data-index-in-node=\"0\">Enregistrement du domaine :<\/b> OpenProvider (Pays-Bas) et les registres concern\u00e9s (tels que DNS Belgium, SIDN, ICANN). Le Client reconna\u00eet que certains registres sont oblig\u00e9s de publier des donn\u00e9es personnelles dans les bases de donn\u00e9es publiques WHOIS.<\/p>\n<\/li>\n<li>\n<p data-path-to-node=\"16,2,0\"><b data-path-to-node=\"16,2,0\" data-index-in-node=\"0\">Comptabilit\u00e9 :<\/b> Bill To Box (Belgique) pour les processus de facturation.<\/p>\n<\/li>\n<li>\n<p data-path-to-node=\"16,3,0\"><b data-path-to-node=\"16,3,0\" data-index-in-node=\"0\">Agences gouvernementales :<\/b> Uniquement en cas d'obligation l\u00e9gale ou d'ordonnance d'un tribunal.<\/p>\n<\/li>\n<\/ul>\n<h3 data-path-to-node=\"17\">5. Traitement des donn\u00e9es en dehors de l'EEE<\/h3>\n<p data-path-to-node=\"18\">Nous nous effor\u00e7ons de traiter les donn\u00e9es uniquement dans l'Espace \u00e9conomique europ\u00e9en (EEE). Certaines extensions de domaine (.com, .net, etc.) doivent \u00eatre transf\u00e9r\u00e9es \u00e0 des registres situ\u00e9s en dehors de l'EEE (par exemple aux \u00c9tats-Unis). Dans ce cas, nous fournissons des garanties appropri\u00e9es conform\u00e9ment aux clauses contractuelles types (CCN) de la Commission europ\u00e9enne.<\/p>\n<h3 data-path-to-node=\"19\">6. Mesures de s\u00e9curit\u00e9<\/h3>\n<p data-path-to-node=\"20\">Digi Hosting prend des mesures techniques et organisationnelles de grande envergure :<\/p>\n<ul data-path-to-node=\"21\">\n<li>\n<p data-path-to-node=\"21,0,0\"><b data-path-to-node=\"21,0,0\" data-index-in-node=\"0\">S\u00e9curit\u00e9 physique :<\/b> Serveurs dans des centres de donn\u00e9es belges s\u00e9curis\u00e9s et surveill\u00e9s 24 heures sur 24 et 7 jours sur 7.<\/p>\n<\/li>\n<li>\n<p data-path-to-node=\"21,1,0\"><b data-path-to-node=\"21,1,0\" data-index-in-node=\"0\">Chiffrement :<\/b> Utilisation de connexions TLS\/SSL et stockage crypt\u00e9 des donn\u00e9es sensibles.<\/p>\n<\/li>\n<li>\n<p data-path-to-node=\"21,2,0\"><b data-path-to-node=\"21,2,0\" data-index-in-node=\"0\">Surveillance du r\u00e9seau :<\/b> Surveillance active pour d\u00e9tecter les intrusions, les abus et les logiciels malveillants.<\/p>\n<\/li>\n<li>\n<p data-path-to-node=\"21,3,0\"><b data-path-to-node=\"21,3,0\" data-index-in-node=\"0\">Contr\u00f4le d'acc\u00e8s :<\/b> S\u00e9paration stricte des donn\u00e9es des clients et acc\u00e8s bas\u00e9 sur le principe du besoin de savoir.<\/p>\n<\/li>\n<\/ul>\n<h3 data-path-to-node=\"22\">7. D\u00e9lais de conservation<\/h3>\n<p data-path-to-node=\"23\">Nous ne conservons pas les donn\u00e9es plus longtemps que n\u00e9cessaire :<\/p>\n<ul data-path-to-node=\"24\">\n<li>\n<p data-path-to-node=\"24,0,0\"><b data-path-to-node=\"24,0,0\" data-index-in-node=\"0\">D\u00e9tails du contrat :<\/b> Tant que l'accord est en place.<\/p>\n<\/li>\n<li>\n<p data-path-to-node=\"24,1,0\"><b data-path-to-node=\"24,1,0\" data-index-in-node=\"0\">Donn\u00e9es fiscales :<\/b> 7 ans \u00e0 compter de la date de facturation, conform\u00e9ment \u00e0 la l\u00e9gislation belge.<\/p>\n<\/li>\n<li>\n<p data-path-to-node=\"24,2,0\"><b data-path-to-node=\"24,2,0\" data-index-in-node=\"0\">Fiches techniques :<\/b> Les journaux du serveur sont conserv\u00e9s jusqu'\u00e0 <b data-path-to-node=\"24,2,0\" data-index-in-node=\"77\">90 jours<\/b> conserv\u00e9s, \u00e0 moins qu'un incident ne n\u00e9cessite une conservation plus longue.<\/p>\n<\/li>\n<li>\n<p data-path-to-node=\"24,3,0\"><b data-path-to-node=\"24,3,0\" data-index-in-node=\"0\">Sauvegardes :<\/b> Les sauvegardes des donn\u00e9es des clients sont conserv\u00e9es conform\u00e9ment au cycle de conservation convenu, puis \u00e9cras\u00e9es.<\/p>\n<\/li>\n<\/ul>\n<h3 data-path-to-node=\"25\">8. Vos droits en mati\u00e8re de protection de la vie priv\u00e9e<\/h3>\n<p data-path-to-node=\"26\">Vous avez droit \u00e0 <b data-path-to-node=\"26\" data-index-in-node=\"21\">inspection, rectification, effacement (droit \u00e0 l'oubli), restriction, portabilit\u00e9<\/b> et le droit de <b data-path-to-node=\"26\" data-index-in-node=\"118\">objet<\/b> contre le traitement. Les demandes en ce sens peuvent \u00eatre adress\u00e9es \u00e0 support@digi.hosting. Nous r\u00e9pondrons dans le d\u00e9lai l\u00e9gal de 30 jours.<\/p>\n<h3 data-path-to-node=\"27\">9. Mineurs et DNT<\/h3>\n<p data-path-to-node=\"28\">Nous ne collectons pas sciemment de donn\u00e9es aupr\u00e8s de mineurs (-18 ans). En l'absence d'une norme industrielle uniforme, nos syst\u00e8mes ne r\u00e9pondent pas actuellement aux signaux \"Do-Not-Track\" \u00e9mis par les navigateurs web.<\/p>\n<h3 data-path-to-node=\"29\">10. Plaintes et superviseur<\/h3>\n<p data-path-to-node=\"30\">Si vous estimez que Digi Hosting ne respecte pas les dispositions de la loi sur la protection des donn\u00e9es, vous avez le droit de d\u00e9poser une plainte aupr\u00e8s de la Commission europ\u00e9enne :<b data-path-to-node=\"30\" data-index-in-node=\"121\">Autorit\u00e9 de protection des donn\u00e9es (GBA)<\/b> Rue du Printing Press 35, 1000 Bruxelles<a class=\"ng-star-inserted\" href=\"https:\/\/www.gegevensbeschermingsautoriteit.be\/\" target=\"_blank\" rel=\"noopener\" data-hveid=\"0\" data-ved=\"0CAAQ_4QMahgKEwiM8tXdwJ-TAxUAAAAAHQAAAAAQtgU\">https:\/\/www.gegevensbeschermingsautoriteit.be<\/a><\/p>\n<h3 data-path-to-node=\"31\">11. Changements<\/h3>\n<p data-path-to-node=\"32\">Digi Hosting se r\u00e9serve le droit de modifier unilat\u00e9ralement cette politique de confidentialit\u00e9. Les modifications substantielles seront communiqu\u00e9es conform\u00e9ment \u00e0 l'article 19 de nos conditions g\u00e9n\u00e9rales.<\/p>\t\t\t\t\t\t\t\t<\/div>\n\t\t\t\t<\/div>\n\t\t\t\t<div class=\"elementor-element elementor-element-6930f59 elementor-widget elementor-widget-text-editor\" data-id=\"6930f59\" data-element_type=\"widget\" data-e-type=\"widget\" data-widget_type=\"text-editor.default\">\n\t\t\t\t<div class=\"elementor-widget-container\">\n\t\t\t\t\t\t\t\t\t<p><!-- \/wp:paragraph --><!-- wp:paragraph --><\/p>\n<p><!-- \/wp:paragraph --><!-- wp:paragraph --><\/p>\n<p>Ces termes et conditions sont sujets \u00e0 des erreurs d'impression.<\/p>\n<p><!-- \/wp:paragraph --><!-- wp:paragraph --><\/p>\n<p><!-- \/wp:paragraph --><!-- wp:paragraph --><\/p>\n<p><!-- \/wp:paragraph --><!-- wp:paragraph --><\/p>\n<p><!-- \/wp:paragraph --><!-- wp:paragraph --><\/p>\n<p><!-- \/wp:paragraph --><!-- wp:paragraph --><\/p>\n<p><!-- \/wp:paragraph --><!-- wp:paragraph --><\/p>\n<p><!-- \/wp:paragraph --><!-- wp:paragraph --><\/p>\n<p><!-- \/wp:paragraph --><!-- wp:paragraph --><\/p>\n<p><!-- \/wp:paragraph --><!-- wp:list {\"ordered\":true} --><\/p>\n<p><!-- \/wp:list --><\/p>\t\t\t\t\t\t\t\t<\/div>\n\t\t\t\t<\/div>\n\t\t\t\t<div class=\"elementor-element elementor-element-9a219d8 elementor-widget elementor-widget-heading\" data-id=\"9a219d8\" data-element_type=\"widget\" data-e-type=\"widget\" data-widget_type=\"heading.default\">\n\t\t\t\t<div class=\"elementor-widget-container\">\n\t\t\t\t\t<h2 class=\"elementor-heading-title elementor-size-default\">Derni\u00e8re modification : 25 mai 2025<\/h2>\t\t\t\t<\/div>\n\t\t\t\t<\/div>\n\t\t\t\t\t<\/div>\n\t\t\t\t<\/div>\n\t\t\t\t<\/div>","protected":false},"excerpt":{"rendered":"<p>Privacybeleid Privacybeleid van Digi Company (Digi Hosting) Bij Digi Company hechten wij grote waarde aan de bescherming van uw persoonsgegevens. In dit privacybeleid leggen wij uit welke gegevens wij verzamelen, waarom wij dit doen, hoe wij deze verwerken en welke rechten u heeft. Wij behandelen uw gegevens zorgvuldig en in strikte overeenstemming met de Algemene [&hellip;]<\/p>\n","protected":false},"author":1,"featured_media":0,"parent":18254,"menu_order":0,"comment_status":"closed","ping_status":"closed","template":"elementor_header_footer","meta":{"_acf_changed":false,"footnotes":""},"class_list":["post-3","page","type-page","status-publish","hentry"],"acf":[],"_links":{"self":[{"href":"https:\/\/digi.hosting\/fr\/wp-json\/wp\/v2\/pages\/3","targetHints":{"allow":["GET"]}}],"collection":[{"href":"https:\/\/digi.hosting\/fr\/wp-json\/wp\/v2\/pages"}],"about":[{"href":"https:\/\/digi.hosting\/fr\/wp-json\/wp\/v2\/types\/page"}],"author":[{"embeddable":true,"href":"https:\/\/digi.hosting\/fr\/wp-json\/wp\/v2\/users\/1"}],"replies":[{"embeddable":true,"href":"https:\/\/digi.hosting\/fr\/wp-json\/wp\/v2\/comments?post=3"}],"version-history":[{"count":55,"href":"https:\/\/digi.hosting\/fr\/wp-json\/wp\/v2\/pages\/3\/revisions"}],"predecessor-version":[{"id":22594,"href":"https:\/\/digi.hosting\/fr\/wp-json\/wp\/v2\/pages\/3\/revisions\/22594"}],"up":[{"embeddable":true,"href":"https:\/\/digi.hosting\/fr\/wp-json\/wp\/v2\/pages\/18254"}],"wp:attachment":[{"href":"https:\/\/digi.hosting\/fr\/wp-json\/wp\/v2\/media?parent=3"}],"curies":[{"name":"wp","href":"https:\/\/api.w.org\/{rel}","templated":true}]}}