{"id":4516,"date":"2023-11-07T18:59:35","date_gmt":"2023-11-07T17:59:35","guid":{"rendered":"https:\/\/digi.hosting\/?page_id=4516"},"modified":"2024-08-30T23:11:25","modified_gmt":"2024-08-30T21:11:25","slug":"panneau-de-controle-directadmin","status":"publish","type":"page","link":"https:\/\/digi.hosting\/fr\/directadmin-controlepaneel\/","title":{"rendered":"Panneau de contr\u00f4le Directadmin"},"content":{"rendered":"<div data-elementor-type=\"wp-page\" data-elementor-id=\"4516\" class=\"elementor elementor-4516\" data-elementor-post-type=\"page\">\n\t\t\t\t<div data-dce-background-color=\"#2B2C30\" class=\"elementor-element elementor-element-b9adc69 e-con-full e-flex e-con e-parent\" data-id=\"b9adc69\" data-element_type=\"container\" data-e-type=\"container\" data-settings=\"{&quot;background_background&quot;:&quot;classic&quot;}\">\n\t\t<div class=\"elementor-element elementor-element-0abfe75 e-con-full e-flex e-con e-child\" data-id=\"0abfe75\" data-element_type=\"container\" data-e-type=\"container\">\n\t\t\t\t<div class=\"elementor-element elementor-element-d41caf3 elementor-widget elementor-widget-heading\" data-id=\"d41caf3\" data-element_type=\"widget\" data-e-type=\"widget\" data-widget_type=\"heading.default\">\n\t\t\t\t<div class=\"elementor-widget-container\">\n\t\t\t\t\t<h2 class=\"elementor-heading-title elementor-size-default\">DirectAdmin<\/h2>\t\t\t\t<\/div>\n\t\t\t\t<\/div>\n\t\t\t\t<div class=\"elementor-element elementor-element-aa76553 elementor-invisible elementor-widget elementor-widget-text-editor\" data-id=\"aa76553\" data-element_type=\"widget\" data-e-type=\"widget\" data-settings=\"{&quot;_animation&quot;:&quot;slideInUp&quot;}\" data-widget_type=\"text-editor.default\">\n\t\t\t\t<div class=\"elementor-widget-container\">\n\t\t\t\t\t\t\t\t\t<p>Le panneau de commande simple et fiable<\/p>\t\t\t\t\t\t\t\t<\/div>\n\t\t\t\t<\/div>\n\t\t\t\t<\/div>\n\t\t\t\t<\/div>\n\t\t<div class=\"elementor-element elementor-element-4318f3d e-flex e-con-boxed e-con e-parent\" data-id=\"4318f3d\" data-element_type=\"container\" data-e-type=\"container\">\n\t\t\t\t\t<div class=\"e-con-inner\">\n\t\t<div class=\"elementor-element elementor-element-657dc69 e-con-full e-flex e-con e-child\" data-id=\"657dc69\" data-element_type=\"container\" data-e-type=\"container\">\n\t\t\t\t<div class=\"elementor-element elementor-element-84e3393 elementor-widget elementor-widget-heading\" data-id=\"84e3393\" data-element_type=\"widget\" data-e-type=\"widget\" data-widget_type=\"heading.default\">\n\t\t\t\t<div class=\"elementor-widget-container\">\n\t\t\t\t\t<h2 class=\"elementor-heading-title elementor-size-default\">DirectAdmin<\/h2>\t\t\t\t<\/div>\n\t\t\t\t<\/div>\n\t\t\t\t<div class=\"elementor-element elementor-element-e11b379 elementor-widget elementor-widget-text-editor\" data-id=\"e11b379\" data-element_type=\"widget\" data-e-type=\"widget\" data-widget_type=\"text-editor.default\">\n\t\t\t\t<div class=\"elementor-widget-container\">\n\t\t\t\t\t\t\t\t\t<p>DirectAdmin est un panneau de contr\u00f4le utilis\u00e9 pour g\u00e9rer les paquets d'h\u00e9bergement de digi.hosting. Il fournit une interface conviviale qui permet \u00e0 nos clients d'effectuer diverses t\u00e2ches, telles que la gestion des sites web, des noms de domaine, des comptes e-mail, des bases de donn\u00e9es et d'autres param\u00e8tres li\u00e9s \u00e0 l'h\u00e9bergement.<\/p>\t\t\t\t\t\t\t\t<\/div>\n\t\t\t\t<\/div>\n\t\t\t\t<\/div>\n\t\t<div class=\"elementor-element elementor-element-3f0cf36 e-con-full e-flex e-con e-child\" data-id=\"3f0cf36\" data-element_type=\"container\" data-e-type=\"container\">\n\t\t\t\t<div class=\"elementor-element elementor-element-a09614b elementor-widget elementor-widget-image\" data-id=\"a09614b\" data-element_type=\"widget\" data-e-type=\"widget\" data-widget_type=\"image.default\">\n\t\t\t\t<div class=\"elementor-widget-container\">\n\t\t\t\t\t\t\t\t\t\t\t\t\t\t\t<img fetchpriority=\"high\" decoding=\"async\" width=\"800\" height=\"759\" src=\"https:\/\/digi.hosting\/wp-content\/uploads\/2023\/11\/Scherm\u00adafbeelding-2023-11-07-om-19.50.05-1024x972.png\" class=\"attachment-large size-large wp-image-4508\" alt=\"\" srcset=\"\" sizes=\"(max-width: 800px) 100vw, 800px\" data-srcset=\"\" \/>\t\t\t\t\t\t\t\t\t\t\t\t\t\t\t<\/div>\n\t\t\t\t<\/div>\n\t\t\t\t<\/div>\n\t\t\t\t\t<\/div>\n\t\t\t\t<\/div>\n\t\t\t\t<\/div>","protected":false},"excerpt":{"rendered":"<p>DirectAdmin Le panneau de contr\u00f4le simple et fiable DirectAdmin DirectAdmin est un panneau de contr\u00f4le utilis\u00e9 pour g\u00e9rer les paquets d'h\u00e9bergement de digi.hosting. Il fournit une interface conviviale qui permet \u00e0 nos clients d'effectuer diverses t\u00e2ches, telles que la gestion des sites web, des noms de domaine, des comptes e-mail, des bases de donn\u00e9es et d'autres param\u00e8tres li\u00e9s \u00e0 l'h\u00e9bergement.<\/p>","protected":false},"author":1,"featured_media":0,"parent":0,"menu_order":0,"comment_status":"closed","ping_status":"closed","template":"elementor_header_footer","meta":{"_acf_changed":false,"footnotes":""},"class_list":["post-4516","page","type-page","status-publish","hentry"],"acf":[],"_links":{"self":[{"href":"https:\/\/digi.hosting\/fr\/wp-json\/wp\/v2\/pages\/4516","targetHints":{"allow":["GET"]}}],"collection":[{"href":"https:\/\/digi.hosting\/fr\/wp-json\/wp\/v2\/pages"}],"about":[{"href":"https:\/\/digi.hosting\/fr\/wp-json\/wp\/v2\/types\/page"}],"author":[{"embeddable":true,"href":"https:\/\/digi.hosting\/fr\/wp-json\/wp\/v2\/users\/1"}],"replies":[{"embeddable":true,"href":"https:\/\/digi.hosting\/fr\/wp-json\/wp\/v2\/comments?post=4516"}],"version-history":[{"count":10,"href":"https:\/\/digi.hosting\/fr\/wp-json\/wp\/v2\/pages\/4516\/revisions"}],"predecessor-version":[{"id":7571,"href":"https:\/\/digi.hosting\/fr\/wp-json\/wp\/v2\/pages\/4516\/revisions\/7571"}],"wp:attachment":[{"href":"https:\/\/digi.hosting\/fr\/wp-json\/wp\/v2\/media?parent=4516"}],"curies":[{"name":"wp","href":"https:\/\/api.w.org\/{rel}","templated":true}]}}