{"id":7184,"date":"2023-11-25T21:19:36","date_gmt":"2023-11-25T20:19:36","guid":{"rendered":"https:\/\/digi.hosting\/?page_id=7184"},"modified":"2026-03-14T15:29:13","modified_gmt":"2026-03-14T14:29:13","slug":"utilisation-responsable","status":"publish","type":"page","link":"https:\/\/digi.hosting\/fr\/juridisch\/verantwoord-gebruik\/","title":{"rendered":"Utilisation responsable"},"content":{"rendered":"<div data-elementor-type=\"wp-page\" data-elementor-id=\"7184\" class=\"elementor elementor-7184\" data-elementor-post-type=\"page\">\n\t\t\t\t<div data-dce-background-overlay-color=\"#000000\" class=\"elementor-element elementor-element-bcc5e20 e-con-full e-flex e-con e-parent\" data-id=\"bcc5e20\" data-element_type=\"container\" data-e-type=\"container\">\n\t\t<div class=\"elementor-element elementor-element-60efe48 e-con-full e-flex e-con e-child\" data-id=\"60efe48\" data-element_type=\"container\" data-e-type=\"container\">\n\t\t<div class=\"elementor-element elementor-element-aae9f6a e-con-full e-flex e-con e-child\" data-id=\"aae9f6a\" data-element_type=\"container\" data-e-type=\"container\">\n\t\t\t\t<div class=\"elementor-element elementor-element-5ba7528 elementor-widget elementor-widget-heading\" data-id=\"5ba7528\" data-element_type=\"widget\" data-e-type=\"widget\" data-widget_type=\"heading.default\">\n\t\t\t\t<div class=\"elementor-widget-container\">\n\t\t\t\t\t<h2 class=\"elementor-heading-title elementor-size-default\">Utilisation responsable<\/h2>\t\t\t\t<\/div>\n\t\t\t\t<\/div>\n\t\t\t\t<\/div>\n\t\t\t\t<\/div>\n\t\t\t\t<\/div>\n\t\t<div data-dce-background-color=\"#FFFFFF\" class=\"elementor-element elementor-element-bc7dec1 e-flex e-con-boxed e-con e-parent\" data-id=\"bc7dec1\" data-element_type=\"container\" data-e-type=\"container\" data-settings=\"{&quot;background_background&quot;:&quot;classic&quot;}\">\n\t\t\t\t\t<div class=\"e-con-inner\">\n\t\t\t\t<div class=\"elementor-element elementor-element-1e1cbaa elementor-widget elementor-widget-text-editor\" data-id=\"1e1cbaa\" data-element_type=\"widget\" data-e-type=\"widget\" data-widget_type=\"text-editor.default\">\n\t\t\t\t<div class=\"elementor-widget-container\">\n\t\t\t\t\t\t\t\t\t<h3 data-path-to-node=\"3\">Article 1 : D\u00e9finitions<\/h3>\n<p data-path-to-node=\"4\"><b data-path-to-node=\"4\" data-index-in-node=\"0\">1.1 Trafic de donn\u00e9es :<\/b> Toutes les donn\u00e9es envoy\u00e9es et re\u00e7ues sur l'Internet via le progiciel d'h\u00e9bergement. Cela comprend les chargements, les t\u00e9l\u00e9chargements et toutes les connexions entrantes et sortantes (y compris le courrier \u00e9lectronique et les requ\u00eates de base de donn\u00e9es). <b data-path-to-node=\"4\" data-index-in-node=\"214\">1.2 Espace de stockage :<\/b> La quantit\u00e9 totale de donn\u00e9es que le client peut stocker sur l'infrastructure d'h\u00e9bergement allou\u00e9e.<\/p>\n<hr data-path-to-node=\"5\" \/>\n<h3 data-path-to-node=\"6\">Article 2 : Trafic de donn\u00e9es et utilisation \u00e9quitable<\/h3>\n<p data-path-to-node=\"7\">Toutes les formules d'h\u00e9bergement payantes de Digi Hosting comprennent une quantit\u00e9 g\u00e9n\u00e9reuse de trafic de donn\u00e9es par mois. Bien que certains packs soient annonc\u00e9s comme 'illimit\u00e9s', ils sont destin\u00e9s \u00e0 \u00eatre utilis\u00e9s par les utilisateurs. <b data-path-to-node=\"7\" data-index-in-node=\"193\">utilisation normale et raisonnable<\/b> pour un environnement d'h\u00e9bergement web standard (Fair Use). Digi Hosting surveille les syst\u00e8mes 24 heures sur 24 et 7 jours sur 7 afin d'\u00e9viter toute surcharge et de garantir la stabilit\u00e9 pour tous les utilisateurs.<\/p>\n<p data-path-to-node=\"8\"><b data-path-to-node=\"8\" data-index-in-node=\"0\">2.1 Violation de l'usage loyal :<\/b> Le trafic de donn\u00e9es n'est express\u00e9ment pas destin\u00e9 \u00e0 :<\/p>\n<ul data-path-to-node=\"9\">\n<li>\n<p data-path-to-node=\"9,0,0\">H\u00e9bergement de services ind\u00e9pendants de diffusion en continu (vid\u00e9o ou audio).<\/p>\n<\/li>\n<li>\n<p data-path-to-node=\"9,1,0\">Utilisation comme plate-forme externe de sauvegarde ou d'archivage pour les fichiers sans lien direct avec le site web h\u00e9berg\u00e9.<\/p>\n<\/li>\n<li>\n<p data-path-to-node=\"9,2,0\">L'h\u00e9bergement de services de t\u00e9l\u00e9chargement ou de partage de fichiers \u00e0 grande \u00e9chelle.<\/p>\n<\/li>\n<\/ul>\n<p data-path-to-node=\"10\"><b data-path-to-node=\"10\" data-index-in-node=\"0\">2.2 Intervention :<\/b> Si nous d\u00e9terminons que le trafic de donn\u00e9es d'un client s'\u00e9carte structurellement et de mani\u00e8re significative des sch\u00e9mas d'utilisation moyens (par exemple, plus de 50 fois la moyenne d'utilisateurs similaires), compromettant ainsi la performance du r\u00e9seau, nous contacterons le client pour :<\/p>\n<ul data-path-to-node=\"11\">\n<li>\n<p data-path-to-node=\"11,0,0\">Proposer une mise \u00e0 niveau vers une formule adapt\u00e9e (par exemple, VPS ou h\u00e9bergement d\u00e9di\u00e9).<\/p>\n<\/li>\n<li>\n<p data-path-to-node=\"11,1,0\">En cas de refus ou de non-coop\u00e9ration : blocage temporaire du service ou r\u00e9siliation de l'accord conform\u00e9ment \u00e0 l'article 6 des conditions g\u00e9n\u00e9rales.<\/p>\n<\/li>\n<\/ul>\n<hr data-path-to-node=\"12\" \/>\n<h3 data-path-to-node=\"13\">Article 3 : Espace de stockage et limitation de la finalit\u00e9<\/h3>\n<p data-path-to-node=\"14\">L'espace de stockage est <b data-path-to-node=\"14\" data-index-in-node=\"19\">destin\u00e9 \u00e0 \u00eatre stock\u00e9 sur le site web uniquement<\/b>Les fichiers de sites web, les bases de donn\u00e9es et les courriers \u00e9lectroniques.<\/p>\n<p data-path-to-node=\"15\"><b data-path-to-node=\"15\" data-index-in-node=\"0\">3.1 Exclusion de l'archivage :<\/b> L'espace de stockage inclus ne peut \u00eatre utilis\u00e9 pour stocker et\/ou h\u00e9berger de grandes quantit\u00e9s de donn\u00e9es personnelles, de films, de sauvegardes externes ou d'autres \u00e9l\u00e9ments qui n'ont pas de fonction directe dans le fonctionnement du site web h\u00e9berg\u00e9.<\/p>\n<p data-path-to-node=\"16\"><b data-path-to-node=\"16\" data-index-in-node=\"0\">3.2 Suspension pour violation des limites :<\/b> Si la limite de stockage allou\u00e9e est d\u00e9pass\u00e9e, le pack d'h\u00e9bergement est automatiquement suspendu. Le client recevra des notifications automatiques \u00e0 ce sujet. Le client peut mettre \u00e0 jour son paquet imm\u00e9diatement ou contacter Digi Hosting pour une r\u00e9activation apr\u00e8s la suppression des donn\u00e9es.<\/p>\n<p data-path-to-node=\"17\"><b data-path-to-node=\"17\" data-index-in-node=\"0\">3.3 Cons\u00e9quences d'un stockage abusif :<\/b> Si une utilisation abusive de l'espace de stockage est d\u00e9tect\u00e9e (archivage non li\u00e9 au site web), le client en sera averti. Si le Client ne suit pas ce conseil, Digi Hosting se r\u00e9serve le droit de bloquer l'acc\u00e8s aux services conform\u00e9ment \u00e0 l'article 6 des Conditions G\u00e9n\u00e9rales.<\/p>\n<hr data-path-to-node=\"18\" \/>\n<h3 data-path-to-node=\"19\">Article 4 : Packages d'h\u00e9bergement web gratuits<\/h3>\n<p data-path-to-node=\"20\">Digi Hosting propose des packs d'h\u00e9bergement gratuits en guise de service d'introduction pour les sites web non commerciaux.<\/p>\n<p data-path-to-node=\"21\"><b data-path-to-node=\"21\" data-index-in-node=\"0\">4.1 Acceptation et v\u00e9rification :<\/b> Les demandes sont v\u00e9rifi\u00e9es manuellement. Digi Hosting se r\u00e9serve le droit de refuser des commandes \u00e0 sa discr\u00e9tion. Les contr\u00f4les portent sur l'enregistrement du domaine, l'adresse IP et l'emplacement physique. L'utilisation de connexions VPN lors de la commande entra\u00eene un marquage automatique comme fraude.<\/p>\n<p data-path-to-node=\"22\"><b data-path-to-node=\"22\" data-index-in-node=\"0\">4.2 Abus et suspension :<\/b> En cas d'abus, le paquet sera suspendu imm\u00e9diatement et sans avertissement. Les abus comprennent : l'h\u00e9bergement de mat\u00e9riel ill\u00e9gal, l'hame\u00e7onnage ou l'envoi de spam.<\/p>\n<p data-path-to-node=\"23\"><b data-path-to-node=\"23\" data-index-in-node=\"0\">4.3 Inactivit\u00e9 :<\/b> Si un paquet gratuit n'a pas \u00e9t\u00e9 utilis\u00e9 activement pendant 6 mois, Digi Hosting peut suspendre et \u00e9ventuellement supprimer le paquet apr\u00e8s un avertissement pr\u00e9alable par e-mail.<\/p>\n<p data-path-to-node=\"24\"><b data-path-to-node=\"24\" data-index-in-node=\"0\">4.4 Limitation :<\/b> Un maximum d'un (1) pack d'h\u00e9bergement gratuit est autoris\u00e9 par client. Des contr\u00f4les sont effectu\u00e9s sur l'adresse \u00e9lectronique, l'adresse IP et les donn\u00e9es personnelles.<\/p>\t\t\t\t\t\t\t\t<\/div>\n\t\t\t\t<\/div>\n\t\t\t\t<div class=\"elementor-element elementor-element-eea96b7 elementor-widget elementor-widget-text-editor\" data-id=\"eea96b7\" data-element_type=\"widget\" data-e-type=\"widget\" data-widget_type=\"text-editor.default\">\n\t\t\t\t<div class=\"elementor-widget-container\">\n\t\t\t\t\t\t\t\t\t<p><!-- \/wp:paragraph --><!-- wp:paragraph --><\/p>\n<p><!-- \/wp:paragraph --><!-- wp:paragraph --><\/p>\n<p>Ces termes et conditions sont sujets \u00e0 des erreurs d'impression.<\/p>\n<p><!-- \/wp:paragraph --><!-- wp:paragraph --><\/p>\n<p><!-- \/wp:paragraph --><!-- wp:paragraph --><\/p>\n<p><!-- \/wp:paragraph --><!-- wp:paragraph --><\/p>\n<p><!-- \/wp:paragraph --><!-- wp:paragraph --><\/p>\n<p><!-- \/wp:paragraph --><!-- wp:paragraph --><\/p>\n<p><!-- \/wp:paragraph --><!-- wp:paragraph --><\/p>\n<p><!-- \/wp:paragraph --><!-- wp:paragraph --><\/p>\n<p><!-- \/wp:paragraph --><!-- wp:paragraph --><\/p>\n<p><!-- \/wp:paragraph --><!-- wp:list {\"ordered\":true} --><\/p>\n<p><!-- \/wp:list --><\/p>\t\t\t\t\t\t\t\t<\/div>\n\t\t\t\t<\/div>\n\t\t\t\t<div class=\"elementor-element elementor-element-a015df2 elementor-widget elementor-widget-heading\" data-id=\"a015df2\" data-element_type=\"widget\" data-e-type=\"widget\" data-widget_type=\"heading.default\">\n\t\t\t\t<div class=\"elementor-widget-container\">\n\t\t\t\t\t<h2 class=\"elementor-heading-title elementor-size-default\">Derni\u00e8re modification : 25 mai 2025<\/h2>\t\t\t\t<\/div>\n\t\t\t\t<\/div>\n\t\t\t\t\t<\/div>\n\t\t\t\t<\/div>\n\t\t\t\t<\/div>","protected":false},"excerpt":{"rendered":"<p>Verantwoord Gebruik Artikel 1: Definities 1.1 Dataverkeer: Alle data die via het internet wordt verzonden en ontvangen via het hostingpakket. Dit omvat uploads, downloads, en alle inkomende en uitgaande verbindingen (inclusief e-mail en database queries). 1.2 Opslagruimte: De totale hoeveelheid data die de Klant kan opslaan op de toegewezen hostinginfrastructuur. Artikel 2: Dataverkeer en Redelijk [&hellip;]<\/p>\n","protected":false},"author":1,"featured_media":0,"parent":18254,"menu_order":0,"comment_status":"closed","ping_status":"closed","template":"elementor_header_footer","meta":{"_acf_changed":false,"footnotes":""},"class_list":["post-7184","page","type-page","status-publish","hentry"],"acf":[],"_links":{"self":[{"href":"https:\/\/digi.hosting\/fr\/wp-json\/wp\/v2\/pages\/7184","targetHints":{"allow":["GET"]}}],"collection":[{"href":"https:\/\/digi.hosting\/fr\/wp-json\/wp\/v2\/pages"}],"about":[{"href":"https:\/\/digi.hosting\/fr\/wp-json\/wp\/v2\/types\/page"}],"author":[{"embeddable":true,"href":"https:\/\/digi.hosting\/fr\/wp-json\/wp\/v2\/users\/1"}],"replies":[{"embeddable":true,"href":"https:\/\/digi.hosting\/fr\/wp-json\/wp\/v2\/comments?post=7184"}],"version-history":[{"count":65,"href":"https:\/\/digi.hosting\/fr\/wp-json\/wp\/v2\/pages\/7184\/revisions"}],"predecessor-version":[{"id":22598,"href":"https:\/\/digi.hosting\/fr\/wp-json\/wp\/v2\/pages\/7184\/revisions\/22598"}],"up":[{"embeddable":true,"href":"https:\/\/digi.hosting\/fr\/wp-json\/wp\/v2\/pages\/18254"}],"wp:attachment":[{"href":"https:\/\/digi.hosting\/fr\/wp-json\/wp\/v2\/media?parent=7184"}],"curies":[{"name":"wp","href":"https:\/\/api.w.org\/{rel}","templated":true}]}}