{"id":15655,"date":"2025-04-10T22:47:52","date_gmt":"2025-04-10T20:47:52","guid":{"rendered":"https:\/\/digi.hosting\/?page_id=15655"},"modified":"2025-06-09T22:37:43","modified_gmt":"2025-06-09T20:37:43","slug":"sobre-nos","status":"publish","type":"page","link":"https:\/\/digi.hosting\/pt\/over-ons\/","title":{"rendered":"Sobre n\u00f3s"},"content":{"rendered":"<div data-elementor-type=\"wp-page\" data-elementor-id=\"15655\" class=\"elementor elementor-15655\" data-elementor-post-type=\"page\">\n\t\t\t\t<div data-dce-background-overlay-color=\"#000000\" class=\"elementor-element elementor-element-7ef08943 e-con-full e-flex e-con e-parent\" data-id=\"7ef08943\" data-element_type=\"container\" data-e-type=\"container\">\n\t\t<div class=\"elementor-element elementor-element-3f62a961 e-con-full e-flex e-con e-child\" data-id=\"3f62a961\" data-element_type=\"container\" data-e-type=\"container\">\n\t\t<div class=\"elementor-element elementor-element-64f22318 e-con-full e-flex e-con e-child\" data-id=\"64f22318\" data-element_type=\"container\" data-e-type=\"container\">\n\t\t\t\t<div class=\"elementor-element elementor-element-1b777a53 elementor-widget__width-initial animated-slow elementor-invisible elementor-widget elementor-widget-heading\" data-id=\"1b777a53\" data-element_type=\"widget\" data-e-type=\"widget\" data-settings=\"{&quot;_animation&quot;:&quot;fadeIn&quot;}\" data-widget_type=\"heading.default\">\n\t\t\t\t<div class=\"elementor-widget-container\">\n\t\t\t\t\t<h2 class=\"elementor-heading-title elementor-size-default\">Digi Hosting<\/h2>\t\t\t\t<\/div>\n\t\t\t\t<\/div>\n\t\t\t\t<div class=\"elementor-element elementor-element-12cb9a2 animated-slow elementor-invisible elementor-widget elementor-widget-text-editor\" data-id=\"12cb9a2\" data-element_type=\"widget\" data-e-type=\"widget\" data-settings=\"{&quot;_animation&quot;:&quot;fadeIn&quot;}\" data-widget_type=\"text-editor.default\">\n\t\t\t\t<div class=\"elementor-widget-container\">\n\t\t\t\t\t\t\t\t\t<p>Empreendedorismo em linha para todos os or\u00e7amentos.<\/p>\t\t\t\t\t\t\t\t<\/div>\n\t\t\t\t<\/div>\n\t\t\t\t<\/div>\n\t\t\t\t<\/div>\n\t\t\t\t<\/div>\n\t\t<div data-dce-background-color=\"#FFFFFF\" class=\"elementor-element elementor-element-ae06fe4 e-flex e-con-boxed e-con e-parent\" data-id=\"ae06fe4\" data-element_type=\"container\" data-e-type=\"container\" data-settings=\"{&quot;background_background&quot;:&quot;classic&quot;}\">\n\t\t\t\t\t<div class=\"e-con-inner\">\n\t\t<div class=\"elementor-element elementor-element-b3fd1ae e-con-full e-flex e-con e-child\" data-id=\"b3fd1ae\" data-element_type=\"container\" data-e-type=\"container\">\n\t\t\t\t<div class=\"elementor-element elementor-element-613b36f elementor-widget elementor-widget-image\" data-id=\"613b36f\" data-element_type=\"widget\" data-e-type=\"widget\" data-widget_type=\"image.default\">\n\t\t\t\t<div class=\"elementor-widget-container\">\n\t\t\t\t\t\t\t\t\t\t\t\t\t\t\t<img fetchpriority=\"high\" decoding=\"async\" width=\"800\" height=\"174\" src=\"https:\/\/digi.hosting\/wp-content\/uploads\/2023\/06\/digihostingLogo-1024x223.png\" class=\"attachment-large size-large wp-image-9025\" alt=\"\" srcset=\"https:\/\/digi.hosting\/wp-content\/uploads\/2023\/06\/digihostingLogo-1024x223.png 1024w, https:\/\/digi.hosting\/wp-content\/uploads\/2023\/06\/digihostingLogo-300x65.png 300w, https:\/\/digi.hosting\/wp-content\/uploads\/2023\/06\/digihostingLogo-768x167.png 768w, https:\/\/digi.hosting\/wp-content\/uploads\/2023\/06\/digihostingLogo-1536x334.png 1536w, https:\/\/digi.hosting\/wp-content\/uploads\/2023\/06\/digihostingLogo-2048x445.png 2048w, https:\/\/digi.hosting\/wp-content\/uploads\/2023\/06\/digihostingLogo-750x163.png 750w, https:\/\/digi.hosting\/wp-content\/uploads\/2023\/06\/digihostingLogo-1140x248.png 1140w\" sizes=\"(max-width: 800px) 100vw, 800px\" \/>\t\t\t\t\t\t\t\t\t\t\t\t\t\t\t<\/div>\n\t\t\t\t<\/div>\n\t\t\t\t<\/div>\n\t\t<div class=\"elementor-element elementor-element-e762ba7 e-con-full e-flex e-con e-child\" data-id=\"e762ba7\" data-element_type=\"container\" data-e-type=\"container\">\n\t\t\t\t<div class=\"elementor-element elementor-element-49ff44d elementor-widget elementor-widget-heading\" data-id=\"49ff44d\" data-element_type=\"widget\" data-e-type=\"widget\" data-widget_type=\"heading.default\">\n\t\t\t\t<div class=\"elementor-widget-container\">\n\t\t\t\t\t<h2 class=\"elementor-heading-title elementor-size-default\">Sobre <span style=\"color: white;background: radial-gradient(circle, rgba(254,100,15,1) 0%, rgba(247,48,119,1) 100%);padding: 3px;border-radius: 10px\">O nosso<\/span><\/h2>\t\t\t\t<\/div>\n\t\t\t\t<\/div>\n\t\t\t\t<div class=\"elementor-element elementor-element-a7bda58 elementor-widget elementor-widget-text-editor\" data-id=\"a7bda58\" data-element_type=\"widget\" data-e-type=\"widget\" data-widget_type=\"text-editor.default\">\n\t\t\t\t<div class=\"elementor-widget-container\">\n\t\t\t\t\t\t\t\t\t<p class=\"\" data-start=\"92\" data-end=\"437\">Em <strong data-start=\"96\" data-end=\"112\">Digi Hosting<\/strong> tem tudo a ver com fiabilidade digital e inova\u00e7\u00e3o centrada no cliente. Fundada em 2020 no cora\u00e7\u00e3o de Gante por <strong data-start=\"226\" data-end=\"243\">Kwinten Braet<\/strong>A Digi Hosting nasceu de uma paix\u00e3o pela tecnologia e de uma miss\u00e3o clara: tornar o alojamento Web de alta qualidade acess\u00edvel a todos - desde as empresas em fase de arranque at\u00e9 \u00e0s empresas em crescimento.<\/p><p class=\"\" data-start=\"439\" data-end=\"788\">Sendo uma empresa jovem e din\u00e2mica, combinamos ideias frescas com conhecimentos t\u00e9cnicos. O nosso objetivo \u00e9 <strong data-start=\"540\" data-end=\"574\">solu\u00e7\u00f5es de alojamento fi\u00e1veis<\/strong>A nossa equipa de especialistas em alojamento de s\u00edtios Web \u00e9 composta por especialistas em seguran\u00e7a, seguran\u00e7a forte e uma experi\u00eancia f\u00e1cil de utilizar. Quer aloje um simples s\u00edtio Web ou execute aplica\u00e7\u00f5es online complexas, garantimos que a sua presen\u00e7a digital se mant\u00e9m r\u00e1pida, est\u00e1vel e segura.<\/p><p class=\"\" data-start=\"790\" data-end=\"1083\">O que nos distingue \u00e9 a nossa <strong data-start=\"820\" data-end=\"843\">abordagem pessoal<\/strong>. Sem tempos de espera intermin\u00e1veis ou servi\u00e7os de assist\u00eancia impessoais - na Digi Hosting, estamos prontos para ouvir realmente as suas necessidades e encontrar a melhor solu\u00e7\u00e3o em conjunto. Acreditamos na transpar\u00eancia, em pre\u00e7os justos e em parcerias sustent\u00e1veis.<\/p><p class=\"\" data-start=\"1085\" data-end=\"1423\">Com sede em Ghent, servimos clientes em toda a B\u00e9lgica (e n\u00e3o s\u00f3), acreditando que a ancoragem local e a ambi\u00e7\u00e3o internacional podem andar de m\u00e3os dadas. Os nossos servidores funcionam com energia verde e continuamos a investir em <strong data-start=\"1310\" data-end=\"1336\">tecnologias sustent\u00e1veis<\/strong> que n\u00e3o s\u00f3 funcionam, mas tamb\u00e9m contribuem para um melhor ecossistema digital.<\/p><p class=\"\" data-start=\"1425\" data-end=\"1519\">Na Digi Hosting, o cliente n\u00e3o \u00e9 um n\u00famero, mas um parceiro. Juntos, constru\u00edmos o seu sucesso online.<\/p>\t\t\t\t\t\t\t\t<\/div>\n\t\t\t\t<\/div>\n\t\t\t\t<\/div>\n\t\t\t\t\t<\/div>\n\t\t\t\t<\/div>\n\t\t<div data-dce-background-color=\"#0A143A\" class=\"elementor-element elementor-element-500e1ab e-flex e-con-boxed e-con e-parent\" data-id=\"500e1ab\" data-element_type=\"container\" data-e-type=\"container\" data-settings=\"{&quot;background_background&quot;:&quot;classic&quot;}\">\n\t\t\t\t\t<div class=\"e-con-inner\">\n\t\t<div class=\"elementor-element elementor-element-915740a e-con-full e-flex e-con e-child\" data-id=\"915740a\" data-element_type=\"container\" data-e-type=\"container\">\n\t\t\t\t<div class=\"elementor-element elementor-element-23bef33 elementor-widget elementor-widget-heading\" data-id=\"23bef33\" data-element_type=\"widget\" data-e-type=\"widget\" data-widget_type=\"heading.default\">\n\t\t\t\t<div class=\"elementor-widget-container\">\n\t\t\t\t\t<h2 class=\"elementor-heading-title elementor-size-default\">O nosso <span style=\"color: white;background: radial-gradient(circle, rgba(254,100,15,1) 0%, rgba(247,48,119,1) 100%);padding: 3px;border-radius: 10px\">Valores<\/span><\/h2>\t\t\t\t<\/div>\n\t\t\t\t<\/div>\n\t\t\t\t<div class=\"elementor-element elementor-element-bc355a1 elementor-widget elementor-widget-text-editor\" data-id=\"bc355a1\" data-element_type=\"widget\" data-e-type=\"widget\" data-widget_type=\"text-editor.default\">\n\t\t\t\t<div class=\"elementor-widget-container\">\n\t\t\t\t\t\t\t\t\t<p class=\"\" data-start=\"92\" data-end=\"437\">Em <strong data-start=\"96\" data-end=\"112\">Digi Hosting<\/strong> os nossos valores fundamentais s\u00e3o a espinha dorsal de tudo o que fazemos. Orientam as nossas decis\u00f5es, determinam a forma como interagimos com os clientes e constituem a base do nosso crescimento.<\/p>\t\t\t\t\t\t\t\t<\/div>\n\t\t\t\t<\/div>\n\t\t\t\t<div class=\"elementor-element elementor-element-4b7ff48 elementor-widget elementor-widget-heading\" data-id=\"4b7ff48\" data-element_type=\"widget\" data-e-type=\"widget\" data-widget_type=\"heading.default\">\n\t\t\t\t<div class=\"elementor-widget-container\">\n\t\t\t\t\t<h2 class=\"elementor-heading-title elementor-size-default\">Fiabilidade<\/h2>\t\t\t\t<\/div>\n\t\t\t\t<\/div>\n\t\t\t\t<div class=\"elementor-element elementor-element-80c1d99 elementor-widget elementor-widget-text-editor\" data-id=\"80c1d99\" data-element_type=\"widget\" data-e-type=\"widget\" data-widget_type=\"text-editor.default\">\n\t\t\t\t<div class=\"elementor-widget-container\">\n\t\t\t\t\t\t\t\t\t<p class=\"\" data-start=\"275\" data-end=\"479\">Compreendemos que a sua presen\u00e7a online \u00e9 crucial. \u00c9 por isso que nos comprometemos com um tempo de atividade m\u00e1ximo, um desempenho est\u00e1vel e um apoio r\u00e1pido. Deve poder contar connosco - sempre.<\/p>\t\t\t\t\t\t\t\t<\/div>\n\t\t\t\t<\/div>\n\t\t\t\t<div class=\"elementor-element elementor-element-f06c1ac elementor-widget elementor-widget-heading\" data-id=\"f06c1ac\" data-element_type=\"widget\" data-e-type=\"widget\" data-widget_type=\"heading.default\">\n\t\t\t\t<div class=\"elementor-widget-container\">\n\t\t\t\t\t<h2 class=\"elementor-heading-title elementor-size-default\">Foco no cliente<\/h2>\t\t\t\t<\/div>\n\t\t\t\t<\/div>\n\t\t\t\t<div class=\"elementor-element elementor-element-2243f45 elementor-widget elementor-widget-text-editor\" data-id=\"2243f45\" data-element_type=\"widget\" data-e-type=\"widget\" data-widget_type=\"text-editor.default\">\n\t\t\t\t<div class=\"elementor-widget-container\">\n\t\t\t\t\t\t\t\t\t<p class=\"\" data-start=\"481\" data-end=\"666\">Cada cliente \u00e9 \u00fanico. N\u00f3s ouvimos, pensamos e oferecemos solu\u00e7\u00f5es \u00e0 medida. O servi\u00e7o personalizado e uma abordagem humana est\u00e3o no centro de tudo o que fazemos.<\/p>\t\t\t\t\t\t\t\t<\/div>\n\t\t\t\t<\/div>\n\t\t\t\t<div class=\"elementor-element elementor-element-7c93ddb elementor-widget elementor-widget-heading\" data-id=\"7c93ddb\" data-element_type=\"widget\" data-e-type=\"widget\" data-widget_type=\"heading.default\">\n\t\t\t\t<div class=\"elementor-widget-container\">\n\t\t\t\t\t<h2 class=\"elementor-heading-title elementor-size-default\">Transpar\u00eancia<\/h2>\t\t\t\t<\/div>\n\t\t\t\t<\/div>\n\t\t\t\t<div class=\"elementor-element elementor-element-d2a093c elementor-widget elementor-widget-text-editor\" data-id=\"d2a093c\" data-element_type=\"widget\" data-e-type=\"widget\" data-widget_type=\"text-editor.default\">\n\t\t\t\t<div class=\"elementor-widget-container\">\n\t\t\t\t\t\t\t\t\t<p class=\"\" data-start=\"668\" data-end=\"837\">A honestidade \u00e9 essencial para n\u00f3s. Sem custos ocultos, contratos vagos ou promessas vazias - apenas comunica\u00e7\u00e3o clara e acordos claros.<\/p>\t\t\t\t\t\t\t\t<\/div>\n\t\t\t\t<\/div>\n\t\t\t\t<div class=\"elementor-element elementor-element-6c3ee9d elementor-widget elementor-widget-heading\" data-id=\"6c3ee9d\" data-element_type=\"widget\" data-e-type=\"widget\" data-widget_type=\"heading.default\">\n\t\t\t\t<div class=\"elementor-widget-container\">\n\t\t\t\t\t<h2 class=\"elementor-heading-title elementor-size-default\">Inova\u00e7\u00e3o<\/h2>\t\t\t\t<\/div>\n\t\t\t\t<\/div>\n\t\t\t\t<div class=\"elementor-element elementor-element-080c69d elementor-widget elementor-widget-text-editor\" data-id=\"080c69d\" data-element_type=\"widget\" data-e-type=\"widget\" data-widget_type=\"text-editor.default\">\n\t\t\t\t<div class=\"elementor-widget-container\">\n\t\t\t\t\t\t\t\t\t<p class=\"\" data-start=\"839\" data-end=\"1065\">O mundo digital est\u00e1 a mudar \u00e0 velocidade da luz. Mantemo-nos na vanguarda investindo nas tecnologias mais recentes e procurando constantemente formas de tornar os nossos servi\u00e7os mais inteligentes, mais r\u00e1pidos e mais seguros.<\/p>\t\t\t\t\t\t\t\t<\/div>\n\t\t\t\t<\/div>\n\t\t\t\t<div class=\"elementor-element elementor-element-c8ac13c elementor-widget elementor-widget-heading\" data-id=\"c8ac13c\" data-element_type=\"widget\" data-e-type=\"widget\" data-widget_type=\"heading.default\">\n\t\t\t\t<div class=\"elementor-widget-container\">\n\t\t\t\t\t<h2 class=\"elementor-heading-title elementor-size-default\">Sustentabilidade<\/h2>\t\t\t\t<\/div>\n\t\t\t\t<\/div>\n\t\t\t\t<div class=\"elementor-element elementor-element-ae12351 elementor-widget elementor-widget-text-editor\" data-id=\"ae12351\" data-element_type=\"widget\" data-e-type=\"widget\" data-widget_type=\"text-editor.default\">\n\t\t\t\t<div class=\"elementor-widget-container\">\n\t\t\t\t\t\t\t\t\t<p class=\"\" data-start=\"1067\" data-end=\"1288\">Levamos a s\u00e9rio a nossa responsabilidade pelo planeta. Os nossos servidores funcionam com energia verde e escolhemos conscientemente parceiros e solu\u00e7\u00f5es que contribuem para um futuro digital mais sustent\u00e1vel.<\/p>\t\t\t\t\t\t\t\t<\/div>\n\t\t\t\t<\/div>\n\t\t\t\t<\/div>\n\t\t<div class=\"elementor-element elementor-element-83ca431 e-con-full e-flex e-con e-child\" data-id=\"83ca431\" data-element_type=\"container\" data-e-type=\"container\">\n\t\t<div data-dce-background-color=\"#FFFFFF\" class=\"elementor-element elementor-element-2c319a2 e-con-full e-flex e-con e-child\" data-id=\"2c319a2\" data-element_type=\"container\" data-e-type=\"container\" data-settings=\"{&quot;background_background&quot;:&quot;classic&quot;}\">\n\t\t\t\t<div class=\"elementor-element elementor-element-2a3814c elementor-widget elementor-widget-heading\" data-id=\"2a3814c\" data-element_type=\"widget\" data-e-type=\"widget\" data-widget_type=\"heading.default\">\n\t\t\t\t<div class=\"elementor-widget-container\">\n\t\t\t\t\t<h2 class=\"elementor-heading-title elementor-size-default\">Empresa Digi - digi.hosting<\/h2>\t\t\t\t<\/div>\n\t\t\t\t<\/div>\n\t\t\t\t<div class=\"elementor-element elementor-element-357d771 elementor-widget elementor-widget-heading\" data-id=\"357d771\" data-element_type=\"widget\" data-e-type=\"widget\" data-widget_type=\"heading.default\">\n\t\t\t\t<div class=\"elementor-widget-container\">\n\t\t\t\t\t<h2 class=\"elementor-heading-title elementor-size-default\">BE0749684888<\/h2>\t\t\t\t<\/div>\n\t\t\t\t<\/div>\n\t\t\t\t<div class=\"elementor-element elementor-element-faa09f4 elementor-widget elementor-widget-heading\" data-id=\"faa09f4\" data-element_type=\"widget\" data-e-type=\"widget\" data-widget_type=\"heading.default\">\n\t\t\t\t<div class=\"elementor-widget-container\">\n\t\t\t\t\t<h2 class=\"elementor-heading-title elementor-size-default\">A. Van Ooteghemstr 7\n9050 Ghent, B\u00e9lgica (sem endere\u00e7o de visita)<\/h2>\t\t\t\t<\/div>\n\t\t\t\t<\/div>\n\t\t\t\t<\/div>\n\t\t\t\t<\/div>\n\t\t\t\t\t<\/div>\n\t\t\t\t<\/div>\n\t\t\t\t<\/div>","protected":false},"excerpt":{"rendered":"<p>Digi Hosting Online ondernemen voor ieders budget. Over Ons Bij Digi Hosting draait alles om digitale betrouwbaarheid en klantgerichte innovatie. Opgericht in 2020 in het hart van Gent door Kwinten Braet, is Digi Hosting ontstaan uit een passie voor technologie en een duidelijke missie: hoogwaardige webhosting toegankelijk maken voor iedereen \u2013 van startende ondernemers tot [&hellip;]<\/p>\n","protected":false},"author":1,"featured_media":0,"parent":0,"menu_order":0,"comment_status":"closed","ping_status":"closed","template":"","meta":{"_acf_changed":false,"footnotes":""},"class_list":["post-15655","page","type-page","status-publish","hentry"],"acf":[],"_links":{"self":[{"href":"https:\/\/digi.hosting\/pt\/wp-json\/wp\/v2\/pages\/15655","targetHints":{"allow":["GET"]}}],"collection":[{"href":"https:\/\/digi.hosting\/pt\/wp-json\/wp\/v2\/pages"}],"about":[{"href":"https:\/\/digi.hosting\/pt\/wp-json\/wp\/v2\/types\/page"}],"author":[{"embeddable":true,"href":"https:\/\/digi.hosting\/pt\/wp-json\/wp\/v2\/users\/1"}],"replies":[{"embeddable":true,"href":"https:\/\/digi.hosting\/pt\/wp-json\/wp\/v2\/comments?post=15655"}],"version-history":[{"count":14,"href":"https:\/\/digi.hosting\/pt\/wp-json\/wp\/v2\/pages\/15655\/revisions"}],"predecessor-version":[{"id":18896,"href":"https:\/\/digi.hosting\/pt\/wp-json\/wp\/v2\/pages\/15655\/revisions\/18896"}],"wp:attachment":[{"href":"https:\/\/digi.hosting\/pt\/wp-json\/wp\/v2\/media?parent=15655"}],"curies":[{"name":"wp","href":"https:\/\/api.w.org\/{rel}","templated":true}]}}