{"id":15849,"date":"2025-04-24T02:03:48","date_gmt":"2025-04-24T00:03:48","guid":{"rendered":"https:\/\/digi.hosting\/?page_id=15849"},"modified":"2025-06-10T02:09:00","modified_gmt":"2025-06-10T00:09:00","slug":"gerador-de-nomes-de-dominio-ai","status":"publish","type":"page","link":"https:\/\/digi.hosting\/pt\/ai-domeinnaam-generator\/","title":{"rendered":"Gerador de nomes de dom\u00ednio AI"},"content":{"rendered":"<div data-elementor-type=\"wp-page\" data-elementor-id=\"15849\" class=\"elementor elementor-15849\" data-elementor-post-type=\"page\">\n\t\t\t\t<div class=\"elementor-element elementor-element-9e13aa5 e-flex e-con-boxed e-con e-parent\" data-id=\"9e13aa5\" data-element_type=\"container\" data-e-type=\"container\">\n\t\t\t\t\t<div class=\"e-con-inner\">\n\t\t<div class=\"elementor-element elementor-element-2e238fc e-con-full e-flex e-con e-child\" data-id=\"2e238fc\" data-element_type=\"container\" data-e-type=\"container\">\n\t\t\t\t<div class=\"elementor-element elementor-element-61d585d elementor-widget elementor-widget-heading\" data-id=\"61d585d\" data-element_type=\"widget\" data-e-type=\"widget\" data-widget_type=\"heading.default\">\n\t\t\t\t<div class=\"elementor-widget-container\">\n\t\t\t\t\t<h3 class=\"elementor-heading-title elementor-size-default\">FERRAMENTA GRATUITA<\/h3>\t\t\t\t<\/div>\n\t\t\t\t<\/div>\n\t\t\t\t<div class=\"elementor-element elementor-element-3c11f08 elementor-invisible elementor-widget elementor-widget-heading\" data-id=\"3c11f08\" data-element_type=\"widget\" data-e-type=\"widget\" data-settings=\"{&quot;_animation&quot;:&quot;zoomIn&quot;}\" data-widget_type=\"heading.default\">\n\t\t\t\t<div class=\"elementor-widget-container\">\n\t\t\t\t\t<h2 class=\"elementor-heading-title elementor-size-default\"><span style=\"padding: 3px;border-radius: 10px\">GERADOR DE NOMES DE DOM\u00cdNIO AI<\/span><\/h2>\t\t\t\t<\/div>\n\t\t\t\t<\/div>\n\t\t\t\t<div class=\"elementor-element elementor-element-4f23e8a elementor-widget elementor-widget-heading\" data-id=\"4f23e8a\" data-element_type=\"widget\" data-e-type=\"widget\" data-widget_type=\"heading.default\">\n\t\t\t\t<div class=\"elementor-widget-container\">\n\t\t\t\t\t<h3 class=\"elementor-heading-title elementor-size-default\">Gere um nome de dom\u00ednio com IA e registe-o em segundos.<\/h3>\t\t\t\t<\/div>\n\t\t\t\t<\/div>\n\t\t\t\t<\/div>\n\t\t<div class=\"elementor-element elementor-element-ed217cc e-con-full e-flex e-con e-child\" data-id=\"ed217cc\" data-element_type=\"container\" data-e-type=\"container\">\n\t\t\t\t<div class=\"elementor-element elementor-element-0b3aba3 elementor-widget elementor-widget-html\" data-id=\"0b3aba3\" data-element_type=\"widget\" data-e-type=\"widget\" data-widget_type=\"html.default\">\n\t\t\t\t<div class=\"elementor-widget-container\">\n\t\t\t\t\t<style>\n    .bubble {\n  --r: 1em;  \/* the radius *\/\n  --t: 1.5em; \/* the size of the tail *\/\n  \n  max-width: 300px;\n  padding: 0.5em;\n  border-inline: var(--t) solid #0000;\n  border-radius: calc(var(--r) + var(--t))\/var(--r);\n  mask: \n    radial-gradient(100% 100% at var(--_p) 0,#0000 99%,#000 102%) \n      var(--_p) 100%\/var(--t) var(--t) no-repeat,\n    linear-gradient(#000 0 0) padding-box;\n  background: linear-gradient(135deg,rgba(254,100,15,1),rgba(247,48,119,1)) border-box;\n  color: #fff;\n  text-transform: uppercase;\n}\n.left {\n  --_p: 0;\n  border-bottom-left-radius: 0 0;\n  margin-bottom: 20px;\n  place-self: start;\n}\n.right {\n  --_p: 100%;\n  border-bottom-right-radius: 0 0;\n  place-self: end;\n}\n\n\n<\/style>\n\n<div class=\"bubble left\">Ol\u00e1!<\/div>\n<div class=\"bubble left\">Descreva a sua ideia abaixo e deixe a IA fazer o seu trabalho.<\/div>\t\t\t\t<\/div>\n\t\t\t\t<\/div>\n\t\t\t\t<div class=\"elementor-element elementor-element-907cf9b elementor-widget elementor-widget-shortcode\" data-id=\"907cf9b\" data-element_type=\"widget\" data-e-type=\"widget\" data-widget_type=\"shortcode.default\">\n\t\t\t\t<div class=\"elementor-widget-container\">\n\t\t\t\t\t<input type=\"hidden\" id=\"generate_domain_nonce\" name=\"generate_domain_nonce\" value=\"be23d6f4f3\" \/><input type=\"hidden\" name=\"_wp_http_referer\" value=\"\/pt\/wp-json\/wp\/v2\/pages\/15849\" \/>\t\t<div class=\"elementor-shortcode\"><div\n\t\tid=\"aitld_main_wrapper\"\n\t\tdata-availability-badge=\"yes\"\n\t\tdata-show-tooltips=\"yes\"\n\t\tdata-tooltips-text=\"Complete your domain purchase!\"\n\t\tdata-results-header-text=\"AI Generated Results\"\n\t\tstyle=\"--aitld-skin-color: #fff\"\n\t><form id=\"aitld_main_form\" method=\"POST\" data-nonce=\"956afb4293\" data-rest-location=\"https:\/\/digi.hosting\/pt\/wp-json\/\" action=\"\"><input type=\"hidden\" id=\"generate_domain_nonce\" name=\"generate_domain_nonce\" value=\"be23d6f4f3\" \/><input type=\"hidden\" name=\"_wp_http_referer\" value=\"\/pt\/wp-json\/wp\/v2\/pages\/15849\" \/><div id=\"aitld_main_form_inner\"><input id=\"aitld_main_content\" name=\"aitld_main_content\"  placeholder=\"Escreva uma breve descri\u00e7\u00e3o do seu projeto ...\" autocomplete=\"off\" required><div id=\"aitld_main_submit_holder\"><input type=\"submit\" value=\"Gerar\" id=\"aitld_main_submit\"><\/div><\/div><input type=\"hidden\" name=\"trp-form-language\" value=\"pt\"\/><\/form><div id=\"aitld_main_suggestions_wrapper\"><p>Experimente alguns prompts de demonstra\u00e7\u00e3o para gerar dom\u00ednios em diferentes TLDs e idiomas<\/p><div id=\"aitld_main_suggestions\"><div data-replacement-text=\"Can you suggest a name for my Food Blog on the .com tld?\" class=\"aitld-main-suggestion\">Blogue sobre alimenta\u00e7\u00e3o<\/div><div data-replacement-text=\"Help me name my Fitness Website on the .net tld.\" class=\"aitld-main-suggestion\">Website de fitness<\/div><div data-replacement-text=\"I need a name for my Tech Review Site on the .io tld.\" class=\"aitld-main-suggestion\">Site de an\u00e1lises t\u00e9cnicas<\/div><div data-replacement-text=\"What\u2019s a good name for my Personal Portfolio on the .me tld?\" class=\"aitld-main-suggestion\">Portf\u00f3lio pessoal<\/div><div data-replacement-text=\"Por favor, sugiere un nombre para mi blog de moda en el dominio .es.\" class=\"aitld-main-suggestion\">Blogue de moda<\/div><div data-replacement-text=\"Ich brauche Hilfe bei der Suche nach einem Namen f\u00fcr meine Bildungsplattform auf der .de-Domain.\" class=\"aitld-main-suggestion\">Plataforma educativa<\/div><div data-replacement-text=\"Can you recommend a name for my E-commerce Store on the .shop tld?\" class=\"aitld-main-suggestion\">Loja de com\u00e9rcio eletr\u00f3nico<\/div><div data-replacement-text=\"IPreciso de um nome para o meu site de fotografia no dom\u00ednio .br.\" class=\"aitld-main-suggestion\">S\u00edtio Web de fotografia<\/div><div data-replacement-text=\"Daj mi pomys\u0142 na nazw\u0119 strony dla mojego bloga muzycznego na domenie .pl.\" class=\"aitld-main-suggestion\">Blogue de m\u00fasica<\/div><div data-replacement-text=\"Pouvez-vous sugg\u00e9rer un nom pour mon blog sant\u00e9 sur le domaine .fr?\" class=\"aitld-main-suggestion\">Blogue sobre sa\u00fade e bem-estar<\/div><\/div><\/div><\/div><\/div>\n\t\t\t\t\t\t<\/div>\n\t\t\t\t<\/div>\n\t\t\t\t<\/div>\n\t\t\t\t\t<\/div>\n\t\t\t\t<\/div>\n\t\t<div data-dce-background-color=\"#000000\" class=\"elementor-element elementor-element-9732a3d e-flex e-con-boxed e-con e-parent\" data-id=\"9732a3d\" data-element_type=\"container\" data-e-type=\"container\" data-settings=\"{&quot;background_background&quot;:&quot;classic&quot;}\">\n\t\t\t\t\t<div class=\"e-con-inner\">\n\t\t\t\t<div class=\"elementor-element elementor-element-9212d4d elementor-invisible elementor-widget elementor-widget-heading\" data-id=\"9212d4d\" data-element_type=\"widget\" data-e-type=\"widget\" data-settings=\"{&quot;_animation&quot;:&quot;zoomIn&quot;}\" data-widget_type=\"heading.default\">\n\t\t\t\t<div class=\"elementor-widget-container\">\n\t\t\t\t\t<h2 class=\"elementor-heading-title elementor-size-default\">O SEU NOME DE DOM\u00cdNIO EM 3 PASSOS<\/h2>\t\t\t\t<\/div>\n\t\t\t\t<\/div>\n\t\t\t\t\t<\/div>\n\t\t\t\t<\/div>\n\t\t<div data-dce-background-color=\"#000000\" class=\"elementor-element elementor-element-10ff286 e-flex e-con-boxed e-con e-parent\" data-id=\"10ff286\" data-element_type=\"container\" data-e-type=\"container\" data-settings=\"{&quot;background_background&quot;:&quot;classic&quot;}\">\n\t\t\t\t\t<div class=\"e-con-inner\">\n\t\t<div class=\"elementor-element elementor-element-9877537 e-con-full e-flex e-con e-child\" data-id=\"9877537\" data-element_type=\"container\" data-e-type=\"container\">\n\t\t<div data-dce-background-color=\"#FFFFFF\" class=\"elementor-element elementor-element-c00b719 e-con-full e-flex e-con e-child\" data-id=\"c00b719\" data-element_type=\"container\" data-e-type=\"container\" data-settings=\"{&quot;background_background&quot;:&quot;classic&quot;}\">\n\t\t\t\t<div class=\"elementor-element elementor-element-0b9661c elementor-widget elementor-widget-heading\" data-id=\"0b9661c\" data-element_type=\"widget\" data-e-type=\"widget\" data-widget_type=\"heading.default\">\n\t\t\t\t<div class=\"elementor-widget-container\">\n\t\t\t\t\t<h3 class=\"elementor-heading-title elementor-size-default\"><span style=\"color: white;background: radial-gradient(circle, rgba(254,100,15,1) 0%, rgba(247,48,119,1) 100%);padding: 3px;border-radius: 10px\">1.<\/span> Pesquisar<\/h3>\t\t\t\t<\/div>\n\t\t\t\t<\/div>\n\t\t\t\t<div class=\"elementor-element elementor-element-8197fe0 elementor-widget elementor-widget-heading\" data-id=\"8197fe0\" data-element_type=\"widget\" data-e-type=\"widget\" data-widget_type=\"heading.default\">\n\t\t\t\t<div class=\"elementor-widget-container\">\n\t\t\t\t\t<h3 class=\"elementor-heading-title elementor-size-default\">Introduza uma breve descri\u00e7\u00e3o no nosso gerador de nomes de dom\u00ednio de IA.<\/h3>\t\t\t\t<\/div>\n\t\t\t\t<\/div>\n\t\t\t\t<\/div>\n\t\t\t\t<\/div>\n\t\t<div class=\"elementor-element elementor-element-8dfae5d e-con-full e-flex e-con e-child\" data-id=\"8dfae5d\" data-element_type=\"container\" data-e-type=\"container\">\n\t\t<div data-dce-background-color=\"#FFFFFF\" class=\"elementor-element elementor-element-30ca4cd e-con-full e-flex e-con e-child\" data-id=\"30ca4cd\" data-element_type=\"container\" data-e-type=\"container\" data-settings=\"{&quot;background_background&quot;:&quot;classic&quot;}\">\n\t\t\t\t<div class=\"elementor-element elementor-element-a72ef1d elementor-widget elementor-widget-heading\" data-id=\"a72ef1d\" data-element_type=\"widget\" data-e-type=\"widget\" data-widget_type=\"heading.default\">\n\t\t\t\t<div class=\"elementor-widget-container\">\n\t\t\t\t\t<h3 class=\"elementor-heading-title elementor-size-default\"><span style=\"color: white;background: radial-gradient(circle, rgba(254,100,15,1) 0%, rgba(247,48,119,1) 100%);padding: 3px;border-radius: 10px\">2.<\/span> Selecionar<\/h3>\t\t\t\t<\/div>\n\t\t\t\t<\/div>\n\t\t\t\t<div class=\"elementor-element elementor-element-d33cb2f elementor-widget elementor-widget-heading\" data-id=\"d33cb2f\" data-element_type=\"widget\" data-e-type=\"widget\" data-widget_type=\"heading.default\">\n\t\t\t\t<div class=\"elementor-widget-container\">\n\t\t\t\t\t<h3 class=\"elementor-heading-title elementor-size-default\">Recebe imediatamente uma s\u00e9rie de propostas interessantes. Selecione a que lhe parecer melhor.<\/h3>\t\t\t\t<\/div>\n\t\t\t\t<\/div>\n\t\t\t\t<\/div>\n\t\t\t\t<\/div>\n\t\t<div class=\"elementor-element elementor-element-0fb367c e-con-full e-flex e-con e-child\" data-id=\"0fb367c\" data-element_type=\"container\" data-e-type=\"container\">\n\t\t<div data-dce-background-color=\"#FFFFFF\" class=\"elementor-element elementor-element-9435dd0 e-con-full e-flex e-con e-child\" data-id=\"9435dd0\" data-element_type=\"container\" data-e-type=\"container\" data-settings=\"{&quot;background_background&quot;:&quot;classic&quot;}\">\n\t\t\t\t<div class=\"elementor-element elementor-element-9006482 elementor-widget elementor-widget-heading\" data-id=\"9006482\" data-element_type=\"widget\" data-e-type=\"widget\" data-widget_type=\"heading.default\">\n\t\t\t\t<div class=\"elementor-widget-container\">\n\t\t\t\t\t<h3 class=\"elementor-heading-title elementor-size-default\"><span style=\"color: white;background: radial-gradient(circle, rgba(254,100,15,1) 0%, rgba(247,48,119,1) 100%);padding: 3px;border-radius: 10px\">3.<\/span> Encomendar<\/h3>\t\t\t\t<\/div>\n\t\t\t\t<\/div>\n\t\t\t\t<div class=\"elementor-element elementor-element-4510e53 elementor-widget elementor-widget-heading\" data-id=\"4510e53\" data-element_type=\"widget\" data-e-type=\"widget\" data-widget_type=\"heading.default\">\n\t\t\t\t<div class=\"elementor-widget-container\">\n\t\t\t\t\t<h3 class=\"elementor-heading-title elementor-size-default\">Clique no bot\u00e3o de registo e encomende o seu nome de dom\u00ednio.<\/h3>\t\t\t\t<\/div>\n\t\t\t\t<\/div>\n\t\t\t\t<\/div>\n\t\t\t\t<\/div>\n\t\t\t\t\t<\/div>\n\t\t\t\t<\/div>\n\t\t<div data-dce-background-color=\"#000000\" class=\"elementor-element elementor-element-28991e0 e-flex e-con-boxed e-con e-parent\" data-id=\"28991e0\" data-element_type=\"container\" data-e-type=\"container\" data-settings=\"{&quot;background_background&quot;:&quot;classic&quot;}\">\n\t\t\t\t\t<div class=\"e-con-inner\">\n\t\t<div class=\"elementor-element elementor-element-9e1f5a6 e-con-full e-flex e-con e-child\" data-id=\"9e1f5a6\" data-element_type=\"container\" data-e-type=\"container\">\n\t\t\t\t<div class=\"elementor-element elementor-element-7ab04e5 elementor-widget elementor-widget-image\" data-id=\"7ab04e5\" data-element_type=\"widget\" data-e-type=\"widget\" data-widget_type=\"image.default\">\n\t\t\t\t<div class=\"elementor-widget-container\">\n\t\t\t\t\t\t\t\t\t\t\t\t\t\t\t<img fetchpriority=\"high\" decoding=\"async\" width=\"800\" height=\"600\" src=\"https:\/\/digi.hosting\/wp-content\/uploads\/2025\/04\/original-568544560f6ca1076a16e3428302e329.gif\" class=\"attachment-full size-full wp-image-16020\" alt=\"\" \/>\t\t\t\t\t\t\t\t\t\t\t\t\t\t\t<\/div>\n\t\t\t\t<\/div>\n\t\t\t\t<\/div>\n\t\t<div class=\"elementor-element elementor-element-ab0bc49 e-con-full e-flex e-con e-child\" data-id=\"ab0bc49\" data-element_type=\"container\" data-e-type=\"container\">\n\t\t\t\t<div class=\"elementor-element elementor-element-7332458 elementor-widget elementor-widget-heading\" data-id=\"7332458\" data-element_type=\"widget\" data-e-type=\"widget\" data-widget_type=\"heading.default\">\n\t\t\t\t<div class=\"elementor-widget-container\">\n\t\t\t\t\t<h2 class=\"elementor-heading-title elementor-size-default\">O QUE \u00c9 UM <span style=\"color: white;background: radial-gradient(circle, rgba(254,100,15,1) 0%, rgba(247,48,119,1) 100%);padding: 3px;border-radius: 10px\">IA<\/span> gerador de nomes de dom\u00ednio?<\/h2>\t\t\t\t<\/div>\n\t\t\t\t<\/div>\n\t\t\t\t<div class=\"elementor-element elementor-element-a2aef07 elementor-widget elementor-widget-text-editor\" data-id=\"a2aef07\" data-element_type=\"widget\" data-e-type=\"widget\" data-widget_type=\"text-editor.default\">\n\t\t\t\t<div class=\"elementor-widget-container\">\n\t\t\t\t\t\t\t\t\t<p class=\"\" data-start=\"85\" data-end=\"442\">Um gerador de nomes de dom\u00ednio com IA \u00e9 a ferramenta perfeita se estiver \u00e0 procura de um nome de dom\u00ednio forte e dispon\u00edvel para o seu novo projeto ou empreendimento. Utilizando tecnologia de IA avan\u00e7ada, criar\u00e1 nomes de dom\u00ednio \u00fanicos que correspondem perfeitamente \u00e0 identidade da sua marca. Basta especificar o que a sua empresa faz, escolher a l\u00edngua desejada e jogar com o estilo e o tipo.<\/p><p class=\"\" data-start=\"444\" data-end=\"733\">A IA analisa os seus dados e gera automaticamente 10 sugest\u00f5es de nomes de dom\u00ednio criativos e relevantes. Assim, encontra rapidamente um nome de dom\u00ednio que n\u00e3o s\u00f3 se destaca, como tamb\u00e9m est\u00e1 dispon\u00edvel. Gra\u00e7as ao verificador de nomes de dom\u00ednio incorporado, sabe imediatamente se o seu nome favorito pode ser registado.<\/p><p class=\"\" data-start=\"735\" data-end=\"794\">Comece de forma inteligente e r\u00e1pida com o nome de dom\u00ednio certo - gra\u00e7as \u00e0 IA.<\/p>\t\t\t\t\t\t\t\t<\/div>\n\t\t\t\t<\/div>\n\t\t\t\t<\/div>\n\t\t\t\t\t<\/div>\n\t\t\t\t<\/div>\n\t\t<div data-dce-background-color=\"#000000\" class=\"elementor-element elementor-element-219be038 e-flex e-con-boxed e-con e-parent\" data-id=\"219be038\" data-element_type=\"container\" data-e-type=\"container\" data-settings=\"{&quot;background_background&quot;:&quot;classic&quot;}\">\n\t\t\t\t\t<div class=\"e-con-inner\">\n\t\t<div class=\"elementor-element elementor-element-58426584 e-con-full e-flex e-con e-child\" data-id=\"58426584\" data-element_type=\"container\" data-e-type=\"container\">\n\t\t\t\t<div class=\"elementor-element elementor-element-5035acdc elementor-widget elementor-widget-heading\" data-id=\"5035acdc\" data-element_type=\"widget\" data-e-type=\"widget\" data-widget_type=\"heading.default\">\n\t\t\t\t<div class=\"elementor-widget-container\">\n\t\t\t\t\t<h2 class=\"elementor-heading-title elementor-size-default\">Aproveite ao m\u00e1ximo o <span style=\"color: white;background: radial-gradient(circle, rgba(254,100,15,1) 0%, rgba(247,48,119,1) 100%);padding: 3px;border-radius: 10px\">IA<\/span>  gerador de nomes de dom\u00ednio<\/h2>\t\t\t\t<\/div>\n\t\t\t\t<\/div>\n\t\t<div class=\"elementor-element elementor-element-2f4614d9 e-con-full e-flex e-con e-child\" data-id=\"2f4614d9\" data-element_type=\"container\" data-e-type=\"container\">\n\t\t<div class=\"elementor-element elementor-element-4806f96 e-con-full e-flex e-con e-child\" data-id=\"4806f96\" data-element_type=\"container\" data-e-type=\"container\">\n\t\t<div class=\"elementor-element elementor-element-174f3bb2 e-con-full e-flex e-con e-child\" data-id=\"174f3bb2\" data-element_type=\"container\" data-e-type=\"container\">\n\t\t<div class=\"elementor-element elementor-element-548f27aa e-con-full e-flex e-con e-child\" data-id=\"548f27aa\" data-element_type=\"container\" data-e-type=\"container\">\n\t\t\t\t<div data-dce-advanced-background-color=\"#FFFFFF\" class=\"elementor-element elementor-element-6c5bf38 elementor-position-left elementor-vertical-align-top elementor-widget elementor-widget-image-box\" data-id=\"6c5bf38\" data-element_type=\"widget\" data-e-type=\"widget\" data-widget_type=\"image-box.default\">\n\t\t\t\t<div class=\"elementor-widget-container\">\n\t\t\t\t\t<div class=\"elementor-image-box-wrapper\"><figure class=\"elementor-image-box-img\"><img decoding=\"async\" src=\"https:\/\/digi.hosting\/wp-content\/uploads\/2023\/06\/Hostiko-section-7-icon3-1-2.png\" title=\"Hostiko-sec\u00e7\u00e3o-7-icon3-\" alt=\"Hostiko-sec\u00e7\u00e3o-7-icon3-\" class=\"elementor-animation-float\" loading=\"lazy\" \/><\/figure><div class=\"elementor-image-box-content\"><h3 class=\"elementor-image-box-title\">Deixe a IA refor\u00e7ar o seu nome de dom\u00ednio - comece com um conceito claro<\/h3><p class=\"elementor-image-box-description\">Um nome de dom\u00ednio forte come\u00e7a com uma ideia clara. O nosso gerador de nomes de dom\u00ednio com IA s\u00f3 pode sugerir nomes de dom\u00ednio poderosos e relevantes se o pr\u00f3prio utilizador tiver uma boa ideia do que a sua empresa ou projeto representa.\n\nPor isso, dedique algum tempo a pensar na sua atividade principal: o que oferece, em que acredita, o que quer projetar e como e onde quer operar? Transforme essa vis\u00e3o numa descri\u00e7\u00e3o curta e clara - dessa forma, a IA pode gerar sugest\u00f5es de nomes de dom\u00ednio direcionados e criativos que realmente se adequam a si.<\/p><\/div><\/div>\t\t\t\t<\/div>\n\t\t\t\t<\/div>\n\t\t\t\t<\/div>\n\t\t\t\t<\/div>\n\t\t<div class=\"elementor-element elementor-element-4465c830 e-con-full e-flex e-con e-child\" data-id=\"4465c830\" data-element_type=\"container\" data-e-type=\"container\">\n\t\t<div class=\"elementor-element elementor-element-7503ebf4 e-con-full e-flex e-con e-child\" data-id=\"7503ebf4\" data-element_type=\"container\" data-e-type=\"container\">\n\t\t\t\t<div data-dce-advanced-background-color=\"#FFFFFF\" class=\"elementor-element elementor-element-d5d04eb elementor-position-left elementor-vertical-align-top elementor-widget elementor-widget-image-box\" data-id=\"d5d04eb\" data-element_type=\"widget\" data-e-type=\"widget\" data-widget_type=\"image-box.default\">\n\t\t\t\t<div class=\"elementor-widget-container\">\n\t\t\t\t\t<div class=\"elementor-image-box-wrapper\"><figure class=\"elementor-image-box-img\"><img decoding=\"async\" src=\"https:\/\/digi.hosting\/wp-content\/uploads\/2023\/06\/Hostiko-section-7-icon2-1-2.png\" title=\"Hostiko-sec\u00e7\u00e3o-7-icon2-\" alt=\"Hostiko-sec\u00e7\u00e3o-7-icon2-\" class=\"elementor-animation-float\" loading=\"lazy\" \/><\/figure><div class=\"elementor-image-box-content\"><h3 class=\"elementor-image-box-title\">Torne-o pessoal - e o seu nome de dom\u00ednio torna-se \u00fanico<\/h3><p class=\"elementor-image-box-description\">Embora o nosso gerador de nomes de dom\u00ednio com IA fa\u00e7a o trabalho pesado, voc\u00ea continua a ser o diretor. Para al\u00e9m dos dados b\u00e1sicos, pode fornecer dados adicionais para que a IA possa gerar nomes de dom\u00ednio ainda mais originais e criativos.\n\nAproveite a oportunidade e d\u00ea \u00e0 sua descri\u00e7\u00e3o aquele toque extra. Acrescente humor, brinque com a linguagem ou incorpore um toque pessoal. O nosso gerador de nomes de dom\u00ednio inteligente detecta essas nuances e transforma-as em sugest\u00f5es de nomes de dom\u00ednio surpreendentes e originais que correspondem perfeitamente ao seu estilo e \u00e0 sua mensagem.<\/p><\/div><\/div>\t\t\t\t<\/div>\n\t\t\t\t<\/div>\n\t\t\t\t<\/div>\n\t\t\t\t<\/div>\n\t\t<div class=\"elementor-element elementor-element-389ce1ee e-con-full e-flex e-con e-child\" data-id=\"389ce1ee\" data-element_type=\"container\" data-e-type=\"container\">\n\t\t<div class=\"elementor-element elementor-element-69f60111 e-con-full e-flex e-con e-child\" data-id=\"69f60111\" data-element_type=\"container\" data-e-type=\"container\">\n\t\t\t\t<div data-dce-advanced-background-color=\"#FFFFFF\" class=\"elementor-element elementor-element-7cc9e73b elementor-position-left elementor-vertical-align-top elementor-widget elementor-widget-image-box\" data-id=\"7cc9e73b\" data-element_type=\"widget\" data-e-type=\"widget\" data-widget_type=\"image-box.default\">\n\t\t\t\t<div class=\"elementor-widget-container\">\n\t\t\t\t\t<div class=\"elementor-image-box-wrapper\"><figure class=\"elementor-image-box-img\"><img decoding=\"async\" src=\"https:\/\/digi.hosting\/wp-content\/uploads\/2023\/06\/Hostiko-section-7-icon1-1-2.png\" title=\"Hostiko-sec\u00e7\u00e3o-7-icon1-\" alt=\"Hostiko-sec\u00e7\u00e3o-7-icon1-\" class=\"elementor-animation-float\" loading=\"lazy\" \/><\/figure><div class=\"elementor-image-box-content\"><h3 class=\"elementor-image-box-title\">Fa\u00e7a a IA suar para obter o seu nome de dom\u00ednio ideal<\/h3><p class=\"elementor-image-box-description\">Um nome de dom\u00ednio forte e apelativo \u00e9 essencial para o futuro da sua empresa. Por isso, n\u00e3o se contente com a primeira melhor sugest\u00e3o. O nosso gerador de nomes de dom\u00ednio com IA foi concebido para ser desafiado. Jogue com estilos, experimente um nome com rimas ou teste uma op\u00e7\u00e3o em ingl\u00eas para a sua loja virtual.\n\nEscolha apenas quando estiver 100% convencido. Em d\u00favida? Deixe que a sua pessoa preferida pense consigo! E assim que encontrar o nome que pretende, o nosso gerador de nomes de dom\u00ednio verifica imediatamente se o dom\u00ednio correspondente ainda est\u00e1 dispon\u00edvel.<\/p><\/div><\/div>\t\t\t\t<\/div>\n\t\t\t\t<\/div>\n\t\t\t\t<\/div>\n\t\t\t\t<\/div>\n\t\t\t\t<\/div>\n\t\t\t\t<\/div>\n\t\t<div class=\"elementor-element elementor-element-5162bca4 e-con-full elementor-hidden-desktop elementor-hidden-laptop elementor-hidden-tablet elementor-hidden-mobile e-flex e-con e-child\" data-id=\"5162bca4\" data-element_type=\"container\" data-e-type=\"container\">\n\t\t<div class=\"elementor-element elementor-element-14633a4d e-con-full e-flex e-con e-child\" data-id=\"14633a4d\" data-element_type=\"container\" data-e-type=\"container\">\n\t\t\t\t<div class=\"elementor-element elementor-element-203a74e9 elementor-tablet-align-center elementor-align-center elementor-widget elementor-widget-button\" data-id=\"203a74e9\" data-element_type=\"widget\" data-e-type=\"widget\" data-widget_type=\"button.default\">\n\t\t\t\t<div class=\"elementor-widget-container\">\n\t\t\t\t\t\t\t\t\t<div class=\"elementor-button-wrapper\">\n\t\t\t\t\t<a class=\"elementor-button elementor-button-link elementor-size-sm elementor-animation-float\" href=\"https:\/\/digi.hosting\/pt\/starten\/\">\n\t\t\t\t\t\t<span class=\"elementor-button-content-wrapper\">\n\t\t\t\t\t\t\t\t\t<span class=\"elementor-button-text\">Saiba como come\u00e7ar<\/span>\n\t\t\t\t\t<\/span>\n\t\t\t\t\t<\/a>\n\t\t\t\t<\/div>\n\t\t\t\t\t\t\t\t<\/div>\n\t\t\t\t<\/div>\n\t\t\t\t<\/div>\n\t\t<div class=\"elementor-element elementor-element-4dcb43d5 e-con-full e-flex e-con e-child\" data-id=\"4dcb43d5\" data-element_type=\"container\" data-e-type=\"container\">\n\t\t\t\t<div class=\"elementor-element elementor-element-b131b1f elementor-tablet-align-center elementor-align-center elementor-widget elementor-widget-button\" data-id=\"b131b1f\" data-element_type=\"widget\" data-e-type=\"widget\" data-widget_type=\"button.default\">\n\t\t\t\t<div class=\"elementor-widget-container\">\n\t\t\t\t\t\t\t\t\t<div class=\"elementor-button-wrapper\">\n\t\t\t\t\t<a class=\"elementor-button elementor-button-link elementor-size-sm elementor-animation-float\" href=\"https:\/\/digimaster.be\" target=\"_blank\" rel=\"noopener\">\n\t\t\t\t\t\t<span class=\"elementor-button-content-wrapper\">\n\t\t\t\t\t\t\t\t\t<span class=\"elementor-button-text\">Saiba mais em digimaster.co.uk<\/span>\n\t\t\t\t\t<\/span>\n\t\t\t\t\t<\/a>\n\t\t\t\t<\/div>\n\t\t\t\t\t\t\t\t<\/div>\n\t\t\t\t<\/div>\n\t\t\t\t<\/div>\n\t\t\t\t<\/div>\n\t\t\t\t<\/div>\n\t\t\t\t\t<\/div>\n\t\t\t\t<\/div>\n\t\t\t\t<\/div>","protected":false},"excerpt":{"rendered":"<p>GRATIS TOOL AI DOMEINNAAM GENERATOR Genereer een domeinnaam met AI en registreer hem binnen enkele seconden. Hallo daar! Beschrijf hieronder jouw idee en laat AI zijn werk doen. JE DOMEINNAAM IN 3 STAPPEN 1. Zoeken Geef een korte beschrijving op in onze AI domeinnaam generator. 2. Selecteer Je krijgt meteen een aantal interessante voorstellen. Selecteer [&hellip;]<\/p>\n","protected":false},"author":1,"featured_media":0,"parent":0,"menu_order":0,"comment_status":"closed","ping_status":"closed","template":"","meta":{"_acf_changed":false,"footnotes":""},"class_list":["post-15849","page","type-page","status-publish","hentry"],"acf":[],"_links":{"self":[{"href":"https:\/\/digi.hosting\/pt\/wp-json\/wp\/v2\/pages\/15849","targetHints":{"allow":["GET"]}}],"collection":[{"href":"https:\/\/digi.hosting\/pt\/wp-json\/wp\/v2\/pages"}],"about":[{"href":"https:\/\/digi.hosting\/pt\/wp-json\/wp\/v2\/types\/page"}],"author":[{"embeddable":true,"href":"https:\/\/digi.hosting\/pt\/wp-json\/wp\/v2\/users\/1"}],"replies":[{"embeddable":true,"href":"https:\/\/digi.hosting\/pt\/wp-json\/wp\/v2\/comments?post=15849"}],"version-history":[{"count":103,"href":"https:\/\/digi.hosting\/pt\/wp-json\/wp\/v2\/pages\/15849\/revisions"}],"predecessor-version":[{"id":18873,"href":"https:\/\/digi.hosting\/pt\/wp-json\/wp\/v2\/pages\/15849\/revisions\/18873"}],"wp:attachment":[{"href":"https:\/\/digi.hosting\/pt\/wp-json\/wp\/v2\/media?parent=15849"}],"curies":[{"name":"wp","href":"https:\/\/api.w.org\/{rel}","templated":true}]}}