{"id":18277,"date":"2025-05-25T14:30:34","date_gmt":"2025-05-25T12:30:34","guid":{"rendered":"https:\/\/digi.hosting\/?page_id=18277"},"modified":"2026-03-14T15:31:50","modified_gmt":"2026-03-14T14:31:50","slug":"politica-de-dados-do-cliente","status":"publish","type":"page","link":"https:\/\/digi.hosting\/pt\/juridisch\/klantengegevens-beleid\/","title":{"rendered":"Pol\u00edtica de dados do cliente"},"content":{"rendered":"<div data-elementor-type=\"wp-page\" data-elementor-id=\"18277\" class=\"elementor elementor-18277\" data-elementor-post-type=\"page\">\n\t\t\t\t<div data-dce-background-overlay-color=\"#000000\" class=\"elementor-element elementor-element-e345dc4 e-con-full e-flex e-con e-parent\" data-id=\"e345dc4\" data-element_type=\"container\" data-e-type=\"container\">\n\t\t<div class=\"elementor-element elementor-element-37c4f76 e-con-full e-flex e-con e-child\" data-id=\"37c4f76\" data-element_type=\"container\" data-e-type=\"container\">\n\t\t<div class=\"elementor-element elementor-element-b15cf37 e-con-full e-flex e-con e-child\" data-id=\"b15cf37\" data-element_type=\"container\" data-e-type=\"container\">\n\t\t\t\t<div class=\"elementor-element elementor-element-67695f7 elementor-widget elementor-widget-heading\" data-id=\"67695f7\" data-element_type=\"widget\" data-e-type=\"widget\" data-widget_type=\"heading.default\">\n\t\t\t\t<div class=\"elementor-widget-container\">\n\t\t\t\t\t<h2 class=\"elementor-heading-title elementor-size-default\">Pol\u00edtica de dados do cliente<\/h2>\t\t\t\t<\/div>\n\t\t\t\t<\/div>\n\t\t\t\t<\/div>\n\t\t\t\t<\/div>\n\t\t\t\t<\/div>\n\t\t<div data-dce-background-color=\"#FFFFFF\" class=\"elementor-element elementor-element-2beabb86 e-flex e-con-boxed e-con e-parent\" data-id=\"2beabb86\" data-element_type=\"container\" data-e-type=\"container\" data-settings=\"{&quot;background_background&quot;:&quot;classic&quot;}\">\n\t\t\t\t\t<div class=\"e-con-inner\">\n\t\t\t\t<div class=\"elementor-element elementor-element-583499c3 elementor-widget elementor-widget-text-editor\" data-id=\"583499c3\" data-element_type=\"widget\" data-e-type=\"widget\" data-widget_type=\"text-editor.default\">\n\t\t\t\t<div class=\"elementor-widget-container\">\n\t\t\t\t\t\t\t\t\t<p data-path-to-node=\"4\">Em <b data-path-to-node=\"4\" data-index-in-node=\"4\">Empresa Digi<\/b>, actuando como <b data-path-to-node=\"4\" data-index-in-node=\"32\">Digi Hosting<\/b>A nossa empresa atribui grande import\u00e2ncia \u00e0 prote\u00e7\u00e3o e integridade dos dados dos clientes. Esta pol\u00edtica define as responsabilidades em mat\u00e9ria de gest\u00e3o e seguran\u00e7a dos dados. Para obter informa\u00e7\u00f5es sobre os seus pr\u00f3prios dados pessoais (fatura\u00e7\u00e3o, etc.), consulte a nossa <b data-path-to-node=\"4\" data-index-in-node=\"305\">Pol\u00edtica de privacidade<\/b>.<\/p>\n<h3 data-path-to-node=\"5\">Artigo 1.\u00ba: Defini\u00e7\u00e3o e propriedade dos dados dos clientes<\/h3>\n<p data-path-to-node=\"6\"><b data-path-to-node=\"6\" data-index-in-node=\"0\">1.1 Defini\u00e7\u00e3o:<\/b> Os Dados do Cliente s\u00e3o todos os dados colocados, publicados ou gerados pelo Cliente no espa\u00e7o Web atribu\u00eddo. Isto inclui mensagens de correio eletr\u00f3nico, p\u00e1ginas Web, imagens, ficheiros e conte\u00fados de bases de dados.<\/p><p data-path-to-node=\"6\"><b data-path-to-node=\"6\" data-index-in-node=\"216\">1.2 Propriedade:<\/b> O Cliente mant\u00e9m todos os direitos de propriedade intelectual de todos os dados do Cliente em todos os momentos. A Digi Hosting n\u00e3o reivindica a propriedade de qualquer conte\u00fado publicado pelo Cliente. Os modelos e scripts fornecidos pela Digi Hosting permanecem propriedade da Digi Hosting ou dos seus licenciadores (de acordo com <b data-path-to-node=\"6\" data-index-in-node=\"538\">Artigo 14\u00ba das Condi\u00e7\u00f5es Gerais<\/b>).<\/p><p data-path-to-node=\"6\"><b data-path-to-node=\"6\" data-index-in-node=\"579\">1.3 Responsabilidade jur\u00eddica:<\/b> O Cliente \u00e9 o \u00fanico respons\u00e1vel legal por todos os conte\u00fados alojados atrav\u00e9s da sua conta.<\/p>\n<h3 data-path-to-node=\"7\">Artigo 2.\u00ba: Gest\u00e3o dos dados e papel do AVG<\/h3>\n<p data-path-to-node=\"8\"><b data-path-to-node=\"8\" data-index-in-node=\"0\">2.1 Fun\u00e7\u00f5es AVG:<\/b> Se o Cliente tratar dados pessoais de terceiros (por exemplo, visitantes do s\u00edtio Web), o Cliente actua como <b data-path-to-node=\"8\" data-index-in-node=\"121\">Controlador<\/b> e a Digi Hosting como <b data-path-to-node=\"8\" data-index-in-node=\"170\">Processador<\/b>.<\/p><p data-path-to-node=\"8\"><b data-path-to-node=\"8\" data-index-in-node=\"181\">2.2 Acordo de processamento (VWO):<\/b> A nossa VWO aplica-se a todos os clientes profissionais. Nota: Para uso exclusivamente pessoal ou dom\u00e9stico (Art. 2(2)(c) AVG), a AVG n\u00e3o se aplica e n\u00e3o \u00e9 necess\u00e1ria uma VWO.<\/p><p data-path-to-node=\"8\"><b data-path-to-node=\"8\" data-index-in-node=\"417\">2.3 Dever de pontualidade:<\/b> O Cliente \u00e9 respons\u00e1vel por manter os seus dados de contacto corretos atrav\u00e9s do ambiente do cliente para garantir a continuidade do servi\u00e7o.<\/p>\n<h3 data-path-to-node=\"9\">Artigo 3.\u00ba: Controlo, cumprimento e interven\u00e7\u00e3o<\/h3>\n<p data-path-to-node=\"10\"><b data-path-to-node=\"10\" data-index-in-node=\"0\">3.1 Controlo passivo:<\/b> A Digi Hosting n\u00e3o efectua uma an\u00e1lise ativa ou pr\u00e9via dos conte\u00fados publicados pelos Clientes e n\u00e3o procede a qualquer an\u00e1lise jur\u00eddica.<\/p><p data-path-to-node=\"10\"><b data-path-to-node=\"10\" data-index-in-node=\"162\">3.2 Cl\u00e1usula de interven\u00e7\u00e3o:<\/b> A Digi Hosting s\u00f3 interv\u00e9m e toma medidas (como a suspens\u00e3o ou a elimina\u00e7\u00e3o) nas seguintes situa\u00e7\u00f5es:<\/p>\n<ul data-path-to-node=\"11\">\n<li>\n<p data-path-to-node=\"11,0,0\"><b data-path-to-node=\"11,0,0\" data-index-in-node=\"0\">Conte\u00fado manifestamente ilegal:<\/b> Ap\u00f3s a dete\u00e7\u00e3o de conte\u00fados criminosos (como phishing, malware ou pornografia infantil). Nestes casos, as autoridades competentes s\u00e3o imediatamente informadas.<\/p>\n<\/li>\n<li>\n<p data-path-to-node=\"11,1,0\"><b data-path-to-node=\"11,1,0\" data-index-in-node=\"0\">Ordem jur\u00eddica vinculativa:<\/b> Por uma ordem v\u00e1lida de uma autoridade judicial competente da UE.<\/p>\n<\/li>\n<li>\n<p data-path-to-node=\"11,2,0\"><b data-path-to-node=\"11,2,0\" data-index-in-node=\"0\">Viola\u00e7\u00e3o da PUA:<\/b> Em caso de incumprimento da <b data-path-to-node=\"11,2,0\" data-index-in-node=\"34\">Pol\u00edtica de utiliza\u00e7\u00e3o respons\u00e1vel<\/b>, tal como descrito em <b data-path-to-node=\"11,2,0\" data-index-in-node=\"87\">Artigo 6.\u00ba das Condi\u00e7\u00f5es Gerais<\/b>.<\/p>\n<\/li>\n<\/ul>\n<h3 data-path-to-node=\"12\">Artigo 4.\u00ba: Pol\u00edtica de seguran\u00e7a e de salvaguarda<\/h3>\n<p data-path-to-node=\"13\"><b data-path-to-node=\"13\" data-index-in-node=\"0\">4.1 Seguran\u00e7a dos centros de dados:<\/b> A Digi Hosting garante que a infraestrutura cumpre elevados padr\u00f5es de seguran\u00e7a, incluindo o controlo do acesso f\u00edsico e a seguran\u00e7a da rede.<\/p><p data-path-to-node=\"13\"><b data-path-to-node=\"13\" data-index-in-node=\"167\">4.2 C\u00f3pias de seguran\u00e7a do sistema (recupera\u00e7\u00e3o de desastres):<\/b> Os dados de propriedade do sistema s\u00e3o periodicamente copiados para um local externo. Estas c\u00f3pias de seguran\u00e7a servem exclusivamente para recupera\u00e7\u00e3o no caso de uma falha fatal da infraestrutura (<i data-path-to-node=\"13\" data-index-in-node=\"366\">Recupera\u00e7\u00e3o de desastres<\/i>).<\/p><p data-path-to-node=\"13\"><b data-path-to-node=\"13\" data-index-in-node=\"386\">4.3 Responsabilidade do cliente (Essencial):<\/b> O Cliente reconhece que as C\u00f3pias de Seguran\u00e7a do Sistema (4.2) <b data-path-to-node=\"13\" data-index-in-node=\"475\">n\u00e3o<\/b> servir como principal instala\u00e7\u00e3o de salvaguarda para a recupera\u00e7\u00e3o de dados individuais. De acordo com <b data-path-to-node=\"13\" data-index-in-node=\"557\">Artigos 12.1 e 12.2 das Condi\u00e7\u00f5es Gerais<\/b> o Cliente \u00e9 respons\u00e1vel pela gest\u00e3o das suas pr\u00f3prias c\u00f3pias de seguran\u00e7a. A Digi Hosting n\u00e3o \u00e9 respons\u00e1vel pela perda de dados devido a falhas de software de terceiros (tais como <b data-path-to-node=\"13\" data-index-in-node=\"768\">JetBackup<\/b>), exceto no caso de acordos SLA explicitamente diferentes.<\/p><p data-path-to-node=\"13\"><b data-path-to-node=\"13\" data-index-in-node=\"827\">4.4 Seguran\u00e7a do acesso:<\/b> O Cliente \u00e9 respons\u00e1vel pela estrita confidencialidade dos dados de in\u00edcio de sess\u00e3o e pelo bloqueio adequado da sess\u00e3o para impedir o acesso n\u00e3o autorizado.<\/p>\t\t\t\t\t\t\t\t<\/div>\n\t\t\t\t<\/div>\n\t\t\t\t<div class=\"elementor-element elementor-element-6930f59 elementor-widget elementor-widget-text-editor\" data-id=\"6930f59\" data-element_type=\"widget\" data-e-type=\"widget\" data-widget_type=\"text-editor.default\">\n\t\t\t\t<div class=\"elementor-widget-container\">\n\t\t\t\t\t\t\t\t\t<p><!-- \/wp:paragraph --><!-- wp:paragraph --><\/p>\n<p><!-- \/wp:paragraph --><!-- wp:paragraph --><\/p>\n<p>As presentes condi\u00e7\u00f5es gerais est\u00e3o sujeitas a erros de impress\u00e3o.<\/p>\n<p><!-- \/wp:paragraph --><!-- wp:paragraph --><\/p>\n<p><!-- \/wp:paragraph --><!-- wp:paragraph --><\/p>\n<p><!-- \/wp:paragraph --><!-- wp:paragraph --><\/p>\n<p><!-- \/wp:paragraph --><!-- wp:paragraph --><\/p>\n<p><!-- \/wp:paragraph --><!-- wp:paragraph --><\/p>\n<p><!-- \/wp:paragraph --><!-- wp:paragraph --><\/p>\n<p><!-- \/wp:paragraph --><!-- wp:paragraph --><\/p>\n<p><!-- \/wp:paragraph --><!-- wp:paragraph --><\/p>\n<p><!-- \/wp:paragraph --><!-- wp:list {\"ordered\":true} --><\/p>\n<p><!-- \/wp:list --><\/p>\t\t\t\t\t\t\t\t<\/div>\n\t\t\t\t<\/div>\n\t\t\t\t<div class=\"elementor-element elementor-element-9a219d8 elementor-widget elementor-widget-heading\" data-id=\"9a219d8\" data-element_type=\"widget\" data-e-type=\"widget\" data-widget_type=\"heading.default\">\n\t\t\t\t<div class=\"elementor-widget-container\">\n\t\t\t\t\t<h2 class=\"elementor-heading-title elementor-size-default\">\u00daltima modifica\u00e7\u00e3o: 8 de mar\u00e7o de 2025<\/h2>\t\t\t\t<\/div>\n\t\t\t\t<\/div>\n\t\t\t\t\t<\/div>\n\t\t\t\t<\/div>\n\t\t\t\t<\/div>","protected":false},"excerpt":{"rendered":"<p>Beleid inzake Klantgegevens Bij Digi Company, handelend als Digi Hosting, hechten wij grote waarde aan de bescherming en integriteit van klantdata. Dit beleid omschrijft de verantwoordelijkheden met betrekking tot gegevensbeheer en veiligheid. Voor informatie over uw eigen persoonsgegevens (facturatie, etc.) verwijzen wij naar ons Privacybeleid. Artikel 1: Definitie en Eigendom van Klantgegevens 1.1 Definitie: Onder [&hellip;]<\/p>\n","protected":false},"author":1,"featured_media":0,"parent":18254,"menu_order":0,"comment_status":"closed","ping_status":"closed","template":"elementor_header_footer","meta":{"_acf_changed":false,"footnotes":""},"class_list":["post-18277","page","type-page","status-publish","hentry"],"acf":[],"_links":{"self":[{"href":"https:\/\/digi.hosting\/pt\/wp-json\/wp\/v2\/pages\/18277","targetHints":{"allow":["GET"]}}],"collection":[{"href":"https:\/\/digi.hosting\/pt\/wp-json\/wp\/v2\/pages"}],"about":[{"href":"https:\/\/digi.hosting\/pt\/wp-json\/wp\/v2\/types\/page"}],"author":[{"embeddable":true,"href":"https:\/\/digi.hosting\/pt\/wp-json\/wp\/v2\/users\/1"}],"replies":[{"embeddable":true,"href":"https:\/\/digi.hosting\/pt\/wp-json\/wp\/v2\/comments?post=18277"}],"version-history":[{"count":16,"href":"https:\/\/digi.hosting\/pt\/wp-json\/wp\/v2\/pages\/18277\/revisions"}],"predecessor-version":[{"id":22601,"href":"https:\/\/digi.hosting\/pt\/wp-json\/wp\/v2\/pages\/18277\/revisions\/22601"}],"up":[{"embeddable":true,"href":"https:\/\/digi.hosting\/pt\/wp-json\/wp\/v2\/pages\/18254"}],"wp:attachment":[{"href":"https:\/\/digi.hosting\/pt\/wp-json\/wp\/v2\/media?parent=18277"}],"curies":[{"name":"wp","href":"https:\/\/api.w.org\/{rel}","templated":true}]}}