{"id":18293,"date":"2025-05-25T16:39:06","date_gmt":"2025-05-25T14:39:06","guid":{"rendered":"https:\/\/digi.hosting\/en\/accessibility-statement\/"},"modified":"2025-05-25T16:40:32","modified_gmt":"2025-05-25T14:40:32","slug":"declaracao-de-acessibilidade","status":"publish","type":"page","link":"https:\/\/digi.hosting\/pt\/juridisch\/toegankelijkheidsverklaring\/","title":{"rendered":"Declara\u00e7\u00e3o de acessibilidade"},"content":{"rendered":"<h6 class=\"wp-block-heading has-text-align-center\">Declara\u00e7\u00e3o de acessibilidade para https:\/\/digi.hosting<\/h6>\n\n\n<p><strong>Digi Hosting<\/strong> est\u00e1 empenhada na acessibilidade digital para pessoas com defici\u00eancia. Melhoramos continuamente a experi\u00eancia do utilizador para todos e aplicamos as normas de acessibilidade pertinentes.<\/p>\n\n\n<h6 class=\"wp-block-heading\">Estado de conformidade<\/h6>\n\n\n<p>As diretrizes de acessibilidade do conte\u00fado da Web (WCAG) definem os requisitos para que os designers e programadores melhorem a acessibilidade para as pessoas com defici\u00eancia. S\u00e3o definidos tr\u00eas n\u00edveis de conformidade: n\u00edvel A, n\u00edvel AA e n\u00edvel AAA.<\/p>\n\n\n<p><strong>Digi Hosting<\/strong> envida esfor\u00e7os constantes para melhorar a acessibilidade do seu s\u00edtio e dos seus servi\u00e7os, na convic\u00e7\u00e3o de que \u00e9 nosso dever moral coletivo permitir uma utiliza\u00e7\u00e3o sem descontinuidades, acess\u00edvel e sem entraves \u00e0s pessoas com defici\u00eancia.<\/p>\n\n\n<p>Esfor\u00e7amo-nos por manter todas as p\u00e1ginas e conte\u00fados em <strong>https:\/\/digi.hosting<\/strong> acess\u00edvel, mas alguns conte\u00fados podem ainda n\u00e3o cumprir plenamente as normas de acessibilidade mais exigentes. Tal pode dever-se a dificuldades em encontrar a solu\u00e7\u00e3o tecnol\u00f3gica mais adequada.<\/p>\n\n\n<p>Poderemos rever esta declara\u00e7\u00e3o periodicamente para refletir melhorias ou altera\u00e7\u00f5es nas nossas pr\u00e1ticas de acessibilidade.<\/p>\n\n\n<h6 class=\"wp-block-heading\">Feedback<\/h6>\n\n\n<p>Agradecemos a sua opini\u00e3o sobre a acessibilidade de <strong>Digi Hosting<\/strong> site. Informe-nos se encontrar barreiras de acessibilidade no nosso s\u00edtio:<\/p>\n\n\n<p>Correio eletr\u00f3nico: <strong>support@digi.hosting<\/strong><\/p>\n\n\n<p>Tentamos responder aos coment\u00e1rios no prazo de 3-5 dias \u00fateis.<\/p>\n\n\n<p>Esta declara\u00e7\u00e3o foi criada em 25-5-2025. <\/p>","protected":false},"excerpt":{"rendered":"<p>Toegankelijkheidsverklaring voor https:\/\/digi.hosting Digi Hosting zet zich in voor digitale toegankelijkheid voor mensen met een handicap. We verbeteren voortdurend de gebruikerservaring voor iedereen en passen de relevante toegankelijkheidsnormen toe. Conformiteitsstatus De web inhoud accessibility guidelines (WCAG) defini\u00ebren eisen voor ontwerpers en ontwikkelaars om de toegankelijkheid voor mensen met een handicap te verbeteren. Er worden drie [&hellip;]<\/p>\n","protected":false},"author":1,"featured_media":0,"parent":18254,"menu_order":0,"comment_status":"closed","ping_status":"closed","template":"","meta":{"_acf_changed":false,"footnotes":""},"class_list":["post-18293","page","type-page","status-publish","hentry"],"acf":[],"_links":{"self":[{"href":"https:\/\/digi.hosting\/pt\/wp-json\/wp\/v2\/pages\/18293","targetHints":{"allow":["GET"]}}],"collection":[{"href":"https:\/\/digi.hosting\/pt\/wp-json\/wp\/v2\/pages"}],"about":[{"href":"https:\/\/digi.hosting\/pt\/wp-json\/wp\/v2\/types\/page"}],"author":[{"embeddable":true,"href":"https:\/\/digi.hosting\/pt\/wp-json\/wp\/v2\/users\/1"}],"replies":[{"embeddable":true,"href":"https:\/\/digi.hosting\/pt\/wp-json\/wp\/v2\/comments?post=18293"}],"version-history":[{"count":1,"href":"https:\/\/digi.hosting\/pt\/wp-json\/wp\/v2\/pages\/18293\/revisions"}],"predecessor-version":[{"id":18294,"href":"https:\/\/digi.hosting\/pt\/wp-json\/wp\/v2\/pages\/18293\/revisions\/18294"}],"up":[{"embeddable":true,"href":"https:\/\/digi.hosting\/pt\/wp-json\/wp\/v2\/pages\/18254"}],"wp:attachment":[{"href":"https:\/\/digi.hosting\/pt\/wp-json\/wp\/v2\/media?parent=18293"}],"curies":[{"name":"wp","href":"https:\/\/api.w.org\/{rel}","templated":true}]}}