{"id":18301,"date":"2025-05-25T17:29:47","date_gmt":"2025-05-25T15:29:47","guid":{"rendered":"https:\/\/digi.hosting\/?page_id=18301"},"modified":"2026-03-14T15:36:04","modified_gmt":"2026-03-14T14:36:04","slug":"politica-do-dominio","status":"publish","type":"page","link":"https:\/\/digi.hosting\/pt\/juridisch\/domeinverloop-beleid\/","title":{"rendered":"Pol\u00edtica de progress\u00e3o de dom\u00ednios"},"content":{"rendered":"<div data-elementor-type=\"wp-page\" data-elementor-id=\"18301\" class=\"elementor elementor-18301\" data-elementor-post-type=\"page\">\n\t\t\t\t<div data-dce-background-overlay-color=\"#000000\" class=\"elementor-element elementor-element-e345dc4 e-con-full e-flex e-con e-parent\" data-id=\"e345dc4\" data-element_type=\"container\" data-e-type=\"container\">\n\t\t<div class=\"elementor-element elementor-element-37c4f76 e-con-full e-flex e-con e-child\" data-id=\"37c4f76\" data-element_type=\"container\" data-e-type=\"container\">\n\t\t<div class=\"elementor-element elementor-element-b15cf37 e-con-full e-flex e-con e-child\" data-id=\"b15cf37\" data-element_type=\"container\" data-e-type=\"container\">\n\t\t\t\t<div class=\"elementor-element elementor-element-67695f7 elementor-widget elementor-widget-heading\" data-id=\"67695f7\" data-element_type=\"widget\" data-e-type=\"widget\" data-widget_type=\"heading.default\">\n\t\t\t\t<div class=\"elementor-widget-container\">\n\t\t\t\t\t<h2 class=\"elementor-heading-title elementor-size-default\">Pol\u00edtica de progress\u00e3o de dom\u00ednios<\/h2>\t\t\t\t<\/div>\n\t\t\t\t<\/div>\n\t\t\t\t<\/div>\n\t\t\t\t<\/div>\n\t\t\t\t<\/div>\n\t\t<div data-dce-background-color=\"#FFFFFF\" class=\"elementor-element elementor-element-2beabb86 e-flex e-con-boxed e-con e-parent\" data-id=\"2beabb86\" data-element_type=\"container\" data-e-type=\"container\" data-settings=\"{&quot;background_background&quot;:&quot;classic&quot;}\">\n\t\t\t\t\t<div class=\"e-con-inner\">\n\t\t\t\t<div class=\"elementor-element elementor-element-583499c3 elementor-widget elementor-widget-text-editor\" data-id=\"583499c3\" data-element_type=\"widget\" data-e-type=\"widget\" data-widget_type=\"text-editor.default\">\n\t\t\t\t<div class=\"elementor-widget-container\">\n\t\t\t\t\t\t\t\t\t<p data-path-to-node=\"4\">Esta pol\u00edtica define os procedimentos e as responsabilidades relativamente \u00e0 expira\u00e7\u00e3o e ao restabelecimento dos registos de nomes de dom\u00ednio. Complementa <b data-path-to-node=\"4\" data-index-in-node=\"164\">Artigo 11\u00ba das Condi\u00e7\u00f5es Gerais<\/b>.<\/p>\n<h3 data-path-to-node=\"5\">Artigo 1.\u00ba: Responsabilidade e renova\u00e7\u00e3o<\/h3>\n<p data-path-to-node=\"6\"><b data-path-to-node=\"6\" data-index-in-node=\"0\">1.1 Dever de cuidado ativo:<\/b> Digi Hosting renova o registo de nomes de dom\u00ednio <b data-path-to-node=\"6\" data-index-in-node=\"80\">n\u00e3o automaticamente<\/b>a menos que seja explicitamente configurado pelo Cliente atrav\u00e9s do painel de controlo. O Cliente \u00e9 o \u00fanico respons\u00e1vel pela renova\u00e7\u00e3o atempada e pela exatid\u00e3o dos dados de contacto do titular do nome de dom\u00ednio. <b data-path-to-node=\"6\" data-index-in-node=\"322\">1.2 Pagamento por instru\u00e7\u00e3o:<\/b> O registo de um nome de dom\u00ednio s\u00f3 \u00e9 tecnicamente efectuado ap\u00f3s a rece\u00e7\u00e3o do pagamento integral da fatura de renova\u00e7\u00e3o.<\/p>\n<h3 data-path-to-node=\"7\">Artigo 2.\u00ba: Procedimento de aviso (Avisos pr\u00e9vios \u00e0 caducidade)<\/h3>\n<p data-path-to-node=\"8\">Para evitar a expira\u00e7\u00e3o inadvertida, a Digi Hosting utiliza um ciclo rigoroso de lembretes. Ser\u00e3o enviadas cinco (5) mensagens de correio eletr\u00f3nico para o endere\u00e7o de correio eletr\u00f3nico que nos \u00e9 conhecido:<\/p>\n<ul data-path-to-node=\"9\">\n<li>\n<p data-path-to-node=\"9,0,0\"><b data-path-to-node=\"9,0,0\" data-index-in-node=\"0\">27, 14, 7, 3 e 1 dia(s)<\/b> antes da data de expira\u00e7\u00e3o.<\/p>\n<\/li>\n<\/ul>\n<p data-path-to-node=\"10\">Cada notifica\u00e7\u00e3o cont\u00e9m a data de vencimento e uma fatura Pro Forma. Se o pagamento n\u00e3o tiver sido processado pela Digi Hosting antes da data de vencimento, a fatura expirar\u00e1 automaticamente e o nome de dom\u00ednio n\u00e3o ser\u00e1 renovado. A Digi Hosting n\u00e3o \u00e9 respons\u00e1vel pela n\u00e3o rece\u00e7\u00e3o destas notifica\u00e7\u00f5es devido a factores fora do seu controlo (por exemplo, filtros de spam ou endere\u00e7os de correio eletr\u00f3nico desactualizados).<\/p>\n<h3 data-path-to-node=\"11\">Artigo 3.\u00ba: Estatuto p\u00f3s-expira\u00e7\u00e3o<\/h3>\n<p data-path-to-node=\"12\">Se um nome de dom\u00ednio ultrapassar a data de expira\u00e7\u00e3o sem ter sido renovado com \u00eaxito, entrar\u00e3o em vigor as seguintes modalidades: <b data-path-to-node=\"12\" data-index-in-node=\"121\">3.1 Aviso de data de vencimento final:<\/b> No prazo de cinco (5) dias ap\u00f3s a expira\u00e7\u00e3o, a Digi Hosting enviar\u00e1 uma notifica\u00e7\u00e3o obrigat\u00f3ria de que o dom\u00ednio expirou (de acordo com as regras da ICANN para gTLDs). <b data-path-to-node=\"12\" data-index-in-node=\"295\">3.2 Desativa\u00e7\u00e3o:<\/b> O nome de dom\u00ednio \u00e9 imediatamente removido da zona DNS, tornando indispon\u00edveis os s\u00edtios Web e os servi\u00e7os de correio eletr\u00f3nico associados.<\/p>\n<h3 data-path-to-node=\"13\">Artigo 4.\u00ba: Per\u00edodo de car\u00eancia para o reembolso (RGP)<\/h3>\n<p data-path-to-node=\"14\">Ap\u00f3s a expira\u00e7\u00e3o do nome de dom\u00ednio, para a maioria das extens\u00f5es (como .com, .net, .org, .uk), um <b data-path-to-node=\"14\" data-index-in-node=\"99\">Per\u00edodo de recupera\u00e7\u00e3o (RGP)<\/b> em de normalmente <b data-path-to-node=\"14\" data-index-in-node=\"137\">30 dias<\/b>. <b data-path-to-node=\"14\" data-index-in-node=\"147\">4.1 Limita\u00e7\u00f5es:<\/b> Durante o RGP, o nome de dom\u00ednio n\u00e3o pode ser transferido para outro agente de registo. <b data-path-to-node=\"14\" data-index-in-node=\"245\">4.2 Custos de recupera\u00e7\u00e3o:<\/b> Para restaurar um dom\u00ednio nesta fase, \u00e9 necess\u00e1rio <b data-path-to-node=\"14\" data-index-in-node=\"332\">despesas administrativas e de repara\u00e7\u00e3o<\/b> cobradas para al\u00e9m do pre\u00e7o normal de renova\u00e7\u00e3o. Estas taxas devem ser pagas ao registo e s\u00e3o cobradas na totalidade ao Cliente. Contacte support@digi.hosting para obter as taxas actuais por extens\u00e3o. <b data-path-to-node=\"14\" data-index-in-node=\"598\">4.3 Sem garantia:<\/b> A Digi Hosting nunca pode garantir a recupera\u00e7\u00e3o bem sucedida de um nome de dom\u00ednio na fase RGP; isto depende da coopera\u00e7\u00e3o do registo central.<\/p>\n<h3 data-path-to-node=\"15\">Artigo 5.\u00ba: Condi\u00e7\u00f5es espec\u00edficas do registo<\/h3>\n<p data-path-to-node=\"16\"><b data-path-to-node=\"16\" data-index-in-node=\"0\">5.1 Termos divergentes:<\/b> O Cliente reconhece que ccTLDs espec\u00edficos (tais como <b data-path-to-node=\"16\" data-index-in-node=\"72\">.be<\/b> e <b data-path-to-node=\"16\" data-index-in-node=\"79\">.co.uk<\/b>) aplicam procedimentos de expira\u00e7\u00e3o e per\u00edodos de quarentena diferentes. A regulamenta\u00e7\u00e3o da DNS B\u00e9lgica e da SIDN, respetivamente, \u00e9 plenamente aplic\u00e1vel nestes casos. <b data-path-to-node=\"16\" data-index-in-node=\"250\">5.2 L\u00edngua:<\/b> Todas as comunica\u00e7\u00f5es relativas \u00e0 expira\u00e7\u00e3o do dom\u00ednio ser\u00e3o feitas na l\u00edngua do contrato original ou em ingl\u00eas, dependendo dos regulamentos do registo relevante.<\/p>\t\t\t\t\t\t\t\t<\/div>\n\t\t\t\t<\/div>\n\t\t\t\t<div class=\"elementor-element elementor-element-6930f59 elementor-widget elementor-widget-text-editor\" data-id=\"6930f59\" data-element_type=\"widget\" data-e-type=\"widget\" data-widget_type=\"text-editor.default\">\n\t\t\t\t<div class=\"elementor-widget-container\">\n\t\t\t\t\t\t\t\t\t<p><!-- \/wp:paragraph --><!-- wp:paragraph --><\/p>\n<p><!-- \/wp:paragraph --><!-- wp:paragraph --><\/p>\n<p>As presentes condi\u00e7\u00f5es gerais est\u00e3o sujeitas a erros de impress\u00e3o.<\/p>\n<p><!-- \/wp:paragraph --><!-- wp:paragraph --><\/p>\n<p><!-- \/wp:paragraph --><!-- wp:paragraph --><\/p>\n<p><!-- \/wp:paragraph --><!-- wp:paragraph --><\/p>\n<p><!-- \/wp:paragraph --><!-- wp:paragraph --><\/p>\n<p><!-- \/wp:paragraph --><!-- wp:paragraph --><\/p>\n<p><!-- \/wp:paragraph --><!-- wp:paragraph --><\/p>\n<p><!-- \/wp:paragraph --><!-- wp:paragraph --><\/p>\n<p><!-- \/wp:paragraph --><!-- wp:paragraph --><\/p>\n<p><!-- \/wp:paragraph --><!-- wp:list {\"ordered\":true} --><\/p>\n<p><!-- \/wp:list --><\/p>\t\t\t\t\t\t\t\t<\/div>\n\t\t\t\t<\/div>\n\t\t\t\t<div class=\"elementor-element elementor-element-9a219d8 elementor-widget elementor-widget-heading\" data-id=\"9a219d8\" data-element_type=\"widget\" data-e-type=\"widget\" data-widget_type=\"heading.default\">\n\t\t\t\t<div class=\"elementor-widget-container\">\n\t\t\t\t\t<h2 class=\"elementor-heading-title elementor-size-default\">\u00daltima modifica\u00e7\u00e3o: 8 de mar\u00e7o de 2025<\/h2>\t\t\t\t<\/div>\n\t\t\t\t<\/div>\n\t\t\t\t\t<\/div>\n\t\t\t\t<\/div>\n\t\t\t\t<\/div>","protected":false},"excerpt":{"rendered":"<p>Domeinverloop beleid Dit beleid omschrijft de procedures en verantwoordelijkheden met betrekking tot het vervallen en herstellen van domeinnaamregistraties. Het vormt een aanvulling op Artikel 11 van de Algemene Voorwaarden. Artikel 1: Verantwoordelijkheid en Verlenging 1.1 Actieve Zorgplicht: Digi Hosting verlengt de registratie van een domeinnaam niet automatisch, tenzij de Klant dit expliciet heeft geconfigureerd via [&hellip;]<\/p>\n","protected":false},"author":1,"featured_media":0,"parent":18254,"menu_order":0,"comment_status":"closed","ping_status":"closed","template":"","meta":{"_acf_changed":false,"footnotes":""},"class_list":["post-18301","page","type-page","status-publish","hentry"],"acf":[],"_links":{"self":[{"href":"https:\/\/digi.hosting\/pt\/wp-json\/wp\/v2\/pages\/18301","targetHints":{"allow":["GET"]}}],"collection":[{"href":"https:\/\/digi.hosting\/pt\/wp-json\/wp\/v2\/pages"}],"about":[{"href":"https:\/\/digi.hosting\/pt\/wp-json\/wp\/v2\/types\/page"}],"author":[{"embeddable":true,"href":"https:\/\/digi.hosting\/pt\/wp-json\/wp\/v2\/users\/1"}],"replies":[{"embeddable":true,"href":"https:\/\/digi.hosting\/pt\/wp-json\/wp\/v2\/comments?post=18301"}],"version-history":[{"count":22,"href":"https:\/\/digi.hosting\/pt\/wp-json\/wp\/v2\/pages\/18301\/revisions"}],"predecessor-version":[{"id":22607,"href":"https:\/\/digi.hosting\/pt\/wp-json\/wp\/v2\/pages\/18301\/revisions\/22607"}],"up":[{"embeddable":true,"href":"https:\/\/digi.hosting\/pt\/wp-json\/wp\/v2\/pages\/18254"}],"wp:attachment":[{"href":"https:\/\/digi.hosting\/pt\/wp-json\/wp\/v2\/media?parent=18301"}],"curies":[{"name":"wp","href":"https:\/\/api.w.org\/{rel}","templated":true}]}}