{"id":3,"date":"2023-08-21T22:45:24","date_gmt":"2023-08-21T22:45:24","guid":{"rendered":"https:\/\/digi.hosting\/?page_id=3"},"modified":"2026-03-14T15:26:10","modified_gmt":"2026-03-14T14:26:10","slug":"politica-de-privacidade","status":"publish","type":"page","link":"https:\/\/digi.hosting\/pt\/juridisch\/privacybeleid\/","title":{"rendered":"Pol\u00edtica de privacidade"},"content":{"rendered":"<div data-elementor-type=\"wp-page\" data-elementor-id=\"3\" class=\"elementor elementor-3\" data-elementor-post-type=\"page\">\n\t\t\t\t<div data-dce-background-overlay-color=\"#000000\" class=\"elementor-element elementor-element-e345dc4 e-con-full e-flex e-con e-parent\" data-id=\"e345dc4\" data-element_type=\"container\" data-e-type=\"container\">\n\t\t<div class=\"elementor-element elementor-element-37c4f76 e-con-full e-flex e-con e-child\" data-id=\"37c4f76\" data-element_type=\"container\" data-e-type=\"container\">\n\t\t<div class=\"elementor-element elementor-element-b15cf37 e-con-full e-flex e-con e-child\" data-id=\"b15cf37\" data-element_type=\"container\" data-e-type=\"container\">\n\t\t\t\t<div class=\"elementor-element elementor-element-67695f7 elementor-widget elementor-widget-heading\" data-id=\"67695f7\" data-element_type=\"widget\" data-e-type=\"widget\" data-widget_type=\"heading.default\">\n\t\t\t\t<div class=\"elementor-widget-container\">\n\t\t\t\t\t<h2 class=\"elementor-heading-title elementor-size-default\">Pol\u00edtica de privacidade<\/h2>\t\t\t\t<\/div>\n\t\t\t\t<\/div>\n\t\t\t\t<\/div>\n\t\t\t\t<\/div>\n\t\t\t\t<\/div>\n\t\t<div data-dce-background-color=\"#FFFFFF\" class=\"elementor-element elementor-element-2beabb86 e-flex e-con-boxed e-con e-parent\" data-id=\"2beabb86\" data-element_type=\"container\" data-e-type=\"container\" data-settings=\"{&quot;background_background&quot;:&quot;classic&quot;}\">\n\t\t\t\t\t<div class=\"e-con-inner\">\n\t\t\t\t<div class=\"elementor-element elementor-element-583499c3 elementor-widget elementor-widget-text-editor\" data-id=\"583499c3\" data-element_type=\"widget\" data-e-type=\"widget\" data-widget_type=\"text-editor.default\">\n\t\t\t\t<div class=\"elementor-widget-container\">\n\t\t\t\t\t\t\t\t\t<h1 data-path-to-node=\"2\">Pol\u00edtica de privacidade da Digi Company (Digi Hosting)<\/h1>\n<p data-path-to-node=\"3\">Na Digi Company, estamos empenhados em proteger os seus dados pessoais. Nesta pol\u00edtica de privacidade, explicamos que dados recolhemos, porque o fazemos, como os processamos e que direitos tem. Tratamos os seus dados com cuidado e em estrita conformidade com o Regulamento Geral de Prote\u00e7\u00e3o de Dados (AVG\/GDPR).<\/p>\n<h3 data-path-to-node=\"4\">1. Quem somos (Controlador vs. Processador)<\/h3>\n<p data-path-to-node=\"5\"><b data-path-to-node=\"5\" data-index-in-node=\"0\">1.1 Controlador:<\/b> Digi Company, que actua como <b data-path-to-node=\"5\" data-index-in-node=\"72\">Digi Hosting<\/b>\u00e9 o respons\u00e1vel pelo tratamento dos dados dos clientes (fatura\u00e7\u00e3o, administra\u00e7\u00e3o, apoio).<\/p>\n<ul data-path-to-node=\"6\">\n<li>\n<p data-path-to-node=\"6,0,0\"><b data-path-to-node=\"6,0,0\" data-index-in-node=\"0\">Entidade jur\u00eddica:<\/b> Kwinten Braet (Empresa Digi)<\/p>\n<\/li>\n<li>\n<p data-path-to-node=\"6,1,0\"><b data-path-to-node=\"6,1,0\" data-index-in-node=\"0\">N\u00famero CBE:<\/b> 0749.684.888<\/p>\n<\/li>\n<li>\n<p data-path-to-node=\"6,2,0\"><b data-path-to-node=\"6,2,0\" data-index-in-node=\"0\">Endere\u00e7o:<\/b> A. Van Ooteghemstraat 7, 9050 Ghent, B\u00e9lgica<\/p>\n<\/li>\n<li>\n<p data-path-to-node=\"6,3,0\"><b data-path-to-node=\"6,3,0\" data-index-in-node=\"0\">Correio eletr\u00f3nico:<\/b> support@digi.hosting<\/p>\n<\/li>\n<\/ul>\n<p data-path-to-node=\"7\"><b data-path-to-node=\"7\" data-index-in-node=\"0\">1.2 Processador:<\/b> No que diz respeito ao conte\u00fado (dados, e-mails, bases de dados) colocado pelo Cliente na infraestrutura da Digi Hosting, o Cliente actua como \"Processador\" e a Digi Hosting actua exclusivamente como \"Processador\". Os acordos a este respeito s\u00e3o estabelecidos em separado <b data-path-to-node=\"7\" data-index-in-node=\"287\">Conven\u00e7\u00e3o de transforma\u00e7\u00e3o (VWO)<\/b> que \u00e9 parte integrante dos nossos servi\u00e7os.<\/p>\n<h3 data-path-to-node=\"8\">2. Que dados tratamos?<\/h3>\n<p data-path-to-node=\"9\">Processamos as seguintes categorias de dados pessoais necess\u00e1rias para a presta\u00e7\u00e3o dos nossos servi\u00e7os:<\/p>\n<ul data-path-to-node=\"10\">\n<li>\n<p data-path-to-node=\"10,0,0\"><b data-path-to-node=\"10,0,0\" data-index-in-node=\"0\">Dados de contacto e de identifica\u00e7\u00e3o:<\/b> Nome, endere\u00e7o, endere\u00e7o eletr\u00f3nico, n\u00famero de telefone.<\/p>\n<\/li>\n<li>\n<p data-path-to-node=\"10,1,0\"><b data-path-to-node=\"10,1,0\" data-index-in-node=\"0\">Detalhes do registo:<\/b> Nomes de utilizador e palavras-passe encriptadas (com hash).<\/p>\n<\/li>\n<li>\n<p data-path-to-node=\"10,2,0\"><b data-path-to-node=\"10,2,0\" data-index-in-node=\"0\">Dados t\u00e9cnicos:<\/b> Endere\u00e7os IP, nomes de dom\u00ednio, registos de servidor (incluindo IPs de visitantes dos s\u00edtios Web dos clientes para monitoriza\u00e7\u00e3o da seguran\u00e7a).<\/p>\n<\/li>\n<li>\n<p data-path-to-node=\"10,3,0\"><b data-path-to-node=\"10,3,0\" data-index-in-node=\"0\">Dados financeiros:<\/b> Hist\u00f3rico de encomendas, dados de fatura\u00e7\u00e3o, m\u00e9todo de pagamento (excluindo os dados completos do cart\u00e3o de cr\u00e9dito).<\/p>\n<\/li>\n<li>\n<p data-path-to-node=\"10,4,0\"><b data-path-to-node=\"10,4,0\" data-index-in-node=\"0\">Comunica\u00e7\u00e3o:<\/b> Correspond\u00eancia por correio eletr\u00f3nico, chat ou suporte por bilhete.<\/p>\n<\/li>\n<li>\n<p data-path-to-node=\"10,5,0\"><b data-path-to-node=\"10,5,0\" data-index-in-node=\"0\">Dados sobre o conte\u00fado publicado:<\/b> Armazenamos os dados que publica nos nossos servidores, mas n\u00e3o processamos este conte\u00fado para os nossos pr\u00f3prios fins.<\/p>\n<\/li>\n<\/ul>\n<h3 data-path-to-node=\"11\">3. Objectivos e bases jur\u00eddicas<\/h3>\n<p data-path-to-node=\"12\">Processamos os seus dados apenas com base nas seguintes bases legais:<\/p>\n<ul data-path-to-node=\"13\">\n<li>\n<p data-path-to-node=\"13,0,0\"><b data-path-to-node=\"13,0,0\" data-index-in-node=\"0\">Execu\u00e7\u00e3o do Acordo (Art. 6.1.b AVG):<\/b> Fornecimento de alojamento, registo de dom\u00ednios, apoio e fatura\u00e7\u00e3o.<\/p>\n<\/li>\n<li>\n<p data-path-to-node=\"13,1,0\"><b data-path-to-node=\"13,1,0\" data-index-in-node=\"0\">Obriga\u00e7\u00e3o legal (Art. 6.1.c AVG):<\/b> Obriga\u00e7\u00f5es de reten\u00e7\u00e3o de impostos e coopera\u00e7\u00e3o com ordens judiciais.<\/p>\n<\/li>\n<li>\n<p data-path-to-node=\"13,2,0\"><b data-path-to-node=\"13,2,0\" data-index-in-node=\"0\">Interesse leg\u00edtimo (Art. 6.1.f AVG):<\/b> Garantir a seguran\u00e7a da rede, a dete\u00e7\u00e3o de utiliza\u00e7\u00f5es indevidas (DDoS\/hacking) e melhorar os nossos servi\u00e7os.<\/p>\n<\/li>\n<li>\n<p data-path-to-node=\"13,3,0\"><b data-path-to-node=\"13,3,0\" data-index-in-node=\"0\">Consentimento (Art. 6.1.a AVG):<\/b> Para comunica\u00e7\u00f5es de marketing opt-in (boletins informativos).<\/p>\n<\/li>\n<\/ul>\n<h3 data-path-to-node=\"14\">4. Partilha de dados e subcontratantes<\/h3>\n<p data-path-to-node=\"15\">Apenas partilhamos os seus dados com os parceiros necess\u00e1rios para a execu\u00e7\u00e3o do Servi\u00e7o:<\/p>\n<ul data-path-to-node=\"16\">\n<li>\n<p data-path-to-node=\"16,0,0\"><b data-path-to-node=\"16,0,0\" data-index-in-node=\"0\">Infra-estruturas:<\/b> CBA (Lochristi, B\u00e9lgica) para instala\u00e7\u00f5es de centros de dados.<\/p>\n<\/li>\n<li>\n<p data-path-to-node=\"16,1,0\"><b data-path-to-node=\"16,1,0\" data-index-in-node=\"0\">Registo de dom\u00ednios:<\/b> OpenProvider (Pa\u00edses Baixos) e registos relevantes (tais como DNS Belgium, SIDN, ICANN). O Cliente reconhece que determinados registos s\u00e3o obrigados a publicar dados pessoais em bases de dados WHOIS p\u00fablicas.<\/p>\n<\/li>\n<li>\n<p data-path-to-node=\"16,2,0\"><b data-path-to-node=\"16,2,0\" data-index-in-node=\"0\">Contabilidade:<\/b> Bill To Box (B\u00e9lgica) para processos de fatura\u00e7\u00e3o.<\/p>\n<\/li>\n<li>\n<p data-path-to-node=\"16,3,0\"><b data-path-to-node=\"16,3,0\" data-index-in-node=\"0\">Ag\u00eancias governamentais:<\/b> Apenas se existir uma obriga\u00e7\u00e3o legal ou uma ordem judicial para o fazer.<\/p>\n<\/li>\n<\/ul>\n<h3 data-path-to-node=\"17\">5. Tratamento de dados fora do EEE<\/h3>\n<p data-path-to-node=\"18\">O nosso objetivo \u00e9 processar os dados apenas no Espa\u00e7o Econ\u00f3mico Europeu (EEE). Algumas extens\u00f5es de dom\u00ednio (.com, .net, etc.) exigem a transfer\u00eancia para registos fora do EEE (por exemplo, Estados Unidos). Nesses casos, fornecemos salvaguardas adequadas de acordo com as Cl\u00e1usulas Contratuais-tipo (CCP) da Comiss\u00e3o Europeia.<\/p>\n<h3 data-path-to-node=\"19\">6. Medidas de seguran\u00e7a<\/h3>\n<p data-path-to-node=\"20\">A Digi Hosting adopta medidas t\u00e9cnicas e organizativas de grande alcance:<\/p>\n<ul data-path-to-node=\"21\">\n<li>\n<p data-path-to-node=\"21,0,0\"><b data-path-to-node=\"21,0,0\" data-index-in-node=\"0\">Seguran\u00e7a f\u00edsica:<\/b> Servidores em centros de dados belgas seguros com monitoriza\u00e7\u00e3o 24 horas por dia, 7 dias por semana.<\/p>\n<\/li>\n<li>\n<p data-path-to-node=\"21,1,0\"><b data-path-to-node=\"21,1,0\" data-index-in-node=\"0\">Encripta\u00e7\u00e3o:<\/b> Utiliza\u00e7\u00e3o de liga\u00e7\u00f5es TLS\/SSL e armazenamento encriptado de dados sens\u00edveis.<\/p>\n<\/li>\n<li>\n<p data-path-to-node=\"21,2,0\"><b data-path-to-node=\"21,2,0\" data-index-in-node=\"0\">Monitoriza\u00e7\u00e3o da rede:<\/b> Monitoriza\u00e7\u00e3o ativa para detetar intrus\u00f5es, utiliza\u00e7\u00e3o indevida e malware.<\/p>\n<\/li>\n<li>\n<p data-path-to-node=\"21,3,0\"><b data-path-to-node=\"21,3,0\" data-index-in-node=\"0\">Controlo de acesso:<\/b> Separa\u00e7\u00e3o rigorosa dos dados dos clientes e do acesso com base no princ\u00edpio da necessidade de conhecimento.<\/p>\n<\/li>\n<\/ul>\n<h3 data-path-to-node=\"22\">7. Per\u00edodos de conserva\u00e7\u00e3o<\/h3>\n<p data-path-to-node=\"23\">N\u00e3o conservamos os dados durante mais tempo do que o necess\u00e1rio:<\/p>\n<ul data-path-to-node=\"24\">\n<li>\n<p data-path-to-node=\"24,0,0\"><b data-path-to-node=\"24,0,0\" data-index-in-node=\"0\">Detalhes do contrato:<\/b> Desde que o acordo esteja em vigor.<\/p>\n<\/li>\n<li>\n<p data-path-to-node=\"24,1,0\"><b data-path-to-node=\"24,1,0\" data-index-in-node=\"0\">Dados fiscais:<\/b> 7 anos ap\u00f3s a data da fatura, em conformidade com a legisla\u00e7\u00e3o belga.<\/p>\n<\/li>\n<li>\n<p data-path-to-node=\"24,2,0\"><b data-path-to-node=\"24,2,0\" data-index-in-node=\"0\">Registos t\u00e9cnicos:<\/b> Os registos do servidor s\u00e3o mantidos at\u00e9 <b data-path-to-node=\"24,2,0\" data-index-in-node=\"77\">90 dias<\/b> conservados, exceto se um incidente exigir uma conserva\u00e7\u00e3o mais longa.<\/p>\n<\/li>\n<li>\n<p data-path-to-node=\"24,3,0\"><b data-path-to-node=\"24,3,0\" data-index-in-node=\"0\">C\u00f3pias de seguran\u00e7a:<\/b> As c\u00f3pias de seguran\u00e7a dos dados dos clientes s\u00e3o mantidas de acordo com o ciclo de reten\u00e7\u00e3o acordado e depois substitu\u00eddas.<\/p>\n<\/li>\n<\/ul>\n<h3 data-path-to-node=\"25\">8. Os seus direitos de privacidade<\/h3>\n<p data-path-to-node=\"26\">O utilizador tem direito a <b data-path-to-node=\"26\" data-index-in-node=\"21\">inspe\u00e7\u00e3o, retifica\u00e7\u00e3o, apagamento (para ser esquecido), restri\u00e7\u00e3o, portabilidade<\/b> e o direito de <b data-path-to-node=\"26\" data-index-in-node=\"118\">objeto<\/b> contra o tratamento. Os pedidos para o efeito podem ser enviados para support@digi.hosting. Responderemos dentro do prazo legal de 30 dias.<\/p>\n<h3 data-path-to-node=\"27\">9. Menores e DNT<\/h3>\n<p data-path-to-node=\"28\">N\u00e3o recolhemos intencionalmente dados de menores (-18 anos). Atualmente, os nossos sistemas n\u00e3o respondem aos sinais \"Do-Not-Track\" dos navegadores Web devido \u00e0 aus\u00eancia de uma norma industrial uniforme.<\/p>\n<h3 data-path-to-node=\"29\">10. Queixas e supervisor<\/h3>\n<p data-path-to-node=\"30\">Se o utilizador considerar que a Digi Hosting n\u00e3o est\u00e1 a cumprir devidamente o AVG, tem o direito de apresentar uma queixa junto do:<b data-path-to-node=\"30\" data-index-in-node=\"121\">Autoridade de prote\u00e7\u00e3o de dados (GBA)<\/b> Rue du Printing Press 35, 1000 Bruxelas<a class=\"ng-star-inserted\" href=\"https:\/\/www.gegevensbeschermingsautoriteit.be\/\" target=\"_blank\" rel=\"noopener\" data-hveid=\"0\" data-ved=\"0CAAQ_4QMahgKEwiM8tXdwJ-TAxUAAAAAHQAAAAAQtgU\">https:\/\/www.gegevensbeschermingsautoriteit.be<\/a><\/p>\n<h3 data-path-to-node=\"31\">11. Altera\u00e7\u00f5es<\/h3>\n<p data-path-to-node=\"32\">A Digi Hosting reserva-se o direito de alterar unilateralmente esta pol\u00edtica de privacidade. Altera\u00e7\u00f5es substanciais ser\u00e3o comunicadas de acordo com o Artigo 19 dos nossos Termos e Condi\u00e7\u00f5es Gerais.<\/p>\t\t\t\t\t\t\t\t<\/div>\n\t\t\t\t<\/div>\n\t\t\t\t<div class=\"elementor-element elementor-element-6930f59 elementor-widget elementor-widget-text-editor\" data-id=\"6930f59\" data-element_type=\"widget\" data-e-type=\"widget\" data-widget_type=\"text-editor.default\">\n\t\t\t\t<div class=\"elementor-widget-container\">\n\t\t\t\t\t\t\t\t\t<p><!-- \/wp:paragraph --><!-- wp:paragraph --><\/p>\n<p><!-- \/wp:paragraph --><!-- wp:paragraph --><\/p>\n<p>As presentes condi\u00e7\u00f5es gerais est\u00e3o sujeitas a erros de impress\u00e3o.<\/p>\n<p><!-- \/wp:paragraph --><!-- wp:paragraph --><\/p>\n<p><!-- \/wp:paragraph --><!-- wp:paragraph --><\/p>\n<p><!-- \/wp:paragraph --><!-- wp:paragraph --><\/p>\n<p><!-- \/wp:paragraph --><!-- wp:paragraph --><\/p>\n<p><!-- \/wp:paragraph --><!-- wp:paragraph --><\/p>\n<p><!-- \/wp:paragraph --><!-- wp:paragraph --><\/p>\n<p><!-- \/wp:paragraph --><!-- wp:paragraph --><\/p>\n<p><!-- \/wp:paragraph --><!-- wp:paragraph --><\/p>\n<p><!-- \/wp:paragraph --><!-- wp:list {\"ordered\":true} --><\/p>\n<p><!-- \/wp:list --><\/p>\t\t\t\t\t\t\t\t<\/div>\n\t\t\t\t<\/div>\n\t\t\t\t<div class=\"elementor-element elementor-element-9a219d8 elementor-widget elementor-widget-heading\" data-id=\"9a219d8\" data-element_type=\"widget\" data-e-type=\"widget\" data-widget_type=\"heading.default\">\n\t\t\t\t<div class=\"elementor-widget-container\">\n\t\t\t\t\t<h2 class=\"elementor-heading-title elementor-size-default\">\u00daltima modifica\u00e7\u00e3o: 25 de maio de 2025<\/h2>\t\t\t\t<\/div>\n\t\t\t\t<\/div>\n\t\t\t\t\t<\/div>\n\t\t\t\t<\/div>\n\t\t\t\t<\/div>","protected":false},"excerpt":{"rendered":"<p>Privacybeleid Privacybeleid van Digi Company (Digi Hosting) Bij Digi Company hechten wij grote waarde aan de bescherming van uw persoonsgegevens. In dit privacybeleid leggen wij uit welke gegevens wij verzamelen, waarom wij dit doen, hoe wij deze verwerken en welke rechten u heeft. Wij behandelen uw gegevens zorgvuldig en in strikte overeenstemming met de Algemene [&hellip;]<\/p>\n","protected":false},"author":1,"featured_media":0,"parent":18254,"menu_order":0,"comment_status":"closed","ping_status":"closed","template":"elementor_header_footer","meta":{"_acf_changed":false,"footnotes":""},"class_list":["post-3","page","type-page","status-publish","hentry"],"acf":[],"_links":{"self":[{"href":"https:\/\/digi.hosting\/pt\/wp-json\/wp\/v2\/pages\/3","targetHints":{"allow":["GET"]}}],"collection":[{"href":"https:\/\/digi.hosting\/pt\/wp-json\/wp\/v2\/pages"}],"about":[{"href":"https:\/\/digi.hosting\/pt\/wp-json\/wp\/v2\/types\/page"}],"author":[{"embeddable":true,"href":"https:\/\/digi.hosting\/pt\/wp-json\/wp\/v2\/users\/1"}],"replies":[{"embeddable":true,"href":"https:\/\/digi.hosting\/pt\/wp-json\/wp\/v2\/comments?post=3"}],"version-history":[{"count":55,"href":"https:\/\/digi.hosting\/pt\/wp-json\/wp\/v2\/pages\/3\/revisions"}],"predecessor-version":[{"id":22594,"href":"https:\/\/digi.hosting\/pt\/wp-json\/wp\/v2\/pages\/3\/revisions\/22594"}],"up":[{"embeddable":true,"href":"https:\/\/digi.hosting\/pt\/wp-json\/wp\/v2\/pages\/18254"}],"wp:attachment":[{"href":"https:\/\/digi.hosting\/pt\/wp-json\/wp\/v2\/media?parent=3"}],"curies":[{"name":"wp","href":"https:\/\/api.w.org\/{rel}","templated":true}]}}