{"id":7184,"date":"2023-11-25T21:19:36","date_gmt":"2023-11-25T20:19:36","guid":{"rendered":"https:\/\/digi.hosting\/?page_id=7184"},"modified":"2026-03-14T15:29:13","modified_gmt":"2026-03-14T14:29:13","slug":"utilizacao-responsavel","status":"publish","type":"page","link":"https:\/\/digi.hosting\/pt\/juridisch\/verantwoord-gebruik\/","title":{"rendered":"Utiliza\u00e7\u00e3o respons\u00e1vel"},"content":{"rendered":"<div data-elementor-type=\"wp-page\" data-elementor-id=\"7184\" class=\"elementor elementor-7184\" data-elementor-post-type=\"page\">\n\t\t\t\t<div data-dce-background-overlay-color=\"#000000\" class=\"elementor-element elementor-element-bcc5e20 e-con-full e-flex e-con e-parent\" data-id=\"bcc5e20\" data-element_type=\"container\" data-e-type=\"container\">\n\t\t<div class=\"elementor-element elementor-element-60efe48 e-con-full e-flex e-con e-child\" data-id=\"60efe48\" data-element_type=\"container\" data-e-type=\"container\">\n\t\t<div class=\"elementor-element elementor-element-aae9f6a e-con-full e-flex e-con e-child\" data-id=\"aae9f6a\" data-element_type=\"container\" data-e-type=\"container\">\n\t\t\t\t<div class=\"elementor-element elementor-element-5ba7528 elementor-widget elementor-widget-heading\" data-id=\"5ba7528\" data-element_type=\"widget\" data-e-type=\"widget\" data-widget_type=\"heading.default\">\n\t\t\t\t<div class=\"elementor-widget-container\">\n\t\t\t\t\t<h2 class=\"elementor-heading-title elementor-size-default\">Utiliza\u00e7\u00e3o respons\u00e1vel<\/h2>\t\t\t\t<\/div>\n\t\t\t\t<\/div>\n\t\t\t\t<\/div>\n\t\t\t\t<\/div>\n\t\t\t\t<\/div>\n\t\t<div data-dce-background-color=\"#FFFFFF\" class=\"elementor-element elementor-element-bc7dec1 e-flex e-con-boxed e-con e-parent\" data-id=\"bc7dec1\" data-element_type=\"container\" data-e-type=\"container\" data-settings=\"{&quot;background_background&quot;:&quot;classic&quot;}\">\n\t\t\t\t\t<div class=\"e-con-inner\">\n\t\t\t\t<div class=\"elementor-element elementor-element-1e1cbaa elementor-widget elementor-widget-text-editor\" data-id=\"1e1cbaa\" data-element_type=\"widget\" data-e-type=\"widget\" data-widget_type=\"text-editor.default\">\n\t\t\t\t<div class=\"elementor-widget-container\">\n\t\t\t\t\t\t\t\t\t<h3 data-path-to-node=\"3\">Artigo 1.\u00ba: Defini\u00e7\u00f5es<\/h3>\n<p data-path-to-node=\"4\"><b data-path-to-node=\"4\" data-index-in-node=\"0\">1.1 Tr\u00e1fego de dados:<\/b> Todos os dados enviados e recebidos pela Internet atrav\u00e9s do pacote de alojamento. Isto inclui uploads, downloads e todas as liga\u00e7\u00f5es de entrada e sa\u00edda (incluindo correio eletr\u00f3nico e consultas a bases de dados). <b data-path-to-node=\"4\" data-index-in-node=\"214\">1.2 Espa\u00e7o de armazenamento:<\/b> A quantidade total de dados que o Cliente pode armazenar na infraestrutura de alojamento atribu\u00edda.<\/p>\n<hr data-path-to-node=\"5\" \/>\n<h3 data-path-to-node=\"6\">Artigo 2.\u00ba: Tr\u00e1fego de dados e utiliza\u00e7\u00e3o equitativa<\/h3>\n<p data-path-to-node=\"7\">Todos os pacotes de alojamento pago da Digi Hosting incluem uma quantidade generosa de tr\u00e1fego de dados por m\u00eas. Embora alguns pacotes sejam anunciados como \"ilimitados\", eles s\u00e3o destinados a <b data-path-to-node=\"7\" data-index-in-node=\"193\">utiliza\u00e7\u00e3o normal e razo\u00e1vel<\/b> para um ambiente de alojamento Web normal (utiliza\u00e7\u00e3o justa). A Digi Hosting monitoriza os sistemas 24 horas por dia, 7 dias por semana, para evitar sobrecargas e garantir a estabilidade de todos os utilizadores.<\/p>\n<p data-path-to-node=\"8\"><b data-path-to-node=\"8\" data-index-in-node=\"0\">2.1 Viola\u00e7\u00e3o da utiliza\u00e7\u00e3o leg\u00edtima:<\/b> O tr\u00e1fego de dados n\u00e3o se destina expressamente a:<\/p>\n<ul data-path-to-node=\"9\">\n<li>\n<p data-path-to-node=\"9,0,0\">Alojamento de servi\u00e7os de streaming independentes (v\u00eddeo ou \u00e1udio).<\/p>\n<\/li>\n<li>\n<p data-path-to-node=\"9,1,0\">Utilizar como c\u00f3pia de seguran\u00e7a externa ou plataforma de arquivo para ficheiros sem uma liga\u00e7\u00e3o direta ao s\u00edtio Web alojado.<\/p>\n<\/li>\n<li>\n<p data-path-to-node=\"9,2,0\">Alojar grandes servi\u00e7os p\u00fablicos de descarregamento ou de partilha de ficheiros.<\/p>\n<\/li>\n<\/ul>\n<p data-path-to-node=\"10\"><b data-path-to-node=\"10\" data-index-in-node=\"0\">2.2 Interven\u00e7\u00e3o:<\/b> Se determinarmos que o tr\u00e1fego de dados de um Cliente se desvia estrutural e significativamente dos padr\u00f5es de utiliza\u00e7\u00e3o m\u00e9dios (por exemplo, mais de 50 vezes a m\u00e9dia de utilizadores semelhantes), comprometendo o desempenho da rede, contactaremos o Cliente para:<\/p>\n<ul data-path-to-node=\"11\">\n<li>\n<p data-path-to-node=\"11,0,0\">Propor uma atualiza\u00e7\u00e3o para um pacote adequado (por exemplo, VPS ou Alojamento Dedicado).<\/p>\n<\/li>\n<li>\n<p data-path-to-node=\"11,1,0\">Em caso de recusa ou de n\u00e3o coopera\u00e7\u00e3o: bloquear temporariamente o servi\u00e7o ou rescindir o contrato em conformidade com o artigo 6.o das Condi\u00e7\u00f5es Gerais.<\/p>\n<\/li>\n<\/ul>\n<hr data-path-to-node=\"12\" \/>\n<h3 data-path-to-node=\"13\">Artigo 3.\u00ba: Espa\u00e7o de armazenamento e limita\u00e7\u00e3o da finalidade<\/h3>\n<p data-path-to-node=\"14\">O espa\u00e7o de armazenamento \u00e9 <b data-path-to-node=\"14\" data-index-in-node=\"19\">destinado apenas ao armazenamento relacionado com o s\u00edtio web<\/b>como ficheiros de s\u00edtios Web, bases de dados e correio eletr\u00f3nico.<\/p>\n<p data-path-to-node=\"15\"><b data-path-to-node=\"15\" data-index-in-node=\"0\">3.1 Exclus\u00e3o do arquivo:<\/b> O espa\u00e7o de armazenamento inclu\u00eddo n\u00e3o pode ser utilizado para armazenar e\/ou alojar grandes quantidades de dados pessoais, filmes, c\u00f3pias de seguran\u00e7a externas ou outro material que n\u00e3o tenha uma fun\u00e7\u00e3o direta no funcionamento do s\u00edtio Web alojado.<\/p>\n<p data-path-to-node=\"16\"><b data-path-to-node=\"16\" data-index-in-node=\"0\">3.2 Suspens\u00e3o por viola\u00e7\u00e3o de limites:<\/b> Se o limite de armazenamento atribu\u00eddo for ultrapassado, o pacote de alojamento \u00e9 automaticamente suspenso. O Cliente receber\u00e1 notifica\u00e7\u00f5es autom\u00e1ticas sobre este facto. O Cliente pode atualizar o pacote imediatamente ou contactar a Digi Hosting para reativa\u00e7\u00e3o ap\u00f3s a remo\u00e7\u00e3o dos dados.<\/p>\n<p data-path-to-node=\"17\"><b data-path-to-node=\"17\" data-index-in-node=\"0\">3.3 Consequ\u00eancias do armazenamento abusivo:<\/b> Se for detectada uma utiliza\u00e7\u00e3o abusiva do espa\u00e7o de armazenamento (arquivamento n\u00e3o relacionado com o s\u00edtio Web), o Cliente ser\u00e1 avisado. Se o Cliente n\u00e3o seguir este conselho, a Digi Hosting reserva-se o direito de bloquear o acesso aos servi\u00e7os de acordo com o artigo 6 das Condi\u00e7\u00f5es Gerais.<\/p>\n<hr data-path-to-node=\"18\" \/>\n<h3 data-path-to-node=\"19\">Artigo 4.o : Pacotes de alojamento Web gratuitos<\/h3>\n<p data-path-to-node=\"20\">A Digi Hosting oferece pacotes de alojamento Web gratuitos como servi\u00e7o introdut\u00f3rio para s\u00edtios Web n\u00e3o comerciais.<\/p>\n<p data-path-to-node=\"21\"><b data-path-to-node=\"21\" data-index-in-node=\"0\">4.1 Aceita\u00e7\u00e3o e verifica\u00e7\u00e3o:<\/b> Os pedidos s\u00e3o verificados manualmente. A Digi Hosting reserva-se o direito de recusar encomendas \u00e0 sua discri\u00e7\u00e3o. As verifica\u00e7\u00f5es s\u00e3o feitas no registo do dom\u00ednio, endere\u00e7o IP e localiza\u00e7\u00e3o f\u00edsica. A utiliza\u00e7\u00e3o de liga\u00e7\u00f5es VPN durante a encomenda resulta na marca\u00e7\u00e3o autom\u00e1tica como fraude.<\/p>\n<p data-path-to-node=\"22\"><b data-path-to-node=\"22\" data-index-in-node=\"0\">4.2 Abuso e suspens\u00e3o:<\/b> Em caso de abuso, o pacote ser\u00e1 suspenso imediatamente e sem aviso pr\u00e9vio. O abuso inclui: alojamento de material ilegal, phishing ou envio de spam.<\/p>\n<p data-path-to-node=\"23\"><b data-path-to-node=\"23\" data-index-in-node=\"0\">4.3 Inatividade:<\/b> Se um pacote gratuito n\u00e3o tiver sido utilizado ativamente durante 6 meses, a Digi Hosting pode suspender e eventualmente eliminar o pacote ap\u00f3s aviso pr\u00e9vio por correio eletr\u00f3nico.<\/p>\n<p data-path-to-node=\"24\"><b data-path-to-node=\"24\" data-index-in-node=\"0\">4.4 Limita\u00e7\u00e3o:<\/b> \u00c9 permitido um m\u00e1ximo de um (1) pacote de alojamento Web gratuito por cliente. S\u00e3o efectuados controlos do endere\u00e7o de correio eletr\u00f3nico, do endere\u00e7o IP e dos dados pessoais.<\/p>\t\t\t\t\t\t\t\t<\/div>\n\t\t\t\t<\/div>\n\t\t\t\t<div class=\"elementor-element elementor-element-eea96b7 elementor-widget elementor-widget-text-editor\" data-id=\"eea96b7\" data-element_type=\"widget\" data-e-type=\"widget\" data-widget_type=\"text-editor.default\">\n\t\t\t\t<div class=\"elementor-widget-container\">\n\t\t\t\t\t\t\t\t\t<p><!-- \/wp:paragraph --><!-- wp:paragraph --><\/p>\n<p><!-- \/wp:paragraph --><!-- wp:paragraph --><\/p>\n<p>As presentes condi\u00e7\u00f5es gerais est\u00e3o sujeitas a erros de impress\u00e3o.<\/p>\n<p><!-- \/wp:paragraph --><!-- wp:paragraph --><\/p>\n<p><!-- \/wp:paragraph --><!-- wp:paragraph --><\/p>\n<p><!-- \/wp:paragraph --><!-- wp:paragraph --><\/p>\n<p><!-- \/wp:paragraph --><!-- wp:paragraph --><\/p>\n<p><!-- \/wp:paragraph --><!-- wp:paragraph --><\/p>\n<p><!-- \/wp:paragraph --><!-- wp:paragraph --><\/p>\n<p><!-- \/wp:paragraph --><!-- wp:paragraph --><\/p>\n<p><!-- \/wp:paragraph --><!-- wp:paragraph --><\/p>\n<p><!-- \/wp:paragraph --><!-- wp:list {\"ordered\":true} --><\/p>\n<p><!-- \/wp:list --><\/p>\t\t\t\t\t\t\t\t<\/div>\n\t\t\t\t<\/div>\n\t\t\t\t<div class=\"elementor-element elementor-element-a015df2 elementor-widget elementor-widget-heading\" data-id=\"a015df2\" data-element_type=\"widget\" data-e-type=\"widget\" data-widget_type=\"heading.default\">\n\t\t\t\t<div class=\"elementor-widget-container\">\n\t\t\t\t\t<h2 class=\"elementor-heading-title elementor-size-default\">\u00daltima modifica\u00e7\u00e3o: 25 de maio de 2025<\/h2>\t\t\t\t<\/div>\n\t\t\t\t<\/div>\n\t\t\t\t\t<\/div>\n\t\t\t\t<\/div>\n\t\t\t\t<\/div>","protected":false},"excerpt":{"rendered":"<p>Verantwoord Gebruik Artikel 1: Definities 1.1 Dataverkeer: Alle data die via het internet wordt verzonden en ontvangen via het hostingpakket. Dit omvat uploads, downloads, en alle inkomende en uitgaande verbindingen (inclusief e-mail en database queries). 1.2 Opslagruimte: De totale hoeveelheid data die de Klant kan opslaan op de toegewezen hostinginfrastructuur. Artikel 2: Dataverkeer en Redelijk [&hellip;]<\/p>\n","protected":false},"author":1,"featured_media":0,"parent":18254,"menu_order":0,"comment_status":"closed","ping_status":"closed","template":"elementor_header_footer","meta":{"_acf_changed":false,"footnotes":""},"class_list":["post-7184","page","type-page","status-publish","hentry"],"acf":[],"_links":{"self":[{"href":"https:\/\/digi.hosting\/pt\/wp-json\/wp\/v2\/pages\/7184","targetHints":{"allow":["GET"]}}],"collection":[{"href":"https:\/\/digi.hosting\/pt\/wp-json\/wp\/v2\/pages"}],"about":[{"href":"https:\/\/digi.hosting\/pt\/wp-json\/wp\/v2\/types\/page"}],"author":[{"embeddable":true,"href":"https:\/\/digi.hosting\/pt\/wp-json\/wp\/v2\/users\/1"}],"replies":[{"embeddable":true,"href":"https:\/\/digi.hosting\/pt\/wp-json\/wp\/v2\/comments?post=7184"}],"version-history":[{"count":65,"href":"https:\/\/digi.hosting\/pt\/wp-json\/wp\/v2\/pages\/7184\/revisions"}],"predecessor-version":[{"id":22598,"href":"https:\/\/digi.hosting\/pt\/wp-json\/wp\/v2\/pages\/7184\/revisions\/22598"}],"up":[{"embeddable":true,"href":"https:\/\/digi.hosting\/pt\/wp-json\/wp\/v2\/pages\/18254"}],"wp:attachment":[{"href":"https:\/\/digi.hosting\/pt\/wp-json\/wp\/v2\/media?parent=7184"}],"curies":[{"name":"wp","href":"https:\/\/api.w.org\/{rel}","templated":true}]}}