{"id":15655,"date":"2025-04-10T22:47:52","date_gmt":"2025-04-10T20:47:52","guid":{"rendered":"https:\/\/digi.hosting\/?page_id=15655"},"modified":"2025-06-09T22:37:43","modified_gmt":"2025-06-09T20:37:43","slug":"om-oss","status":"publish","type":"page","link":"https:\/\/digi.hosting\/sv\/over-ons\/","title":{"rendered":"Om oss"},"content":{"rendered":"<div data-elementor-type=\"wp-page\" data-elementor-id=\"15655\" class=\"elementor elementor-15655\" data-elementor-post-type=\"page\">\n\t\t\t\t<div data-dce-background-overlay-color=\"#000000\" class=\"elementor-element elementor-element-7ef08943 e-con-full e-flex e-con e-parent\" data-id=\"7ef08943\" data-element_type=\"container\" data-e-type=\"container\">\n\t\t<div class=\"elementor-element elementor-element-3f62a961 e-con-full e-flex e-con e-child\" data-id=\"3f62a961\" data-element_type=\"container\" data-e-type=\"container\">\n\t\t<div class=\"elementor-element elementor-element-64f22318 e-con-full e-flex e-con e-child\" data-id=\"64f22318\" data-element_type=\"container\" data-e-type=\"container\">\n\t\t\t\t<div class=\"elementor-element elementor-element-1b777a53 elementor-widget__width-initial animated-slow elementor-invisible elementor-widget elementor-widget-heading\" data-id=\"1b777a53\" data-element_type=\"widget\" data-e-type=\"widget\" data-settings=\"{&quot;_animation&quot;:&quot;fadeIn&quot;}\" data-widget_type=\"heading.default\">\n\t\t\t\t<div class=\"elementor-widget-container\">\n\t\t\t\t\t<h2 class=\"elementor-heading-title elementor-size-default\">Digi Hosting<\/h2>\t\t\t\t<\/div>\n\t\t\t\t<\/div>\n\t\t\t\t<div class=\"elementor-element elementor-element-12cb9a2 animated-slow elementor-invisible elementor-widget elementor-widget-text-editor\" data-id=\"12cb9a2\" data-element_type=\"widget\" data-e-type=\"widget\" data-settings=\"{&quot;_animation&quot;:&quot;fadeIn&quot;}\" data-widget_type=\"text-editor.default\">\n\t\t\t\t<div class=\"elementor-widget-container\">\n\t\t\t\t\t\t\t\t\t<p>Onlineentrepren\u00f6rskap f\u00f6r alla budgetar.<\/p>\t\t\t\t\t\t\t\t<\/div>\n\t\t\t\t<\/div>\n\t\t\t\t<\/div>\n\t\t\t\t<\/div>\n\t\t\t\t<\/div>\n\t\t<div data-dce-background-color=\"#FFFFFF\" class=\"elementor-element elementor-element-ae06fe4 e-flex e-con-boxed e-con e-parent\" data-id=\"ae06fe4\" data-element_type=\"container\" data-e-type=\"container\" data-settings=\"{&quot;background_background&quot;:&quot;classic&quot;}\">\n\t\t\t\t\t<div class=\"e-con-inner\">\n\t\t<div class=\"elementor-element elementor-element-b3fd1ae e-con-full e-flex e-con e-child\" data-id=\"b3fd1ae\" data-element_type=\"container\" data-e-type=\"container\">\n\t\t\t\t<div class=\"elementor-element elementor-element-613b36f elementor-widget elementor-widget-image\" data-id=\"613b36f\" data-element_type=\"widget\" data-e-type=\"widget\" data-widget_type=\"image.default\">\n\t\t\t\t<div class=\"elementor-widget-container\">\n\t\t\t\t\t\t\t\t\t\t\t\t\t\t\t<img fetchpriority=\"high\" decoding=\"async\" width=\"800\" height=\"174\" src=\"https:\/\/digi.hosting\/wp-content\/uploads\/2023\/06\/digihostingLogo-1024x223.png\" class=\"attachment-large size-large wp-image-9025\" alt=\"\" srcset=\"https:\/\/digi.hosting\/wp-content\/uploads\/2023\/06\/digihostingLogo-1024x223.png 1024w, https:\/\/digi.hosting\/wp-content\/uploads\/2023\/06\/digihostingLogo-300x65.png 300w, https:\/\/digi.hosting\/wp-content\/uploads\/2023\/06\/digihostingLogo-768x167.png 768w, https:\/\/digi.hosting\/wp-content\/uploads\/2023\/06\/digihostingLogo-1536x334.png 1536w, https:\/\/digi.hosting\/wp-content\/uploads\/2023\/06\/digihostingLogo-2048x445.png 2048w, https:\/\/digi.hosting\/wp-content\/uploads\/2023\/06\/digihostingLogo-750x163.png 750w, https:\/\/digi.hosting\/wp-content\/uploads\/2023\/06\/digihostingLogo-1140x248.png 1140w\" sizes=\"(max-width: 800px) 100vw, 800px\" \/>\t\t\t\t\t\t\t\t\t\t\t\t\t\t\t<\/div>\n\t\t\t\t<\/div>\n\t\t\t\t<\/div>\n\t\t<div class=\"elementor-element elementor-element-e762ba7 e-con-full e-flex e-con e-child\" data-id=\"e762ba7\" data-element_type=\"container\" data-e-type=\"container\">\n\t\t\t\t<div class=\"elementor-element elementor-element-49ff44d elementor-widget elementor-widget-heading\" data-id=\"49ff44d\" data-element_type=\"widget\" data-e-type=\"widget\" data-widget_type=\"heading.default\">\n\t\t\t\t<div class=\"elementor-widget-container\">\n\t\t\t\t\t<h2 class=\"elementor-heading-title elementor-size-default\">Om <span style=\"color: white;background: radial-gradient(circle, rgba(254,100,15,1) 0%, rgba(247,48,119,1) 100%);padding: 3px;border-radius: 10px\">V\u00e5r<\/span><\/h2>\t\t\t\t<\/div>\n\t\t\t\t<\/div>\n\t\t\t\t<div class=\"elementor-element elementor-element-a7bda58 elementor-widget elementor-widget-text-editor\" data-id=\"a7bda58\" data-element_type=\"widget\" data-e-type=\"widget\" data-widget_type=\"text-editor.default\">\n\t\t\t\t<div class=\"elementor-widget-container\">\n\t\t\t\t\t\t\t\t\t<p class=\"\" data-start=\"92\" data-end=\"437\">Vid <strong data-start=\"96\" data-end=\"112\">Digi Hosting<\/strong> handlar om digital tillf\u00f6rlitlighet och kundcentrerad innovation. Grundades 2020 i hj\u00e4rtat av Gent av <strong data-start=\"226\" data-end=\"243\">Kwinten Braet<\/strong>Digi Hosting f\u00f6ddes ur en passion f\u00f6r teknik och ett tydligt uppdrag: att g\u00f6ra h\u00f6gkvalitativa webbhotell tillg\u00e4ngliga f\u00f6r alla - fr\u00e5n nystartade f\u00f6retag till v\u00e4xande f\u00f6retag.<\/p><p class=\"\" data-start=\"439\" data-end=\"788\">Som ett ungt och dynamiskt f\u00f6retag kombinerar vi nya id\u00e9er med tekniskt kunnande. V\u00e5rt fokus ligger p\u00e5 <strong data-start=\"540\" data-end=\"574\">tillf\u00f6rlitliga hostingl\u00f6sningar<\/strong>Vi ser till att ni f\u00e5r en snabb, stabil, s\u00e4ker och anv\u00e4ndarv\u00e4nlig upplevelse. Oavsett om du \u00e4r v\u00e4rd f\u00f6r en enkel webbplats eller k\u00f6r komplexa onlineapplikationer ser vi till att din digitala n\u00e4rvaro f\u00f6rblir snabb, stabil och s\u00e4ker.<\/p><p class=\"\" data-start=\"790\" data-end=\"1083\">Det som skiljer oss fr\u00e5n m\u00e4ngden \u00e4r v\u00e5r <strong data-start=\"820\" data-end=\"843\">personligt f\u00f6rh\u00e5llningss\u00e4tt<\/strong>. Inga o\u00e4ndliga v\u00e4ntetider eller opersonliga helpdesks - p\u00e5 Digi Hosting \u00e4r vi redo att verkligen lyssna p\u00e5 dina behov och hitta den b\u00e4sta l\u00f6sningen tillsammans. Vi tror p\u00e5 transparens, r\u00e4ttvisa priser och h\u00e5llbara partnerskap.<\/p><p class=\"\" data-start=\"1085\" data-end=\"1423\">Vi \u00e4r baserade i Gent och betj\u00e4nar kunder i hela Belgien (och utanf\u00f6r), eftersom vi tror att lokal f\u00f6rankring och internationell ambition kan g\u00e5 hand i hand. V\u00e5ra servrar drivs med gr\u00f6n energi och vi forts\u00e4tter att investera i <strong data-start=\"1310\" data-end=\"1336\">h\u00e5llbar teknik<\/strong> som inte bara presterar, utan ocks\u00e5 bidrar till ett b\u00e4ttre digitalt ekosystem.<\/p><p class=\"\" data-start=\"1425\" data-end=\"1519\">P\u00e5 Digi Hosting \u00e4r du inte ett nummer, utan en partner. Tillsammans bygger vi din framg\u00e5ng p\u00e5 n\u00e4tet.<\/p>\t\t\t\t\t\t\t\t<\/div>\n\t\t\t\t<\/div>\n\t\t\t\t<\/div>\n\t\t\t\t\t<\/div>\n\t\t\t\t<\/div>\n\t\t<div data-dce-background-color=\"#0A143A\" class=\"elementor-element elementor-element-500e1ab e-flex e-con-boxed e-con e-parent\" data-id=\"500e1ab\" data-element_type=\"container\" data-e-type=\"container\" data-settings=\"{&quot;background_background&quot;:&quot;classic&quot;}\">\n\t\t\t\t\t<div class=\"e-con-inner\">\n\t\t<div class=\"elementor-element elementor-element-915740a e-con-full e-flex e-con e-child\" data-id=\"915740a\" data-element_type=\"container\" data-e-type=\"container\">\n\t\t\t\t<div class=\"elementor-element elementor-element-23bef33 elementor-widget elementor-widget-heading\" data-id=\"23bef33\" data-element_type=\"widget\" data-e-type=\"widget\" data-widget_type=\"heading.default\">\n\t\t\t\t<div class=\"elementor-widget-container\">\n\t\t\t\t\t<h2 class=\"elementor-heading-title elementor-size-default\">V\u00e5r <span style=\"color: white;background: radial-gradient(circle, rgba(254,100,15,1) 0%, rgba(247,48,119,1) 100%);padding: 3px;border-radius: 10px\">V\u00e4rden<\/span><\/h2>\t\t\t\t<\/div>\n\t\t\t\t<\/div>\n\t\t\t\t<div class=\"elementor-element elementor-element-bc355a1 elementor-widget elementor-widget-text-editor\" data-id=\"bc355a1\" data-element_type=\"widget\" data-e-type=\"widget\" data-widget_type=\"text-editor.default\">\n\t\t\t\t<div class=\"elementor-widget-container\">\n\t\t\t\t\t\t\t\t\t<p class=\"\" data-start=\"92\" data-end=\"437\">Vid <strong data-start=\"96\" data-end=\"112\">Digi Hosting<\/strong> v\u00e5ra k\u00e4rnv\u00e4rden \u00e4r ryggraden i allt vi g\u00f6r. De v\u00e4gleder v\u00e5ra beslut, avg\u00f6r hur vi interagerar med kunderna och utg\u00f6r grunden f\u00f6r v\u00e5r tillv\u00e4xt.<\/p>\t\t\t\t\t\t\t\t<\/div>\n\t\t\t\t<\/div>\n\t\t\t\t<div class=\"elementor-element elementor-element-4b7ff48 elementor-widget elementor-widget-heading\" data-id=\"4b7ff48\" data-element_type=\"widget\" data-e-type=\"widget\" data-widget_type=\"heading.default\">\n\t\t\t\t<div class=\"elementor-widget-container\">\n\t\t\t\t\t<h2 class=\"elementor-heading-title elementor-size-default\">Tillf\u00f6rlitlighet<\/h2>\t\t\t\t<\/div>\n\t\t\t\t<\/div>\n\t\t\t\t<div class=\"elementor-element elementor-element-80c1d99 elementor-widget elementor-widget-text-editor\" data-id=\"80c1d99\" data-element_type=\"widget\" data-e-type=\"widget\" data-widget_type=\"text-editor.default\">\n\t\t\t\t<div class=\"elementor-widget-container\">\n\t\t\t\t\t\t\t\t\t<p class=\"\" data-start=\"275\" data-end=\"479\">Vi f\u00f6rst\u00e5r att din n\u00e4rvaro p\u00e5 n\u00e4tet \u00e4r avg\u00f6rande. Det \u00e4r d\u00e4rf\u00f6r vi str\u00e4var efter maximal drifttid, stabil prestanda och snabb support. Du ska kunna lita p\u00e5 oss - alltid.<\/p>\t\t\t\t\t\t\t\t<\/div>\n\t\t\t\t<\/div>\n\t\t\t\t<div class=\"elementor-element elementor-element-f06c1ac elementor-widget elementor-widget-heading\" data-id=\"f06c1ac\" data-element_type=\"widget\" data-e-type=\"widget\" data-widget_type=\"heading.default\">\n\t\t\t\t<div class=\"elementor-widget-container\">\n\t\t\t\t\t<h2 class=\"elementor-heading-title elementor-size-default\">Kundfokus<\/h2>\t\t\t\t<\/div>\n\t\t\t\t<\/div>\n\t\t\t\t<div class=\"elementor-element elementor-element-2243f45 elementor-widget elementor-widget-text-editor\" data-id=\"2243f45\" data-element_type=\"widget\" data-e-type=\"widget\" data-widget_type=\"text-editor.default\">\n\t\t\t\t<div class=\"elementor-widget-container\">\n\t\t\t\t\t\t\t\t\t<p class=\"\" data-start=\"481\" data-end=\"666\">Varje kund \u00e4r unik. Vi lyssnar, t\u00e4nker tillsammans och erbjuder skr\u00e4ddarsydda l\u00f6sningar. Personlig service och ett m\u00e4nskligt f\u00f6rh\u00e5llningss\u00e4tt \u00e4r k\u00e4rnan i allt vi g\u00f6r.<\/p>\t\t\t\t\t\t\t\t<\/div>\n\t\t\t\t<\/div>\n\t\t\t\t<div class=\"elementor-element elementor-element-7c93ddb elementor-widget elementor-widget-heading\" data-id=\"7c93ddb\" data-element_type=\"widget\" data-e-type=\"widget\" data-widget_type=\"heading.default\">\n\t\t\t\t<div class=\"elementor-widget-container\">\n\t\t\t\t\t<h2 class=\"elementor-heading-title elementor-size-default\">\u00d6ppenhet<\/h2>\t\t\t\t<\/div>\n\t\t\t\t<\/div>\n\t\t\t\t<div class=\"elementor-element elementor-element-d2a093c elementor-widget elementor-widget-text-editor\" data-id=\"d2a093c\" data-element_type=\"widget\" data-e-type=\"widget\" data-widget_type=\"text-editor.default\">\n\t\t\t\t<div class=\"elementor-widget-container\">\n\t\t\t\t\t\t\t\t\t<p class=\"\" data-start=\"668\" data-end=\"837\">\u00c4rlighet \u00e4r viktigt f\u00f6r oss. Inga dolda kostnader, vaga avtal eller tomma l\u00f6ften - bara tydlig kommunikation och tydliga avtal.<\/p>\t\t\t\t\t\t\t\t<\/div>\n\t\t\t\t<\/div>\n\t\t\t\t<div class=\"elementor-element elementor-element-6c3ee9d elementor-widget elementor-widget-heading\" data-id=\"6c3ee9d\" data-element_type=\"widget\" data-e-type=\"widget\" data-widget_type=\"heading.default\">\n\t\t\t\t<div class=\"elementor-widget-container\">\n\t\t\t\t\t<h2 class=\"elementor-heading-title elementor-size-default\">Innovation<\/h2>\t\t\t\t<\/div>\n\t\t\t\t<\/div>\n\t\t\t\t<div class=\"elementor-element elementor-element-080c69d elementor-widget elementor-widget-text-editor\" data-id=\"080c69d\" data-element_type=\"widget\" data-e-type=\"widget\" data-widget_type=\"text-editor.default\">\n\t\t\t\t<div class=\"elementor-widget-container\">\n\t\t\t\t\t\t\t\t\t<p class=\"\" data-start=\"839\" data-end=\"1065\">Den digitala v\u00e4rlden f\u00f6r\u00e4ndras blixtsnabbt. Vi ligger steget f\u00f6re genom att investera i den senaste tekniken och st\u00e4ndigt leta efter s\u00e4tt att g\u00f6ra v\u00e5ra tj\u00e4nster smartare, snabbare och s\u00e4krare.<\/p>\t\t\t\t\t\t\t\t<\/div>\n\t\t\t\t<\/div>\n\t\t\t\t<div class=\"elementor-element elementor-element-c8ac13c elementor-widget elementor-widget-heading\" data-id=\"c8ac13c\" data-element_type=\"widget\" data-e-type=\"widget\" data-widget_type=\"heading.default\">\n\t\t\t\t<div class=\"elementor-widget-container\">\n\t\t\t\t\t<h2 class=\"elementor-heading-title elementor-size-default\">H\u00e5llbarhet<\/h2>\t\t\t\t<\/div>\n\t\t\t\t<\/div>\n\t\t\t\t<div class=\"elementor-element elementor-element-ae12351 elementor-widget elementor-widget-text-editor\" data-id=\"ae12351\" data-element_type=\"widget\" data-e-type=\"widget\" data-widget_type=\"text-editor.default\">\n\t\t\t\t<div class=\"elementor-widget-container\">\n\t\t\t\t\t\t\t\t\t<p class=\"\" data-start=\"1067\" data-end=\"1288\">Vi tar v\u00e5rt ansvar f\u00f6r planeten p\u00e5 allvar. V\u00e5ra servrar drivs med gr\u00f6n energi och vi v\u00e4ljer medvetet partners och l\u00f6sningar som bidrar till en mer h\u00e5llbar digital framtid.<\/p>\t\t\t\t\t\t\t\t<\/div>\n\t\t\t\t<\/div>\n\t\t\t\t<\/div>\n\t\t<div class=\"elementor-element elementor-element-83ca431 e-con-full e-flex e-con e-child\" data-id=\"83ca431\" data-element_type=\"container\" data-e-type=\"container\">\n\t\t<div data-dce-background-color=\"#FFFFFF\" class=\"elementor-element elementor-element-2c319a2 e-con-full e-flex e-con e-child\" data-id=\"2c319a2\" data-element_type=\"container\" data-e-type=\"container\" data-settings=\"{&quot;background_background&quot;:&quot;classic&quot;}\">\n\t\t\t\t<div class=\"elementor-element elementor-element-2a3814c elementor-widget elementor-widget-heading\" data-id=\"2a3814c\" data-element_type=\"widget\" data-e-type=\"widget\" data-widget_type=\"heading.default\">\n\t\t\t\t<div class=\"elementor-widget-container\">\n\t\t\t\t\t<h2 class=\"elementor-heading-title elementor-size-default\">Digi Company - digi.hosting<\/h2>\t\t\t\t<\/div>\n\t\t\t\t<\/div>\n\t\t\t\t<div class=\"elementor-element elementor-element-357d771 elementor-widget elementor-widget-heading\" data-id=\"357d771\" data-element_type=\"widget\" data-e-type=\"widget\" data-widget_type=\"heading.default\">\n\t\t\t\t<div class=\"elementor-widget-container\">\n\t\t\t\t\t<h2 class=\"elementor-heading-title elementor-size-default\">BE0749684888<\/h2>\t\t\t\t<\/div>\n\t\t\t\t<\/div>\n\t\t\t\t<div class=\"elementor-element elementor-element-faa09f4 elementor-widget elementor-widget-heading\" data-id=\"faa09f4\" data-element_type=\"widget\" data-e-type=\"widget\" data-widget_type=\"heading.default\">\n\t\t\t\t<div class=\"elementor-widget-container\">\n\t\t\t\t\t<h2 class=\"elementor-heading-title elementor-size-default\">A. Van Ooteghemstr 7\n9050 Ghent, Belgien (ingen bes\u00f6ksadress)<\/h2>\t\t\t\t<\/div>\n\t\t\t\t<\/div>\n\t\t\t\t<\/div>\n\t\t\t\t<\/div>\n\t\t\t\t\t<\/div>\n\t\t\t\t<\/div>\n\t\t\t\t<\/div>","protected":false},"excerpt":{"rendered":"<p>Digi Hosting Online ondernemen voor ieders budget. Over Ons Bij Digi Hosting draait alles om digitale betrouwbaarheid en klantgerichte innovatie. Opgericht in 2020 in het hart van Gent door Kwinten Braet, is Digi Hosting ontstaan uit een passie voor technologie en een duidelijke missie: hoogwaardige webhosting toegankelijk maken voor iedereen \u2013 van startende ondernemers tot [&hellip;]<\/p>\n","protected":false},"author":1,"featured_media":0,"parent":0,"menu_order":0,"comment_status":"closed","ping_status":"closed","template":"","meta":{"_acf_changed":false,"footnotes":""},"class_list":["post-15655","page","type-page","status-publish","hentry"],"acf":[],"_links":{"self":[{"href":"https:\/\/digi.hosting\/sv\/wp-json\/wp\/v2\/pages\/15655","targetHints":{"allow":["GET"]}}],"collection":[{"href":"https:\/\/digi.hosting\/sv\/wp-json\/wp\/v2\/pages"}],"about":[{"href":"https:\/\/digi.hosting\/sv\/wp-json\/wp\/v2\/types\/page"}],"author":[{"embeddable":true,"href":"https:\/\/digi.hosting\/sv\/wp-json\/wp\/v2\/users\/1"}],"replies":[{"embeddable":true,"href":"https:\/\/digi.hosting\/sv\/wp-json\/wp\/v2\/comments?post=15655"}],"version-history":[{"count":14,"href":"https:\/\/digi.hosting\/sv\/wp-json\/wp\/v2\/pages\/15655\/revisions"}],"predecessor-version":[{"id":18896,"href":"https:\/\/digi.hosting\/sv\/wp-json\/wp\/v2\/pages\/15655\/revisions\/18896"}],"wp:attachment":[{"href":"https:\/\/digi.hosting\/sv\/wp-json\/wp\/v2\/media?parent=15655"}],"curies":[{"name":"wp","href":"https:\/\/api.w.org\/{rel}","templated":true}]}}