{"id":15849,"date":"2025-04-24T02:03:48","date_gmt":"2025-04-24T00:03:48","guid":{"rendered":"https:\/\/digi.hosting\/?page_id=15849"},"modified":"2025-06-10T02:09:00","modified_gmt":"2025-06-10T00:09:00","slug":"ai-domannamnsgenerator","status":"publish","type":"page","link":"https:\/\/digi.hosting\/sv\/ai-domeinnaam-generator\/","title":{"rendered":"Generator f\u00f6r AI-dom\u00e4nnamn"},"content":{"rendered":"<div data-elementor-type=\"wp-page\" data-elementor-id=\"15849\" class=\"elementor elementor-15849\" data-elementor-post-type=\"page\">\n\t\t\t\t<div class=\"elementor-element elementor-element-9e13aa5 e-flex e-con-boxed e-con e-parent\" data-id=\"9e13aa5\" data-element_type=\"container\" data-e-type=\"container\">\n\t\t\t\t\t<div class=\"e-con-inner\">\n\t\t<div class=\"elementor-element elementor-element-2e238fc e-con-full e-flex e-con e-child\" data-id=\"2e238fc\" data-element_type=\"container\" data-e-type=\"container\">\n\t\t\t\t<div class=\"elementor-element elementor-element-61d585d elementor-widget elementor-widget-heading\" data-id=\"61d585d\" data-element_type=\"widget\" data-e-type=\"widget\" data-widget_type=\"heading.default\">\n\t\t\t\t<div class=\"elementor-widget-container\">\n\t\t\t\t\t<h3 class=\"elementor-heading-title elementor-size-default\">GRATIS VERKTYG<\/h3>\t\t\t\t<\/div>\n\t\t\t\t<\/div>\n\t\t\t\t<div class=\"elementor-element elementor-element-3c11f08 elementor-invisible elementor-widget elementor-widget-heading\" data-id=\"3c11f08\" data-element_type=\"widget\" data-e-type=\"widget\" data-settings=\"{&quot;_animation&quot;:&quot;zoomIn&quot;}\" data-widget_type=\"heading.default\">\n\t\t\t\t<div class=\"elementor-widget-container\">\n\t\t\t\t\t<h2 class=\"elementor-heading-title elementor-size-default\"><span style=\"padding: 3px;border-radius: 10px\">AI DOM\u00c4NNAMNSGENERATOR<\/span><\/h2>\t\t\t\t<\/div>\n\t\t\t\t<\/div>\n\t\t\t\t<div class=\"elementor-element elementor-element-4f23e8a elementor-widget elementor-widget-heading\" data-id=\"4f23e8a\" data-element_type=\"widget\" data-e-type=\"widget\" data-widget_type=\"heading.default\">\n\t\t\t\t<div class=\"elementor-widget-container\">\n\t\t\t\t\t<h3 class=\"elementor-heading-title elementor-size-default\">Generera ett dom\u00e4nnamn med AI och registrera det inom n\u00e5gra sekunder.<\/h3>\t\t\t\t<\/div>\n\t\t\t\t<\/div>\n\t\t\t\t<\/div>\n\t\t<div class=\"elementor-element elementor-element-ed217cc e-con-full e-flex e-con e-child\" data-id=\"ed217cc\" data-element_type=\"container\" data-e-type=\"container\">\n\t\t\t\t<div class=\"elementor-element elementor-element-0b3aba3 elementor-widget elementor-widget-html\" data-id=\"0b3aba3\" data-element_type=\"widget\" data-e-type=\"widget\" data-widget_type=\"html.default\">\n\t\t\t\t<div class=\"elementor-widget-container\">\n\t\t\t\t\t<style>\n    .bubble {\n  --r: 1em;  \/* the radius *\/\n  --t: 1.5em; \/* the size of the tail *\/\n  \n  max-width: 300px;\n  padding: 0.5em;\n  border-inline: var(--t) solid #0000;\n  border-radius: calc(var(--r) + var(--t))\/var(--r);\n  mask: \n    radial-gradient(100% 100% at var(--_p) 0,#0000 99%,#000 102%) \n      var(--_p) 100%\/var(--t) var(--t) no-repeat,\n    linear-gradient(#000 0 0) padding-box;\n  background: linear-gradient(135deg,rgba(254,100,15,1),rgba(247,48,119,1)) border-box;\n  color: #fff;\n  text-transform: uppercase;\n}\n.left {\n  --_p: 0;\n  border-bottom-left-radius: 0 0;\n  margin-bottom: 20px;\n  place-self: start;\n}\n.right {\n  --_p: 100%;\n  border-bottom-right-radius: 0 0;\n  place-self: end;\n}\n\n\n<\/style>\n\n<div class=\"bubble left\">Hall\u00e5 d\u00e4r!<\/div>\n<div class=\"bubble left\">Beskriv din id\u00e9 nedan och l\u00e5t AI g\u00f6ra sitt jobb.<\/div>\t\t\t\t<\/div>\n\t\t\t\t<\/div>\n\t\t\t\t<div class=\"elementor-element elementor-element-907cf9b elementor-widget elementor-widget-shortcode\" data-id=\"907cf9b\" data-element_type=\"widget\" data-e-type=\"widget\" data-widget_type=\"shortcode.default\">\n\t\t\t\t<div class=\"elementor-widget-container\">\n\t\t\t\t\t<input type=\"hidden\" id=\"generate_domain_nonce\" name=\"generate_domain_nonce\" value=\"7d17f3b214\" \/><input type=\"hidden\" name=\"_wp_http_referer\" value=\"\/sv\/wp-json\/wp\/v2\/pages\/15849\" \/>\t\t<div class=\"elementor-shortcode\"><div\n\t\tid=\"aitld_main_wrapper\"\n\t\tdata-availability-badge=\"yes\"\n\t\tdata-show-tooltips=\"yes\"\n\t\tdata-tooltips-text=\"Complete your domain purchase!\"\n\t\tdata-results-header-text=\"AI Generated Results\"\n\t\tstyle=\"--aitld-skin-color: #fff\"\n\t><form id=\"aitld_main_form\" method=\"POST\" data-nonce=\"be62f275e9\" data-rest-location=\"https:\/\/digi.hosting\/sv\/wp-json\/\" action=\"\"><input type=\"hidden\" id=\"generate_domain_nonce\" name=\"generate_domain_nonce\" value=\"7d17f3b214\" \/><input type=\"hidden\" name=\"_wp_http_referer\" value=\"\/sv\/wp-json\/wp\/v2\/pages\/15849\" \/><div id=\"aitld_main_form_inner\"><input id=\"aitld_main_content\" name=\"aitld_main_content\"  placeholder=\"Skriv en kort beskrivning av ditt projekt ...\" autocomplete=\"off\" required><div id=\"aitld_main_submit_holder\"><input type=\"submit\" value=\"Generera\" id=\"aitld_main_submit\"><\/div><\/div><input type=\"hidden\" name=\"trp-form-language\" value=\"sv\"\/><\/form><div id=\"aitld_main_suggestions_wrapper\"><p>Prova n\u00e5gra demo-uppmaningar f\u00f6r att generera dom\u00e4ner p\u00e5 olika toppdom\u00e4ner och spr\u00e5k<\/p><div id=\"aitld_main_suggestions\"><div data-replacement-text=\"Can you suggest a name for my Food Blog on the .com tld?\" class=\"aitld-main-suggestion\">Blogg om mat<\/div><div data-replacement-text=\"Help me name my Fitness Website on the .net tld.\" class=\"aitld-main-suggestion\">Webbplats f\u00f6r fitness<\/div><div data-replacement-text=\"I need a name for my Tech Review Site on the .io tld.\" class=\"aitld-main-suggestion\">Webbplats f\u00f6r teknisk granskning<\/div><div data-replacement-text=\"What\u2019s a good name for my Personal Portfolio on the .me tld?\" class=\"aitld-main-suggestion\">Personlig portf\u00f6lj<\/div><div data-replacement-text=\"Por favor, sugiere un nombre para mi blog de moda en el dominio .es.\" class=\"aitld-main-suggestion\">Modeblogg<\/div><div data-replacement-text=\"Ich brauche Hilfe bei der Suche nach einem Namen f\u00fcr meine Bildungsplattform auf der .de-Domain.\" class=\"aitld-main-suggestion\">Utbildningsplattform<\/div><div data-replacement-text=\"Can you recommend a name for my E-commerce Store on the .shop tld?\" class=\"aitld-main-suggestion\">E-handelsbutik<\/div><div data-replacement-text=\"IPreciso de um nome para o meu site de fotografia no dom\u00ednio .br.\" class=\"aitld-main-suggestion\">Webbplats f\u00f6r fotografering<\/div><div data-replacement-text=\"Daj mi pomys\u0142 na nazw\u0119 strony dla mojego bloga muzycznego na domenie .pl.\" class=\"aitld-main-suggestion\">Musikblogg<\/div><div data-replacement-text=\"Pouvez-vous sugg\u00e9rer un nom pour mon blog sant\u00e9 sur le domaine .fr?\" class=\"aitld-main-suggestion\">Blogg om h\u00e4lsa och v\u00e4lbefinnande<\/div><\/div><\/div><\/div><\/div>\n\t\t\t\t\t\t<\/div>\n\t\t\t\t<\/div>\n\t\t\t\t<\/div>\n\t\t\t\t\t<\/div>\n\t\t\t\t<\/div>\n\t\t<div data-dce-background-color=\"#000000\" class=\"elementor-element elementor-element-9732a3d e-flex e-con-boxed e-con e-parent\" data-id=\"9732a3d\" data-element_type=\"container\" data-e-type=\"container\" data-settings=\"{&quot;background_background&quot;:&quot;classic&quot;}\">\n\t\t\t\t\t<div class=\"e-con-inner\">\n\t\t\t\t<div class=\"elementor-element elementor-element-9212d4d elementor-invisible elementor-widget elementor-widget-heading\" data-id=\"9212d4d\" data-element_type=\"widget\" data-e-type=\"widget\" data-settings=\"{&quot;_animation&quot;:&quot;zoomIn&quot;}\" data-widget_type=\"heading.default\">\n\t\t\t\t<div class=\"elementor-widget-container\">\n\t\t\t\t\t<h2 class=\"elementor-heading-title elementor-size-default\">DITT DOM\u00c4NNAMN I 3 STEG<\/h2>\t\t\t\t<\/div>\n\t\t\t\t<\/div>\n\t\t\t\t\t<\/div>\n\t\t\t\t<\/div>\n\t\t<div data-dce-background-color=\"#000000\" class=\"elementor-element elementor-element-10ff286 e-flex e-con-boxed e-con e-parent\" data-id=\"10ff286\" data-element_type=\"container\" data-e-type=\"container\" data-settings=\"{&quot;background_background&quot;:&quot;classic&quot;}\">\n\t\t\t\t\t<div class=\"e-con-inner\">\n\t\t<div class=\"elementor-element elementor-element-9877537 e-con-full e-flex e-con e-child\" data-id=\"9877537\" data-element_type=\"container\" data-e-type=\"container\">\n\t\t<div data-dce-background-color=\"#FFFFFF\" class=\"elementor-element elementor-element-c00b719 e-con-full e-flex e-con e-child\" data-id=\"c00b719\" data-element_type=\"container\" data-e-type=\"container\" data-settings=\"{&quot;background_background&quot;:&quot;classic&quot;}\">\n\t\t\t\t<div class=\"elementor-element elementor-element-0b9661c elementor-widget elementor-widget-heading\" data-id=\"0b9661c\" data-element_type=\"widget\" data-e-type=\"widget\" data-widget_type=\"heading.default\">\n\t\t\t\t<div class=\"elementor-widget-container\">\n\t\t\t\t\t<h3 class=\"elementor-heading-title elementor-size-default\"><span style=\"color: white;background: radial-gradient(circle, rgba(254,100,15,1) 0%, rgba(247,48,119,1) 100%);padding: 3px;border-radius: 10px\">1.<\/span> S\u00f6k<\/h3>\t\t\t\t<\/div>\n\t\t\t\t<\/div>\n\t\t\t\t<div class=\"elementor-element elementor-element-8197fe0 elementor-widget elementor-widget-heading\" data-id=\"8197fe0\" data-element_type=\"widget\" data-e-type=\"widget\" data-widget_type=\"heading.default\">\n\t\t\t\t<div class=\"elementor-widget-container\">\n\t\t\t\t\t<h3 class=\"elementor-heading-title elementor-size-default\">Ange en kort beskrivning i v\u00e5r AI-dom\u00e4nnamnsgenerator.<\/h3>\t\t\t\t<\/div>\n\t\t\t\t<\/div>\n\t\t\t\t<\/div>\n\t\t\t\t<\/div>\n\t\t<div class=\"elementor-element elementor-element-8dfae5d e-con-full e-flex e-con e-child\" data-id=\"8dfae5d\" data-element_type=\"container\" data-e-type=\"container\">\n\t\t<div data-dce-background-color=\"#FFFFFF\" class=\"elementor-element elementor-element-30ca4cd e-con-full e-flex e-con e-child\" data-id=\"30ca4cd\" data-element_type=\"container\" data-e-type=\"container\" data-settings=\"{&quot;background_background&quot;:&quot;classic&quot;}\">\n\t\t\t\t<div class=\"elementor-element elementor-element-a72ef1d elementor-widget elementor-widget-heading\" data-id=\"a72ef1d\" data-element_type=\"widget\" data-e-type=\"widget\" data-widget_type=\"heading.default\">\n\t\t\t\t<div class=\"elementor-widget-container\">\n\t\t\t\t\t<h3 class=\"elementor-heading-title elementor-size-default\"><span style=\"color: white;background: radial-gradient(circle, rgba(254,100,15,1) 0%, rgba(247,48,119,1) 100%);padding: 3px;border-radius: 10px\">2.<\/span> V\u00e4lj<\/h3>\t\t\t\t<\/div>\n\t\t\t\t<\/div>\n\t\t\t\t<div class=\"elementor-element elementor-element-d33cb2f elementor-widget elementor-widget-heading\" data-id=\"d33cb2f\" data-element_type=\"widget\" data-e-type=\"widget\" data-widget_type=\"heading.default\">\n\t\t\t\t<div class=\"elementor-widget-container\">\n\t\t\t\t\t<h3 class=\"elementor-heading-title elementor-size-default\">Du f\u00e5r omedelbart ett antal intressanta f\u00f6rslag. V\u00e4lj det som du tycker l\u00e5ter b\u00e4st.<\/h3>\t\t\t\t<\/div>\n\t\t\t\t<\/div>\n\t\t\t\t<\/div>\n\t\t\t\t<\/div>\n\t\t<div class=\"elementor-element elementor-element-0fb367c e-con-full e-flex e-con e-child\" data-id=\"0fb367c\" data-element_type=\"container\" data-e-type=\"container\">\n\t\t<div data-dce-background-color=\"#FFFFFF\" class=\"elementor-element elementor-element-9435dd0 e-con-full e-flex e-con e-child\" data-id=\"9435dd0\" data-element_type=\"container\" data-e-type=\"container\" data-settings=\"{&quot;background_background&quot;:&quot;classic&quot;}\">\n\t\t\t\t<div class=\"elementor-element elementor-element-9006482 elementor-widget elementor-widget-heading\" data-id=\"9006482\" data-element_type=\"widget\" data-e-type=\"widget\" data-widget_type=\"heading.default\">\n\t\t\t\t<div class=\"elementor-widget-container\">\n\t\t\t\t\t<h3 class=\"elementor-heading-title elementor-size-default\"><span style=\"color: white;background: radial-gradient(circle, rgba(254,100,15,1) 0%, rgba(247,48,119,1) 100%);padding: 3px;border-radius: 10px\">3.<\/span> Best\u00e4llning<\/h3>\t\t\t\t<\/div>\n\t\t\t\t<\/div>\n\t\t\t\t<div class=\"elementor-element elementor-element-4510e53 elementor-widget elementor-widget-heading\" data-id=\"4510e53\" data-element_type=\"widget\" data-e-type=\"widget\" data-widget_type=\"heading.default\">\n\t\t\t\t<div class=\"elementor-widget-container\">\n\t\t\t\t\t<h3 class=\"elementor-heading-title elementor-size-default\">Klicka p\u00e5 registreringsknappen och best\u00e4ll ditt dom\u00e4nnamn.<\/h3>\t\t\t\t<\/div>\n\t\t\t\t<\/div>\n\t\t\t\t<\/div>\n\t\t\t\t<\/div>\n\t\t\t\t\t<\/div>\n\t\t\t\t<\/div>\n\t\t<div data-dce-background-color=\"#000000\" class=\"elementor-element elementor-element-28991e0 e-flex e-con-boxed e-con e-parent\" data-id=\"28991e0\" data-element_type=\"container\" data-e-type=\"container\" data-settings=\"{&quot;background_background&quot;:&quot;classic&quot;}\">\n\t\t\t\t\t<div class=\"e-con-inner\">\n\t\t<div class=\"elementor-element elementor-element-9e1f5a6 e-con-full e-flex e-con e-child\" data-id=\"9e1f5a6\" data-element_type=\"container\" data-e-type=\"container\">\n\t\t\t\t<div class=\"elementor-element elementor-element-7ab04e5 elementor-widget elementor-widget-image\" data-id=\"7ab04e5\" data-element_type=\"widget\" data-e-type=\"widget\" data-widget_type=\"image.default\">\n\t\t\t\t<div class=\"elementor-widget-container\">\n\t\t\t\t\t\t\t\t\t\t\t\t\t\t\t<img fetchpriority=\"high\" decoding=\"async\" width=\"800\" height=\"600\" src=\"https:\/\/digi.hosting\/wp-content\/uploads\/2025\/04\/original-568544560f6ca1076a16e3428302e329.gif\" class=\"attachment-full size-full wp-image-16020\" alt=\"\" \/>\t\t\t\t\t\t\t\t\t\t\t\t\t\t\t<\/div>\n\t\t\t\t<\/div>\n\t\t\t\t<\/div>\n\t\t<div class=\"elementor-element elementor-element-ab0bc49 e-con-full e-flex e-con e-child\" data-id=\"ab0bc49\" data-element_type=\"container\" data-e-type=\"container\">\n\t\t\t\t<div class=\"elementor-element elementor-element-7332458 elementor-widget elementor-widget-heading\" data-id=\"7332458\" data-element_type=\"widget\" data-e-type=\"widget\" data-widget_type=\"heading.default\">\n\t\t\t\t<div class=\"elementor-widget-container\">\n\t\t\t\t\t<h2 class=\"elementor-heading-title elementor-size-default\">VAD \u00c4R EN <span style=\"color: white;background: radial-gradient(circle, rgba(254,100,15,1) 0%, rgba(247,48,119,1) 100%);padding: 3px;border-radius: 10px\">AI<\/span> dom\u00e4nnamnsgenerator?<\/h2>\t\t\t\t<\/div>\n\t\t\t\t<\/div>\n\t\t\t\t<div class=\"elementor-element elementor-element-a2aef07 elementor-widget elementor-widget-text-editor\" data-id=\"a2aef07\" data-element_type=\"widget\" data-e-type=\"widget\" data-widget_type=\"text-editor.default\">\n\t\t\t\t<div class=\"elementor-widget-container\">\n\t\t\t\t\t\t\t\t\t<p class=\"\" data-start=\"85\" data-end=\"442\">En AI-generator f\u00f6r dom\u00e4nnamn \u00e4r det perfekta verktyget om du letar efter ett starkt, tillg\u00e4ngligt dom\u00e4nnamn f\u00f6r ditt nya projekt eller f\u00f6retag. Med hj\u00e4lp av avancerad AI-teknik skapar du unika dom\u00e4nnamn som perfekt matchar din varum\u00e4rkesidentitet. Ange helt enkelt vad ditt f\u00f6retag g\u00f6r, v\u00e4lj \u00f6nskat spr\u00e5k och lek med stil och typ.<\/p><p class=\"\" data-start=\"444\" data-end=\"733\">AI:n analyserar dina inmatningar och genererar automatiskt 10 kreativa och relevanta f\u00f6rslag p\u00e5 dom\u00e4nnamn. P\u00e5 s\u00e5 s\u00e4tt hittar du snabbt ett dom\u00e4nnamn som inte bara sticker ut, utan som ocks\u00e5 \u00e4r tillg\u00e4ngligt. Tack vare den inbyggda dom\u00e4nnamnskontrollen vet du omedelbart om ditt favoritnamn kan registreras.<\/p><p class=\"\" data-start=\"735\" data-end=\"794\">Starta smart och snabbt med r\u00e4tt dom\u00e4nnamn - tack vare AI.<\/p>\t\t\t\t\t\t\t\t<\/div>\n\t\t\t\t<\/div>\n\t\t\t\t<\/div>\n\t\t\t\t\t<\/div>\n\t\t\t\t<\/div>\n\t\t<div data-dce-background-color=\"#000000\" class=\"elementor-element elementor-element-219be038 e-flex e-con-boxed e-con e-parent\" data-id=\"219be038\" data-element_type=\"container\" data-e-type=\"container\" data-settings=\"{&quot;background_background&quot;:&quot;classic&quot;}\">\n\t\t\t\t\t<div class=\"e-con-inner\">\n\t\t<div class=\"elementor-element elementor-element-58426584 e-con-full e-flex e-con e-child\" data-id=\"58426584\" data-element_type=\"container\" data-e-type=\"container\">\n\t\t\t\t<div class=\"elementor-element elementor-element-5035acdc elementor-widget elementor-widget-heading\" data-id=\"5035acdc\" data-element_type=\"widget\" data-e-type=\"widget\" data-widget_type=\"heading.default\">\n\t\t\t\t<div class=\"elementor-widget-container\">\n\t\t\t\t\t<h2 class=\"elementor-heading-title elementor-size-default\">F\u00e5 ut mesta m\u00f6jliga av <span style=\"color: white;background: radial-gradient(circle, rgba(254,100,15,1) 0%, rgba(247,48,119,1) 100%);padding: 3px;border-radius: 10px\">AI<\/span>  generator f\u00f6r dom\u00e4nnamn<\/h2>\t\t\t\t<\/div>\n\t\t\t\t<\/div>\n\t\t<div class=\"elementor-element elementor-element-2f4614d9 e-con-full e-flex e-con e-child\" data-id=\"2f4614d9\" data-element_type=\"container\" data-e-type=\"container\">\n\t\t<div class=\"elementor-element elementor-element-4806f96 e-con-full e-flex e-con e-child\" data-id=\"4806f96\" data-element_type=\"container\" data-e-type=\"container\">\n\t\t<div class=\"elementor-element elementor-element-174f3bb2 e-con-full e-flex e-con e-child\" data-id=\"174f3bb2\" data-element_type=\"container\" data-e-type=\"container\">\n\t\t<div class=\"elementor-element elementor-element-548f27aa e-con-full e-flex e-con e-child\" data-id=\"548f27aa\" data-element_type=\"container\" data-e-type=\"container\">\n\t\t\t\t<div data-dce-advanced-background-color=\"#FFFFFF\" class=\"elementor-element elementor-element-6c5bf38 elementor-position-left elementor-vertical-align-top elementor-widget elementor-widget-image-box\" data-id=\"6c5bf38\" data-element_type=\"widget\" data-e-type=\"widget\" data-widget_type=\"image-box.default\">\n\t\t\t\t<div class=\"elementor-widget-container\">\n\t\t\t\t\t<div class=\"elementor-image-box-wrapper\"><figure class=\"elementor-image-box-img\"><img decoding=\"async\" src=\"https:\/\/digi.hosting\/wp-content\/uploads\/2023\/06\/Hostiko-section-7-icon3-1-2.png\" title=\"Hostiko-avsnitt-7-ikon3-\" alt=\"Hostiko-avsnitt-7-ikon3-\" class=\"elementor-animation-float\" loading=\"lazy\" \/><\/figure><div class=\"elementor-image-box-content\"><h3 class=\"elementor-image-box-title\">L\u00e5t AI st\u00e4rka ditt dom\u00e4nnamn - b\u00f6rja med ett tydligt koncept<\/h3><p class=\"elementor-image-box-description\">Ett starkt dom\u00e4nnamn b\u00f6rjar med en tydlig id\u00e9. V\u00e5r AI-generator f\u00f6r dom\u00e4nnamn kan bara f\u00f6resl\u00e5 kraftfulla och relevanta dom\u00e4nnamn om du sj\u00e4lv har en god uppfattning om vad ditt f\u00f6retag eller projekt st\u00e5r f\u00f6r.\n\nTa dig d\u00e4rf\u00f6r tid att fundera \u00f6ver din k\u00e4rnverksamhet: vad erbjuder du, vad tror du p\u00e5, vad vill du f\u00f6rmedla och hur och var vill du verka? F\u00f6rvandla den visionen till en kort och tydlig beskrivning - p\u00e5 s\u00e5 s\u00e4tt kan AI:n generera riktade och kreativa dom\u00e4nnamnsf\u00f6rslag som verkligen passar dig.<\/p><\/div><\/div>\t\t\t\t<\/div>\n\t\t\t\t<\/div>\n\t\t\t\t<\/div>\n\t\t\t\t<\/div>\n\t\t<div class=\"elementor-element elementor-element-4465c830 e-con-full e-flex e-con e-child\" data-id=\"4465c830\" data-element_type=\"container\" data-e-type=\"container\">\n\t\t<div class=\"elementor-element elementor-element-7503ebf4 e-con-full e-flex e-con e-child\" data-id=\"7503ebf4\" data-element_type=\"container\" data-e-type=\"container\">\n\t\t\t\t<div data-dce-advanced-background-color=\"#FFFFFF\" class=\"elementor-element elementor-element-d5d04eb elementor-position-left elementor-vertical-align-top elementor-widget elementor-widget-image-box\" data-id=\"d5d04eb\" data-element_type=\"widget\" data-e-type=\"widget\" data-widget_type=\"image-box.default\">\n\t\t\t\t<div class=\"elementor-widget-container\">\n\t\t\t\t\t<div class=\"elementor-image-box-wrapper\"><figure class=\"elementor-image-box-img\"><img decoding=\"async\" src=\"https:\/\/digi.hosting\/wp-content\/uploads\/2023\/06\/Hostiko-section-7-icon2-1-2.png\" title=\"Hostiko-avsnitt-7-ikon2-\" alt=\"Hostiko-avsnitt-7-ikon2-\" class=\"elementor-animation-float\" loading=\"lazy\" \/><\/figure><div class=\"elementor-image-box-content\"><h3 class=\"elementor-image-box-title\">G\u00f6r det personligt - och ditt dom\u00e4nnamn blir unikt<\/h3><p class=\"elementor-image-box-description\">\u00c4ven om v\u00e5r AI-generator f\u00f6r dom\u00e4nnamn g\u00f6r grovjobbet \u00e4r det du som best\u00e4mmer. F\u00f6rutom de grundl\u00e4ggande uppgifterna kan du ge ytterligare input s\u00e5 att AI kan generera \u00e4nnu mer originella och kreativa dom\u00e4nnamn.\n\nTa tillf\u00e4llet i akt och ge din beskrivning den d\u00e4r extra touchen. L\u00e4gg till humor, lek med spr\u00e5ket eller l\u00e4gg in en personlig twist. V\u00e5r smarta dom\u00e4nnamnsgenerator uppt\u00e4cker dessa nyanser och \u00f6vers\u00e4tter dem till \u00f6verraskande, originella dom\u00e4nnamnsf\u00f6rslag som perfekt matchar din stil och ditt budskap.<\/p><\/div><\/div>\t\t\t\t<\/div>\n\t\t\t\t<\/div>\n\t\t\t\t<\/div>\n\t\t\t\t<\/div>\n\t\t<div class=\"elementor-element elementor-element-389ce1ee e-con-full e-flex e-con e-child\" data-id=\"389ce1ee\" data-element_type=\"container\" data-e-type=\"container\">\n\t\t<div class=\"elementor-element elementor-element-69f60111 e-con-full e-flex e-con e-child\" data-id=\"69f60111\" data-element_type=\"container\" data-e-type=\"container\">\n\t\t\t\t<div data-dce-advanced-background-color=\"#FFFFFF\" class=\"elementor-element elementor-element-7cc9e73b elementor-position-left elementor-vertical-align-top elementor-widget elementor-widget-image-box\" data-id=\"7cc9e73b\" data-element_type=\"widget\" data-e-type=\"widget\" data-widget_type=\"image-box.default\">\n\t\t\t\t<div class=\"elementor-widget-container\">\n\t\t\t\t\t<div class=\"elementor-image-box-wrapper\"><figure class=\"elementor-image-box-img\"><img decoding=\"async\" src=\"https:\/\/digi.hosting\/wp-content\/uploads\/2023\/06\/Hostiko-section-7-icon1-1-2.png\" title=\"Hostiko-avdelning-7-ikon1-\" alt=\"Hostiko-avdelning-7-ikon1-\" class=\"elementor-animation-float\" loading=\"lazy\" \/><\/figure><div class=\"elementor-image-box-content\"><h3 class=\"elementor-image-box-title\">F\u00e5 AI att svettas f\u00f6r ditt perfekta dom\u00e4nnamn<\/h3><p class=\"elementor-image-box-description\">Ett starkt och f\u00e4ngslande dom\u00e4nnamn \u00e4r avg\u00f6rande f\u00f6r ditt f\u00f6retags framtid. S\u00e5 n\u00f6j dig inte med det f\u00f6rsta b\u00e4sta f\u00f6rslaget. V\u00e5r AI-generator f\u00f6r dom\u00e4nnamn \u00e4r byggd f\u00f6r att utmanas. Lek med stilar, prova ett namn som rimmar eller testa ett engelskspr\u00e5kigt alternativ f\u00f6r din webbshop.\n\nV\u00e4lj f\u00f6rst n\u00e4r du \u00e4r 100% \u00f6vertygad. \u00c4r du tveksam? L\u00e5t din favoritperson t\u00e4nka med! Och n\u00e4r du har hittat det namn du vill ha kontrollerar v\u00e5r dom\u00e4nnamnsgenerator omedelbart om motsvarande dom\u00e4n fortfarande \u00e4r tillg\u00e4nglig.<\/p><\/div><\/div>\t\t\t\t<\/div>\n\t\t\t\t<\/div>\n\t\t\t\t<\/div>\n\t\t\t\t<\/div>\n\t\t\t\t<\/div>\n\t\t\t\t<\/div>\n\t\t<div class=\"elementor-element elementor-element-5162bca4 e-con-full elementor-hidden-desktop elementor-hidden-laptop elementor-hidden-tablet elementor-hidden-mobile e-flex e-con e-child\" data-id=\"5162bca4\" data-element_type=\"container\" data-e-type=\"container\">\n\t\t<div class=\"elementor-element elementor-element-14633a4d e-con-full e-flex e-con e-child\" data-id=\"14633a4d\" data-element_type=\"container\" data-e-type=\"container\">\n\t\t\t\t<div class=\"elementor-element elementor-element-203a74e9 elementor-tablet-align-center elementor-align-center elementor-widget elementor-widget-button\" data-id=\"203a74e9\" data-element_type=\"widget\" data-e-type=\"widget\" data-widget_type=\"button.default\">\n\t\t\t\t<div class=\"elementor-widget-container\">\n\t\t\t\t\t\t\t\t\t<div class=\"elementor-button-wrapper\">\n\t\t\t\t\t<a class=\"elementor-button elementor-button-link elementor-size-sm elementor-animation-float\" href=\"https:\/\/digi.hosting\/sv\/starten\/\">\n\t\t\t\t\t\t<span class=\"elementor-button-content-wrapper\">\n\t\t\t\t\t\t\t\t\t<span class=\"elementor-button-text\">Ta reda p\u00e5 hur du kommer ig\u00e5ng<\/span>\n\t\t\t\t\t<\/span>\n\t\t\t\t\t<\/a>\n\t\t\t\t<\/div>\n\t\t\t\t\t\t\t\t<\/div>\n\t\t\t\t<\/div>\n\t\t\t\t<\/div>\n\t\t<div class=\"elementor-element elementor-element-4dcb43d5 e-con-full e-flex e-con e-child\" data-id=\"4dcb43d5\" data-element_type=\"container\" data-e-type=\"container\">\n\t\t\t\t<div class=\"elementor-element elementor-element-b131b1f elementor-tablet-align-center elementor-align-center elementor-widget elementor-widget-button\" data-id=\"b131b1f\" data-element_type=\"widget\" data-e-type=\"widget\" data-widget_type=\"button.default\">\n\t\t\t\t<div class=\"elementor-widget-container\">\n\t\t\t\t\t\t\t\t\t<div class=\"elementor-button-wrapper\">\n\t\t\t\t\t<a class=\"elementor-button elementor-button-link elementor-size-sm elementor-animation-float\" href=\"https:\/\/digimaster.be\" target=\"_blank\" rel=\"noopener\">\n\t\t\t\t\t\t<span class=\"elementor-button-content-wrapper\">\n\t\t\t\t\t\t\t\t\t<span class=\"elementor-button-text\">Ta reda p\u00e5 mer p\u00e5 digimaster.co.uk<\/span>\n\t\t\t\t\t<\/span>\n\t\t\t\t\t<\/a>\n\t\t\t\t<\/div>\n\t\t\t\t\t\t\t\t<\/div>\n\t\t\t\t<\/div>\n\t\t\t\t<\/div>\n\t\t\t\t<\/div>\n\t\t\t\t<\/div>\n\t\t\t\t\t<\/div>\n\t\t\t\t<\/div>\n\t\t\t\t<\/div>","protected":false},"excerpt":{"rendered":"<p>GRATIS TOOL AI DOMEINNAAM GENERATOR Genereer een domeinnaam met AI en registreer hem binnen enkele seconden. Hallo daar! Beschrijf hieronder jouw idee en laat AI zijn werk doen. JE DOMEINNAAM IN 3 STAPPEN 1. Zoeken Geef een korte beschrijving op in onze AI domeinnaam generator. 2. Selecteer Je krijgt meteen een aantal interessante voorstellen. Selecteer [&hellip;]<\/p>\n","protected":false},"author":1,"featured_media":0,"parent":0,"menu_order":0,"comment_status":"closed","ping_status":"closed","template":"","meta":{"_acf_changed":false,"footnotes":""},"class_list":["post-15849","page","type-page","status-publish","hentry"],"acf":[],"_links":{"self":[{"href":"https:\/\/digi.hosting\/sv\/wp-json\/wp\/v2\/pages\/15849","targetHints":{"allow":["GET"]}}],"collection":[{"href":"https:\/\/digi.hosting\/sv\/wp-json\/wp\/v2\/pages"}],"about":[{"href":"https:\/\/digi.hosting\/sv\/wp-json\/wp\/v2\/types\/page"}],"author":[{"embeddable":true,"href":"https:\/\/digi.hosting\/sv\/wp-json\/wp\/v2\/users\/1"}],"replies":[{"embeddable":true,"href":"https:\/\/digi.hosting\/sv\/wp-json\/wp\/v2\/comments?post=15849"}],"version-history":[{"count":103,"href":"https:\/\/digi.hosting\/sv\/wp-json\/wp\/v2\/pages\/15849\/revisions"}],"predecessor-version":[{"id":18873,"href":"https:\/\/digi.hosting\/sv\/wp-json\/wp\/v2\/pages\/15849\/revisions\/18873"}],"wp:attachment":[{"href":"https:\/\/digi.hosting\/sv\/wp-json\/wp\/v2\/media?parent=15849"}],"curies":[{"name":"wp","href":"https:\/\/api.w.org\/{rel}","templated":true}]}}