{"id":18277,"date":"2025-05-25T14:30:34","date_gmt":"2025-05-25T12:30:34","guid":{"rendered":"https:\/\/digi.hosting\/?page_id=18277"},"modified":"2026-03-14T15:31:50","modified_gmt":"2026-03-14T14:31:50","slug":"policy-for-kunddata","status":"publish","type":"page","link":"https:\/\/digi.hosting\/sv\/juridisch\/klantengegevens-beleid\/","title":{"rendered":"Policy f\u00f6r kunddata"},"content":{"rendered":"<div data-elementor-type=\"wp-page\" data-elementor-id=\"18277\" class=\"elementor elementor-18277\" data-elementor-post-type=\"page\">\n\t\t\t\t<div data-dce-background-overlay-color=\"#000000\" class=\"elementor-element elementor-element-e345dc4 e-con-full e-flex e-con e-parent\" data-id=\"e345dc4\" data-element_type=\"container\" data-e-type=\"container\">\n\t\t<div class=\"elementor-element elementor-element-37c4f76 e-con-full e-flex e-con e-child\" data-id=\"37c4f76\" data-element_type=\"container\" data-e-type=\"container\">\n\t\t<div class=\"elementor-element elementor-element-b15cf37 e-con-full e-flex e-con e-child\" data-id=\"b15cf37\" data-element_type=\"container\" data-e-type=\"container\">\n\t\t\t\t<div class=\"elementor-element elementor-element-67695f7 elementor-widget elementor-widget-heading\" data-id=\"67695f7\" data-element_type=\"widget\" data-e-type=\"widget\" data-widget_type=\"heading.default\">\n\t\t\t\t<div class=\"elementor-widget-container\">\n\t\t\t\t\t<h2 class=\"elementor-heading-title elementor-size-default\">Policy f\u00f6r kunddata<\/h2>\t\t\t\t<\/div>\n\t\t\t\t<\/div>\n\t\t\t\t<\/div>\n\t\t\t\t<\/div>\n\t\t\t\t<\/div>\n\t\t<div data-dce-background-color=\"#FFFFFF\" class=\"elementor-element elementor-element-2beabb86 e-flex e-con-boxed e-con e-parent\" data-id=\"2beabb86\" data-element_type=\"container\" data-e-type=\"container\" data-settings=\"{&quot;background_background&quot;:&quot;classic&quot;}\">\n\t\t\t\t\t<div class=\"e-con-inner\">\n\t\t\t\t<div class=\"elementor-element elementor-element-583499c3 elementor-widget elementor-widget-text-editor\" data-id=\"583499c3\" data-element_type=\"widget\" data-e-type=\"widget\" data-widget_type=\"text-editor.default\">\n\t\t\t\t<div class=\"elementor-widget-container\">\n\t\t\t\t\t\t\t\t\t<p data-path-to-node=\"4\">Vid <b data-path-to-node=\"4\" data-index-in-node=\"4\">Digi f\u00f6retag<\/b>, som agerar som <b data-path-to-node=\"4\" data-index-in-node=\"32\">Digi Hosting<\/b>Vi f\u00e4ster stor vikt vid skyddet och integriteten f\u00f6r kunddata. Denna policy definierar ansvarsomr\u00e5dena f\u00f6r datahantering och s\u00e4kerhet. F\u00f6r information om dina egna personuppgifter (fakturering etc.) h\u00e4nvisar vi till v\u00e5r <b data-path-to-node=\"4\" data-index-in-node=\"305\">Integritetspolicy<\/b>.<\/p>\n<h3 data-path-to-node=\"5\">Artikel 1: Definition av och \u00e4gander\u00e4tt till kunddata<\/h3>\n<p data-path-to-node=\"6\"><b data-path-to-node=\"6\" data-index-in-node=\"0\">1.1 Definition:<\/b> Med Kunddata avses all data som postas, publiceras eller genereras av Kunden p\u00e5 det tilldelade webbutrymmet. Detta inkluderar e-post, webbsidor, bilder, filer och databasinneh\u00e5ll.<\/p><p data-path-to-node=\"6\"><b data-path-to-node=\"6\" data-index-in-node=\"216\">1.2 \u00c4garf\u00f6rh\u00e5llanden:<\/b> Kunden beh\u00e5ller alltid fullst\u00e4ndiga immateriella r\u00e4ttigheter till all kunddata. Digi Hosting g\u00f6r inte anspr\u00e5k p\u00e5 \u00e4gander\u00e4tten till n\u00e5got inneh\u00e5ll som publiceras av Kunden. Mallar och skript som tillhandah\u00e5lls av Digi Hosting f\u00f6rblir Digi Hostings eller dess licensgivares egendom (i enlighet med <b data-path-to-node=\"6\" data-index-in-node=\"538\">Artikel 14 i de allm\u00e4nna villkoren<\/b>).<\/p><p data-path-to-node=\"6\"><b data-path-to-node=\"6\" data-index-in-node=\"579\">1.3 Juridiskt ansvar:<\/b> Kunden \u00e4r ensam juridiskt ansvarig f\u00f6r allt inneh\u00e5ll som hostas via dennes konto.<\/p>\n<h3 data-path-to-node=\"7\">Artikel 2: Datahantering och AVG:s roll<\/h3>\n<p data-path-to-node=\"8\"><b data-path-to-node=\"8\" data-index-in-node=\"0\">2.1 AVG-roller:<\/b> Om Kunden behandlar personuppgifter f\u00f6r tredje part (t.ex. bes\u00f6kare p\u00e5 webbplatsen), agerar Kunden som <b data-path-to-node=\"8\" data-index-in-node=\"121\">Styrenhet<\/b> och Digi Hosting som <b data-path-to-node=\"8\" data-index-in-node=\"170\">Processor<\/b>.<\/p><p data-path-to-node=\"8\"><b data-path-to-node=\"8\" data-index-in-node=\"181\">2.2 Behandlingsavtal (VWO):<\/b> V\u00e5r VWO g\u00e4ller f\u00f6r alla professionella kunder. Observera: F\u00f6r anv\u00e4ndning uteslutande f\u00f6r personligt bruk eller hush\u00e5llsbruk (artikel 2.2 c AVG) g\u00e4ller inte AVG och en VWO \u00e4r inte n\u00f6dv\u00e4ndig.<\/p><p data-path-to-node=\"8\"><b data-path-to-node=\"8\" data-index-in-node=\"417\">2.3 Skyldighet att agera i r\u00e4tt tid:<\/b> Kunden \u00e4r ansvarig f\u00f6r att h\u00e5lla sina kontaktuppgifter korrekta genom kundmilj\u00f6n f\u00f6r att s\u00e4kerst\u00e4lla kontinuitet i tj\u00e4nsten.<\/p>\n<h3 data-path-to-node=\"9\">Artikel 3: \u00d6vervakning, efterlevnad och ingripande<\/h3>\n<p data-path-to-node=\"10\"><b data-path-to-node=\"10\" data-index-in-node=\"0\">3.1 Passiv kontroll:<\/b> Digi Hosting granskar inte aktivt eller i f\u00f6rv\u00e4g inneh\u00e5ll som publiceras av kunder och utf\u00f6r inte n\u00e5gon juridisk granskning.<\/p><p data-path-to-node=\"10\"><b data-path-to-node=\"10\" data-index-in-node=\"162\">3.2 Interventionsklausul:<\/b> Digi Hosting ingriper och vidtar \u00e5tg\u00e4rder (s\u00e5som avst\u00e4ngning eller radering) endast i f\u00f6ljande situationer:<\/p>\n<ul data-path-to-node=\"11\">\n<li>\n<p data-path-to-node=\"11,0,0\"><b data-path-to-node=\"11,0,0\" data-index-in-node=\"0\">Uppenbart olagligt inneh\u00e5ll:<\/b> Vid uppt\u00e4ckt av brottsligt inneh\u00e5ll (t.ex. n\u00e4tfiske, skadlig kod eller barnpornografi). I dessa fall informeras beh\u00f6riga myndigheter omedelbart.<\/p>\n<\/li>\n<li>\n<p data-path-to-node=\"11,1,0\"><b data-path-to-node=\"11,1,0\" data-index-in-node=\"0\">Juridiskt bindande order:<\/b> Genom ett giltigt beslut fr\u00e5n en beh\u00f6rig r\u00e4ttslig myndighet inom EU.<\/p>\n<\/li>\n<li>\n<p data-path-to-node=\"11,2,0\"><b data-path-to-node=\"11,2,0\" data-index-in-node=\"0\">\u00d6vertr\u00e4delse av AUP:<\/b> Vid \u00f6vertr\u00e4delse av <b data-path-to-node=\"11,2,0\" data-index-in-node=\"34\">Policy f\u00f6r ansvarsfull anv\u00e4ndning<\/b>, enligt beskrivningen i <b data-path-to-node=\"11,2,0\" data-index-in-node=\"87\">Artikel 6 i de allm\u00e4nna villkoren<\/b>.<\/p>\n<\/li>\n<\/ul>\n<h3 data-path-to-node=\"12\">Artikel 4: S\u00e4kerhets- och backup-policy<\/h3>\n<p data-path-to-node=\"13\"><b data-path-to-node=\"13\" data-index-in-node=\"0\">4.1 S\u00e4kerhet i datacenter:<\/b> Digi Hosting garanterar att infrastrukturen uppfyller h\u00f6ga s\u00e4kerhetsstandarder, inklusive fysisk \u00e5tkomstkontroll och n\u00e4tverkss\u00e4kerhet.<\/p><p data-path-to-node=\"13\"><b data-path-to-node=\"13\" data-index-in-node=\"167\">4.2 S\u00e4kerhetskopiering av system (Disaster Recovery):<\/b> Systemskyddade data s\u00e4kerhetskopieras regelbundet till en extern plats. Dessa s\u00e4kerhetskopior anv\u00e4nds uteslutande f\u00f6r \u00e5terst\u00e4llning i h\u00e4ndelse av ett fatalt infrastrukturfel (<i data-path-to-node=\"13\" data-index-in-node=\"366\">\u00c5terh\u00e4mtning efter katastrof<\/i>).<\/p><p data-path-to-node=\"13\"><b data-path-to-node=\"13\" data-index-in-node=\"386\">4.3 Kundansvar (v\u00e4sentlig):<\/b> Kunden \u00e4r inf\u00f6rst\u00e5dd med att s\u00e4kerhetskopiorna av systemet (4.2) <b data-path-to-node=\"13\" data-index-in-node=\"475\">inte<\/b> fungera som den prim\u00e4ra backup-anl\u00e4ggningen f\u00f6r individuell data\u00e5terst\u00e4llning. I enlighet med <b data-path-to-node=\"13\" data-index-in-node=\"557\">Artikel 12.1 och 12.2 i de allm\u00e4nna villkoren<\/b> Kunden \u00e4r ansvarig f\u00f6r att hantera sina egna s\u00e4kerhetskopior. Digi Hosting ansvarar inte f\u00f6r dataf\u00f6rlust p\u00e5 grund av fel i tredje parts programvara (t.ex. <b data-path-to-node=\"13\" data-index-in-node=\"768\">JetBackup<\/b>), om inte SLA-avtalen uttryckligen skiljer sig \u00e5t.<\/p><p data-path-to-node=\"13\"><b data-path-to-node=\"13\" data-index-in-node=\"827\">4.4 S\u00e4kerhet vid \u00e5tkomst:<\/b> Kunden ansvarar f\u00f6r att inloggningsuppgifterna \u00e4r strikt konfidentiella och att sessionen \u00e4r l\u00e5st f\u00f6r att f\u00f6rhindra obeh\u00f6rig \u00e5tkomst.<\/p>\t\t\t\t\t\t\t\t<\/div>\n\t\t\t\t<\/div>\n\t\t\t\t<div class=\"elementor-element elementor-element-6930f59 elementor-widget elementor-widget-text-editor\" data-id=\"6930f59\" data-element_type=\"widget\" data-e-type=\"widget\" data-widget_type=\"text-editor.default\">\n\t\t\t\t<div class=\"elementor-widget-container\">\n\t\t\t\t\t\t\t\t\t<p><!-- \/wp:paragraph --><!-- wp:paragraph --><\/p>\n<p><!-- \/wp:paragraph --><!-- wp:paragraph --><\/p>\n<p>Med reservation f\u00f6r tryckfel i dessa villkor.<\/p>\n<p><!-- \/wp:paragraph --><!-- wp:paragraph --><\/p>\n<p><!-- \/wp:paragraph --><!-- wp:paragraph --><\/p>\n<p><!-- \/wp:paragraph --><!-- wp:paragraph --><\/p>\n<p><!-- \/wp:paragraph --><!-- wp:paragraph --><\/p>\n<p><!-- \/wp:paragraph --><!-- wp:paragraph --><\/p>\n<p><!-- \/wp:paragraph --><!-- wp:paragraph --><\/p>\n<p><!-- \/wp:paragraph --><!-- wp:paragraph --><\/p>\n<p><!-- \/wp:paragraph --><!-- wp:paragraph --><\/p>\n<p><!-- \/wp:paragraph --><!-- wp:list {\"ordered\":true} --><\/p>\n<p><!-- \/wp:list --><\/p>\t\t\t\t\t\t\t\t<\/div>\n\t\t\t\t<\/div>\n\t\t\t\t<div class=\"elementor-element elementor-element-9a219d8 elementor-widget elementor-widget-heading\" data-id=\"9a219d8\" data-element_type=\"widget\" data-e-type=\"widget\" data-widget_type=\"heading.default\">\n\t\t\t\t<div class=\"elementor-widget-container\">\n\t\t\t\t\t<h2 class=\"elementor-heading-title elementor-size-default\">Senast \u00e4ndrad: 8 mars 2025<\/h2>\t\t\t\t<\/div>\n\t\t\t\t<\/div>\n\t\t\t\t\t<\/div>\n\t\t\t\t<\/div>\n\t\t\t\t<\/div>","protected":false},"excerpt":{"rendered":"<p>Beleid inzake Klantgegevens Bij Digi Company, handelend als Digi Hosting, hechten wij grote waarde aan de bescherming en integriteit van klantdata. Dit beleid omschrijft de verantwoordelijkheden met betrekking tot gegevensbeheer en veiligheid. Voor informatie over uw eigen persoonsgegevens (facturatie, etc.) verwijzen wij naar ons Privacybeleid. Artikel 1: Definitie en Eigendom van Klantgegevens 1.1 Definitie: Onder [&hellip;]<\/p>\n","protected":false},"author":1,"featured_media":0,"parent":18254,"menu_order":0,"comment_status":"closed","ping_status":"closed","template":"elementor_header_footer","meta":{"_acf_changed":false,"footnotes":""},"class_list":["post-18277","page","type-page","status-publish","hentry"],"acf":[],"_links":{"self":[{"href":"https:\/\/digi.hosting\/sv\/wp-json\/wp\/v2\/pages\/18277","targetHints":{"allow":["GET"]}}],"collection":[{"href":"https:\/\/digi.hosting\/sv\/wp-json\/wp\/v2\/pages"}],"about":[{"href":"https:\/\/digi.hosting\/sv\/wp-json\/wp\/v2\/types\/page"}],"author":[{"embeddable":true,"href":"https:\/\/digi.hosting\/sv\/wp-json\/wp\/v2\/users\/1"}],"replies":[{"embeddable":true,"href":"https:\/\/digi.hosting\/sv\/wp-json\/wp\/v2\/comments?post=18277"}],"version-history":[{"count":16,"href":"https:\/\/digi.hosting\/sv\/wp-json\/wp\/v2\/pages\/18277\/revisions"}],"predecessor-version":[{"id":22601,"href":"https:\/\/digi.hosting\/sv\/wp-json\/wp\/v2\/pages\/18277\/revisions\/22601"}],"up":[{"embeddable":true,"href":"https:\/\/digi.hosting\/sv\/wp-json\/wp\/v2\/pages\/18254"}],"wp:attachment":[{"href":"https:\/\/digi.hosting\/sv\/wp-json\/wp\/v2\/media?parent=18277"}],"curies":[{"name":"wp","href":"https:\/\/api.w.org\/{rel}","templated":true}]}}