{"id":18293,"date":"2025-05-25T16:39:06","date_gmt":"2025-05-25T14:39:06","guid":{"rendered":"https:\/\/digi.hosting\/en\/accessibility-statement\/"},"modified":"2025-05-25T16:40:32","modified_gmt":"2025-05-25T14:40:32","slug":"tillganglighetsutlatande","status":"publish","type":"page","link":"https:\/\/digi.hosting\/sv\/juridisch\/toegankelijkheidsverklaring\/","title":{"rendered":"Uttalande om tillg\u00e4nglighet"},"content":{"rendered":"<h6 class=\"wp-block-heading has-text-align-center\">Tillg\u00e4nglighetsutl\u00e5tande f\u00f6r https:\/\/digi.hosting<\/h6>\n\n\n<p><strong>Digi Hosting<\/strong> \u00e4r engagerad i digital tillg\u00e4nglighet f\u00f6r personer med funktionsneds\u00e4ttning. Vi f\u00f6rb\u00e4ttrar kontinuerligt anv\u00e4ndarupplevelsen f\u00f6r alla och till\u00e4mpar relevanta tillg\u00e4nglighetsstandarder.<\/p>\n\n\n<h6 class=\"wp-block-heading\">Status f\u00f6r efterlevnad<\/h6>\n\n\n<p>WCAG (Web Content Accessibility Guidelines) definierar krav f\u00f6r designers och utvecklare f\u00f6r att f\u00f6rb\u00e4ttra tillg\u00e4ngligheten f\u00f6r personer med funktionsneds\u00e4ttning. Tre niv\u00e5er av \u00f6verensst\u00e4mmelse definieras: niv\u00e5 A, niv\u00e5 AA och niv\u00e5 AAA.<\/p>\n\n\n<p><strong>Digi Hosting<\/strong> g\u00f6r st\u00e4ndiga anstr\u00e4ngningar f\u00f6r att f\u00f6rb\u00e4ttra tillg\u00e4ngligheten till sin webbplats och sina tj\u00e4nster i tron att det \u00e4r v\u00e5r kollektiva moraliska plikt att m\u00f6jligg\u00f6ra s\u00f6ml\u00f6s, tillg\u00e4nglig och obehindrad anv\u00e4ndning f\u00f6r personer med funktionsneds\u00e4ttning.<\/p>\n\n\n<p>Vi str\u00e4var efter att h\u00e5lla alla sidor och allt inneh\u00e5ll p\u00e5 <strong>https:\/\/digi.hosting<\/strong> tillg\u00e4ngligt, men en del inneh\u00e5ll kanske \u00e4nnu inte helt uppfyller de h\u00f6gsta tillg\u00e4nglighetsstandarderna. Detta kan bero p\u00e5 att det \u00e4r sv\u00e5rt att hitta den l\u00e4mpligaste tekniska l\u00f6sningen.<\/p>\n\n\n<p>Vi kan komma att revidera detta uttalande med j\u00e4mna mellanrum f\u00f6r att \u00e5terspegla f\u00f6rb\u00e4ttringar eller f\u00f6r\u00e4ndringar i v\u00e5ra tillg\u00e4nglighetsrutiner.<\/p>\n\n\n<h6 class=\"wp-block-heading\">\u00c5terkoppling<\/h6>\n\n\n<p>Vi v\u00e4lkomnar din feedback om tillg\u00e4ngligheten till <strong>Digi Hosting<\/strong> webbplats. Meddela oss g\u00e4rna om du st\u00f6ter p\u00e5 hinder f\u00f6r tillg\u00e4ngligheten p\u00e5 v\u00e5r webbplats:<\/p>\n\n\n<p>E-post: <strong>support@digi.hosting<\/strong><\/p>\n\n\n<p>Vi f\u00f6rs\u00f6ker svara p\u00e5 feedback inom 3-5 arbetsdagar.<\/p>\n\n\n<p>Detta uttalande skapades den 25-5-2025. <\/p>","protected":false},"excerpt":{"rendered":"<p>Toegankelijkheidsverklaring voor https:\/\/digi.hosting Digi Hosting zet zich in voor digitale toegankelijkheid voor mensen met een handicap. We verbeteren voortdurend de gebruikerservaring voor iedereen en passen de relevante toegankelijkheidsnormen toe. Conformiteitsstatus De web inhoud accessibility guidelines (WCAG) defini\u00ebren eisen voor ontwerpers en ontwikkelaars om de toegankelijkheid voor mensen met een handicap te verbeteren. Er worden drie [&hellip;]<\/p>\n","protected":false},"author":1,"featured_media":0,"parent":18254,"menu_order":0,"comment_status":"closed","ping_status":"closed","template":"","meta":{"_acf_changed":false,"footnotes":""},"class_list":["post-18293","page","type-page","status-publish","hentry"],"acf":[],"_links":{"self":[{"href":"https:\/\/digi.hosting\/sv\/wp-json\/wp\/v2\/pages\/18293","targetHints":{"allow":["GET"]}}],"collection":[{"href":"https:\/\/digi.hosting\/sv\/wp-json\/wp\/v2\/pages"}],"about":[{"href":"https:\/\/digi.hosting\/sv\/wp-json\/wp\/v2\/types\/page"}],"author":[{"embeddable":true,"href":"https:\/\/digi.hosting\/sv\/wp-json\/wp\/v2\/users\/1"}],"replies":[{"embeddable":true,"href":"https:\/\/digi.hosting\/sv\/wp-json\/wp\/v2\/comments?post=18293"}],"version-history":[{"count":1,"href":"https:\/\/digi.hosting\/sv\/wp-json\/wp\/v2\/pages\/18293\/revisions"}],"predecessor-version":[{"id":18294,"href":"https:\/\/digi.hosting\/sv\/wp-json\/wp\/v2\/pages\/18293\/revisions\/18294"}],"up":[{"embeddable":true,"href":"https:\/\/digi.hosting\/sv\/wp-json\/wp\/v2\/pages\/18254"}],"wp:attachment":[{"href":"https:\/\/digi.hosting\/sv\/wp-json\/wp\/v2\/media?parent=18293"}],"curies":[{"name":"wp","href":"https:\/\/api.w.org\/{rel}","templated":true}]}}