{"id":18301,"date":"2025-05-25T17:29:47","date_gmt":"2025-05-25T15:29:47","guid":{"rendered":"https:\/\/digi.hosting\/?page_id=18301"},"modified":"2026-03-14T15:36:04","modified_gmt":"2026-03-14T14:36:04","slug":"domanpolicy","status":"publish","type":"page","link":"https:\/\/digi.hosting\/sv\/juridisch\/domeinverloop-beleid\/","title":{"rendered":"Policy f\u00f6r dom\u00e4nutveckling"},"content":{"rendered":"<div data-elementor-type=\"wp-page\" data-elementor-id=\"18301\" class=\"elementor elementor-18301\" data-elementor-post-type=\"page\">\n\t\t\t\t<div data-dce-background-overlay-color=\"#000000\" class=\"elementor-element elementor-element-e345dc4 e-con-full e-flex e-con e-parent\" data-id=\"e345dc4\" data-element_type=\"container\" data-e-type=\"container\">\n\t\t<div class=\"elementor-element elementor-element-37c4f76 e-con-full e-flex e-con e-child\" data-id=\"37c4f76\" data-element_type=\"container\" data-e-type=\"container\">\n\t\t<div class=\"elementor-element elementor-element-b15cf37 e-con-full e-flex e-con e-child\" data-id=\"b15cf37\" data-element_type=\"container\" data-e-type=\"container\">\n\t\t\t\t<div class=\"elementor-element elementor-element-67695f7 elementor-widget elementor-widget-heading\" data-id=\"67695f7\" data-element_type=\"widget\" data-e-type=\"widget\" data-widget_type=\"heading.default\">\n\t\t\t\t<div class=\"elementor-widget-container\">\n\t\t\t\t\t<h2 class=\"elementor-heading-title elementor-size-default\">Policy f\u00f6r dom\u00e4nutveckling<\/h2>\t\t\t\t<\/div>\n\t\t\t\t<\/div>\n\t\t\t\t<\/div>\n\t\t\t\t<\/div>\n\t\t\t\t<\/div>\n\t\t<div data-dce-background-color=\"#FFFFFF\" class=\"elementor-element elementor-element-2beabb86 e-flex e-con-boxed e-con e-parent\" data-id=\"2beabb86\" data-element_type=\"container\" data-e-type=\"container\" data-settings=\"{&quot;background_background&quot;:&quot;classic&quot;}\">\n\t\t\t\t\t<div class=\"e-con-inner\">\n\t\t\t\t<div class=\"elementor-element elementor-element-583499c3 elementor-widget elementor-widget-text-editor\" data-id=\"583499c3\" data-element_type=\"widget\" data-e-type=\"widget\" data-widget_type=\"text-editor.default\">\n\t\t\t\t<div class=\"elementor-widget-container\">\n\t\t\t\t\t\t\t\t\t<p data-path-to-node=\"4\">Denna policy definierar f\u00f6rfaranden och ansvarsomr\u00e5den avseende upph\u00f6rande och \u00e5terst\u00e4llande av registreringar av dom\u00e4nnamn. Den kompletterar <b data-path-to-node=\"4\" data-index-in-node=\"164\">Artikel 11 i de allm\u00e4nna villkoren<\/b>.<\/p>\n<h3 data-path-to-node=\"5\">Artikel 1: Ansvar och f\u00f6rnyelse<\/h3>\n<p data-path-to-node=\"6\"><b data-path-to-node=\"6\" data-index-in-node=\"0\">1.1 Aktiv v\u00e5rdplikt:<\/b> Digi Hosting f\u00f6rnyar registreringen av dom\u00e4nnamn <b data-path-to-node=\"6\" data-index-in-node=\"80\">inte automatiskt<\/b>om inte Kunden uttryckligen har konfigurerat detta via kontrollpanelen. Kunden \u00e4r ensam ansvarig f\u00f6r att f\u00f6rnya dom\u00e4nnamnet i tid och f\u00f6r att h\u00e5lla kontaktuppgifterna till innehavaren av dom\u00e4nnamnet korrekta. <b data-path-to-node=\"6\" data-index-in-node=\"322\">1.2 Betalning enligt instruktion:<\/b> En registrering av ett dom\u00e4nnamn \u00e4r tekniskt sett inte genomf\u00f6rd f\u00f6rr\u00e4n full betalning av f\u00f6rnyelsefakturan har mottagits.<\/p>\n<h3 data-path-to-node=\"7\">Artikel 2: P\u00e5minnelsef\u00f6rfarande (meddelanden om att varan upph\u00f6r att g\u00e4lla)<\/h3>\n<p data-path-to-node=\"8\">F\u00f6r att f\u00f6rhindra oavsiktlig utg\u00e5ng till\u00e4mpar Digi Hosting en strikt p\u00e5minnelsecykel. Fem (5) e-postmeddelanden kommer att skickas till den e-postadress som vi k\u00e4nner till:<\/p>\n<ul data-path-to-node=\"9\">\n<li>\n<p data-path-to-node=\"9,0,0\"><b data-path-to-node=\"9,0,0\" data-index-in-node=\"0\">27, 14, 7, 3 och 1 dag(ar)<\/b> f\u00f6re utg\u00e5ngsdatumet.<\/p>\n<\/li>\n<\/ul>\n<p data-path-to-node=\"10\">Varje avisering inneh\u00e5ller f\u00f6rfallodatum och en Pro Forma-faktura. Om betalningen inte har behandlats av Digi Hosting f\u00f6re f\u00f6rfallodagen kommer fakturan automatiskt att f\u00f6rfalla och dom\u00e4nnamnet kommer inte att f\u00f6rnyas. Digi Hosting ansvarar inte f\u00f6r utebliven mottagning av dessa meddelanden p\u00e5 grund av faktorer utanf\u00f6r Digi Hostings kontroll (t.ex. spamfilter eller f\u00f6r\u00e5ldrade e-postadresser).<\/p>\n<h3 data-path-to-node=\"11\">Artikel 3: Status efter utg\u00e5ngen av giltighetstiden<\/h3>\n<p data-path-to-node=\"12\">Om ett dom\u00e4nnamn passerar utg\u00e5ngsdatumet utan att ha f\u00f6rnyats tr\u00e4der f\u00f6ljande best\u00e4mmelser i kraft: <b data-path-to-node=\"12\" data-index-in-node=\"121\">3.1 Meddelande om sista f\u00f6rfallodag:<\/b> Inom fem (5) dagar efter att dom\u00e4nen har upph\u00f6rt att g\u00e4lla kommer Digi Hosting att skicka ett obligatoriskt meddelande om att dom\u00e4nen har upph\u00f6rt att g\u00e4lla (i enlighet med ICANN:s regler f\u00f6r gTLD:er). <b data-path-to-node=\"12\" data-index-in-node=\"295\">3.2 Avaktivering:<\/b> Dom\u00e4nnamnet tas omedelbart bort fr\u00e5n DNS-zonen, vilket g\u00f6r att l\u00e4nkade webbplatser och e-posttj\u00e4nster inte l\u00e4ngre \u00e4r tillg\u00e4ngliga.<\/p>\n<h3 data-path-to-node=\"13\">Artikel 4: Anst\u00e5ndstid f\u00f6r inl\u00f6sen (RGP)<\/h3>\n<p data-path-to-node=\"14\">N\u00e4r dom\u00e4nnamnet l\u00f6per ut, f\u00f6r de flesta till\u00e4gg (t.ex. .com, .net, .org, .uk), kommer en <b data-path-to-node=\"14\" data-index-in-node=\"99\">\u00c5terh\u00e4mtningsperiod (RGP)<\/b> i av vanligtvis <b data-path-to-node=\"14\" data-index-in-node=\"137\">30 dagar<\/b>. <b data-path-to-node=\"14\" data-index-in-node=\"147\">4.1 Begr\u00e4nsningar:<\/b> Under RGP kan dom\u00e4nnamnet inte \u00f6verf\u00f6ras till en annan registrator. <b data-path-to-node=\"14\" data-index-in-node=\"245\">4.2 Kostnader f\u00f6r \u00e5tervinning:<\/b> F\u00f6r att \u00e5terst\u00e4lla en dom\u00e4n i detta skede kr\u00e4vs betydande <b data-path-to-node=\"14\" data-index-in-node=\"332\">administrations- och reparationskostnader<\/b> debiteras ut\u00f6ver det ordinarie f\u00f6rnyelsepriset. Dessa avgifter ska betalas till registret och debiteras kunden i sin helhet. V\u00e4nligen kontakta support@digi.hosting f\u00f6r aktuella avgifter per f\u00f6rl\u00e4ngning. <b data-path-to-node=\"14\" data-index-in-node=\"598\">4.3 Ingen garanti:<\/b> Digi Hosting kan aldrig garantera en lyckad \u00e5terst\u00e4llning av ett dom\u00e4nnamn i RGP-fasen; detta beror p\u00e5 samarbetet med paraplyregistret.<\/p>\n<h3 data-path-to-node=\"15\">Artikel 5: S\u00e4rskilda villkor f\u00f6r registret<\/h3>\n<p data-path-to-node=\"16\"><b data-path-to-node=\"16\" data-index-in-node=\"0\">5.1 Divergerande termer:<\/b> Kunden \u00e4r inf\u00f6rst\u00e5dd med att specifika ccTLD:er (t.ex. <b data-path-to-node=\"16\" data-index-in-node=\"72\">.be<\/b> och <b data-path-to-node=\"16\" data-index-in-node=\"79\">.co.uk<\/b>) till\u00e4mpar olika utg\u00e5ngsf\u00f6rfaranden och karant\u00e4nperioder. F\u00f6reskrifterna fr\u00e5n DNS Belgien respektive SIDN \u00e4r fullt till\u00e4mpliga i dessa fall. <b data-path-to-node=\"16\" data-index-in-node=\"250\">5,2 Spr\u00e5k:<\/b> All kommunikation avseende dom\u00e4nens upph\u00f6rande ska ske p\u00e5 originalavtalets spr\u00e5k eller p\u00e5 engelska, beroende p\u00e5 det aktuella registreringsregistrets best\u00e4mmelser.<\/p>\t\t\t\t\t\t\t\t<\/div>\n\t\t\t\t<\/div>\n\t\t\t\t<div class=\"elementor-element elementor-element-6930f59 elementor-widget elementor-widget-text-editor\" data-id=\"6930f59\" data-element_type=\"widget\" data-e-type=\"widget\" data-widget_type=\"text-editor.default\">\n\t\t\t\t<div class=\"elementor-widget-container\">\n\t\t\t\t\t\t\t\t\t<p><!-- \/wp:paragraph --><!-- wp:paragraph --><\/p>\n<p><!-- \/wp:paragraph --><!-- wp:paragraph --><\/p>\n<p>Med reservation f\u00f6r tryckfel i dessa villkor.<\/p>\n<p><!-- \/wp:paragraph --><!-- wp:paragraph --><\/p>\n<p><!-- \/wp:paragraph --><!-- wp:paragraph --><\/p>\n<p><!-- \/wp:paragraph --><!-- wp:paragraph --><\/p>\n<p><!-- \/wp:paragraph --><!-- wp:paragraph --><\/p>\n<p><!-- \/wp:paragraph --><!-- wp:paragraph --><\/p>\n<p><!-- \/wp:paragraph --><!-- wp:paragraph --><\/p>\n<p><!-- \/wp:paragraph --><!-- wp:paragraph --><\/p>\n<p><!-- \/wp:paragraph --><!-- wp:paragraph --><\/p>\n<p><!-- \/wp:paragraph --><!-- wp:list {\"ordered\":true} --><\/p>\n<p><!-- \/wp:list --><\/p>\t\t\t\t\t\t\t\t<\/div>\n\t\t\t\t<\/div>\n\t\t\t\t<div class=\"elementor-element elementor-element-9a219d8 elementor-widget elementor-widget-heading\" data-id=\"9a219d8\" data-element_type=\"widget\" data-e-type=\"widget\" data-widget_type=\"heading.default\">\n\t\t\t\t<div class=\"elementor-widget-container\">\n\t\t\t\t\t<h2 class=\"elementor-heading-title elementor-size-default\">Senast \u00e4ndrad: 8 mars 2025<\/h2>\t\t\t\t<\/div>\n\t\t\t\t<\/div>\n\t\t\t\t\t<\/div>\n\t\t\t\t<\/div>\n\t\t\t\t<\/div>","protected":false},"excerpt":{"rendered":"<p>Domeinverloop beleid Dit beleid omschrijft de procedures en verantwoordelijkheden met betrekking tot het vervallen en herstellen van domeinnaamregistraties. Het vormt een aanvulling op Artikel 11 van de Algemene Voorwaarden. Artikel 1: Verantwoordelijkheid en Verlenging 1.1 Actieve Zorgplicht: Digi Hosting verlengt de registratie van een domeinnaam niet automatisch, tenzij de Klant dit expliciet heeft geconfigureerd via [&hellip;]<\/p>\n","protected":false},"author":1,"featured_media":0,"parent":18254,"menu_order":0,"comment_status":"closed","ping_status":"closed","template":"","meta":{"_acf_changed":false,"footnotes":""},"class_list":["post-18301","page","type-page","status-publish","hentry"],"acf":[],"_links":{"self":[{"href":"https:\/\/digi.hosting\/sv\/wp-json\/wp\/v2\/pages\/18301","targetHints":{"allow":["GET"]}}],"collection":[{"href":"https:\/\/digi.hosting\/sv\/wp-json\/wp\/v2\/pages"}],"about":[{"href":"https:\/\/digi.hosting\/sv\/wp-json\/wp\/v2\/types\/page"}],"author":[{"embeddable":true,"href":"https:\/\/digi.hosting\/sv\/wp-json\/wp\/v2\/users\/1"}],"replies":[{"embeddable":true,"href":"https:\/\/digi.hosting\/sv\/wp-json\/wp\/v2\/comments?post=18301"}],"version-history":[{"count":22,"href":"https:\/\/digi.hosting\/sv\/wp-json\/wp\/v2\/pages\/18301\/revisions"}],"predecessor-version":[{"id":22607,"href":"https:\/\/digi.hosting\/sv\/wp-json\/wp\/v2\/pages\/18301\/revisions\/22607"}],"up":[{"embeddable":true,"href":"https:\/\/digi.hosting\/sv\/wp-json\/wp\/v2\/pages\/18254"}],"wp:attachment":[{"href":"https:\/\/digi.hosting\/sv\/wp-json\/wp\/v2\/media?parent=18301"}],"curies":[{"name":"wp","href":"https:\/\/api.w.org\/{rel}","templated":true}]}}