{"id":7184,"date":"2023-11-25T21:19:36","date_gmt":"2023-11-25T20:19:36","guid":{"rendered":"https:\/\/digi.hosting\/?page_id=7184"},"modified":"2026-03-14T15:29:13","modified_gmt":"2026-03-14T14:29:13","slug":"ansvarsfull-anvandning","status":"publish","type":"page","link":"https:\/\/digi.hosting\/sv\/juridisch\/verantwoord-gebruik\/","title":{"rendered":"Ansvarsfull anv\u00e4ndning"},"content":{"rendered":"<div data-elementor-type=\"wp-page\" data-elementor-id=\"7184\" class=\"elementor elementor-7184\" data-elementor-post-type=\"page\">\n\t\t\t\t<div data-dce-background-overlay-color=\"#000000\" class=\"elementor-element elementor-element-bcc5e20 e-con-full e-flex e-con e-parent\" data-id=\"bcc5e20\" data-element_type=\"container\" data-e-type=\"container\">\n\t\t<div class=\"elementor-element elementor-element-60efe48 e-con-full e-flex e-con e-child\" data-id=\"60efe48\" data-element_type=\"container\" data-e-type=\"container\">\n\t\t<div class=\"elementor-element elementor-element-aae9f6a e-con-full e-flex e-con e-child\" data-id=\"aae9f6a\" data-element_type=\"container\" data-e-type=\"container\">\n\t\t\t\t<div class=\"elementor-element elementor-element-5ba7528 elementor-widget elementor-widget-heading\" data-id=\"5ba7528\" data-element_type=\"widget\" data-e-type=\"widget\" data-widget_type=\"heading.default\">\n\t\t\t\t<div class=\"elementor-widget-container\">\n\t\t\t\t\t<h2 class=\"elementor-heading-title elementor-size-default\">Ansvarsfull anv\u00e4ndning<\/h2>\t\t\t\t<\/div>\n\t\t\t\t<\/div>\n\t\t\t\t<\/div>\n\t\t\t\t<\/div>\n\t\t\t\t<\/div>\n\t\t<div data-dce-background-color=\"#FFFFFF\" class=\"elementor-element elementor-element-bc7dec1 e-flex e-con-boxed e-con e-parent\" data-id=\"bc7dec1\" data-element_type=\"container\" data-e-type=\"container\" data-settings=\"{&quot;background_background&quot;:&quot;classic&quot;}\">\n\t\t\t\t\t<div class=\"e-con-inner\">\n\t\t\t\t<div class=\"elementor-element elementor-element-1e1cbaa elementor-widget elementor-widget-text-editor\" data-id=\"1e1cbaa\" data-element_type=\"widget\" data-e-type=\"widget\" data-widget_type=\"text-editor.default\">\n\t\t\t\t<div class=\"elementor-widget-container\">\n\t\t\t\t\t\t\t\t\t<h3 data-path-to-node=\"3\">Artikel 1: Definitioner<\/h3>\n<p data-path-to-node=\"4\"><b data-path-to-node=\"4\" data-index-in-node=\"0\">1.1 Datatrafik:<\/b> All data som skickas och tas emot \u00f6ver Internet via hostingpaketet. Detta inkluderar upp- och nedladdningar samt alla inkommande och utg\u00e5ende anslutningar (inklusive e-post och databasfr\u00e5gor). <b data-path-to-node=\"4\" data-index-in-node=\"214\">1.2 F\u00f6rvaringsutrymme:<\/b> Den totala m\u00e4ngden data som Kunden kan lagra p\u00e5 den tilldelade hostinginfrastrukturen.<\/p>\n<hr data-path-to-node=\"5\" \/>\n<h3 data-path-to-node=\"6\">Artikel 2: Datatrafik och r\u00e4ttvis anv\u00e4ndning<\/h3>\n<p data-path-to-node=\"7\">Alla Digi Hostings betalda hostingpaket inkluderar en gener\u00f6s m\u00e4ngd datatrafik per m\u00e5nad. \u00c4ven om vissa paket annonseras som \"obegr\u00e4nsade\" \u00e4r dessa avsedda f\u00f6r <b data-path-to-node=\"7\" data-index-in-node=\"193\">normal, rimlig anv\u00e4ndning<\/b> f\u00f6r en standardmilj\u00f6 f\u00f6r webbhotell (r\u00e4ttvis anv\u00e4ndning). Digi Hosting \u00f6vervakar systemen 24\/7 f\u00f6r att f\u00f6rhindra \u00f6verbelastning och s\u00e4kerst\u00e4lla stabilitet f\u00f6r alla anv\u00e4ndare.<\/p>\n<p data-path-to-node=\"8\"><b data-path-to-node=\"8\" data-index-in-node=\"0\">2.1 \u00d6vertr\u00e4delse av Fair Use:<\/b> Datatrafik \u00e4r uttryckligen inte avsedd f\u00f6r:<\/p>\n<ul data-path-to-node=\"9\">\n<li>\n<p data-path-to-node=\"9,0,0\">V\u00e4rd f\u00f6r oberoende streamingtj\u00e4nster (video eller ljud).<\/p>\n<\/li>\n<li>\n<p data-path-to-node=\"9,1,0\">Anv\u00e4nd som en extern backup- eller arkivplattform f\u00f6r filer utan direktl\u00e4nk till den hostade webbplatsen.<\/p>\n<\/li>\n<li>\n<p data-path-to-node=\"9,2,0\">V\u00e4rd f\u00f6r stora offentliga nedladdnings- eller fildelningstj\u00e4nster.<\/p>\n<\/li>\n<\/ul>\n<p data-path-to-node=\"10\"><b data-path-to-node=\"10\" data-index-in-node=\"0\">2.2 Insats:<\/b> Om vi fastst\u00e4ller att en kunds datatrafik avviker strukturellt och v\u00e4sentligt fr\u00e5n genomsnittliga anv\u00e4ndningsm\u00f6nster (t.ex. mer \u00e4n 50 g\u00e5nger genomsnittet f\u00f6r liknande anv\u00e4ndare), vilket \u00e4ventyrar n\u00e4tverkets prestanda, kommer vi att kontakta kunden f\u00f6r att:<\/p>\n<ul data-path-to-node=\"11\">\n<li>\n<p data-path-to-node=\"11,0,0\">F\u00f6resl\u00e5 en uppgradering till ett l\u00e4mpligt paket (t.ex. VPS eller dedikerad hosting).<\/p>\n<\/li>\n<li>\n<p data-path-to-node=\"11,1,0\">Vid v\u00e4gran eller bristande samarbete: tillf\u00e4lligt blockera tj\u00e4nsten eller s\u00e4ga upp avtalet i enlighet med artikel 6 i de allm\u00e4nna villkoren.<\/p>\n<\/li>\n<\/ul>\n<hr data-path-to-node=\"12\" \/>\n<h3 data-path-to-node=\"13\">Artikel 3: F\u00f6rvaringsutrymme och \u00e4ndam\u00e5lsbegr\u00e4nsning<\/h3>\n<p data-path-to-node=\"14\">F\u00f6rvaringsutrymmet \u00e4r <b data-path-to-node=\"14\" data-index-in-node=\"19\">endast avsedd f\u00f6r webbplatsrelaterad lagring<\/b>t.ex. webbplatsfiler, databaser och e-post.<\/p>\n<p data-path-to-node=\"15\"><b data-path-to-node=\"15\" data-index-in-node=\"0\">3.1 Undantag fr\u00e5n arkivering:<\/b> Det inkluderade lagringsutrymmet f\u00e5r inte anv\u00e4ndas f\u00f6r att lagra och\/eller hosta stora m\u00e4ngder personuppgifter, filmer, externa s\u00e4kerhetskopior eller annat material som inte har n\u00e5gon direkt funktion i driften av den hostade webbplatsen.<\/p>\n<p data-path-to-node=\"16\"><b data-path-to-node=\"16\" data-index-in-node=\"0\">3.2 Avst\u00e4ngning f\u00f6r \u00f6verskridande av gr\u00e4nsv\u00e4rde:<\/b> Om den tilldelade lagringsgr\u00e4nsen \u00f6verskrids kommer hostingpaketet automatiskt att st\u00e4ngas av. Kunden kommer att f\u00e5 automatiska meddelanden om detta. Kunden kan uppgradera paketet omedelbart eller kontakta Digi Hosting f\u00f6r \u00e5teraktivering efter borttagning av data.<\/p>\n<p data-path-to-node=\"17\"><b data-path-to-node=\"17\" data-index-in-node=\"0\">3.3 Konsekvenser av missbruk F\u00f6rvaring:<\/b> Om missbruk av lagringsutrymme uppt\u00e4cks (icke-webbplatsrelaterad arkivering) kommer Kunden att informeras om detta. Om Kunden inte f\u00f6ljer dessa r\u00e5d f\u00f6rbeh\u00e5ller sig Digi Hosting r\u00e4tten att sp\u00e4rra tillg\u00e5ngen till tj\u00e4nsterna i enlighet med punkt 6 i de Allm\u00e4nna villkoren.<\/p>\n<hr data-path-to-node=\"18\" \/>\n<h3 data-path-to-node=\"19\">Artikel 4: Gratis webbhotellspaket<\/h3>\n<p data-path-to-node=\"20\">Digi Hosting erbjuder gratis webbhotellspaket som en introduktionstj\u00e4nst f\u00f6r icke-kommersiella webbplatser.<\/p>\n<p data-path-to-node=\"21\"><b data-path-to-node=\"21\" data-index-in-node=\"0\">4.1 Godk\u00e4nnande och verifiering:<\/b> Ans\u00f6kningar kontrolleras manuellt. Digi Hosting f\u00f6rbeh\u00e5ller sig r\u00e4tten att neka best\u00e4llningar efter eget gottfinnande. Kontroller g\u00f6rs av dom\u00e4nregistrering, IP-adress och fysisk plats. Anv\u00e4ndning av VPN-anslutningar vid best\u00e4llning resulterar i automatisk markering som bedr\u00e4geri.<\/p>\n<p data-path-to-node=\"22\"><b data-path-to-node=\"22\" data-index-in-node=\"0\">4.2 Missbruk och avst\u00e4ngning:<\/b> I h\u00e4ndelse av missbruk kommer paketet att st\u00e4ngas av omedelbart och utan f\u00f6rvarning. Missbruk omfattar: hosting av olagligt material, n\u00e4tfiske eller utskick av spam.<\/p>\n<p data-path-to-node=\"23\"><b data-path-to-node=\"23\" data-index-in-node=\"0\">4.3 Inaktivitet:<\/b> Om ett gratispaket inte har anv\u00e4nts aktivt under 6 m\u00e5nader kan Digi Hosting st\u00e4nga av och eventuellt ta bort paketet efter f\u00f6reg\u00e5ende varning via e-post.<\/p>\n<p data-path-to-node=\"24\"><b data-path-to-node=\"24\" data-index-in-node=\"0\">4.4 Begr\u00e4nsning:<\/b> H\u00f6gst ett (1) gratis webbhotellspaket till\u00e5ts per Kund. Kontroll g\u00f6rs av e-postadress, IP-adress och personuppgifter.<\/p>\t\t\t\t\t\t\t\t<\/div>\n\t\t\t\t<\/div>\n\t\t\t\t<div class=\"elementor-element elementor-element-eea96b7 elementor-widget elementor-widget-text-editor\" data-id=\"eea96b7\" data-element_type=\"widget\" data-e-type=\"widget\" data-widget_type=\"text-editor.default\">\n\t\t\t\t<div class=\"elementor-widget-container\">\n\t\t\t\t\t\t\t\t\t<p><!-- \/wp:paragraph --><!-- wp:paragraph --><\/p>\n<p><!-- \/wp:paragraph --><!-- wp:paragraph --><\/p>\n<p>Med reservation f\u00f6r tryckfel i dessa villkor.<\/p>\n<p><!-- \/wp:paragraph --><!-- wp:paragraph --><\/p>\n<p><!-- \/wp:paragraph --><!-- wp:paragraph --><\/p>\n<p><!-- \/wp:paragraph --><!-- wp:paragraph --><\/p>\n<p><!-- \/wp:paragraph --><!-- wp:paragraph --><\/p>\n<p><!-- \/wp:paragraph --><!-- wp:paragraph --><\/p>\n<p><!-- \/wp:paragraph --><!-- wp:paragraph --><\/p>\n<p><!-- \/wp:paragraph --><!-- wp:paragraph --><\/p>\n<p><!-- \/wp:paragraph --><!-- wp:paragraph --><\/p>\n<p><!-- \/wp:paragraph --><!-- wp:list {\"ordered\":true} --><\/p>\n<p><!-- \/wp:list --><\/p>\t\t\t\t\t\t\t\t<\/div>\n\t\t\t\t<\/div>\n\t\t\t\t<div class=\"elementor-element elementor-element-a015df2 elementor-widget elementor-widget-heading\" data-id=\"a015df2\" data-element_type=\"widget\" data-e-type=\"widget\" data-widget_type=\"heading.default\">\n\t\t\t\t<div class=\"elementor-widget-container\">\n\t\t\t\t\t<h2 class=\"elementor-heading-title elementor-size-default\">Senast \u00e4ndrad: 25 maj 2025<\/h2>\t\t\t\t<\/div>\n\t\t\t\t<\/div>\n\t\t\t\t\t<\/div>\n\t\t\t\t<\/div>\n\t\t\t\t<\/div>","protected":false},"excerpt":{"rendered":"<p>Verantwoord Gebruik Artikel 1: Definities 1.1 Dataverkeer: Alle data die via het internet wordt verzonden en ontvangen via het hostingpakket. Dit omvat uploads, downloads, en alle inkomende en uitgaande verbindingen (inclusief e-mail en database queries). 1.2 Opslagruimte: De totale hoeveelheid data die de Klant kan opslaan op de toegewezen hostinginfrastructuur. Artikel 2: Dataverkeer en Redelijk [&hellip;]<\/p>\n","protected":false},"author":1,"featured_media":0,"parent":18254,"menu_order":0,"comment_status":"closed","ping_status":"closed","template":"elementor_header_footer","meta":{"_acf_changed":false,"footnotes":""},"class_list":["post-7184","page","type-page","status-publish","hentry"],"acf":[],"_links":{"self":[{"href":"https:\/\/digi.hosting\/sv\/wp-json\/wp\/v2\/pages\/7184","targetHints":{"allow":["GET"]}}],"collection":[{"href":"https:\/\/digi.hosting\/sv\/wp-json\/wp\/v2\/pages"}],"about":[{"href":"https:\/\/digi.hosting\/sv\/wp-json\/wp\/v2\/types\/page"}],"author":[{"embeddable":true,"href":"https:\/\/digi.hosting\/sv\/wp-json\/wp\/v2\/users\/1"}],"replies":[{"embeddable":true,"href":"https:\/\/digi.hosting\/sv\/wp-json\/wp\/v2\/comments?post=7184"}],"version-history":[{"count":65,"href":"https:\/\/digi.hosting\/sv\/wp-json\/wp\/v2\/pages\/7184\/revisions"}],"predecessor-version":[{"id":22598,"href":"https:\/\/digi.hosting\/sv\/wp-json\/wp\/v2\/pages\/7184\/revisions\/22598"}],"up":[{"embeddable":true,"href":"https:\/\/digi.hosting\/sv\/wp-json\/wp\/v2\/pages\/18254"}],"wp:attachment":[{"href":"https:\/\/digi.hosting\/sv\/wp-json\/wp\/v2\/media?parent=7184"}],"curies":[{"name":"wp","href":"https:\/\/api.w.org\/{rel}","templated":true}]}}